

{"id":121,"date":"2020-11-23T15:32:56","date_gmt":"2020-11-23T18:32:56","guid":{"rendered":"http:\/\/www.saopaulo.sp.leg.br\/camaraexplica\/?page_id=121"},"modified":"2024-07-15T13:01:50","modified_gmt":"2024-07-15T16:01:50","slug":"biblioteca","status":"publish","type":"page","link":"https:\/\/www.saopaulo.sp.leg.br\/camaraexplica\/camara-360\/biblioteca\/","title":{"rendered":"Biblioteca"},"content":{"rendered":"<div class=\"description\">\n<p class=\"text-description\">A Biblioteca da C\u00e2mara Municipal de S\u00e3o Paulo foi criada pela Lei 1.051, de 1907, mas em 1919, a Lei 2.239 estabeleceu que ela seria subordinada ao Presidente da C\u00e2mara e n\u00e3o mais \u00e0 Prefeitura de S\u00e3o Paulo.<\/p>\n<p class=\"text-description\">H\u00e1 mais de 100 anos servindo ao cidad\u00e3o paulistano, a Biblioteca coleciona, organiza, preserva e torna dispon\u00edveis os livros e documentos que contam a hist\u00f3ria legislativa da cidade de S\u00e3o Paulo.<\/p>\n<p class=\"text-description\">A primeira localiza\u00e7\u00e3o da Biblioteca foi no Pal\u00e1cio Prates, em 1925. Com a mudan\u00e7a para a Rua 7 de Abril, a popula\u00e7\u00e3o passou a ter acesso ao acervo. Em 1972, com a C\u00e2mara j\u00e1 no Pal\u00e1cio Anchieta, a biblioteca foi revitalizada, a equipe profissionalizada e a informatiza\u00e7\u00e3o teve in\u00edcio. At\u00e9 hoje j\u00e1 foram catalogados cerca de 22 mil t\u00edtulos e a organiza\u00e7\u00e3o do acervo \u00e9 realizada por meio de um trabalho permanente.<\/p>\n<p class=\"text-description\">A Biblioteca da C\u00e2mara Municipal de S\u00e3o Paulo organiza periodicamente exposi\u00e7\u00f5es de seu acervo, o que ajuda a contar a hist\u00f3ria da cidade, de seus habitantes e de sua cultura. Leis e decretos aprovados pela Casa desde 1892 est\u00e3o dispon\u00edveis para consulta e algumas raridades podem ser encontradas nas estantes da Biblioteca.<\/p>\n<p class=\"text-description\">O acervo nunca para de crescer e todos os meses novos t\u00edtulos s\u00e3o incorporados, com prefer\u00eancia dada a livros que se relacionem com a hist\u00f3ria da cidade de S\u00e3o Paulo.<\/p>\n<\/div>\n","protected":false},"excerpt":{"rendered":"<p>A Biblioteca da C\u00e2mara Municipal de S\u00e3o Paulo foi criada pela Lei 1.051, de 1907, mas em 1919, a Lei 2.239 estabeleceu que ela seria subordinada ao Presidente da C\u00e2mara e n\u00e3o mais \u00e0 Prefeitura de S\u00e3o Paulo. H\u00e1 mais de 100 anos servindo ao cidad\u00e3o paulistano, a Biblioteca coleciona, organiza, preserva e torna dispon\u00edveis&#8230;  <a class=\"excerpt-read-more\" href=\"https:\/\/www.saopaulo.sp.leg.br\/camaraexplica\/camara-360\/biblioteca\/\" title=\"Leia Biblioteca\">Leia Mais &raquo;<\/a><\/p>\n","protected":false},"author":733,"featured_media":0,"parent":117,"menu_order":0,"comment_status":"closed","ping_status":"closed","template":"page-camara360.php","meta":{"_acf_changed":false,"footnotes":""},"class_list":["post-121","page","type-page","status-publish","hentry"],"acf":[],"_links":{"self":[{"href":"https:\/\/www.saopaulo.sp.leg.br\/camaraexplica\/wp-json\/wp\/v2\/pages\/121","targetHints":{"allow":["GET"]}}],"collection":[{"href":"https:\/\/www.saopaulo.sp.leg.br\/camaraexplica\/wp-json\/wp\/v2\/pages"}],"about":[{"href":"https:\/\/www.saopaulo.sp.leg.br\/camaraexplica\/wp-json\/wp\/v2\/types\/page"}],"author":[{"embeddable":true,"href":"https:\/\/www.saopaulo.sp.leg.br\/camaraexplica\/wp-json\/wp\/v2\/users\/733"}],"replies":[{"embeddable":true,"href":"https:\/\/www.saopaulo.sp.leg.br\/camaraexplica\/wp-json\/wp\/v2\/comments?post=121"}],"version-history":[{"count":0,"href":"https:\/\/www.saopaulo.sp.leg.br\/camaraexplica\/wp-json\/wp\/v2\/pages\/121\/revisions"}],"up":[{"embeddable":true,"href":"https:\/\/www.saopaulo.sp.leg.br\/camaraexplica\/wp-json\/wp\/v2\/pages\/117"}],"wp:attachment":[{"href":"https:\/\/www.saopaulo.sp.leg.br\/camaraexplica\/wp-json\/wp\/v2\/media?parent=121"}],"curies":[{"name":"wp","href":"https:\/\/api.w.org\/{rel}","templated":true}]}}