

{"id":117,"date":"2020-11-23T15:32:23","date_gmt":"2020-11-23T18:32:23","guid":{"rendered":"http:\/\/www.saopaulo.sp.leg.br\/camaraexplica\/?page_id=117"},"modified":"2022-10-17T18:38:03","modified_gmt":"2022-10-17T21:38:03","slug":"camara-360","status":"publish","type":"page","link":"https:\/\/www.saopaulo.sp.leg.br\/camaraexplica\/camara-360\/","title":{"rendered":"C\u00e2mara 360\u00b0"},"content":{"rendered":"\t\t<div data-elementor-type=\"wp-page\" data-elementor-id=\"117\" class=\"elementor elementor-117\">\n\t\t\t\t\t\t<section class=\"elementor-section elementor-top-section elementor-element elementor-element-7766a6f elementor-section-boxed elementor-section-height-default elementor-section-height-default\" data-id=\"7766a6f\" data-element_type=\"section\" data-e-type=\"section\">\n\t\t\t\t\t\t<div class=\"elementor-container elementor-column-gap-default\">\n\t\t\t\t\t<div class=\"elementor-column elementor-col-100 elementor-top-column elementor-element elementor-element-86f1fb7\" data-id=\"86f1fb7\" data-element_type=\"column\" data-e-type=\"column\">\n\t\t\t<div class=\"elementor-widget-wrap elementor-element-populated\">\n\t\t\t\t\t\t<div class=\"elementor-element elementor-element-5b08755 elementor-widget elementor-widget-html\" data-id=\"5b08755\" data-element_type=\"widget\" data-e-type=\"widget\" data-widget_type=\"html.default\">\n\t\t\t\t<div class=\"elementor-widget-container\">\n\t\t\t\t\t<div class=\"description-home\">\n\n<p class=\"text-description\">Que tal um giro pela C\u00e2mara Municipal de S\u00e3o Paulo? Aqui no C\u00e2mara 360\u00ba voc\u00ea ver\u00e1 como funcionam os servi\u00e7os voltados ao cidad\u00e3o e as principais \u00e1reas de apoio ao trabalho dos vereadores paulistanos <\/p>\n\n<\/div>\t\t\t\t<\/div>\n\t\t\t\t<\/div>\n\t\t\t\t<div class=\"elementor-element elementor-element-e07f9bc elementor-widget elementor-widget-wp-widget-pods_widget_list\" data-id=\"e07f9bc\" data-element_type=\"widget\" data-e-type=\"widget\" data-widget_type=\"wp-widget-pods_widget_list.default\">\n\t\t\t\t<div class=\"elementor-widget-container\">\n\t\t\t\t\t<div class=\"page-icons\">\r\n<a title=\"C\u00e2mara Explica\" href=\"https:\/\/www.saopaulo.sp.leg.br\/camaraexplica\/biblioteca\" rel=\"noopener\">\r\n\t<img decoding=\"async\" src=\"https:\/\/www.saopaulo.sp.leg.br\/camaraexplica\/wp-content\/uploads\/sites\/41\/2021\/02\/biblioteca.png\" alt=\"Biblioteca\">\r\n\t<span>Biblioteca<\/span>\r\n<\/a>\r\n<\/div><div class=\"page-icons\">\r\n<a title=\"C\u00e2mara Explica\" href=\"https:\/\/www.saopaulo.sp.leg.br\/camaraexplica\/taquigrafia\" rel=\"noopener\">\r\n\t<img decoding=\"async\" src=\"https:\/\/www.saopaulo.sp.leg.br\/camaraexplica\/wp-content\/uploads\/sites\/41\/2021\/02\/comunicacao.png\" alt=\"Taquigrafia\">\r\n\t<span>Taquigrafia<\/span>\r\n<\/a>\r\n<\/div><div class=\"page-icons\">\r\n<a title=\"C\u00e2mara Explica\" href=\"https:\/\/www.saopaulo.sp.leg.br\/camaraexplica\/restaurante-escola\" rel=\"noopener\">\r\n\t<img decoding=\"async\" src=\"https:\/\/www.saopaulo.sp.leg.br\/camaraexplica\/wp-content\/uploads\/sites\/41\/2021\/02\/escola.png\" alt=\"Restaurante Escola\">\r\n\t<span>Restaurante Escola<\/span>\r\n<\/a>\r\n<\/div><div class=\"page-icons\">\r\n<a title=\"C\u00e2mara Explica\" href=\"https:\/\/www.saopaulo.sp.leg.br\/camaraexplica\/cerimonial\" rel=\"noopener\">\r\n\t<img decoding=\"async\" src=\"https:\/\/www.saopaulo.sp.leg.br\/camaraexplica\/wp-content\/uploads\/sites\/41\/2021\/02\/inscricao.png\" alt=\"Cerimonial\">\r\n\t<span>Cerimonial<\/span>\r\n<\/a>\r\n<\/div><div class=\"page-icons\">\r\n<a title=\"C\u00e2mara Explica\" href=\"https:\/\/www.saopaulo.sp.leg.br\/camaraexplica\/procuradoria\" rel=\"noopener\">\r\n\t<img decoding=\"async\" src=\"https:\/\/www.saopaulo.sp.leg.br\/camaraexplica\/wp-content\/uploads\/sites\/41\/2021\/02\/procuradoria.png\" alt=\"Procuradoria\">\r\n\t<span>Procuradoria<\/span>\r\n<\/a>\r\n<\/div><div class=\"page-icons\">\r\n<a title=\"C\u00e2mara Explica\" href=\"https:\/\/www.saopaulo.sp.leg.br\/camaraexplica\/ouvidoria\" rel=\"noopener\">\r\n\t<img decoding=\"async\" src=\"https:\/\/www.saopaulo.sp.leg.br\/camaraexplica\/wp-content\/uploads\/sites\/41\/2021\/02\/ouvidoria.png\" alt=\"Ouvidoria\">\r\n\t<span>Ouvidoria<\/span>\r\n<\/a>\r\n<\/div><div class=\"page-icons\">\r\n<a title=\"C\u00e2mara Explica\" href=\"https:\/\/www.saopaulo.sp.leg.br\/camaraexplica\/escola-do-parlamento\" rel=\"noopener\">\r\n\t<img decoding=\"async\" src=\"https:\/\/www.saopaulo.sp.leg.br\/camaraexplica\/wp-content\/uploads\/sites\/41\/2021\/02\/parlamento.png\" alt=\"Escola do Parlamento\">\r\n\t<span>Escola do Parlamento<\/span>\r\n<\/a>\r\n<\/div>\t\t\t\t<\/div>\n\t\t\t\t<\/div>\n\t\t\t\t\t<\/div>\n\t\t<\/div>\n\t\t\t\t\t<\/div>\n\t\t<\/section>\n\t\t\t\t<\/div>\n\t\t","protected":false},"excerpt":{"rendered":"<p>Que tal um giro pela C\u00e2mara Municipal de S\u00e3o Paulo? Aqui no C\u00e2mara 360\u00ba voc\u00ea ver\u00e1 como funcionam os servi\u00e7os voltados ao cidad\u00e3o e as principais \u00e1reas de apoio ao trabalho dos vereadores paulistanos<\/p>\n","protected":false},"author":733,"featured_media":0,"parent":0,"menu_order":0,"comment_status":"closed","ping_status":"closed","template":"","meta":{"_acf_changed":false,"footnotes":""},"class_list":["post-117","page","type-page","status-publish","hentry"],"acf":[],"_links":{"self":[{"href":"https:\/\/www.saopaulo.sp.leg.br\/camaraexplica\/wp-json\/wp\/v2\/pages\/117","targetHints":{"allow":["GET"]}}],"collection":[{"href":"https:\/\/www.saopaulo.sp.leg.br\/camaraexplica\/wp-json\/wp\/v2\/pages"}],"about":[{"href":"https:\/\/www.saopaulo.sp.leg.br\/camaraexplica\/wp-json\/wp\/v2\/types\/page"}],"author":[{"embeddable":true,"href":"https:\/\/www.saopaulo.sp.leg.br\/camaraexplica\/wp-json\/wp\/v2\/users\/733"}],"replies":[{"embeddable":true,"href":"https:\/\/www.saopaulo.sp.leg.br\/camaraexplica\/wp-json\/wp\/v2\/comments?post=117"}],"version-history":[{"count":0,"href":"https:\/\/www.saopaulo.sp.leg.br\/camaraexplica\/wp-json\/wp\/v2\/pages\/117\/revisions"}],"wp:attachment":[{"href":"https:\/\/www.saopaulo.sp.leg.br\/camaraexplica\/wp-json\/wp\/v2\/media?parent=117"}],"curies":[{"name":"wp","href":"https:\/\/api.w.org\/{rel}","templated":true}]}}