

{"id":1049,"date":"2022-10-06T18:22:57","date_gmt":"2022-10-06T21:22:57","guid":{"rendered":"https:\/\/www.saopaulo.sp.leg.br\/camaraexplica\/?page_id=1049"},"modified":"2023-02-13T17:13:41","modified_gmt":"2023-02-13T20:13:41","slug":"estrutura-do-gabinete","status":"publish","type":"page","link":"https:\/\/www.saopaulo.sp.leg.br\/camaraexplica\/tudo-sobre-os-vereadores\/estrutura-do-gabinete\/","title":{"rendered":"Estrutura do Gabinete"},"content":{"rendered":"<div class=\"description\">\n<p class=\"text-description\">Para o pleno exerc\u00edcio de seu mandato na C\u00e2mara Municipal de S\u00e3o Paulo, cada um dos 55 parlamentares disp\u00f5e de um gabinete do vereador. Previsto no Regimento Interno da Casa, o gabinete oferece infraestrutura f\u00edsica, de servi\u00e7os e de funcion\u00e1rios para a execu\u00e7\u00e3o das atividades legislativas.<\/p>\n<p class=\"text-description\">Em rela\u00e7\u00e3o aos <a href=\"https:\/\/www.saopaulo.sp.leg.br\/institucional\/recursos-humanos\/funcionarios\/\" target=\"_blank\" rel=\"noopener\">funcion\u00e1rios<\/a>, cada um dos gabinetes pode ter at\u00e9 18 cargos de livre indica\u00e7\u00e3o parlamentar, sendo um chefe de gabinete e 17 assessores divididos em fun\u00e7\u00f5es de dire\u00e7\u00e3o, chefia e assessoramento, de acordo com o que determina a <a href=\"https:\/\/plpconsulta.saopaulo.sp.leg.br\/Forms\/MostrarArquivo?ID=408&amp;TipArq=1\" target=\"_blank\" rel=\"noopener\">Lei n\u00ba 16.671\/2017<\/a>.<\/p>\n<p class=\"text-description\">Para o custeio de servi\u00e7os gr\u00e1ficos, correspond\u00eancias, assinaturas de jornais, deslocamentos por toda a cidade e materiais de escrit\u00f3rio, entre outras despesas, cada gabinete do vereador disp\u00f5e do chamado <a href=\"https:\/\/www.saopaulo.sp.leg.br\/transparencia\/custos-de-mandato\/\">Aux\u00edlio-Encargos Gerais de Gabinete<\/a>. O benef\u00edcio, previsto em lei, permite que as despesas realizadas diretamente pelo vereador, dentro do montante estipulado, sejam ressarcidas mediante a apresenta\u00e7\u00e3o de notas fiscais ou documentos equivalentes.<\/p>\n<\/div>\n","protected":false},"excerpt":{"rendered":"<p>Para o pleno exerc\u00edcio de seu mandato na C\u00e2mara Municipal de S\u00e3o Paulo, cada um dos 55 parlamentares disp\u00f5e de um gabinete do vereador. Previsto no Regimento Interno da Casa, o gabinete oferece infraestrutura f\u00edsica, de servi\u00e7os e de funcion\u00e1rios para a execu\u00e7\u00e3o das atividades legislativas. Em rela\u00e7\u00e3o aos funcion\u00e1rios, cada um dos gabinetes pode&#8230;  <a class=\"excerpt-read-more\" href=\"https:\/\/www.saopaulo.sp.leg.br\/camaraexplica\/tudo-sobre-os-vereadores\/estrutura-do-gabinete\/\" title=\"Leia Estrutura do Gabinete\">Leia Mais &raquo;<\/a><\/p>\n","protected":false},"author":733,"featured_media":0,"parent":928,"menu_order":0,"comment_status":"closed","ping_status":"closed","template":"page-vereadores.php","meta":{"_acf_changed":false,"footnotes":""},"class_list":["post-1049","page","type-page","status-publish","hentry"],"acf":[],"_links":{"self":[{"href":"https:\/\/www.saopaulo.sp.leg.br\/camaraexplica\/wp-json\/wp\/v2\/pages\/1049","targetHints":{"allow":["GET"]}}],"collection":[{"href":"https:\/\/www.saopaulo.sp.leg.br\/camaraexplica\/wp-json\/wp\/v2\/pages"}],"about":[{"href":"https:\/\/www.saopaulo.sp.leg.br\/camaraexplica\/wp-json\/wp\/v2\/types\/page"}],"author":[{"embeddable":true,"href":"https:\/\/www.saopaulo.sp.leg.br\/camaraexplica\/wp-json\/wp\/v2\/users\/733"}],"replies":[{"embeddable":true,"href":"https:\/\/www.saopaulo.sp.leg.br\/camaraexplica\/wp-json\/wp\/v2\/comments?post=1049"}],"version-history":[{"count":0,"href":"https:\/\/www.saopaulo.sp.leg.br\/camaraexplica\/wp-json\/wp\/v2\/pages\/1049\/revisions"}],"up":[{"embeddable":true,"href":"https:\/\/www.saopaulo.sp.leg.br\/camaraexplica\/wp-json\/wp\/v2\/pages\/928"}],"wp:attachment":[{"href":"https:\/\/www.saopaulo.sp.leg.br\/camaraexplica\/wp-json\/wp\/v2\/media?parent=1049"}],"curies":[{"name":"wp","href":"https:\/\/api.w.org\/{rel}","templated":true}]}}