{"id":28,"date":"2019-06-04T14:53:30","date_gmt":"2019-06-04T17:53:30","guid":{"rendered":"http:\/\/www.saopaulo.sp.leg.br\/cadastro-fornecedores-publicidade\/?page_id=28"},"modified":"2026-03-09T14:13:38","modified_gmt":"2026-03-09T17:13:38","slug":"cadastrar","status":"publish","type":"page","link":"https:\/\/www.saopaulo.sp.leg.br\/cadastro-fornecedores-publicidade\/cadastrar\/","title":{"rendered":"Cadastrar"},"content":{"rendered":"<p><strong>Antes de prosseguir, leia com aten\u00e7\u00e3o o Ato Normativo que regulamenta o Cadastro de Fornecedores de Publicidade:<\/strong><\/p>\n<p><a href=\"..\/wp-content\/uploads\/sites\/29\/2026\/03\/AC169926.pdf\" target=\"_blank\" rel=\"noopener\">Ato de cadastramento de fornecedores de publicidade institucional e de comunica\u00e7\u00e3o digital no \u00e2mbito da CMSP <\/a> (<a href=\"https:\/\/app-plpconsulta-prd.azurewebsites.net\/Forms\/MostrarArquivo?ID=24703&amp;TipArq=1\" target=\"_blank\" rel=\"noopener\">link alternativo<\/a>)<\/p>\n<p><strong>IMPORTANTE:<strong> Ap\u00f3s o cadastro, ser\u00e1 necess\u00e1rio subir TODOS os documentos listados no Ato (devidamente assinados e digitalizados em formato PDF). Dentre tais documentos est\u00e3o os formul\u00e1rios listados abaixo (formato MS Word):<\/strong><\/strong><\/p>\n<ul>\n<li style=\"list-style-type: none;\">\n<ul>\n<li><a href=\"https:\/\/www.saopaulo.sp.leg.br\/cadastro-fornecedores-publicidade\/wp-content\/uploads\/sites\/29\/2026\/03\/ANEXO-I-\u2013-REQUERIMENTO-CADASTRAL.docx\" target=\"_blank\" rel=\"noopener\">Anexo I &#8211; Requerimento Cadastral<\/a><\/li>\n<li><a href=\"https:\/\/www.saopaulo.sp.leg.br\/cadastro-fornecedores-publicidade\/wp-content\/uploads\/sites\/29\/2026\/03\/ANEXO-II-\u2013-FICHA-CADASTRAL-PESSOA-JURIDICA.docx\" target=\"_blank\" rel=\"noopener\">Anexo II &#8211; Ficha Cadastral (Pessoa Jur\u00eddica)<\/a><\/li>\n<li><a href=\"https:\/\/www.saopaulo.sp.leg.br\/cadastro-fornecedores-publicidade\/wp-content\/uploads\/sites\/29\/2026\/03\/ANEXO-III-\u2013-FICHA-CADASTRAL-\u2013-PESSOA-FISICA.docx\">Anexo III &#8211; Ficha Cadastral (Pessoa F\u00edsica)<\/a><\/li>\n<\/ul>\n<\/li>\n<\/ul>\n<p><!--[um_loggedout]<em><strong>EM MANUTEN\u00c7\u00c3O<\/strong><\/em>[\/um_loggedout]--><\/p>\n<p><!--[um_loggedin show_lock=no][ultimatemember form_id=\"5\"][\/um_loggedin]--><\/p>\n\n<div class=\"um um-register um-5\">\n\t<div class=\"um-form\" data-mode=\"register\">\n\t\t<form method=\"post\" action=\"\">\n\t\t\t<div class=\"um-row _um_row_1 \" style=\"margin: 0 0 30px 0;\"><div class=\"um-col-1\"><div  id=\"um_field_5_tipo-de-pessoa\" class=\"um-field um-field-select  um-field-tipo-de-pessoa um-field-select um-field-type_select\" data-key=\"tipo-de-pessoa\"><div class=\"um-field-label\"><label for=\"tipo-de-pessoa-5\">Tipo de pessoa<\/label><div class=\"um-clear\"><\/div><\/div><div class=\"um-field-area  \"><select data-default=\"Pessoa Jur\u00eddica\"     name=\"tipo-de-pessoa\" id=\"tipo-de-pessoa\" data-validate=\"\" data-key=\"tipo-de-pessoa\" class=\"um-form-field valid um-s1 \" style=\"width: 100%\" data-placeholder=\"\"   aria-invalid=\"false\" ><option value=\"\"><\/option><option value=\"Pessoa F\u00edsica\" >Pessoa F\u00edsica<\/option><option value=\"Pessoa Jur\u00eddica\" selected>Pessoa Jur\u00eddica<\/option><\/select><\/div><\/div><div  id=\"um_field_5_pj_tipo\" class=\"um-field um-field-select  um-is-conditional um-field-pj_tipo um-field-select um-field-type_select\" data-key=\"pj_tipo\" data-cond-0-action=\"show\" data-cond-0-field=\"tipo-de-pessoa\" data-cond-0-operator=\"equals to\" data-cond-0-value=\"Pessoa Jur\u00eddica\"><div class=\"um-field-label\"><label for=\"pj_tipo-5\">Tipo de Pessoa Jur\u00eddica<\/label><div class=\"um-clear\"><\/div><\/div><div class=\"um-field-area  \"><select data-default=\"c) Sociedade simples, inclusive sociedades limitadas de natureza simples, bem como associa\u00e7\u00f5es e funda\u00e7\u00f5es\"     name=\"pj_tipo\" id=\"pj_tipo\" data-validate=\"\" data-key=\"pj_tipo\" class=\"um-form-field valid um-s1 \" style=\"width: 100%\" data-placeholder=\"\"   aria-invalid=\"false\" ><option value=\"\"><\/option><option value=\"a) Sociedade limitada unipessoal\" >a) Sociedade limitada unipessoal<\/option><option value=\"b) Sociedades por a\u00e7\u00f5es e sociedades limitadas com natureza empresarial\" >b) Sociedades por a\u00e7\u00f5es e sociedades limitadas com natureza empresarial<\/option><option value=\"c) Sociedade simples, inclusive sociedades limitadas de natureza simples, bem como associa\u00e7\u00f5es e funda\u00e7\u00f5es\" selected>c) Sociedade simples, inclusive sociedades limitadas de natureza simples, bem como associa\u00e7\u00f5es e funda\u00e7\u00f5es<\/option><option value=\"d) Empres\u00e1rio individual\" >d) Empres\u00e1rio individual<\/option><option value=\"e) Cooperativas de trabalho\" >e) Cooperativas de trabalho<\/option><option value=\"f) Sociedade estrangeira em funcionamento no Brasil\" >f) Sociedade estrangeira em funcionamento no Brasil<\/option><\/select><\/div><\/div><div  id=\"um_field_5_area-de-atuacao\" class=\"um-field um-field-select  um-field-area-de-atuacao um-field-select um-field-type_select\" data-key=\"area-de-atuacao\"><div class=\"um-field-label\"><label for=\"area-de-atuacao-5\">\u00c1rea de Atua\u00e7\u00e3o<\/label><div class=\"um-clear\"><\/div><\/div><div class=\"um-field-area  \"><select data-default=\"1 - Publicidade Institucional\"     name=\"area-de-atuacao\" id=\"area-de-atuacao\" data-validate=\"\" data-key=\"area-de-atuacao\" class=\"um-form-field valid um-s1 \" style=\"width: 100%\" data-placeholder=\"\"   aria-invalid=\"false\" ><option value=\"\"><\/option><option value=\"1 - Publicidade Institucional\" selected>1 - Publicidade Institucional<\/option><option value=\"2 - Comunica\u00e7\u00e3o Digital\" >2 - Comunica\u00e7\u00e3o Digital<\/option><option value=\"3\u00a0-\u00a0Ambos\" >3\u00a0-\u00a0Ambos<\/option><\/select><\/div><\/div><div  id=\"um_field_5_cnpj\" class=\"um-field um-field-text  um-is-conditional um-field-cnpj um-field-text um-field-type_text\" data-key=\"cnpj\" data-cond-0-action=\"show\" data-cond-0-field=\"tipo-de-pessoa\" data-cond-0-operator=\"equals to\" data-cond-0-value=\"Pessoa Jur\u00eddica\"><div class=\"um-field-label\"><label for=\"cnpj-5\">CNPJ (sem pontos e tra\u00e7os)<\/label><div class=\"um-clear\"><\/div><\/div><div class=\"um-field-area\"><input  autocomplete=\"off\" class=\"um-form-field valid \" type=\"text\" name=\"cnpj-5\" id=\"cnpj-5\" value=\"\" placeholder=\"\" data-validate=\"unique_value\" data-key=\"cnpj\"  aria-invalid=\"false\" \/>\n\n\t\t\t\t\t\t<\/div><\/div><div  id=\"um_field_5_cpf\" class=\"um-field um-field-text  um-is-conditional um-field-cpf um-field-text um-field-type_text\" data-key=\"cpf\" data-cond-0-action=\"show\" data-cond-0-field=\"tipo-de-pessoa\" data-cond-0-operator=\"equals to\" data-cond-0-value=\"Pessoa F\u00edsica\"><div class=\"um-field-label\"><label for=\"cpf-5\">CPF<\/label><div class=\"um-clear\"><\/div><\/div><div class=\"um-field-area\"><input  autocomplete=\"off\" class=\"um-form-field valid \" type=\"text\" name=\"cpf-5\" id=\"cpf-5\" value=\"\" placeholder=\"\" data-validate=\"unique_value\" data-key=\"cpf\"  aria-invalid=\"false\" \/>\n\n\t\t\t\t\t\t<\/div><\/div><div  id=\"um_field_5_nome\" class=\"um-field um-field-text  um-field-nome um-field-text um-field-type_text\" data-key=\"nome\"><div class=\"um-field-label\"><label for=\"nome-5\">Nome<\/label><div class=\"um-clear\"><\/div><\/div><div class=\"um-field-area\"><input  autocomplete=\"off\" class=\"um-form-field valid \" type=\"text\" name=\"nome-5\" id=\"nome-5\" value=\"\" placeholder=\"\" data-validate=\"\" data-key=\"nome\"  aria-invalid=\"false\" \/>\n\n\t\t\t\t\t\t<\/div><\/div><div  id=\"um_field_5_user_email\" class=\"um-field um-field-text  um-field-user_email um-field-text um-field-type_text\" data-key=\"user_email\"><div class=\"um-field-label\"><label for=\"user_email-5\">E-mail<\/label><div class=\"um-clear\"><\/div><\/div><div class=\"um-field-area\"><input  autocomplete=\"off\" class=\"um-form-field valid \" type=\"text\" name=\"user_email-5\" id=\"user_email-5\" value=\"\" placeholder=\"\" data-validate=\"0\" data-key=\"user_email\"  aria-invalid=\"false\" \/>\n\n\t\t\t\t\t\t<\/div><\/div><div  id=\"um_field_5_phone_number\" class=\"um-field um-field-tel  um-field-phone_number um-field-tel um-field-type_tel\" data-key=\"phone_number\"><div class=\"um-field-label\"><div class=\"um-field-label-icon\"><i class=\"um-faicon-phone\" aria-label=\"Telefone \/ Whatsapp (inclua o n\u00famero com o DDD)\"><\/i><\/div><label for=\"phone_number-5\">Telefone \/ Whatsapp (inclua o n\u00famero com o DDD)<\/label><div class=\"um-clear\"><\/div><\/div><div class=\"um-field-area\"><input  autocomplete=\"off\" class=\"um-form-field valid not-required \" type=\"tel\" name=\"phone_number-5\" id=\"phone_number-5\" value=\"\" placeholder=\"11-99999-9999\" data-validate=\"phone_number\" data-key=\"phone_number\"  aria-invalid=\"false\" \/>\n\n\t\t\t\t\t\t<\/div><\/div><div  id=\"um_field_5_endereco\" class=\"um-field um-field-text  um-field-endereco um-field-text um-field-type_text\" data-key=\"endereco\"><div class=\"um-field-label\"><label for=\"endereco-5\">Endere\u00e7o<\/label><div class=\"um-clear\"><\/div><\/div><div class=\"um-field-area\"><input  autocomplete=\"off\" class=\"um-form-field valid not-required \" type=\"text\" name=\"endereco-5\" id=\"endereco-5\" value=\"\" placeholder=\"\" data-validate=\"\" data-key=\"endereco\"  aria-invalid=\"false\" \/>\n\n\t\t\t\t\t\t<\/div><\/div><div  id=\"um_field_5_user_login\" class=\"um-field um-field-text  um-field-user_login um-field-text um-field-type_text\" data-key=\"user_login\"><div class=\"um-field-label\"><label for=\"user_login-5\">Usu\u00e1rio (n\u00e3o use espa\u00e7os em branco)<\/label><span class=\"um-tip um-tip-w\" title=\"n\u00e3o use espa\u00e7os em branco\"><i class=\"um-icon-help-circled\"><\/i><\/span><div class=\"um-clear\"><\/div><\/div><div class=\"um-field-area\"><input  autocomplete=\"off\" class=\"um-form-field valid \" type=\"text\" name=\"user_login-5\" id=\"user_login-5\" value=\"\" placeholder=\"\" data-validate=\"unique_username\" data-key=\"user_login\"  aria-invalid=\"false\" \/>\n\n\t\t\t\t\t\t<\/div><\/div><div  id=\"um_field_5_user_password\" class=\"um-field um-field-password  um-field-user_password um-field-password um-field-type_password\" data-key=\"user_password\"><div class=\"um-field-label\"><label for=\"user_password-5\">Senha<\/label><div class=\"um-clear\"><\/div><\/div><div class=\"um-field-area\"><input class=\"um-form-field valid \" type=\"password\" name=\"user_password-5\" id=\"user_password-5\" value=\"\" placeholder=\"\" data-validate=\"\" data-key=\"user_password\"  aria-invalid=\"false\" \/>\n\n\t\t\t\t\t\t\t<\/div><\/div><div  id=\"um_field_5_confirm_user_password\" class=\"um-field um-field-password  um-field-user_password um-field-password um-field-type_password\" data-key=\"confirm_user_password\"><div class=\"um-field-label\"><label for=\"confirm_user_password-5\">Confirm Senha<\/label><div class=\"um-clear\"><\/div><\/div><div class=\"um-field-area\"><input class=\"um-form-field valid \" type=\"password\" name=\"confirm_user_password-5\" id=\"confirm_user_password-5\" value=\"\" placeholder=\"Confirm Senha\" data-validate=\"\" data-key=\"confirm_user_password\"  aria-invalid=\"false\" \/><\/div><\/div><\/div><\/div>\t<input type=\"hidden\" name=\"form_id\" id=\"form_id_5\" value=\"5\" \/>\n\t\t<p class=\"um_request_name\">\n\t\t<label for=\"um_request_5\">Only fill in if you are not human<\/label>\n\t\t<input type=\"hidden\" name=\"um_request\" id=\"um_request_5\" class=\"input\" value=\"\" size=\"25\" autocomplete=\"off\" \/>\n\t<\/p>\n\t<input type=\"hidden\" id=\"_wpnonce\" name=\"_wpnonce\" value=\"9ecc9b4b3c\" \/><input type=\"hidden\" name=\"_wp_http_referer\" value=\"\/cadastro-fornecedores-publicidade\/wp-json\/wp\/v2\/pages\/28\" \/>\t\t\t<div class=\"um-field um-field-text\">\n\t\t\t\t<div class=\"um-field-label\"><label for=\"um_math_challenge-5\">Solve this simple Math: 0 * 8 = ?<\/label><div class=\"um-clear\"><\/div><\/div>\t\t\t\t<div class=\"um-field-area\">\n\t\t\t\t\t<input type=\"text\" name=\"um_math_challenge\" value=\"\" placeholder=\"Your answer...\" \/>\n\t\t\t\t<\/div>\n\t\t\t<\/div>\n\t\t\n<div class=\"g-recaptcha\" id=\"um-5\" data-mode=\"register\"><\/div>\n\n\n\t<div class=\"um-col-alt\">\n\n\t\t\n\t\t\t<div class=\"um-left um-half\">\n\t\t\t\t<input type=\"submit\" value=\"Registrar\" class=\"um-button\" id=\"um-submit-btn\" \/>\n\t\t\t<\/div>\n\t\t\t<div class=\"um-right um-half\">\n\t\t\t\t<a href=\"https:\/\/www.saopaulo.sp.leg.br\/cadastro-fornecedores-publicidade\/login\/\" class=\"um-button um-alt\">\n\t\t\t\t\tLogin\t\t\t\t<\/a>\n\t\t\t<\/div>\n\n\t\t\n\t\t<div class=\"um-clear\"><\/div>\n\n\t<\/div>\n\n\t\t\t<\/form>\n\t<\/div>\n<\/div>\n<style>\n\t\t\t.um-5.um {\n\t\t\tmax-width: 450px;\n\t\t}\n\t\t<\/style>\n\n","protected":false},"excerpt":{"rendered":"<p>Antes de prosseguir, leia com aten\u00e7\u00e3o o Ato Normativo que regulamenta o Cadastro de Fornecedores de Publicidade: Ato de cadastramento de fornecedores de publicidade institucional e de comunica\u00e7\u00e3o digital no \u00e2mbito da CMSP (link alternativo) IMPORTANTE: Ap\u00f3s o cadastro, ser\u00e1 necess\u00e1rio subir TODOS os documentos listados no Ato (devidamente assinados e digitalizados em formato PDF). [&hellip;]<\/p>\n","protected":false},"author":169,"featured_media":0,"parent":0,"menu_order":0,"comment_status":"closed","ping_status":"closed","template":"page-larga.php","meta":{"footnotes":""},"class_list":["post-28","page","type-page","status-publish","hentry"],"_links":{"self":[{"href":"https:\/\/www.saopaulo.sp.leg.br\/cadastro-fornecedores-publicidade\/wp-json\/wp\/v2\/pages\/28","targetHints":{"allow":["GET"]}}],"collection":[{"href":"https:\/\/www.saopaulo.sp.leg.br\/cadastro-fornecedores-publicidade\/wp-json\/wp\/v2\/pages"}],"about":[{"href":"https:\/\/www.saopaulo.sp.leg.br\/cadastro-fornecedores-publicidade\/wp-json\/wp\/v2\/types\/page"}],"author":[{"embeddable":true,"href":"https:\/\/www.saopaulo.sp.leg.br\/cadastro-fornecedores-publicidade\/wp-json\/wp\/v2\/users\/169"}],"replies":[{"embeddable":true,"href":"https:\/\/www.saopaulo.sp.leg.br\/cadastro-fornecedores-publicidade\/wp-json\/wp\/v2\/comments?post=28"}],"version-history":[{"count":5,"href":"https:\/\/www.saopaulo.sp.leg.br\/cadastro-fornecedores-publicidade\/wp-json\/wp\/v2\/pages\/28\/revisions"}],"predecessor-version":[{"id":702,"href":"https:\/\/www.saopaulo.sp.leg.br\/cadastro-fornecedores-publicidade\/wp-json\/wp\/v2\/pages\/28\/revisions\/702"}],"wp:attachment":[{"href":"https:\/\/www.saopaulo.sp.leg.br\/cadastro-fornecedores-publicidade\/wp-json\/wp\/v2\/media?parent=28"}],"curies":[{"name":"wp","href":"https:\/\/api.w.org\/{rel}","templated":true}]}}