{"id":21,"date":"2019-06-04T14:52:04","date_gmt":"2019-06-04T17:52:04","guid":{"rendered":"http:\/\/www.saopaulo.sp.leg.br\/cadastro-fornecedores-publicidade\/?page_id=21"},"modified":"2026-03-24T19:31:37","modified_gmt":"2026-03-24T22:31:37","slug":"home","status":"publish","type":"page","link":"https:\/\/www.saopaulo.sp.leg.br\/cadastro-fornecedores-publicidade\/","title":{"rendered":"Home"},"content":{"rendered":"<div style=\"background-color: none;\"><p><a href=\".\/wp-login.php\">Login<\/a> | <a href=\"https:\/\/www.saopaulo.sp.leg.br\/cadastro-fornecedores-publicidade\/cadastrar\/\">Cadastrar novo fornecedor<\/a> (primeiro, leia o <a href=\"https:\/\/app-plpconsulta-prd.azurewebsites.net\/Forms\/MostrarArquivo?ID=24703&amp;TipArq=1\" target=\"_blank\" rel=\"noopener\">Ato n\u00ba 1699\/2026<\/a> &#8211; <a href=\".\/wp-content\/uploads\/sites\/29\/2026\/03\/AC169926.pdf\" target=\"_blank\" rel=\"noopener\">link alternativo<\/a>) [d\u00favidas: <a href=\"maito:fornecedorcomunicacao@saopaulo.sp.leg.br\">fornecedorcomunicacao@saopaulo.sp.leg.br<\/a>]<\/p>\n<\/div>\n<p class=\"titulo_card\"><strong>Avisos<\/strong>:<\/p>\n<div class=\"card_cadastro\">\n<ul>\n<li style=\"list-style-type: none;\">\n<ul>\n<li><a href=\".\/wp-content\/uploads\/sites\/29\/2026\/03\/AC169926.pdf\" target=\"_blank\" rel=\"noopener noreferrer\"><strong>[NOVO]<\/strong> Ato n\u00ba 1699, de 26 de fevereiro de 2026<\/a> (<a href=\"https:\/\/app-plpconsulta-prd.azurewebsites.net\/Forms\/MostrarArquivo?ID=24703&amp;TipArq=1\" target=\"_blank\" rel=\"noopener\">link alternativo<\/a>) revoga o ato anterior: Ato 1434\/2019<\/li>\n<li><a href=\".\/wp-content\/uploads\/sites\/29\/2019\/06\/comunicado_cadastro_fornecedores.pdf\" target=\"_blank\" rel=\"noopener noreferrer\">Comunicado de Implementa\u00e7\u00e3o do Sistema Eletr\u00f4nico de Cadastramento de Fornecedores de Publicidade &#8211; publicado no D.O.<\/a><\/li>\n<li><a href=\".\/wp-content\/uploads\/sites\/29\/2019\/07\/Lei-n\u00ba-12.232-Publicidade-Legisla\u00e7\u00e3o-Federal.pdf\" target=\"_blank\" rel=\"noopener noreferrer\">Lei n\u00ba 12.232 &#8211; Legisla\u00e7\u00e3o Federal sobre contrata\u00e7\u00e3o de Publicidade na Administra\u00e7\u00e3o P\u00fablica<\/a><\/li>\n<\/ul>\n<\/li>\n<\/ul>\n<\/div>\n<p><\/p>\n<p class=\"titulo_card\"><strong>D\u00favidas<\/strong>:<\/p>\n<p class=\"card_cadastro\">Em caso de d\u00favidas quanto ao cadastro ou para solicitar a remo\u00e7\u00e3o de seu cadastro contate os respons\u00e1veis via email <a href=\"maito:fornecedorcomunicacao@saopaulo.sp.leg.br\">fornecedorcomunicacao@saopaulo.sp.leg.br<\/a><\/p>\n<p class=\"titulo_card\"><strong>Ato Normativo:<\/strong><\/p>\n<p class=\"card_cadastro\"><a href=\"https:\/\/www.saopaulo.sp.leg.br\/cadastro-fornecedores-publicidade\/wp-content\/uploads\/sites\/29\/2026\/03\/AC169926.pdf\" target=\"_blank\" rel=\"noopener\">Ato n\u00ba 1699\/2026 &#8211; Ato de cadastramento de fornecedores de publicidade institucional e de comunica\u00e7\u00e3o digital no \u00e2mbito da CMSP<\/a> (<a href=\"https:\/\/app-plpconsulta-prd.azurewebsites.net\/Forms\/MostrarArquivo?ID=24703&amp;TipArq=1\" target=\"_blank\" rel=\"noopener\">link alternativo<\/a>)<\/p>\n<p class=\"titulo_card\"><strong>Modelos dos formul\u00e1rios requeridos conforme o Ato em formato MS Word:<\/strong><\/p>\n<div class=\"card_cadastro\">\n<ul>\n<li style=\"list-style-type: none;\">\n<ul>\n<li><a href=\"https:\/\/www.saopaulo.sp.leg.br\/cadastro-fornecedores-publicidade\/wp-content\/uploads\/sites\/29\/2026\/03\/ANEXO-I-\u2013-REQUERIMENTO-CADASTRAL.docx\" target=\"_blank\" rel=\"noopener\">Anexo I &#8211; Requerimento Cadastral<\/a><\/li>\n<li><a href=\"https:\/\/www.saopaulo.sp.leg.br\/cadastro-fornecedores-publicidade\/wp-content\/uploads\/sites\/29\/2026\/03\/ANEXO-II-\u2013-FICHA-CADASTRAL-PESSOA-JURIDICA.docx\" target=\"_blank\" rel=\"noopener\">Anexo II &#8211; Ficha Cadastral (Pessoa Jur\u00eddica)<\/a><\/li>\n<li><a href=\"https:\/\/www.saopaulo.sp.leg.br\/cadastro-fornecedores-publicidade\/wp-content\/uploads\/sites\/29\/2026\/03\/ANEXO-III-\u2013-FICHA-CADASTRAL-\u2013-PESSOA-FISICA.docx\">Anexo III &#8211; Ficha Cadastral (Pessoa F\u00edsica)<\/a><\/li>\n<\/ul>\n<\/li>\n<\/ul>\n<p><strong>Observa\u00e7\u00e3o:<\/strong> al\u00e9m dos formul\u00e1rios acima, o Ato regulamenta a exig\u00eancia de uma s\u00e9rie de outros documentos. Leia o Ato n\u00ba 1699\/2026 (<a href=\"https:\/\/app-plpconsulta-prd.azurewebsites.net\/Forms\/MostrarArquivo?ID=24703&amp;TipArq=1\" target=\"_blank\" rel=\"noopener\">link 1<\/a> | <a href=\"http:\/\/www.saopaulo.sp.leg.br\/cadastro-fornecedores-publicidade\/wp-content\/uploads\/sites\/29\/2026\/03\/AC169926.pdf\" target=\"_blank\" rel=\"noopener\">link 2<\/a>) antes de se cadastrar.<\/p>\n<\/div>\n<p><\/p>\n<p class=\"titulo_card\"><strong>Empresas cadastradas<\/strong><em>\u00a0(use CTRL+F para pesquisar por nome)<\/em>:<\/p>\n<div class=\"card_cadastro\"><script type=\"text\/template\" id=\"tmpl-um-member-grid-1gkQI\">\n\t<div class=\"um-members um-members-grid\">\n\t\t<div class=\"um-gutter-sizer\"><\/div>\n\n\t\t<# if ( data.length > 0 ) { #>\n\t\t\t<# _.each( data, function( user, key, list ) { #>\n\n\t\t\t\t<div id=\"um-member-{{{user.card_anchor}}}-1gkQI\" class=\"um-member um-role-{{{user.role}}} {{{user.account_status}}} with-cover\">\n\n\t\t\t\t\t<span class=\"um-member-status {{{user.account_status}}}\">\n\t\t\t\t\t\t{{{user.account_status_name}}}\n\t\t\t\t\t<\/span>\n\n\t\t\t\t\t\t\t\t\t\t\t<div class=\"um-member-cover\" data-ratio=\"2.7:1\">\n\t\t\t\t\t\t\t<div class=\"um-member-cover-e\">\n\t\t\t\t\t\t\t\t<a href=\"{{{user.profile_url}}}\" title=\"<# if ( user.display_name ) { #>{{{user.display_name}}}<# } #>\">\n\t\t\t\t\t\t\t\t\t{{{user.cover_photo}}}\n\t\t\t\t\t\t\t\t<\/a>\n\t\t\t\t\t\t\t<\/div>\n\t\t\t\t\t\t<\/div>\n\t\t\t\t\t\t\t\t\t\t\t<div class=\"um-member-photo radius-1\">\n\t\t\t\t\t\t\t<a href=\"{{{user.profile_url}}}\" title=\"<# if ( user.display_name ) { #>{{{user.display_name}}}<# } #>\">\n\t\t\t\t\t\t\t\t{{{user.avatar}}}\n\t\t\t\t\t\t\t\t\t\t\t\t\t\t\t<\/a>\n\t\t\t\t\t\t<\/div>\n\t\t\t\t\t\n\n\t\t\t\t\t<div class=\"um-member-card \">\n\t\t\t\t\t\t\t\t\t\t\t\t\t<# if ( user.display_name_html ) { #>\n\t\t\t\t\t\t\t\t<div class=\"um-member-name\">\n\t\t\t\t\t\t\t\t\t<a href=\"{{{user.profile_url}}}\" title=\"{{{user.display_name}}}\">\n\t\t\t\t\t\t\t\t\t\t{{{user.display_name_html}}}\n\t\t\t\t\t\t\t\t\t<\/a>\n\t\t\t\t\t\t\t\t<\/div>\n\t\t\t\t\t\t\t<# } #>\n\t\t\t\t\t\t\t\t\t\t\t\t{{{user.hook_just_after_name}}}\n\n\n\t\t\t\t\t\t<# if ( user.can_edit ) { #>\n\t\t\t\t\t\t\t<div class=\"um-members-edit-btn\">\n\t\t\t\t\t\t\t\t<a href=\"{{{user.edit_profile_url}}}\" class=\"um-edit-profile-btn um-button um-alt\">\n\t\t\t\t\t\t\t\t\tEdit profile\t\t\t\t\t\t\t\t<\/a>\n\t\t\t\t\t\t\t<\/div>\n\t\t\t\t\t\t<# } #>\n\n\n\t\t\t\t\t\t\t\t\t\t\t\t{{{user.hook_after_user_name}}}\n\n\n\t\t\t\t\t\t\n\t\t\t\t\t<\/div>\n\t\t\t\t<\/div>\n\n\t\t\t<# }); #>\n\t\t<# } else { #>\n\n\t\t\t<div class=\"um-members-none\">\n\t\t\t\t<p>Nenhum fornecedor encontrado no cadastro<\/p>\n\t\t\t<\/div>\n\n\t\t<# } #>\n\n\t\t<div class=\"um-clear\"><\/div>\n\t<\/div>\n<\/script>\n\n\n<script type=\"text\/template\" id=\"tmpl-um-members-header\">\n\t<div class=\"um-members-intro\">\n\t\t<div class=\"um-members-total\">\n\t\t\t<# if ( data.pagination.total_users == 1 ) { #>\n\t\t\t\t{{{data.pagination.header_single}}}\n\t\t\t<# } else if ( data.pagination.total_users > 1 ) { #>\n\t\t\t\t{{{data.pagination.header}}}\n\t\t\t<# } #>\n\t\t<\/div>\n\t<\/div>\n\n\t<div class=\"um-clear\"><\/div>\n<\/script>\n\n\n<script type=\"text\/template\" id=\"tmpl-um-members-pagination\">\n\t<# if ( data.pagination.pages_to_show.length > 0 ) { #>\n\t\t<div class=\"um-members-pagidrop uimob340-show uimob500-show\">\n\t\t\tJump to page:\t\t\t<select class=\"um-s2 um-members-pagi-dropdown\" style=\"width: 100px;display:inline-block;\">\n\t\t\t\t<# _.each( data.pagination.pages_to_show, function( page, key, list ) { #>\n\t\t\t\t\t<option value=\"{{{page}}}\" <# if ( page == data.pagination.current_page ) { #>selected<# } #>>{{{page}}} of {{{data.pagination.total_pages}}}<\/option>\n\t\t\t\t<# }); #>\n\t\t\t<\/select>\n\t\t<\/div>\n\n\t\t<div class=\"um-members-pagi uimob340-hide uimob500-hide\">\n\t\t\t<span class=\"pagi pagi-arrow <# if ( data.pagination.current_page == 1 ) { #>disabled<# } #>\" data-page=\"first\" aria-label=\"First page\"><i class=\"um-faicon-angle-double-left\"><\/i><\/span>\n\t\t\t<span class=\"pagi pagi-arrow <# if ( data.pagination.current_page == 1 ) { #>disabled<# } #>\" data-page=\"prev\" aria-label=\"Previous page\"><i class=\"um-faicon-angle-left\"><\/i><\/span>\n\n\t\t\t<# _.each( data.pagination.pages_to_show, function( page, key, list ) { #>\n\t\t\t\t<span class=\"pagi <# if ( page == data.pagination.current_page ) { #>current<# } #>\" data-page=\"{{{page}}}\">{{{page}}}<\/span>\n\t\t\t<# }); #>\n\n\t\t\t<span class=\"pagi pagi-arrow <# if ( data.pagination.current_page == data.pagination.total_pages ) { #>disabled<# } #>\" data-page=\"next\" aria-label=\"Next page\"><i class=\"um-faicon-angle-right\"><\/i><\/span>\n\t\t\t<span class=\"pagi pagi-arrow <# if ( data.pagination.current_page == data.pagination.total_pages ) { #>disabled<# } #>\" data-page=\"last\" aria-label=\"Last page\"><i class=\"um-faicon-angle-double-right\"><\/i><\/span>\n\t\t<\/div>\n\t<# } #>\n<\/script>\n\n<div class=\"um um-directory um-1gkQI\"\n\t data-hash=\"1gkQI\" data-base-post=\"21\"\n\t data-must-search=\"0\" data-searched=\"1\"\n\t data-view_type=\"grid\" data-page=\"1\"\n\t data-sorting=\"\">\n\t<div class=\"um-members-overlay\"><div class=\"um-ajax-loading\"><\/div><\/div>\n\n\t<div class=\"um-member-directory-header um-form\">\n\n\t\t\n\t\t\n\n\t\t\t<\/div>\n\n\t<div class=\"um-members-wrapper\"><\/div>\n\n\t<div class=\"um-members-pagination-box\"><\/div>\n\n\t\n<\/div>\n<\/div>\n","protected":false},"excerpt":{"rendered":"<p>Avisos: [NOVO] Ato n\u00ba 1699, de 26 de fevereiro de 2026 (link alternativo) revoga o ato anterior: Ato 1434\/2019 Comunicado de Implementa\u00e7\u00e3o do Sistema Eletr\u00f4nico de Cadastramento de Fornecedores de Publicidade &#8211; publicado no D.O. Lei n\u00ba 12.232 &#8211; Legisla\u00e7\u00e3o Federal sobre contrata\u00e7\u00e3o de Publicidade na Administra\u00e7\u00e3o P\u00fablica D\u00favidas: Em caso de d\u00favidas quanto ao [&hellip;]<\/p>\n","protected":false},"author":169,"featured_media":0,"parent":0,"menu_order":0,"comment_status":"closed","ping_status":"closed","template":"home-larga.php","meta":{"footnotes":""},"class_list":["post-21","page","type-page","status-publish","hentry"],"_links":{"self":[{"href":"https:\/\/www.saopaulo.sp.leg.br\/cadastro-fornecedores-publicidade\/wp-json\/wp\/v2\/pages\/21","targetHints":{"allow":["GET"]}}],"collection":[{"href":"https:\/\/www.saopaulo.sp.leg.br\/cadastro-fornecedores-publicidade\/wp-json\/wp\/v2\/pages"}],"about":[{"href":"https:\/\/www.saopaulo.sp.leg.br\/cadastro-fornecedores-publicidade\/wp-json\/wp\/v2\/types\/page"}],"author":[{"embeddable":true,"href":"https:\/\/www.saopaulo.sp.leg.br\/cadastro-fornecedores-publicidade\/wp-json\/wp\/v2\/users\/169"}],"replies":[{"embeddable":true,"href":"https:\/\/www.saopaulo.sp.leg.br\/cadastro-fornecedores-publicidade\/wp-json\/wp\/v2\/comments?post=21"}],"version-history":[{"count":5,"href":"https:\/\/www.saopaulo.sp.leg.br\/cadastro-fornecedores-publicidade\/wp-json\/wp\/v2\/pages\/21\/revisions"}],"predecessor-version":[{"id":716,"href":"https:\/\/www.saopaulo.sp.leg.br\/cadastro-fornecedores-publicidade\/wp-json\/wp\/v2\/pages\/21\/revisions\/716"}],"wp:attachment":[{"href":"https:\/\/www.saopaulo.sp.leg.br\/cadastro-fornecedores-publicidade\/wp-json\/wp\/v2\/media?parent=21"}],"curies":[{"name":"wp","href":"https:\/\/api.w.org\/{rel}","templated":true}]}}