{"id":47,"date":"2018-03-02T19:25:04","date_gmt":"2018-03-02T22:25:04","guid":{"rendered":"http:\/\/www.saopaulo.sp.leg.br\/apartes\/?page_id=47"},"modified":"2026-04-16T15:20:40","modified_gmt":"2026-04-16T18:20:40","slug":"expediente","status":"publish","type":"page","link":"https:\/\/www.saopaulo.sp.leg.br\/apartes\/expediente\/","title":{"rendered":"Expediente"},"content":{"rendered":"<h2><span style=\"color: #993300\">Expediente<\/span><\/h2>\n\n<p><strong>Editor executivo:<\/strong> Raul Julio<\/p>\n<p><strong>Elabora\u00e7\u00e3o:<\/strong> CCI.3 &#8211; Equipe de Comunica\u00e7\u00e3o da CMSP<\/p>\n<p><strong>Supervisor do CCI.3:<\/strong> Erick Paulino de Souza<\/p>\n<p><strong>Editor:<\/strong> S\u00e2ndor Vasconcelos<\/p>\n<p><strong>Textos:<\/strong> Fausto Salvadori Filho e Rodrigo Garcia<\/p>\n<p><strong>Editora\u00e7\u00e3o, arte e programa\u00e7\u00e3o:<\/strong> Alan Nagatomo, Daniel Pimentel, Elton Jhones Pereira\u00a0 e Leonardo Pedrazzoli<\/p>\n<p><strong>Fotografia:<\/strong> F\u00e1bio Lazzari, Gute Garbelotto, Marcelo Ximenez, Mozart Gomes e Ricardo Rocha<\/p>\n<p><em><strong>Endere\u00e7o:<\/strong><\/em><br \/>\n<em> Revista Apartes \u2212 Pal\u00e1cio Anchieta<\/em><br \/>\n<em> Viaduto Jacare\u00ed, 100 &#8211; Anexo, 2\u00ba andar, sala 218 &#8211; Bela Vista<\/em><br \/>\n<em> S\u00e3o Paulo-SP &#8211; CEP 01319-900<\/em><br \/>\n<em> Tel.: (11) 3396-4206<\/em><\/p>\n<div style=\"width: 100%;background-color: #ddd;padding: 10px 15px 20px 15px\">\n<h3>Fale conosco:<\/h3>\n\n<div class=\"wpcf7 no-js\" id=\"wpcf7-f119-o1\" lang=\"pt-BR\" dir=\"ltr\" data-wpcf7-id=\"119\">\n<div class=\"screen-reader-response\"><p role=\"status\" aria-live=\"polite\" aria-atomic=\"true\"><\/p> <ul><\/ul><\/div>\n<form action=\"\/apartes\/wp-json\/wp\/v2\/pages\/47#wpcf7-f119-o1\" method=\"post\" class=\"wpcf7-form init\" aria-label=\"Formul\u00e1rios de contato\" novalidate=\"novalidate\" data-status=\"init\">\n<fieldset class=\"hidden-fields-container\"><input type=\"hidden\" name=\"_wpcf7\" value=\"119\" \/><input type=\"hidden\" name=\"_wpcf7_version\" value=\"6.1.5\" \/><input type=\"hidden\" name=\"_wpcf7_locale\" value=\"pt_BR\" \/><input type=\"hidden\" name=\"_wpcf7_unit_tag\" value=\"wpcf7-f119-o1\" \/><input type=\"hidden\" name=\"_wpcf7_container_post\" value=\"0\" \/><input type=\"hidden\" name=\"_wpcf7_posted_data_hash\" value=\"\" \/>\n<\/fieldset>\n<p><label> Seu nome (obrigat\u00f3rio)<br \/>\n<span class=\"wpcf7-form-control-wrap\" data-name=\"your-name\"><input size=\"40\" maxlength=\"400\" class=\"wpcf7-form-control wpcf7-text wpcf7-validates-as-required\" aria-required=\"true\" aria-invalid=\"false\" value=\"\" type=\"text\" name=\"your-name\" \/><\/span> <\/label>\n<\/p>\n<p><label> Seu e-mail (obrigat\u00f3rio)<br \/>\n<span class=\"wpcf7-form-control-wrap\" data-name=\"your-email\"><input size=\"40\" maxlength=\"400\" class=\"wpcf7-form-control wpcf7-email wpcf7-validates-as-required wpcf7-text wpcf7-validates-as-email\" aria-required=\"true\" aria-invalid=\"false\" value=\"\" type=\"email\" name=\"your-email\" \/><\/span> <\/label>\n<\/p>\n<p><label> Assunto<br \/>\n<span class=\"wpcf7-form-control-wrap\" data-name=\"your-subject\"><input size=\"40\" maxlength=\"400\" class=\"wpcf7-form-control wpcf7-text\" aria-invalid=\"false\" value=\"\" type=\"text\" name=\"your-subject\" \/><\/span> <\/label>\n<\/p>\n<p><label> Sua mensagem<br \/>\n<span class=\"wpcf7-form-control-wrap\" data-name=\"your-message\"><textarea cols=\"40\" rows=\"10\" maxlength=\"2000\" class=\"wpcf7-form-control wpcf7-textarea\" aria-invalid=\"false\" name=\"your-message\"><\/textarea><\/span> <\/label>\n<\/p>\n<p><label>C\u00f3digo captcha<\/label><br \/>\n<input type=\"hidden\" name=\"_wpcf7_captcha_challenge_your-captcha\" value=\"239839945\" \/><img loading=\"lazy\" decoding=\"async\" class=\"wpcf7-form-control wpcf7-captchac wpcf7-captcha-your-captcha\" width=\"72\" height=\"24\" alt=\"captcha\" src=\"https:\/\/www.saopaulo.sp.leg.br\/apartes\/wp-content\/uploads\/sites\/26\/wpcf7_captcha\/239839945.png\" \/><br \/>\n<label>Digite o c\u00f3digo acima: <span class=\"wpcf7-form-control-wrap\" data-name=\"your-captcha\"><input size=\"40\" class=\"wpcf7-form-control wpcf7-captchar\" autocomplete=\"off\" aria-invalid=\"false\" value=\"\" type=\"text\" name=\"your-captcha\" \/><\/span><\/label>\n<\/p>\n<p><span class=\"wpcf7-form-control-wrap\" data-name=\"accept-this-1\"><span class=\"wpcf7-form-control wpcf7-acceptance\"><span class=\"wpcf7-list-item\"><label><input type=\"checkbox\" name=\"accept-this-1\" value=\"1\" aria-invalid=\"false\" \/><span class=\"wpcf7-list-item-label\">Estou ciente que os dados deste formul\u00e1rio poder\u00e3o ser gravados e processados pelos sistemas deste website, conforme a Pol\u00edtica de Privacidade (<a href=\"https:\/\/www.saopaulo.sp.leg.br\/lgpd\/\" target=\"_blank\">link<\/a>).<\/span><\/label><\/span><\/span><\/span>\n<\/p>\n<p><input class=\"wpcf7-form-control wpcf7-submit has-spinner\" type=\"submit\" value=\"Enviar\" \/>\n<\/p><div class=\"wpcf7-response-output\" aria-hidden=\"true\"><\/div>\n<\/form>\n<\/div>\n\n<\/div>\n","protected":false},"excerpt":{"rendered":"<p>Expediente Editor executivo: Raul Julio Elabora\u00e7\u00e3o: CCI.3 &#8211; Equipe de Comunica\u00e7\u00e3o da CMSP Supervisor do CCI.3: Erick Paulino de Souza Editor: S\u00e2ndor Vasconcelos Textos: Fausto Salvadori Filho e Rodrigo Garcia Editora\u00e7\u00e3o, arte e programa\u00e7\u00e3o: Alan Nagatomo, Daniel Pimentel, Elton Jhones Pereira\u00a0 e Leonardo Pedrazzoli Fotografia: F\u00e1bio Lazzari, Gute Garbelotto, Marcelo Ximenez, Mozart Gomes e Ricardo [&hellip;]<\/p>\n","protected":false},"author":109,"featured_media":0,"parent":0,"menu_order":0,"comment_status":"closed","ping_status":"closed","template":"template-gallery.php","meta":{"footnotes":""},"coauthors":[1213],"class_list":["post-47","page","type-page","status-publish","hentry"],"yoast_head":"<!-- This site is optimized with the Yoast SEO plugin v27.4 - https:\/\/yoast.com\/product\/yoast-seo-wordpress\/ -->\n<title>Expediente - Apartes Digital<\/title>\n<meta name=\"robots\" content=\"index, follow, max-snippet:-1, max-image-preview:large, max-video-preview:-1\" \/>\n<link rel=\"canonical\" href=\"https:\/\/www.saopaulo.sp.leg.br\/apartes\/expediente\/\" \/>\n<meta property=\"og:locale\" content=\"pt_BR\" \/>\n<meta property=\"og:type\" content=\"article\" \/>\n<meta property=\"og:title\" content=\"Expediente - Apartes Digital\" \/>\n<meta property=\"og:description\" content=\"Expediente Editor executivo: Raul Julio Elabora\u00e7\u00e3o: CCI.3 &#8211; Equipe de Comunica\u00e7\u00e3o da CMSP Supervisor do CCI.3: Erick Paulino de Souza Editor: S\u00e2ndor Vasconcelos Textos: Fausto Salvadori Filho e Rodrigo Garcia Editora\u00e7\u00e3o, arte e programa\u00e7\u00e3o: Alan Nagatomo, Daniel Pimentel, Elton Jhones Pereira\u00a0 e Leonardo Pedrazzoli Fotografia: F\u00e1bio Lazzari, Gute Garbelotto, Marcelo Ximenez, Mozart Gomes e Ricardo [&hellip;]\" \/>\n<meta property=\"og:url\" content=\"https:\/\/www.saopaulo.sp.leg.br\/apartes\/expediente\/\" \/>\n<meta property=\"og:site_name\" content=\"Apartes Digital\" \/>\n<meta property=\"article:publisher\" content=\"https:\/\/www.facebook.com\/RevistaApartes\/\" \/>\n<meta property=\"article:modified_time\" content=\"2026-04-16T18:20:40+00:00\" \/>\n<meta name=\"twitter:card\" content=\"summary_large_image\" \/>\n<meta name=\"twitter:label1\" content=\"Est. tempo de leitura\" \/>\n\t<meta name=\"twitter:data1\" content=\"1 minuto\" \/>\n\t<meta name=\"twitter:label2\" content=\"Written by\" \/>\n\t<meta name=\"twitter:data2\" content=\"Revista Apartes\" \/>\n<script type=\"application\/ld+json\" class=\"yoast-schema-graph\">{\"@context\":\"https:\\\/\\\/schema.org\",\"@graph\":[{\"@type\":\"WebPage\",\"@id\":\"https:\\\/\\\/www.saopaulo.sp.leg.br\\\/apartes\\\/expediente\\\/\",\"url\":\"https:\\\/\\\/www.saopaulo.sp.leg.br\\\/apartes\\\/expediente\\\/\",\"name\":\"Expediente - Apartes Digital\",\"isPartOf\":{\"@id\":\"https:\\\/\\\/www.saopaulo.sp.leg.br\\\/apartes\\\/#website\"},\"datePublished\":\"2018-03-02T22:25:04+00:00\",\"dateModified\":\"2026-04-16T18:20:40+00:00\",\"breadcrumb\":{\"@id\":\"https:\\\/\\\/www.saopaulo.sp.leg.br\\\/apartes\\\/expediente\\\/#breadcrumb\"},\"inLanguage\":\"pt-BR\",\"potentialAction\":[{\"@type\":\"ReadAction\",\"target\":[\"https:\\\/\\\/www.saopaulo.sp.leg.br\\\/apartes\\\/expediente\\\/\"]}]},{\"@type\":\"BreadcrumbList\",\"@id\":\"https:\\\/\\\/www.saopaulo.sp.leg.br\\\/apartes\\\/expediente\\\/#breadcrumb\",\"itemListElement\":[{\"@type\":\"ListItem\",\"position\":1,\"name\":\"In\u00edcio\",\"item\":\"https:\\\/\\\/www.saopaulo.sp.leg.br\\\/apartes\\\/\"},{\"@type\":\"ListItem\",\"position\":2,\"name\":\"Expediente\"}]},{\"@type\":\"WebSite\",\"@id\":\"https:\\\/\\\/www.saopaulo.sp.leg.br\\\/apartes\\\/#website\",\"url\":\"https:\\\/\\\/www.saopaulo.sp.leg.br\\\/apartes\\\/\",\"name\":\"Apartes Digital\",\"description\":\"Vers\u00e3o digital da revista Apartes, publica\u00e7\u00e3o jornal\u00edstica da C\u00e2mara Municipal de S\u00e3o Paulo\",\"publisher\":{\"@id\":\"https:\\\/\\\/www.saopaulo.sp.leg.br\\\/apartes\\\/#organization\"},\"potentialAction\":[{\"@type\":\"SearchAction\",\"target\":{\"@type\":\"EntryPoint\",\"urlTemplate\":\"https:\\\/\\\/www.saopaulo.sp.leg.br\\\/apartes\\\/?s={search_term_string}\"},\"query-input\":{\"@type\":\"PropertyValueSpecification\",\"valueRequired\":true,\"valueName\":\"search_term_string\"}}],\"inLanguage\":\"pt-BR\"},{\"@type\":\"Organization\",\"@id\":\"https:\\\/\\\/www.saopaulo.sp.leg.br\\\/apartes\\\/#organization\",\"name\":\"Revista Apartes - C\u00e2mara Municipal de S\u00e3o Paulo\",\"url\":\"https:\\\/\\\/www.saopaulo.sp.leg.br\\\/apartes\\\/\",\"logo\":{\"@type\":\"ImageObject\",\"inLanguage\":\"pt-BR\",\"@id\":\"https:\\\/\\\/www.saopaulo.sp.leg.br\\\/apartes\\\/#\\\/schema\\\/logo\\\/image\\\/\",\"url\":\"https:\\\/\\\/www.saopaulo.sp.leg.br\\\/apartes\\\/wp-content\\\/uploads\\\/sites\\\/26\\\/2018\\\/03\\\/apartes_LOGOTIPO_VETOR_SEM_linha_explicativa_40px.png\",\"contentUrl\":\"https:\\\/\\\/www.saopaulo.sp.leg.br\\\/apartes\\\/wp-content\\\/uploads\\\/sites\\\/26\\\/2018\\\/03\\\/apartes_LOGOTIPO_VETOR_SEM_linha_explicativa_40px.png\",\"width\":149,\"height\":40,\"caption\":\"Revista Apartes - C\u00e2mara Municipal de S\u00e3o Paulo\"},\"image\":{\"@id\":\"https:\\\/\\\/www.saopaulo.sp.leg.br\\\/apartes\\\/#\\\/schema\\\/logo\\\/image\\\/\"},\"sameAs\":[\"https:\\\/\\\/www.facebook.com\\\/RevistaApartes\\\/\",\"https:\\\/\\\/www.youtube.com\\\/channel\\\/UCmyR103Wq_zss-097SvtC2g\"]}]}<\/script>\n<!-- \/ Yoast SEO plugin. -->","yoast_head_json":{"title":"Expediente - Apartes Digital","robots":{"index":"index","follow":"follow","max-snippet":"max-snippet:-1","max-image-preview":"max-image-preview:large","max-video-preview":"max-video-preview:-1"},"canonical":"https:\/\/www.saopaulo.sp.leg.br\/apartes\/expediente\/","og_locale":"pt_BR","og_type":"article","og_title":"Expediente - Apartes Digital","og_description":"Expediente Editor executivo: Raul Julio Elabora\u00e7\u00e3o: CCI.3 &#8211; Equipe de Comunica\u00e7\u00e3o da CMSP Supervisor do CCI.3: Erick Paulino de Souza Editor: S\u00e2ndor Vasconcelos Textos: Fausto Salvadori Filho e Rodrigo Garcia Editora\u00e7\u00e3o, arte e programa\u00e7\u00e3o: Alan Nagatomo, Daniel Pimentel, Elton Jhones Pereira\u00a0 e Leonardo Pedrazzoli Fotografia: F\u00e1bio Lazzari, Gute Garbelotto, Marcelo Ximenez, Mozart Gomes e Ricardo [&hellip;]","og_url":"https:\/\/www.saopaulo.sp.leg.br\/apartes\/expediente\/","og_site_name":"Apartes Digital","article_publisher":"https:\/\/www.facebook.com\/RevistaApartes\/","article_modified_time":"2026-04-16T18:20:40+00:00","twitter_card":"summary_large_image","twitter_misc":{"Est. tempo de leitura":"1 minuto","Written by":"Revista Apartes"},"schema":{"@context":"https:\/\/schema.org","@graph":[{"@type":"WebPage","@id":"https:\/\/www.saopaulo.sp.leg.br\/apartes\/expediente\/","url":"https:\/\/www.saopaulo.sp.leg.br\/apartes\/expediente\/","name":"Expediente - Apartes Digital","isPartOf":{"@id":"https:\/\/www.saopaulo.sp.leg.br\/apartes\/#website"},"datePublished":"2018-03-02T22:25:04+00:00","dateModified":"2026-04-16T18:20:40+00:00","breadcrumb":{"@id":"https:\/\/www.saopaulo.sp.leg.br\/apartes\/expediente\/#breadcrumb"},"inLanguage":"pt-BR","potentialAction":[{"@type":"ReadAction","target":["https:\/\/www.saopaulo.sp.leg.br\/apartes\/expediente\/"]}]},{"@type":"BreadcrumbList","@id":"https:\/\/www.saopaulo.sp.leg.br\/apartes\/expediente\/#breadcrumb","itemListElement":[{"@type":"ListItem","position":1,"name":"In\u00edcio","item":"https:\/\/www.saopaulo.sp.leg.br\/apartes\/"},{"@type":"ListItem","position":2,"name":"Expediente"}]},{"@type":"WebSite","@id":"https:\/\/www.saopaulo.sp.leg.br\/apartes\/#website","url":"https:\/\/www.saopaulo.sp.leg.br\/apartes\/","name":"Apartes Digital","description":"Vers\u00e3o digital da revista Apartes, publica\u00e7\u00e3o jornal\u00edstica da C\u00e2mara Municipal de S\u00e3o Paulo","publisher":{"@id":"https:\/\/www.saopaulo.sp.leg.br\/apartes\/#organization"},"potentialAction":[{"@type":"SearchAction","target":{"@type":"EntryPoint","urlTemplate":"https:\/\/www.saopaulo.sp.leg.br\/apartes\/?s={search_term_string}"},"query-input":{"@type":"PropertyValueSpecification","valueRequired":true,"valueName":"search_term_string"}}],"inLanguage":"pt-BR"},{"@type":"Organization","@id":"https:\/\/www.saopaulo.sp.leg.br\/apartes\/#organization","name":"Revista Apartes - C\u00e2mara Municipal de S\u00e3o Paulo","url":"https:\/\/www.saopaulo.sp.leg.br\/apartes\/","logo":{"@type":"ImageObject","inLanguage":"pt-BR","@id":"https:\/\/www.saopaulo.sp.leg.br\/apartes\/#\/schema\/logo\/image\/","url":"https:\/\/www.saopaulo.sp.leg.br\/apartes\/wp-content\/uploads\/sites\/26\/2018\/03\/apartes_LOGOTIPO_VETOR_SEM_linha_explicativa_40px.png","contentUrl":"https:\/\/www.saopaulo.sp.leg.br\/apartes\/wp-content\/uploads\/sites\/26\/2018\/03\/apartes_LOGOTIPO_VETOR_SEM_linha_explicativa_40px.png","width":149,"height":40,"caption":"Revista Apartes - C\u00e2mara Municipal de S\u00e3o Paulo"},"image":{"@id":"https:\/\/www.saopaulo.sp.leg.br\/apartes\/#\/schema\/logo\/image\/"},"sameAs":["https:\/\/www.facebook.com\/RevistaApartes\/","https:\/\/www.youtube.com\/channel\/UCmyR103Wq_zss-097SvtC2g"]}]}},"_links":{"self":[{"href":"https:\/\/www.saopaulo.sp.leg.br\/apartes\/wp-json\/wp\/v2\/pages\/47","targetHints":{"allow":["GET"]}}],"collection":[{"href":"https:\/\/www.saopaulo.sp.leg.br\/apartes\/wp-json\/wp\/v2\/pages"}],"about":[{"href":"https:\/\/www.saopaulo.sp.leg.br\/apartes\/wp-json\/wp\/v2\/types\/page"}],"author":[{"embeddable":true,"href":"https:\/\/www.saopaulo.sp.leg.br\/apartes\/wp-json\/wp\/v2\/users\/109"}],"replies":[{"embeddable":true,"href":"https:\/\/www.saopaulo.sp.leg.br\/apartes\/wp-json\/wp\/v2\/comments?post=47"}],"version-history":[{"count":3,"href":"https:\/\/www.saopaulo.sp.leg.br\/apartes\/wp-json\/wp\/v2\/pages\/47\/revisions"}],"predecessor-version":[{"id":100878,"href":"https:\/\/www.saopaulo.sp.leg.br\/apartes\/wp-json\/wp\/v2\/pages\/47\/revisions\/100878"}],"wp:attachment":[{"href":"https:\/\/www.saopaulo.sp.leg.br\/apartes\/wp-json\/wp\/v2\/media?parent=47"}],"wp:term":[{"taxonomy":"author","embeddable":true,"href":"https:\/\/www.saopaulo.sp.leg.br\/apartes\/wp-json\/wp\/v2\/coauthors?post=47"}],"curies":[{"name":"wp","href":"https:\/\/api.w.org\/{rel}","templated":true}]}}