{"id":162,"date":"2018-03-09T12:01:40","date_gmt":"2018-03-09T15:01:40","guid":{"rendered":"http:\/\/www.saopaulo.sp.leg.br\/apartes\/newsletter\/"},"modified":"2018-03-19T14:14:05","modified_gmt":"2018-03-19T17:14:05","slug":"newsletter","status":"publish","type":"page","link":"https:\/\/www.saopaulo.sp.leg.br\/apartes\/newsletter\/","title":{"rendered":"Newsletter"},"content":{"rendered":"<div style=\"margin-top: 85px;margin-bottom: 40px;padding: 0px 15px 0px 15px\">\n<h4 style=\"text-align: center !important\">Newsletter Apartes<\/h4>\n<center>Receba nossa newsletter em seu e-mail<\/center>\r\n<p><div class=\"tnp tnp-subscription \">\n<form method=\"post\" action=\"https:\/\/www.saopaulo.sp.leg.br\/apartes\/wp-admin\/admin-ajax.php?action=tnp&amp;na=s\">\n<input type=\"hidden\" name=\"nlang\" value=\"\">\n<div class=\"tnp-field tnp-field-firstname\"><label for=\"tnp-1\">Nome<\/label>\n<input class=\"tnp-name\" type=\"text\" name=\"nn\" id=\"tnp-1\" value=\"\" placeholder=\"\" required><\/div>\n<div class=\"tnp-field tnp-field-email\"><label for=\"tnp-2\">E-mail<\/label>\n<input class=\"tnp-email\" type=\"email\" name=\"ne\" id=\"tnp-2\" value=\"\" placeholder=\"\" required><\/div>\n<div class=\"tnp-field tnp-field-button\" style=\"text-align: left\"><input class=\"tnp-submit\" type=\"submit\" value=\"Fazer cadastro\" style=\"\">\n<\/div>\n<\/form>\n<\/div>\n<\/p><\/div>\n<div style=\"font-size: .8em;text-align: center;padding: 0px 15px 20px 15px\"><b>J\u00e1 se cadastrou, mas n\u00e3o est\u00e1 recebendo a newsletter?<br \/>\n<\/b>Acesse sua caixa de spam ou lixo eletr\u00f4nico, selecione o e-mail e marque o remetente como confi\u00e1vel<\/div>\n","protected":false},"excerpt":{"rendered":"<p>Newsletter Apartes J\u00e1 se cadastrou, mas n\u00e3o est\u00e1 recebendo a newsletter? Acesse sua caixa de spam ou lixo eletr\u00f4nico, selecione o e-mail e marque o remetente como confi\u00e1vel<\/p>\n","protected":false},"author":169,"featured_media":0,"parent":0,"menu_order":0,"comment_status":"closed","ping_status":"closed","template":"template-gallery.php","meta":{"footnotes":""},"coauthors":[],"class_list":["post-162","page","type-page","status-publish","hentry"],"yoast_head":"<!-- This site is optimized with the Yoast SEO plugin v27.4 - https:\/\/yoast.com\/product\/yoast-seo-wordpress\/ -->\n<title>Newsletter - Apartes Digital<\/title>\n<meta name=\"robots\" content=\"index, follow, max-snippet:-1, max-image-preview:large, max-video-preview:-1\" \/>\n<link rel=\"canonical\" href=\"https:\/\/www.saopaulo.sp.leg.br\/apartes\/newsletter\/\" \/>\n<meta property=\"og:locale\" content=\"pt_BR\" \/>\n<meta property=\"og:type\" content=\"article\" \/>\n<meta property=\"og:title\" content=\"Newsletter - Apartes Digital\" \/>\n<meta property=\"og:description\" content=\"Newsletter Apartes J\u00e1 se cadastrou, mas n\u00e3o est\u00e1 recebendo a newsletter? Acesse sua caixa de spam ou lixo eletr\u00f4nico, selecione o e-mail e marque o remetente como confi\u00e1vel\" \/>\n<meta property=\"og:url\" content=\"https:\/\/www.saopaulo.sp.leg.br\/apartes\/newsletter\/\" \/>\n<meta property=\"og:site_name\" content=\"Apartes Digital\" \/>\n<meta property=\"article:publisher\" content=\"https:\/\/www.facebook.com\/RevistaApartes\/\" \/>\n<meta property=\"article:modified_time\" content=\"2018-03-19T17:14:05+00:00\" \/>\n<meta name=\"twitter:card\" content=\"summary_large_image\" \/>\n<meta name=\"twitter:label1\" content=\"Written by\" \/>\n\t<meta name=\"twitter:data1\" content=\"Equipe de Sistemas Terceirizados\" \/>\n<script type=\"application\/ld+json\" class=\"yoast-schema-graph\">{\"@context\":\"https:\\\/\\\/schema.org\",\"@graph\":[{\"@type\":\"WebPage\",\"@id\":\"https:\\\/\\\/www.saopaulo.sp.leg.br\\\/apartes\\\/newsletter\\\/\",\"url\":\"https:\\\/\\\/www.saopaulo.sp.leg.br\\\/apartes\\\/newsletter\\\/\",\"name\":\"Newsletter - Apartes Digital\",\"isPartOf\":{\"@id\":\"https:\\\/\\\/www.saopaulo.sp.leg.br\\\/apartes\\\/#website\"},\"datePublished\":\"2018-03-09T15:01:40+00:00\",\"dateModified\":\"2018-03-19T17:14:05+00:00\",\"breadcrumb\":{\"@id\":\"https:\\\/\\\/www.saopaulo.sp.leg.br\\\/apartes\\\/newsletter\\\/#breadcrumb\"},\"inLanguage\":\"pt-BR\",\"potentialAction\":[{\"@type\":\"ReadAction\",\"target\":[\"https:\\\/\\\/www.saopaulo.sp.leg.br\\\/apartes\\\/newsletter\\\/\"]}]},{\"@type\":\"BreadcrumbList\",\"@id\":\"https:\\\/\\\/www.saopaulo.sp.leg.br\\\/apartes\\\/newsletter\\\/#breadcrumb\",\"itemListElement\":[{\"@type\":\"ListItem\",\"position\":1,\"name\":\"In\u00edcio\",\"item\":\"https:\\\/\\\/www.saopaulo.sp.leg.br\\\/apartes\\\/\"},{\"@type\":\"ListItem\",\"position\":2,\"name\":\"Newsletter\"}]},{\"@type\":\"WebSite\",\"@id\":\"https:\\\/\\\/www.saopaulo.sp.leg.br\\\/apartes\\\/#website\",\"url\":\"https:\\\/\\\/www.saopaulo.sp.leg.br\\\/apartes\\\/\",\"name\":\"Apartes Digital\",\"description\":\"Vers\u00e3o digital da revista Apartes, publica\u00e7\u00e3o jornal\u00edstica da C\u00e2mara Municipal de S\u00e3o Paulo\",\"publisher\":{\"@id\":\"https:\\\/\\\/www.saopaulo.sp.leg.br\\\/apartes\\\/#organization\"},\"potentialAction\":[{\"@type\":\"SearchAction\",\"target\":{\"@type\":\"EntryPoint\",\"urlTemplate\":\"https:\\\/\\\/www.saopaulo.sp.leg.br\\\/apartes\\\/?s={search_term_string}\"},\"query-input\":{\"@type\":\"PropertyValueSpecification\",\"valueRequired\":true,\"valueName\":\"search_term_string\"}}],\"inLanguage\":\"pt-BR\"},{\"@type\":\"Organization\",\"@id\":\"https:\\\/\\\/www.saopaulo.sp.leg.br\\\/apartes\\\/#organization\",\"name\":\"Revista Apartes - C\u00e2mara Municipal de S\u00e3o Paulo\",\"url\":\"https:\\\/\\\/www.saopaulo.sp.leg.br\\\/apartes\\\/\",\"logo\":{\"@type\":\"ImageObject\",\"inLanguage\":\"pt-BR\",\"@id\":\"https:\\\/\\\/www.saopaulo.sp.leg.br\\\/apartes\\\/#\\\/schema\\\/logo\\\/image\\\/\",\"url\":\"https:\\\/\\\/www.saopaulo.sp.leg.br\\\/apartes\\\/wp-content\\\/uploads\\\/sites\\\/26\\\/2018\\\/03\\\/apartes_LOGOTIPO_VETOR_SEM_linha_explicativa_40px.png\",\"contentUrl\":\"https:\\\/\\\/www.saopaulo.sp.leg.br\\\/apartes\\\/wp-content\\\/uploads\\\/sites\\\/26\\\/2018\\\/03\\\/apartes_LOGOTIPO_VETOR_SEM_linha_explicativa_40px.png\",\"width\":149,\"height\":40,\"caption\":\"Revista Apartes - C\u00e2mara Municipal de S\u00e3o Paulo\"},\"image\":{\"@id\":\"https:\\\/\\\/www.saopaulo.sp.leg.br\\\/apartes\\\/#\\\/schema\\\/logo\\\/image\\\/\"},\"sameAs\":[\"https:\\\/\\\/www.facebook.com\\\/RevistaApartes\\\/\",\"https:\\\/\\\/www.youtube.com\\\/channel\\\/UCmyR103Wq_zss-097SvtC2g\"]}]}<\/script>\n<!-- \/ Yoast SEO plugin. -->","yoast_head_json":{"title":"Newsletter - Apartes Digital","robots":{"index":"index","follow":"follow","max-snippet":"max-snippet:-1","max-image-preview":"max-image-preview:large","max-video-preview":"max-video-preview:-1"},"canonical":"https:\/\/www.saopaulo.sp.leg.br\/apartes\/newsletter\/","og_locale":"pt_BR","og_type":"article","og_title":"Newsletter - Apartes Digital","og_description":"Newsletter Apartes J\u00e1 se cadastrou, mas n\u00e3o est\u00e1 recebendo a newsletter? Acesse sua caixa de spam ou lixo eletr\u00f4nico, selecione o e-mail e marque o remetente como confi\u00e1vel","og_url":"https:\/\/www.saopaulo.sp.leg.br\/apartes\/newsletter\/","og_site_name":"Apartes Digital","article_publisher":"https:\/\/www.facebook.com\/RevistaApartes\/","article_modified_time":"2018-03-19T17:14:05+00:00","twitter_card":"summary_large_image","twitter_misc":{"Written by":"Equipe de Sistemas Terceirizados"},"schema":{"@context":"https:\/\/schema.org","@graph":[{"@type":"WebPage","@id":"https:\/\/www.saopaulo.sp.leg.br\/apartes\/newsletter\/","url":"https:\/\/www.saopaulo.sp.leg.br\/apartes\/newsletter\/","name":"Newsletter - Apartes Digital","isPartOf":{"@id":"https:\/\/www.saopaulo.sp.leg.br\/apartes\/#website"},"datePublished":"2018-03-09T15:01:40+00:00","dateModified":"2018-03-19T17:14:05+00:00","breadcrumb":{"@id":"https:\/\/www.saopaulo.sp.leg.br\/apartes\/newsletter\/#breadcrumb"},"inLanguage":"pt-BR","potentialAction":[{"@type":"ReadAction","target":["https:\/\/www.saopaulo.sp.leg.br\/apartes\/newsletter\/"]}]},{"@type":"BreadcrumbList","@id":"https:\/\/www.saopaulo.sp.leg.br\/apartes\/newsletter\/#breadcrumb","itemListElement":[{"@type":"ListItem","position":1,"name":"In\u00edcio","item":"https:\/\/www.saopaulo.sp.leg.br\/apartes\/"},{"@type":"ListItem","position":2,"name":"Newsletter"}]},{"@type":"WebSite","@id":"https:\/\/www.saopaulo.sp.leg.br\/apartes\/#website","url":"https:\/\/www.saopaulo.sp.leg.br\/apartes\/","name":"Apartes Digital","description":"Vers\u00e3o digital da revista Apartes, publica\u00e7\u00e3o jornal\u00edstica da C\u00e2mara Municipal de S\u00e3o Paulo","publisher":{"@id":"https:\/\/www.saopaulo.sp.leg.br\/apartes\/#organization"},"potentialAction":[{"@type":"SearchAction","target":{"@type":"EntryPoint","urlTemplate":"https:\/\/www.saopaulo.sp.leg.br\/apartes\/?s={search_term_string}"},"query-input":{"@type":"PropertyValueSpecification","valueRequired":true,"valueName":"search_term_string"}}],"inLanguage":"pt-BR"},{"@type":"Organization","@id":"https:\/\/www.saopaulo.sp.leg.br\/apartes\/#organization","name":"Revista Apartes - C\u00e2mara Municipal de S\u00e3o Paulo","url":"https:\/\/www.saopaulo.sp.leg.br\/apartes\/","logo":{"@type":"ImageObject","inLanguage":"pt-BR","@id":"https:\/\/www.saopaulo.sp.leg.br\/apartes\/#\/schema\/logo\/image\/","url":"https:\/\/www.saopaulo.sp.leg.br\/apartes\/wp-content\/uploads\/sites\/26\/2018\/03\/apartes_LOGOTIPO_VETOR_SEM_linha_explicativa_40px.png","contentUrl":"https:\/\/www.saopaulo.sp.leg.br\/apartes\/wp-content\/uploads\/sites\/26\/2018\/03\/apartes_LOGOTIPO_VETOR_SEM_linha_explicativa_40px.png","width":149,"height":40,"caption":"Revista Apartes - C\u00e2mara Municipal de S\u00e3o Paulo"},"image":{"@id":"https:\/\/www.saopaulo.sp.leg.br\/apartes\/#\/schema\/logo\/image\/"},"sameAs":["https:\/\/www.facebook.com\/RevistaApartes\/","https:\/\/www.youtube.com\/channel\/UCmyR103Wq_zss-097SvtC2g"]}]}},"_links":{"self":[{"href":"https:\/\/www.saopaulo.sp.leg.br\/apartes\/wp-json\/wp\/v2\/pages\/162","targetHints":{"allow":["GET"]}}],"collection":[{"href":"https:\/\/www.saopaulo.sp.leg.br\/apartes\/wp-json\/wp\/v2\/pages"}],"about":[{"href":"https:\/\/www.saopaulo.sp.leg.br\/apartes\/wp-json\/wp\/v2\/types\/page"}],"author":[{"embeddable":true,"href":"https:\/\/www.saopaulo.sp.leg.br\/apartes\/wp-json\/wp\/v2\/users\/169"}],"replies":[{"embeddable":true,"href":"https:\/\/www.saopaulo.sp.leg.br\/apartes\/wp-json\/wp\/v2\/comments?post=162"}],"version-history":[{"count":0,"href":"https:\/\/www.saopaulo.sp.leg.br\/apartes\/wp-json\/wp\/v2\/pages\/162\/revisions"}],"wp:attachment":[{"href":"https:\/\/www.saopaulo.sp.leg.br\/apartes\/wp-json\/wp\/v2\/media?parent=162"}],"wp:term":[{"taxonomy":"author","embeddable":true,"href":"https:\/\/www.saopaulo.sp.leg.br\/apartes\/wp-json\/wp\/v2\/coauthors?post=162"}],"curies":[{"name":"wp","href":"https:\/\/api.w.org\/{rel}","templated":true}]}}