{"id":40939,"date":"2017-10-05T19:45:58","date_gmt":"2017-10-05T22:45:58","guid":{"rendered":"http:\/\/www.saopaulo.sp.leg.br\/apartes-anteriores\/?page_id=40939"},"modified":"2017-10-09T16:31:51","modified_gmt":"2017-10-09T19:31:51","slug":"no25-notas","status":"publish","type":"page","link":"https:\/\/www.saopaulo.sp.leg.br\/apartes-anteriores\/revista-apartes\/numero-25-jul-dez2017\/no25-notas\/","title":{"rendered":"N\u00ba25 &#8211; Notas"},"content":{"rendered":"<h1><span style=\"color: #993300\"><strong>Notas<\/strong><\/span><\/h1>\n<h2>Projetos de meio ambiente e cidadania s\u00e3o premiados<\/h2>\n<p>O Pr\u00eamio Milton Santos, que reconhece iniciativas de desenvolvimento social, foi entregue na C\u00e2mara Municipal em sess\u00e3o solene no dia 23 de junho. Neste ano, foram escolhidas duas iniciativas com enfoque no meio ambiente e cidadania: A Horta das Corujas, espa\u00e7o de conv\u00edvio social e educa\u00e7\u00e3o ambiental no qual funciona uma horta comunit\u00e1ria, e o Coletivo Ocupe &amp; Abrace, projeto de revitaliza\u00e7\u00e3o da Pra\u00e7a Homero Silva, no bairro Pompeia, zona oeste da capital.<\/p>\n<p>&nbsp;<\/p>\n<figure id=\"attachment_41050\" aria-describedby=\"caption-attachment-41050\" style=\"width: 184px\" class=\"wp-caption alignright\"><a href=\"http:\/\/www.saopaulo.sp.leg.br\/apartes-anteriores\/wp-content\/uploads\/sites\/9\/2017\/09\/revista_APARTES_N25_JULDEZ17_imagens_P\u00e1gina_03_Imagem_0002.jpg\"><img loading=\"lazy\" decoding=\"async\" class=\"size-full wp-image-41050\" src=\"http:\/\/www.saopaulo.sp.leg.br\/apartes-anteriores\/wp-content\/uploads\/sites\/9\/2017\/09\/revista_APARTES_N25_JULDEZ17_imagens_P\u00e1gina_03_Imagem_0002.jpg\" alt=\"\" width=\"184\" height=\"156\" \/><\/a><figcaption id=\"caption-attachment-41050\" class=\"wp-caption-text\">Reprodu\u00e7\u00e3o<\/figcaption><\/figure>\n<h2>Textos do portal da CMSP ganham tradu\u00e7\u00e3o para Libras<\/h2>\n<p>Desde 20 de abril, o conte\u00fado em texto do portal da C\u00e2mara Municipal de S\u00e3o Paulo (<a href=\"http:\/\/www.saopaulo.sp.leg.br\">www.saopaulo.sp.leg.br<\/a>) pode ser traduzido para a L\u00edngua Brasileira de Sinais (Libras), por meio da plataforma VLibras.<\/p>\n<p>Para ter acesso ao servi\u00e7o, \u00e9 necess\u00e1rio realizar o download do programa no site oficial da plataforma (<a href=\"http:\/\/www.vlibras.gov.br\">www.vlibras.gov.br<\/a>). Tamb\u00e9m \u00e9 poss\u00edvel acessar o site clicando no \u00edcone de acessibilidade em Libras no lado direito da p\u00e1gina do portal da CMSP.<\/p>\n<p>&nbsp;<\/p>\n<h2>C\u00e2mara homenageia Lygia Fagundes Telles<\/h2>\n<p>A C\u00e2mara Municipal de S\u00e3o Paulo (CMSP) entregou, em 21 de junho, o Colar Guilherme de Almeida. O pr\u00eamio destina-se a pessoas que colaboraram para o cen\u00e1rio cultural da cidade. Entre os homenageados desta segunda edi\u00e7\u00e3o est\u00e1 Lygia Fagundes Telles, que, aos 94 anos, \u00e9 uma das escritoras mais celebradas do Brasil, autora, entre outras obras, de Ciranda de pedra e As meninas.<\/p>\n<p>Tamb\u00e9m receberam a premia\u00e7\u00e3o o maestro J\u00falio Medaglia, respons\u00e1vel pelo arranjo da can\u00e7\u00e3o Tropic\u00e1lia, o advogado e pedagogo Jos\u00e9 Carlos de Barros Lima, o pesquisador de hist\u00f3ria Jorge Pimentel Cintra, o soci\u00f3logo Jos\u00e9 de Souza Martins, o Coral Universidade de S\u00e3o Paulo (CoralUSP) e a Pr\u00f3-TV, associa\u00e7\u00e3o que preserva a mem\u00f3ria do r\u00e1dio e da TV.<\/p>\n<figure id=\"attachment_41294\" aria-describedby=\"caption-attachment-41294\" style=\"width: 640px\" class=\"wp-caption aligncenter\"><a href=\"http:\/\/www.saopaulo.sp.leg.br\/apartes-anteriores\/wp-content\/uploads\/sites\/9\/2017\/10\/apartes_n25_02.jpg\"><img loading=\"lazy\" decoding=\"async\" class=\"wp-image-41294 size-large\" src=\"http:\/\/www.saopaulo.sp.leg.br\/apartes-anteriores\/wp-content\/uploads\/sites\/9\/2017\/10\/apartes_n25_02-1024x601.jpg\" alt=\"\" width=\"640\" height=\"376\" srcset=\"https:\/\/www.saopaulo.sp.leg.br\/apartes-anteriores\/wp-content\/uploads\/sites\/9\/2017\/10\/apartes_n25_02-1024x601.jpg 1024w, https:\/\/www.saopaulo.sp.leg.br\/apartes-anteriores\/wp-content\/uploads\/sites\/9\/2017\/10\/apartes_n25_02-300x176.jpg 300w, https:\/\/www.saopaulo.sp.leg.br\/apartes-anteriores\/wp-content\/uploads\/sites\/9\/2017\/10\/apartes_n25_02-768x451.jpg 768w, https:\/\/www.saopaulo.sp.leg.br\/apartes-anteriores\/wp-content\/uploads\/sites\/9\/2017\/10\/apartes_n25_02.jpg 1532w\" sizes=\"auto, (max-width: 640px) 100vw, 640px\" \/><\/a><figcaption id=\"caption-attachment-41294\" class=\"wp-caption-text\">A escritora discursa\u00a0ap\u00f3s receber o Colar\u00a0Guilherme de Almeida | Foto: Andr\u00e9 Bueno\/CMSP<\/figcaption><\/figure>\n<p>&nbsp;<\/p>\n<h2>Escola do Parlamento debate gastronomia de S\u00e3o Paulo<\/h2>\n<p>A Escola do Parlamento da CMSP realizou, nos dias 4 e 5 de julho, o curso Cultura Gastron\u00f4mica na Cidade de S\u00e3o Paulo. Os principais temas foram a culin\u00e1ria como h\u00e1bito cultural e a gest\u00e3o da cultura gastron\u00f4mica.<\/p>\n<p>O evento contou com a participa\u00e7\u00e3o do dono de pizzaria Erik Momo, do propriet\u00e1rio de restaurante Marcos Livi, da coordenadora de projetos de foodservice Karyna Muniz, do especialista em p\u00e3es Luiz Am\u00e9rico Camargo e do cr\u00edtico de cerveja Roberto Fonseca. O coordenador do Trof\u00e9u S\u00e3o Paulo Capital Mundial da Gastronomia, promovido pela CMSP, Paulo Ildefonso de Paula, tamb\u00e9m participou dos debates.<\/p>\n<p>&nbsp;<\/p>\n<h2>Pr\u00eamios Chico Xavier e Betinho valorizam a\u00e7\u00f5es humanit\u00e1rias<\/h2>\n<p>Em sess\u00e3o solene na C\u00e2mara Municipal, o Pr\u00eamio Chico Xavier foi entregue no dia 26 de junho a 19 homenageados. A premia\u00e7\u00e3o destaca o desenvolvimento de projetos humanit\u00e1rios.<\/p>\n<p>Entre os ganhadores, indicados por vereadores, est\u00e3o entidades filantr\u00f3picas e pessoas que se destacaram em suas comunidades por atitudes solid\u00e1rias. A lista est\u00e1 no site da CMSP, em <a href=\"http:\/\/www.saopaulo.sp.leg.br\/blog\/camara-premia-acoes-humanitarias\">www.saopaulo.sp.leg.br\/blog\/camara-premia-acoes-humanitarias<\/a>.<\/p>\n<p>Em 7 de agosto, a CMSP tamb\u00e9m homenageou a\u00e7\u00f5es de luta pela cidadania e de combate \u00e0 fome e \u00e0 mis\u00e9ria. A Revista Vira\u00e7\u00e3o, da ONG Vira\u00e7\u00e3o, recebeu o Pr\u00eamio Betinho de Democracia e Cidadania.<\/p>\n","protected":false},"excerpt":{"rendered":"<p>Notas Projetos de meio ambiente e cidadania s\u00e3o premiados O Pr\u00eamio Milton Santos, que reconhece iniciativas de desenvolvimento social, foi entregue na C\u00e2mara Municipal em sess\u00e3o solene no dia 23 de junho. Neste ano, foram escolhidas duas iniciativas com enfoque no meio ambiente e cidadania: A Horta das Corujas, espa\u00e7o de conv\u00edvio social e educa\u00e7\u00e3o [&hellip;]<\/p>\n","protected":false},"author":109,"featured_media":0,"parent":41085,"menu_order":3,"comment_status":"closed","ping_status":"closed","template":"","meta":{"footnotes":""},"class_list":["post-40939","page","type-page","status-publish","hentry"],"meta_all":{"_edit_lock":["1507577384:109"],"_edit_last":["109"],"_wp_page_template":["default"],"_yoast_wpseo_content_score":["60"],"_cmsp_page_download-files":["a:1:{i:0;a:1:{s:4:\"type\";s:3:\"pdf\";}}"],"_yoast_wpseo_opengraph-title":["Notas - Revista Apartes - Edi\u00e7\u00e3o 25"],"_yoast_wpseo_twitter-title":["Notas - Revista Apartes - Edi\u00e7\u00e3o 25"]},"yoast_head":"<!-- This site is optimized with the Yoast SEO plugin v27.3 - https:\/\/yoast.com\/product\/yoast-seo-wordpress\/ -->\n<title>N\u00ba25 - Notas - Revista Apartes (edi\u00e7\u00f5es anteriores)<\/title>\n<meta name=\"robots\" content=\"index, follow, max-snippet:-1, max-image-preview:large, max-video-preview:-1\" \/>\n<link rel=\"canonical\" href=\"https:\/\/www.saopaulo.sp.leg.br\/apartes-anteriores\/revista-apartes\/numero-25-jul-dez2017\/no25-notas\/\" \/>\n<meta property=\"og:locale\" content=\"pt_BR\" \/>\n<meta property=\"og:type\" content=\"article\" \/>\n<meta property=\"og:title\" content=\"Notas - Revista Apartes - Edi\u00e7\u00e3o 25\" \/>\n<meta property=\"og:description\" content=\"Notas Projetos de meio ambiente e cidadania s\u00e3o premiados O Pr\u00eamio Milton Santos, que reconhece iniciativas de desenvolvimento social, foi entregue na C\u00e2mara Municipal em sess\u00e3o solene no dia 23 de junho. Neste ano, foram escolhidas duas iniciativas com enfoque no meio ambiente e cidadania: A Horta das Corujas, espa\u00e7o de conv\u00edvio social e educa\u00e7\u00e3o [&hellip;]\" \/>\n<meta property=\"og:url\" content=\"https:\/\/www.saopaulo.sp.leg.br\/apartes-anteriores\/revista-apartes\/numero-25-jul-dez2017\/no25-notas\/\" \/>\n<meta property=\"og:site_name\" content=\"Revista Apartes (edi\u00e7\u00f5es anteriores)\" \/>\n<meta property=\"article:publisher\" content=\"https:\/\/www.facebook.com\/RevistaApartes\/\" \/>\n<meta property=\"article:modified_time\" content=\"2017-10-09T19:31:51+00:00\" \/>\n<meta property=\"og:image\" content=\"http:\/\/www.saopaulo.sp.leg.br\/apartes-anteriores\/wp-content\/uploads\/sites\/9\/2017\/10\/apartes_n25_02-1024x601.jpg\" \/>\n<meta name=\"twitter:card\" content=\"summary_large_image\" \/>\n<meta name=\"twitter:title\" content=\"Notas - Revista Apartes - Edi\u00e7\u00e3o 25\" \/>\n<meta name=\"twitter:site\" content=\"@revistaapartes\" \/>\n<meta name=\"twitter:label1\" content=\"Est. tempo de leitura\" \/>\n\t<meta name=\"twitter:data1\" content=\"3 minutos\" \/>\n<script type=\"application\/ld+json\" class=\"yoast-schema-graph\">{\"@context\":\"https:\\\/\\\/schema.org\",\"@graph\":[{\"@type\":\"WebPage\",\"@id\":\"https:\\\/\\\/www.saopaulo.sp.leg.br\\\/apartes-anteriores\\\/revista-apartes\\\/numero-25-jul-dez2017\\\/no25-notas\\\/\",\"url\":\"https:\\\/\\\/www.saopaulo.sp.leg.br\\\/apartes-anteriores\\\/revista-apartes\\\/numero-25-jul-dez2017\\\/no25-notas\\\/\",\"name\":\"N\u00ba25 - Notas - Revista Apartes (edi\u00e7\u00f5es anteriores)\",\"isPartOf\":{\"@id\":\"https:\\\/\\\/www.saopaulo.sp.leg.br\\\/apartes-anteriores\\\/#website\"},\"primaryImageOfPage\":{\"@id\":\"https:\\\/\\\/www.saopaulo.sp.leg.br\\\/apartes-anteriores\\\/revista-apartes\\\/numero-25-jul-dez2017\\\/no25-notas\\\/#primaryimage\"},\"image\":{\"@id\":\"https:\\\/\\\/www.saopaulo.sp.leg.br\\\/apartes-anteriores\\\/revista-apartes\\\/numero-25-jul-dez2017\\\/no25-notas\\\/#primaryimage\"},\"thumbnailUrl\":\"http:\\\/\\\/www.saopaulo.sp.leg.br\\\/apartes-anteriores\\\/wp-content\\\/uploads\\\/sites\\\/9\\\/2017\\\/10\\\/apartes_n25_02-1024x601.jpg\",\"datePublished\":\"2017-10-05T22:45:58+00:00\",\"dateModified\":\"2017-10-09T19:31:51+00:00\",\"breadcrumb\":{\"@id\":\"https:\\\/\\\/www.saopaulo.sp.leg.br\\\/apartes-anteriores\\\/revista-apartes\\\/numero-25-jul-dez2017\\\/no25-notas\\\/#breadcrumb\"},\"inLanguage\":\"pt-BR\",\"potentialAction\":[{\"@type\":\"ReadAction\",\"target\":[\"https:\\\/\\\/www.saopaulo.sp.leg.br\\\/apartes-anteriores\\\/revista-apartes\\\/numero-25-jul-dez2017\\\/no25-notas\\\/\"]}]},{\"@type\":\"ImageObject\",\"inLanguage\":\"pt-BR\",\"@id\":\"https:\\\/\\\/www.saopaulo.sp.leg.br\\\/apartes-anteriores\\\/revista-apartes\\\/numero-25-jul-dez2017\\\/no25-notas\\\/#primaryimage\",\"url\":\"https:\\\/\\\/www.saopaulo.sp.leg.br\\\/apartes-anteriores\\\/wp-content\\\/uploads\\\/sites\\\/9\\\/2017\\\/10\\\/apartes_n25_02.jpg\",\"contentUrl\":\"https:\\\/\\\/www.saopaulo.sp.leg.br\\\/apartes-anteriores\\\/wp-content\\\/uploads\\\/sites\\\/9\\\/2017\\\/10\\\/apartes_n25_02.jpg\",\"width\":1532,\"height\":899,\"caption\":\"A escritora discursa\u00a0ap\u00f3s receber o Colar\u00a0Guilherme de Almeida | Foto: Andr\u00e9 Bueno\\\/CMSP\"},{\"@type\":\"BreadcrumbList\",\"@id\":\"https:\\\/\\\/www.saopaulo.sp.leg.br\\\/apartes-anteriores\\\/revista-apartes\\\/numero-25-jul-dez2017\\\/no25-notas\\\/#breadcrumb\",\"itemListElement\":[{\"@type\":\"ListItem\",\"position\":1,\"name\":\"Home\",\"item\":\"https:\\\/\\\/www.saopaulo.sp.leg.br\\\/apartes-anteriores\\\/\"},{\"@type\":\"ListItem\",\"position\":2,\"name\":\"Revista Apartes\",\"item\":\"https:\\\/\\\/www.saopaulo.sp.leg.br\\\/apartes-anteriores\\\/\"},{\"@type\":\"ListItem\",\"position\":3,\"name\":\"N\u00famero 25 &#8211; jul-dez\\\/2017\",\"item\":\"https:\\\/\\\/www.saopaulo.sp.leg.br\\\/apartes-anteriores\\\/revista-apartes\\\/numero-25-jul-dez2017\\\/\"},{\"@type\":\"ListItem\",\"position\":4,\"name\":\"N\u00ba25 &#8211; Notas\"}]},{\"@type\":\"WebSite\",\"@id\":\"https:\\\/\\\/www.saopaulo.sp.leg.br\\\/apartes-anteriores\\\/#website\",\"url\":\"https:\\\/\\\/www.saopaulo.sp.leg.br\\\/apartes-anteriores\\\/\",\"name\":\"Revista Apartes (edi\u00e7\u00f5es anteriores)\",\"description\":\"Revista Apartes (edi\u00e7\u00f5es anteriores)\",\"potentialAction\":[{\"@type\":\"SearchAction\",\"target\":{\"@type\":\"EntryPoint\",\"urlTemplate\":\"https:\\\/\\\/www.saopaulo.sp.leg.br\\\/apartes-anteriores\\\/?s={search_term_string}\"},\"query-input\":{\"@type\":\"PropertyValueSpecification\",\"valueRequired\":true,\"valueName\":\"search_term_string\"}}],\"inLanguage\":\"pt-BR\"}]}<\/script>\n<!-- \/ Yoast SEO plugin. -->","yoast_head_json":{"title":"N\u00ba25 - Notas - Revista Apartes (edi\u00e7\u00f5es anteriores)","robots":{"index":"index","follow":"follow","max-snippet":"max-snippet:-1","max-image-preview":"max-image-preview:large","max-video-preview":"max-video-preview:-1"},"canonical":"https:\/\/www.saopaulo.sp.leg.br\/apartes-anteriores\/revista-apartes\/numero-25-jul-dez2017\/no25-notas\/","og_locale":"pt_BR","og_type":"article","og_title":"Notas - Revista Apartes - Edi\u00e7\u00e3o 25","og_description":"Notas Projetos de meio ambiente e cidadania s\u00e3o premiados O Pr\u00eamio Milton Santos, que reconhece iniciativas de desenvolvimento social, foi entregue na C\u00e2mara Municipal em sess\u00e3o solene no dia 23 de junho. Neste ano, foram escolhidas duas iniciativas com enfoque no meio ambiente e cidadania: A Horta das Corujas, espa\u00e7o de conv\u00edvio social e educa\u00e7\u00e3o [&hellip;]","og_url":"https:\/\/www.saopaulo.sp.leg.br\/apartes-anteriores\/revista-apartes\/numero-25-jul-dez2017\/no25-notas\/","og_site_name":"Revista Apartes (edi\u00e7\u00f5es anteriores)","article_publisher":"https:\/\/www.facebook.com\/RevistaApartes\/","article_modified_time":"2017-10-09T19:31:51+00:00","og_image":[{"url":"http:\/\/www.saopaulo.sp.leg.br\/apartes-anteriores\/wp-content\/uploads\/sites\/9\/2017\/10\/apartes_n25_02-1024x601.jpg","type":"","width":"","height":""}],"twitter_card":"summary_large_image","twitter_title":"Notas - Revista Apartes - Edi\u00e7\u00e3o 25","twitter_site":"@revistaapartes","twitter_misc":{"Est. tempo de leitura":"3 minutos"},"schema":{"@context":"https:\/\/schema.org","@graph":[{"@type":"WebPage","@id":"https:\/\/www.saopaulo.sp.leg.br\/apartes-anteriores\/revista-apartes\/numero-25-jul-dez2017\/no25-notas\/","url":"https:\/\/www.saopaulo.sp.leg.br\/apartes-anteriores\/revista-apartes\/numero-25-jul-dez2017\/no25-notas\/","name":"N\u00ba25 - Notas - Revista Apartes (edi\u00e7\u00f5es anteriores)","isPartOf":{"@id":"https:\/\/www.saopaulo.sp.leg.br\/apartes-anteriores\/#website"},"primaryImageOfPage":{"@id":"https:\/\/www.saopaulo.sp.leg.br\/apartes-anteriores\/revista-apartes\/numero-25-jul-dez2017\/no25-notas\/#primaryimage"},"image":{"@id":"https:\/\/www.saopaulo.sp.leg.br\/apartes-anteriores\/revista-apartes\/numero-25-jul-dez2017\/no25-notas\/#primaryimage"},"thumbnailUrl":"http:\/\/www.saopaulo.sp.leg.br\/apartes-anteriores\/wp-content\/uploads\/sites\/9\/2017\/10\/apartes_n25_02-1024x601.jpg","datePublished":"2017-10-05T22:45:58+00:00","dateModified":"2017-10-09T19:31:51+00:00","breadcrumb":{"@id":"https:\/\/www.saopaulo.sp.leg.br\/apartes-anteriores\/revista-apartes\/numero-25-jul-dez2017\/no25-notas\/#breadcrumb"},"inLanguage":"pt-BR","potentialAction":[{"@type":"ReadAction","target":["https:\/\/www.saopaulo.sp.leg.br\/apartes-anteriores\/revista-apartes\/numero-25-jul-dez2017\/no25-notas\/"]}]},{"@type":"ImageObject","inLanguage":"pt-BR","@id":"https:\/\/www.saopaulo.sp.leg.br\/apartes-anteriores\/revista-apartes\/numero-25-jul-dez2017\/no25-notas\/#primaryimage","url":"https:\/\/www.saopaulo.sp.leg.br\/apartes-anteriores\/wp-content\/uploads\/sites\/9\/2017\/10\/apartes_n25_02.jpg","contentUrl":"https:\/\/www.saopaulo.sp.leg.br\/apartes-anteriores\/wp-content\/uploads\/sites\/9\/2017\/10\/apartes_n25_02.jpg","width":1532,"height":899,"caption":"A escritora discursa\u00a0ap\u00f3s receber o Colar\u00a0Guilherme de Almeida | Foto: Andr\u00e9 Bueno\/CMSP"},{"@type":"BreadcrumbList","@id":"https:\/\/www.saopaulo.sp.leg.br\/apartes-anteriores\/revista-apartes\/numero-25-jul-dez2017\/no25-notas\/#breadcrumb","itemListElement":[{"@type":"ListItem","position":1,"name":"Home","item":"https:\/\/www.saopaulo.sp.leg.br\/apartes-anteriores\/"},{"@type":"ListItem","position":2,"name":"Revista Apartes","item":"https:\/\/www.saopaulo.sp.leg.br\/apartes-anteriores\/"},{"@type":"ListItem","position":3,"name":"N\u00famero 25 &#8211; jul-dez\/2017","item":"https:\/\/www.saopaulo.sp.leg.br\/apartes-anteriores\/revista-apartes\/numero-25-jul-dez2017\/"},{"@type":"ListItem","position":4,"name":"N\u00ba25 &#8211; Notas"}]},{"@type":"WebSite","@id":"https:\/\/www.saopaulo.sp.leg.br\/apartes-anteriores\/#website","url":"https:\/\/www.saopaulo.sp.leg.br\/apartes-anteriores\/","name":"Revista Apartes (edi\u00e7\u00f5es anteriores)","description":"Revista Apartes (edi\u00e7\u00f5es anteriores)","potentialAction":[{"@type":"SearchAction","target":{"@type":"EntryPoint","urlTemplate":"https:\/\/www.saopaulo.sp.leg.br\/apartes-anteriores\/?s={search_term_string}"},"query-input":{"@type":"PropertyValueSpecification","valueRequired":true,"valueName":"search_term_string"}}],"inLanguage":"pt-BR"}]}},"_links":{"self":[{"href":"https:\/\/www.saopaulo.sp.leg.br\/apartes-anteriores\/wp-json\/wp\/v2\/pages\/40939","targetHints":{"allow":["GET"]}}],"collection":[{"href":"https:\/\/www.saopaulo.sp.leg.br\/apartes-anteriores\/wp-json\/wp\/v2\/pages"}],"about":[{"href":"https:\/\/www.saopaulo.sp.leg.br\/apartes-anteriores\/wp-json\/wp\/v2\/types\/page"}],"author":[{"embeddable":true,"href":"https:\/\/www.saopaulo.sp.leg.br\/apartes-anteriores\/wp-json\/wp\/v2\/users\/109"}],"replies":[{"embeddable":true,"href":"https:\/\/www.saopaulo.sp.leg.br\/apartes-anteriores\/wp-json\/wp\/v2\/comments?post=40939"}],"version-history":[{"count":0,"href":"https:\/\/www.saopaulo.sp.leg.br\/apartes-anteriores\/wp-json\/wp\/v2\/pages\/40939\/revisions"}],"up":[{"embeddable":true,"href":"https:\/\/www.saopaulo.sp.leg.br\/apartes-anteriores\/wp-json\/wp\/v2\/pages\/41085"}],"wp:attachment":[{"href":"https:\/\/www.saopaulo.sp.leg.br\/apartes-anteriores\/wp-json\/wp\/v2\/media?parent=40939"}],"curies":[{"name":"wp","href":"https:\/\/api.w.org\/{rel}","templated":true}]}}