{"id":40134,"date":"2017-06-28T16:30:25","date_gmt":"2017-06-28T19:30:25","guid":{"rendered":"http:\/\/www.saopaulo.sp.leg.br\/apartes-anteriores\/?page_id=40134"},"modified":"2017-07-12T16:59:36","modified_gmt":"2017-07-12T19:59:36","slug":"no24-notas","status":"publish","type":"page","link":"https:\/\/www.saopaulo.sp.leg.br\/apartes-anteriores\/revista-apartes\/numero-24-mar-jun2017\/no24-notas\/","title":{"rendered":"N\u00ba24 &#8211; Notas"},"content":{"rendered":"<h1><strong><span style=\"color: #993300\">Notas<\/span><\/strong><\/h1>\n<h2>CPI de vereadoras\u00a0investiga vulnerabilidade\u00a0das mulheres<\/h2>\n<p>Pela primeira vez a C\u00e2mara Municipal de S\u00e3o Paulo (CMSP) criou uma Comiss\u00e3o Parlamentar de Inqu\u00e9rito (CPI) composta apenas por vereadoras. O objetivo do grupo \u00e9 investigar a condi\u00e7\u00e3o de vulnerabilidade das mulheres, abrangendo as causas de desigualdades econ\u00f4micas, sociais e a dificuldade de ascens\u00e3o no mercado de trabalho.<\/p>\n<p>A CPI \u00e9 presidida por Aline Cardoso (PSDB), com Soninha (PPS) no cargo de vice-presidenta. Edir Sales (PSD) ocupa a relatoria e S\u00e2mia Bomfim (PSOL), Adriana Ramalho (PSDB) e Sandra Tadeu (DEM) as sub-relatorias. Tamb\u00e9m fazem parte da CPI Juliana Cardoso (PT), Noemi Nonato (PR) e Rute Costa (PSD).<\/p>\n<h2>Ouvidoria atende por Whatsapp<\/h2>\n<p>Os cidad\u00e3os j\u00e1 podem entrar em contato com a Ouvidoria da C\u00e2mara Municipal de S\u00e3o Paulo pelo aplicativo de celular Whatsapp &#8211; (11) 94153-3277. O novo canal integra uma rede de comunica\u00e7\u00f5es que tamb\u00e9m conta com atendimento presencial (Viaduto Jacare\u00ed, 100 \u2013 1\u00ba subsolo, sala 29), por telefone (0800-3-226272), e-mail (<a href=\"mailto:ouvidoria@saopaulo.sp.leg.br\">ouvidoria@saopaulo.sp.leg.br<\/a>), portal (<a href=\"http:\/\/www.saopaulo.sp.leg.br\/fale-conosco\/ouvidoria\">camara.sp.gov.br\/fale-conosco\/ouvidoria<\/a>) e Facebook (<a href=\"http:\/\/facebook.com\/camarasaopaulo\">facebook.com\/camarasaopaulo<\/a>). A Ouvidoria recebe sugest\u00f5es, reclama\u00e7\u00f5es e pedidos de informa\u00e7\u00f5es.<\/p>\n<p><a href=\"http:\/\/www.saopaulo.sp.leg.br\/apartes-anteriores\/wp-content\/uploads\/sites\/9\/2017\/06\/revista_apartes_n24_35.jpg\"><img loading=\"lazy\" decoding=\"async\" class=\"aligncenter size-full wp-image-40087\" src=\"http:\/\/www.saopaulo.sp.leg.br\/apartes-anteriores\/wp-content\/uploads\/sites\/9\/2017\/06\/revista_apartes_n24_35.jpg\" alt=\"\" width=\"827\" height=\"445\" srcset=\"https:\/\/www.saopaulo.sp.leg.br\/apartes-anteriores\/wp-content\/uploads\/sites\/9\/2017\/06\/revista_apartes_n24_35.jpg 827w, https:\/\/www.saopaulo.sp.leg.br\/apartes-anteriores\/wp-content\/uploads\/sites\/9\/2017\/06\/revista_apartes_n24_35-300x161.jpg 300w, https:\/\/www.saopaulo.sp.leg.br\/apartes-anteriores\/wp-content\/uploads\/sites\/9\/2017\/06\/revista_apartes_n24_35-768x413.jpg 768w\" sizes=\"auto, (max-width: 827px) 100vw, 827px\" \/><\/a><\/p>\n<h2>Artistas de rua, guardas e PMs s\u00e3o homenageados<\/h2>\n<p>A C\u00e2mara de S\u00e3o Paulo premiou bombeiros, policiais, guardas civis metropolitanos (GCMs) e artistas do hip-hop com a entrega de tr\u00eas pr\u00eamios.<\/p>\n<p>O <strong>Pr\u00eamio Coronel H\u00e9lio Barbosa Caldas<\/strong>, concedido anualmente aos cinco bombeiros que se destacaram durante o ano, foi entregue em 13 de mar\u00e7o. Por crit\u00e9rios como resgates bem-sucedidos e alto comprometimento profissional, os homenageados foram os subtenentes Levi Firmino da Silva e Osvaldo Carvalho da Cruz, os primeiros-sargentos Jos\u00e9 Jesus do Nascimento e Sidnei Cesar Soares de Lima e o cabo Milton Teixeira da Silva. Em comemora\u00e7\u00e3o ao Dia da Mulher, a cabo Adriana Soares, representando as mulheres bombeiras, tamb\u00e9m recebeu uma homenagem.<\/p>\n<p>Para artistas que fortalecem a cena hip-hop, a C\u00e2mara entregou o <strong>Pr\u00eamio Sabotage<\/strong> em 21 de mar\u00e7o. Os ganhadores foram: DJ Erry-g(melhor DJ), grupo DMN (melhor MC), Riska (melhor grafiteiro) e Ivo Alc\u00e2ntara (melhor dan\u00e7arino).<\/p>\n<p>Os policiais militares, civis e guardas civis metropolitanos (GCMs) que sobressa\u00edram nos servi\u00e7os prestados \u00e0 sociedade paulistana em 2016 receberam, em 20 de abril, a <strong>Medalha Tiradentes<\/strong> e o <strong>Diploma de Reconhecimento.<\/strong> Os homenageados foram a segundo-sargento Vera L\u00facia Rocha, o delegado F\u00e1bio Nelson Fernandes e o GCM Classe Especial Marcos Ant\u00f4nio Pinto de Moraes.<\/p>\n<figure id=\"attachment_40101\" aria-describedby=\"caption-attachment-40101\" style=\"width: 640px\" class=\"wp-caption aligncenter\"><a href=\"http:\/\/www.saopaulo.sp.leg.br\/apartes-anteriores\/wp-content\/uploads\/sites\/9\/2017\/06\/revista_apartes_n24_05.jpg\"><img loading=\"lazy\" decoding=\"async\" class=\"size-large wp-image-40101\" src=\"http:\/\/www.saopaulo.sp.leg.br\/apartes-anteriores\/wp-content\/uploads\/sites\/9\/2017\/06\/revista_apartes_n24_05-1024x623.jpg\" alt=\"\" width=\"640\" height=\"389\" srcset=\"https:\/\/www.saopaulo.sp.leg.br\/apartes-anteriores\/wp-content\/uploads\/sites\/9\/2017\/06\/revista_apartes_n24_05-1024x623.jpg 1024w, https:\/\/www.saopaulo.sp.leg.br\/apartes-anteriores\/wp-content\/uploads\/sites\/9\/2017\/06\/revista_apartes_n24_05-300x183.jpg 300w, https:\/\/www.saopaulo.sp.leg.br\/apartes-anteriores\/wp-content\/uploads\/sites\/9\/2017\/06\/revista_apartes_n24_05-768x467.jpg 768w, https:\/\/www.saopaulo.sp.leg.br\/apartes-anteriores\/wp-content\/uploads\/sites\/9\/2017\/06\/revista_apartes_n24_05.jpg 1722w\" sizes=\"auto, (max-width: 640px) 100vw, 640px\" \/><\/a><figcaption id=\"caption-attachment-40101\" class=\"wp-caption-text\">A Orquestra Corpo Musical Escoteiro apresentou-se na sess\u00e3o solene de entrega do<strong> Pr\u00eamio Escotista\u00a0<\/strong><strong>M\u00e1rio Covas J\u00fanior de A\u00e7\u00e3o Volunt\u00e1ria<\/strong>, realizada em 25 de abril, no Sal\u00e3o Nobre da CMSP.<br \/>A homenagem \u00e9 entregue a pessoas e institui\u00e7\u00f5es que incentivam o escotismo e a\u00e7\u00f5es educacionais. Foto: Equipe de Eventos\/CMSP<\/figcaption><\/figure>\n<h2><strong><span style=\"color: #800000\">Errata<\/span><\/strong><\/h2>\n<p>No infogr\u00e1fico <em>10 pioneiros da C\u00e2mara<\/em>, publicado na edi\u00e7\u00e3o 23 da <strong>Apartes<\/strong>, a legenda correta para a imagem dos primeiros vereadores paulistanos \u00e9: Garcia Rodrigues &amp; Ant\u00f4nio Cubas.<\/p>\n","protected":false},"excerpt":{"rendered":"<p>Notas CPI de vereadoras\u00a0investiga vulnerabilidade\u00a0das mulheres Pela primeira vez a C\u00e2mara Municipal de S\u00e3o Paulo (CMSP) criou uma Comiss\u00e3o Parlamentar de Inqu\u00e9rito (CPI) composta apenas por vereadoras. O objetivo do grupo \u00e9 investigar a condi\u00e7\u00e3o de vulnerabilidade das mulheres, abrangendo as causas de desigualdades econ\u00f4micas, sociais e a dificuldade de ascens\u00e3o no mercado de trabalho. [&hellip;]<\/p>\n","protected":false},"author":109,"featured_media":0,"parent":40080,"menu_order":3,"comment_status":"closed","ping_status":"closed","template":"","meta":{"footnotes":""},"class_list":["post-40134","page","type-page","status-publish","hentry"],"meta_all":{"_edit_lock":["1506982063:109"],"_edit_last":["109"],"_wp_page_template":["default"],"_yoast_wpseo_content_score":["60"],"_cmsp_page_download-files":["a:1:{i:0;a:1:{s:4:\"type\";s:3:\"pdf\";}}"],"_yoast_wpseo_opengraph-title":["Notas"],"_yoast_wpseo_opengraph-description":["Edi\u00e7\u00e3o 24 - Notas"],"_yoast_wpseo_twitter-title":["Notas"],"_yoast_wpseo_twitter-description":["Edi\u00e7\u00e3o 24 - Notas"]},"yoast_head":"<!-- This site is optimized with the Yoast SEO plugin v27.4 - https:\/\/yoast.com\/product\/yoast-seo-wordpress\/ -->\n<title>N\u00ba24 - Notas - Revista Apartes (edi\u00e7\u00f5es anteriores)<\/title>\n<meta name=\"robots\" content=\"index, follow, max-snippet:-1, max-image-preview:large, max-video-preview:-1\" \/>\n<link rel=\"canonical\" href=\"https:\/\/www.saopaulo.sp.leg.br\/apartes-anteriores\/revista-apartes\/numero-24-mar-jun2017\/no24-notas\/\" \/>\n<meta property=\"og:locale\" content=\"pt_BR\" \/>\n<meta property=\"og:type\" content=\"article\" \/>\n<meta property=\"og:title\" content=\"Notas\" \/>\n<meta property=\"og:description\" content=\"Edi\u00e7\u00e3o 24 - Notas\" \/>\n<meta property=\"og:url\" content=\"https:\/\/www.saopaulo.sp.leg.br\/apartes-anteriores\/revista-apartes\/numero-24-mar-jun2017\/no24-notas\/\" \/>\n<meta property=\"og:site_name\" content=\"Revista Apartes (edi\u00e7\u00f5es anteriores)\" \/>\n<meta property=\"article:publisher\" content=\"https:\/\/www.facebook.com\/RevistaApartes\/\" \/>\n<meta property=\"article:modified_time\" content=\"2017-07-12T19:59:36+00:00\" \/>\n<meta property=\"og:image\" content=\"http:\/\/www.saopaulo.sp.leg.br\/apartes-anteriores\/wp-content\/uploads\/sites\/9\/2017\/06\/revista_apartes_n24_35.jpg\" \/>\n<meta name=\"twitter:card\" content=\"summary_large_image\" \/>\n<meta name=\"twitter:title\" content=\"Notas\" \/>\n<meta name=\"twitter:description\" content=\"Edi\u00e7\u00e3o 24 - Notas\" \/>\n<meta name=\"twitter:site\" content=\"@revistaapartes\" \/>\n<meta name=\"twitter:label1\" content=\"Est. tempo de leitura\" \/>\n\t<meta name=\"twitter:data1\" content=\"3 minutos\" \/>\n<script type=\"application\/ld+json\" class=\"yoast-schema-graph\">{\"@context\":\"https:\\\/\\\/schema.org\",\"@graph\":[{\"@type\":\"WebPage\",\"@id\":\"https:\\\/\\\/www.saopaulo.sp.leg.br\\\/apartes-anteriores\\\/revista-apartes\\\/numero-24-mar-jun2017\\\/no24-notas\\\/\",\"url\":\"https:\\\/\\\/www.saopaulo.sp.leg.br\\\/apartes-anteriores\\\/revista-apartes\\\/numero-24-mar-jun2017\\\/no24-notas\\\/\",\"name\":\"N\u00ba24 - Notas - Revista Apartes (edi\u00e7\u00f5es anteriores)\",\"isPartOf\":{\"@id\":\"https:\\\/\\\/www.saopaulo.sp.leg.br\\\/apartes-anteriores\\\/#website\"},\"primaryImageOfPage\":{\"@id\":\"https:\\\/\\\/www.saopaulo.sp.leg.br\\\/apartes-anteriores\\\/revista-apartes\\\/numero-24-mar-jun2017\\\/no24-notas\\\/#primaryimage\"},\"image\":{\"@id\":\"https:\\\/\\\/www.saopaulo.sp.leg.br\\\/apartes-anteriores\\\/revista-apartes\\\/numero-24-mar-jun2017\\\/no24-notas\\\/#primaryimage\"},\"thumbnailUrl\":\"http:\\\/\\\/www.saopaulo.sp.leg.br\\\/apartes-anteriores\\\/wp-content\\\/uploads\\\/sites\\\/9\\\/2017\\\/06\\\/revista_apartes_n24_35.jpg\",\"datePublished\":\"2017-06-28T19:30:25+00:00\",\"dateModified\":\"2017-07-12T19:59:36+00:00\",\"breadcrumb\":{\"@id\":\"https:\\\/\\\/www.saopaulo.sp.leg.br\\\/apartes-anteriores\\\/revista-apartes\\\/numero-24-mar-jun2017\\\/no24-notas\\\/#breadcrumb\"},\"inLanguage\":\"pt-BR\",\"potentialAction\":[{\"@type\":\"ReadAction\",\"target\":[\"https:\\\/\\\/www.saopaulo.sp.leg.br\\\/apartes-anteriores\\\/revista-apartes\\\/numero-24-mar-jun2017\\\/no24-notas\\\/\"]}]},{\"@type\":\"ImageObject\",\"inLanguage\":\"pt-BR\",\"@id\":\"https:\\\/\\\/www.saopaulo.sp.leg.br\\\/apartes-anteriores\\\/revista-apartes\\\/numero-24-mar-jun2017\\\/no24-notas\\\/#primaryimage\",\"url\":\"https:\\\/\\\/www.saopaulo.sp.leg.br\\\/apartes-anteriores\\\/wp-content\\\/uploads\\\/sites\\\/9\\\/2017\\\/06\\\/revista_apartes_n24_35.jpg\",\"contentUrl\":\"https:\\\/\\\/www.saopaulo.sp.leg.br\\\/apartes-anteriores\\\/wp-content\\\/uploads\\\/sites\\\/9\\\/2017\\\/06\\\/revista_apartes_n24_35.jpg\",\"width\":827,\"height\":445},{\"@type\":\"BreadcrumbList\",\"@id\":\"https:\\\/\\\/www.saopaulo.sp.leg.br\\\/apartes-anteriores\\\/revista-apartes\\\/numero-24-mar-jun2017\\\/no24-notas\\\/#breadcrumb\",\"itemListElement\":[{\"@type\":\"ListItem\",\"position\":1,\"name\":\"Home\",\"item\":\"https:\\\/\\\/www.saopaulo.sp.leg.br\\\/apartes-anteriores\\\/\"},{\"@type\":\"ListItem\",\"position\":2,\"name\":\"Revista Apartes\",\"item\":\"https:\\\/\\\/www.saopaulo.sp.leg.br\\\/apartes-anteriores\\\/\"},{\"@type\":\"ListItem\",\"position\":3,\"name\":\"N\u00famero 24 &#8211; mar-jun\\\/2017\",\"item\":\"https:\\\/\\\/www.saopaulo.sp.leg.br\\\/apartes-anteriores\\\/revista-apartes\\\/numero-24-mar-jun2017\\\/\"},{\"@type\":\"ListItem\",\"position\":4,\"name\":\"N\u00ba24 &#8211; Notas\"}]},{\"@type\":\"WebSite\",\"@id\":\"https:\\\/\\\/www.saopaulo.sp.leg.br\\\/apartes-anteriores\\\/#website\",\"url\":\"https:\\\/\\\/www.saopaulo.sp.leg.br\\\/apartes-anteriores\\\/\",\"name\":\"Revista Apartes (edi\u00e7\u00f5es anteriores)\",\"description\":\"Revista Apartes (edi\u00e7\u00f5es anteriores)\",\"potentialAction\":[{\"@type\":\"SearchAction\",\"target\":{\"@type\":\"EntryPoint\",\"urlTemplate\":\"https:\\\/\\\/www.saopaulo.sp.leg.br\\\/apartes-anteriores\\\/?s={search_term_string}\"},\"query-input\":{\"@type\":\"PropertyValueSpecification\",\"valueRequired\":true,\"valueName\":\"search_term_string\"}}],\"inLanguage\":\"pt-BR\"}]}<\/script>\n<!-- \/ Yoast SEO plugin. -->","yoast_head_json":{"title":"N\u00ba24 - Notas - Revista Apartes (edi\u00e7\u00f5es anteriores)","robots":{"index":"index","follow":"follow","max-snippet":"max-snippet:-1","max-image-preview":"max-image-preview:large","max-video-preview":"max-video-preview:-1"},"canonical":"https:\/\/www.saopaulo.sp.leg.br\/apartes-anteriores\/revista-apartes\/numero-24-mar-jun2017\/no24-notas\/","og_locale":"pt_BR","og_type":"article","og_title":"Notas","og_description":"Edi\u00e7\u00e3o 24 - Notas","og_url":"https:\/\/www.saopaulo.sp.leg.br\/apartes-anteriores\/revista-apartes\/numero-24-mar-jun2017\/no24-notas\/","og_site_name":"Revista Apartes (edi\u00e7\u00f5es anteriores)","article_publisher":"https:\/\/www.facebook.com\/RevistaApartes\/","article_modified_time":"2017-07-12T19:59:36+00:00","og_image":[{"url":"http:\/\/www.saopaulo.sp.leg.br\/apartes-anteriores\/wp-content\/uploads\/sites\/9\/2017\/06\/revista_apartes_n24_35.jpg","type":"","width":"","height":""}],"twitter_card":"summary_large_image","twitter_title":"Notas","twitter_description":"Edi\u00e7\u00e3o 24 - Notas","twitter_site":"@revistaapartes","twitter_misc":{"Est. tempo de leitura":"3 minutos"},"schema":{"@context":"https:\/\/schema.org","@graph":[{"@type":"WebPage","@id":"https:\/\/www.saopaulo.sp.leg.br\/apartes-anteriores\/revista-apartes\/numero-24-mar-jun2017\/no24-notas\/","url":"https:\/\/www.saopaulo.sp.leg.br\/apartes-anteriores\/revista-apartes\/numero-24-mar-jun2017\/no24-notas\/","name":"N\u00ba24 - Notas - Revista Apartes (edi\u00e7\u00f5es anteriores)","isPartOf":{"@id":"https:\/\/www.saopaulo.sp.leg.br\/apartes-anteriores\/#website"},"primaryImageOfPage":{"@id":"https:\/\/www.saopaulo.sp.leg.br\/apartes-anteriores\/revista-apartes\/numero-24-mar-jun2017\/no24-notas\/#primaryimage"},"image":{"@id":"https:\/\/www.saopaulo.sp.leg.br\/apartes-anteriores\/revista-apartes\/numero-24-mar-jun2017\/no24-notas\/#primaryimage"},"thumbnailUrl":"http:\/\/www.saopaulo.sp.leg.br\/apartes-anteriores\/wp-content\/uploads\/sites\/9\/2017\/06\/revista_apartes_n24_35.jpg","datePublished":"2017-06-28T19:30:25+00:00","dateModified":"2017-07-12T19:59:36+00:00","breadcrumb":{"@id":"https:\/\/www.saopaulo.sp.leg.br\/apartes-anteriores\/revista-apartes\/numero-24-mar-jun2017\/no24-notas\/#breadcrumb"},"inLanguage":"pt-BR","potentialAction":[{"@type":"ReadAction","target":["https:\/\/www.saopaulo.sp.leg.br\/apartes-anteriores\/revista-apartes\/numero-24-mar-jun2017\/no24-notas\/"]}]},{"@type":"ImageObject","inLanguage":"pt-BR","@id":"https:\/\/www.saopaulo.sp.leg.br\/apartes-anteriores\/revista-apartes\/numero-24-mar-jun2017\/no24-notas\/#primaryimage","url":"https:\/\/www.saopaulo.sp.leg.br\/apartes-anteriores\/wp-content\/uploads\/sites\/9\/2017\/06\/revista_apartes_n24_35.jpg","contentUrl":"https:\/\/www.saopaulo.sp.leg.br\/apartes-anteriores\/wp-content\/uploads\/sites\/9\/2017\/06\/revista_apartes_n24_35.jpg","width":827,"height":445},{"@type":"BreadcrumbList","@id":"https:\/\/www.saopaulo.sp.leg.br\/apartes-anteriores\/revista-apartes\/numero-24-mar-jun2017\/no24-notas\/#breadcrumb","itemListElement":[{"@type":"ListItem","position":1,"name":"Home","item":"https:\/\/www.saopaulo.sp.leg.br\/apartes-anteriores\/"},{"@type":"ListItem","position":2,"name":"Revista Apartes","item":"https:\/\/www.saopaulo.sp.leg.br\/apartes-anteriores\/"},{"@type":"ListItem","position":3,"name":"N\u00famero 24 &#8211; mar-jun\/2017","item":"https:\/\/www.saopaulo.sp.leg.br\/apartes-anteriores\/revista-apartes\/numero-24-mar-jun2017\/"},{"@type":"ListItem","position":4,"name":"N\u00ba24 &#8211; Notas"}]},{"@type":"WebSite","@id":"https:\/\/www.saopaulo.sp.leg.br\/apartes-anteriores\/#website","url":"https:\/\/www.saopaulo.sp.leg.br\/apartes-anteriores\/","name":"Revista Apartes (edi\u00e7\u00f5es anteriores)","description":"Revista Apartes (edi\u00e7\u00f5es anteriores)","potentialAction":[{"@type":"SearchAction","target":{"@type":"EntryPoint","urlTemplate":"https:\/\/www.saopaulo.sp.leg.br\/apartes-anteriores\/?s={search_term_string}"},"query-input":{"@type":"PropertyValueSpecification","valueRequired":true,"valueName":"search_term_string"}}],"inLanguage":"pt-BR"}]}},"_links":{"self":[{"href":"https:\/\/www.saopaulo.sp.leg.br\/apartes-anteriores\/wp-json\/wp\/v2\/pages\/40134","targetHints":{"allow":["GET"]}}],"collection":[{"href":"https:\/\/www.saopaulo.sp.leg.br\/apartes-anteriores\/wp-json\/wp\/v2\/pages"}],"about":[{"href":"https:\/\/www.saopaulo.sp.leg.br\/apartes-anteriores\/wp-json\/wp\/v2\/types\/page"}],"author":[{"embeddable":true,"href":"https:\/\/www.saopaulo.sp.leg.br\/apartes-anteriores\/wp-json\/wp\/v2\/users\/109"}],"replies":[{"embeddable":true,"href":"https:\/\/www.saopaulo.sp.leg.br\/apartes-anteriores\/wp-json\/wp\/v2\/comments?post=40134"}],"version-history":[{"count":0,"href":"https:\/\/www.saopaulo.sp.leg.br\/apartes-anteriores\/wp-json\/wp\/v2\/pages\/40134\/revisions"}],"up":[{"embeddable":true,"href":"https:\/\/www.saopaulo.sp.leg.br\/apartes-anteriores\/wp-json\/wp\/v2\/pages\/40080"}],"wp:attachment":[{"href":"https:\/\/www.saopaulo.sp.leg.br\/apartes-anteriores\/wp-json\/wp\/v2\/media?parent=40134"}],"curies":[{"name":"wp","href":"https:\/\/api.w.org\/{rel}","templated":true}]}}