{"id":40083,"date":"2017-06-28T16:30:27","date_gmt":"2017-06-28T19:30:27","guid":{"rendered":"http:\/\/www.saopaulo.sp.leg.br\/apartes-anteriores\/?page_id=40083"},"modified":"2017-07-12T16:58:34","modified_gmt":"2017-07-12T19:58:34","slug":"no24-palavra-presidente","status":"publish","type":"page","link":"https:\/\/www.saopaulo.sp.leg.br\/apartes-anteriores\/revista-apartes\/numero-24-mar-jun2017\/no24-palavra-presidente\/","title":{"rendered":"N\u00ba24 &#8211; Palavra do Presidente"},"content":{"rendered":"<div style=\"float: right;width: 160px;margin-left: 1.5em;margin-bottom: 1.5em\">\n<div style=\"float: right;padding: 5px;background-color: #eee !important\">\n<p><a href=\"http:\/\/www.saopaulo.sp.leg.br\/apartes-anteriores\/wp-content\/uploads\/sites\/9\/2017\/06\/revista_apartes_n24_04.jpg\"><img loading=\"lazy\" decoding=\"async\" class=\"aligncenter wp-image-40100 size-thumbnail\" src=\"http:\/\/www.saopaulo.sp.leg.br\/apartes-anteriores\/wp-content\/uploads\/sites\/9\/2017\/06\/revista_apartes_n24_04-150x150.jpg\" alt=\"\" width=\"150\" height=\"150\" \/><\/a><\/p>\n<p style=\"font-size: 0.8em;line-height: 1.1em;text-align: center;margin: 0em 0px 7px 0px;color: #333;!important;background-color: transparent !important\" align=\"center\">Vereador Milton Leite<br \/>\nPresidente da CMSP<\/p>\n<\/div>\n<p style=\"font-size: 0.5em;line-height: 1.1em;text-align: right;margin: 4px 0px 0px 0px;background-color: transparent !important\">Gute Garbelotto\/CMSP<\/p>\n<\/div>\n<h1><span style=\"color: #993300\"><strong>Palavra do Presidente<\/strong><\/span><\/h1>\n<p>Desde os primeiros dias deste ano, a C\u00e2mara Municipal de S\u00e3o Paulo tem trabalhado para a cidade antenada com os tempos de crise econ\u00f4mica que afeta o pa\u00eds. Al\u00e9m de cumprir sua fun\u00e7\u00e3o de Poder Legislativo, tem atuado para cortar gastos e se ajustar ao atual momento dif\u00edcil.<\/p>\n<p>O primeiro grande resultado foi a economia de R$ 30 milh\u00f5es conseguida s\u00f3 nos primeiros tr\u00eas meses do ano. O dinheiro j\u00e1 foi devolvido aos cofres municipais e ser\u00e1 investido em prioridades da Prefeitura, como sa\u00fade e educa\u00e7\u00e3o.<\/p>\n<p>Fora dessa conta, outras redu\u00e7\u00f5es foram realizadas. A folha de pagamento teve um corte de R$ 6,3 milh\u00f5es em reajustes do quadro funcional. Uma parte desse montante se refere \u00e0 sa\u00edda de servidores que atingiram a chamada aposentadoria compuls\u00f3ria.<\/p>\n<p>Desde janeiro, uma comiss\u00e3o de servidores realiza uma s\u00e9rie de conversas com fornecedores e prestadores de servi\u00e7os. O objetivo \u00e9 renegociar todos os contratos vigentes. Espera-se economizar at\u00e9 15%.<\/p>\n<p>Decis\u00e3o da Mesa tamb\u00e9m mandou cortar os sal\u00e1rios acima do teto constitucional de cerca de 300 servidores. A medida est\u00e1 sendo tomada de forma escalonada ap\u00f3s an\u00e1lise caso a caso da Procuradoria Legislativa.<\/p>\n<p>A a\u00e7\u00e3o vai resultar em redu\u00e7\u00e3o da folha de pagamento da Casa da ordem de R$ 20 milh\u00f5es. Na C\u00e2mara, h\u00e1 dois tetos constitucionais: um de R$ 24.165,87 (para quase todos os servidores) e outro de R$ 30.417,10 (procuradores).<\/p>\n<p>Cabe dizer que cortes, sobretudo do quadro funcional, n\u00e3o s\u00e3o medidas que esta Mesa Diretora gostaria de realizar. Adotar essas medidas \u00e9 uma tarefa indigesta e a C\u00e2mara n\u00e3o toma essas decis\u00f5es com prazer ou desprazer. Tem de adot\u00e1-las para n\u00e3o prevaricar, para n\u00e3o gastar dinheiro p\u00fablico al\u00e9m do necess\u00e1rio.<\/p>\n<p>\u00c9 preciso ter em mente a responsabilidade dos gestores de recursos p\u00fablicos. Quando a receita cai \u2013 exatamente o que se d\u00e1 neste momento \u2013, n\u00e3o h\u00e1 outra sa\u00edda a n\u00e3o ser reduzir as despesas para manter o equil\u00edbrio financeiro.<\/p>\n<p>Assim, o Legislativo paulistano seguir\u00e1 sua caminhada\u00a0para ajudar a fazer de S\u00e3o Paulo uma cidade\u00a0cada vez melhor para seus moradores.<\/p>\n","protected":false},"excerpt":{"rendered":"<p>Vereador Milton Leite Presidente da CMSP Gute Garbelotto\/CMSP Palavra do Presidente Desde os primeiros dias deste ano, a C\u00e2mara Municipal de S\u00e3o Paulo tem trabalhado para a cidade antenada com os tempos de crise econ\u00f4mica que afeta o pa\u00eds. Al\u00e9m de cumprir sua fun\u00e7\u00e3o de Poder Legislativo, tem atuado para cortar gastos e se ajustar [&hellip;]<\/p>\n","protected":false},"author":109,"featured_media":0,"parent":40080,"menu_order":2,"comment_status":"closed","ping_status":"closed","template":"","meta":{"footnotes":""},"class_list":["post-40083","page","type-page","status-publish","hentry"],"meta_all":{"_edit_lock":["1506446670:109"],"_edit_last":["109"],"_wp_page_template":["default"],"_yoast_wpseo_content_score":["90"],"_cmsp_page_download-files":["a:1:{i:0;a:1:{s:4:\"type\";s:3:\"pdf\";}}"],"_yoast_wpseo_opengraph-title":["Palavra do Presidente"],"_yoast_wpseo_opengraph-description":["Palavra do Presidente"],"_yoast_wpseo_twitter-title":["Palavra do Presidente"],"_yoast_wpseo_twitter-description":["Palavra do Presidente"]},"yoast_head":"<!-- This site is optimized with the Yoast SEO plugin v27.4 - https:\/\/yoast.com\/product\/yoast-seo-wordpress\/ -->\n<title>N\u00ba24 - Palavra do Presidente - Revista Apartes (edi\u00e7\u00f5es anteriores)<\/title>\n<meta name=\"robots\" content=\"index, follow, max-snippet:-1, max-image-preview:large, max-video-preview:-1\" \/>\n<link rel=\"canonical\" href=\"https:\/\/www.saopaulo.sp.leg.br\/apartes-anteriores\/revista-apartes\/numero-24-mar-jun2017\/no24-palavra-presidente\/\" \/>\n<meta property=\"og:locale\" content=\"pt_BR\" \/>\n<meta property=\"og:type\" content=\"article\" \/>\n<meta property=\"og:title\" content=\"Palavra do Presidente\" \/>\n<meta property=\"og:description\" content=\"Palavra do Presidente\" \/>\n<meta property=\"og:url\" content=\"https:\/\/www.saopaulo.sp.leg.br\/apartes-anteriores\/revista-apartes\/numero-24-mar-jun2017\/no24-palavra-presidente\/\" \/>\n<meta property=\"og:site_name\" content=\"Revista Apartes (edi\u00e7\u00f5es anteriores)\" \/>\n<meta property=\"article:publisher\" content=\"https:\/\/www.facebook.com\/RevistaApartes\/\" \/>\n<meta property=\"article:modified_time\" content=\"2017-07-12T19:58:34+00:00\" \/>\n<meta property=\"og:image\" content=\"http:\/\/www.saopaulo.sp.leg.br\/apartes-anteriores\/wp-content\/uploads\/sites\/9\/2017\/06\/revista_apartes_n24_04-150x150.jpg\" \/>\n<meta name=\"twitter:card\" content=\"summary_large_image\" \/>\n<meta name=\"twitter:title\" content=\"Palavra do Presidente\" \/>\n<meta name=\"twitter:description\" content=\"Palavra do Presidente\" \/>\n<meta name=\"twitter:site\" content=\"@revistaapartes\" \/>\n<meta name=\"twitter:label1\" content=\"Est. tempo de leitura\" \/>\n\t<meta name=\"twitter:data1\" content=\"2 minutos\" \/>\n<script type=\"application\/ld+json\" class=\"yoast-schema-graph\">{\"@context\":\"https:\\\/\\\/schema.org\",\"@graph\":[{\"@type\":\"WebPage\",\"@id\":\"https:\\\/\\\/www.saopaulo.sp.leg.br\\\/apartes-anteriores\\\/revista-apartes\\\/numero-24-mar-jun2017\\\/no24-palavra-presidente\\\/\",\"url\":\"https:\\\/\\\/www.saopaulo.sp.leg.br\\\/apartes-anteriores\\\/revista-apartes\\\/numero-24-mar-jun2017\\\/no24-palavra-presidente\\\/\",\"name\":\"N\u00ba24 - Palavra do Presidente - Revista Apartes (edi\u00e7\u00f5es anteriores)\",\"isPartOf\":{\"@id\":\"https:\\\/\\\/www.saopaulo.sp.leg.br\\\/apartes-anteriores\\\/#website\"},\"primaryImageOfPage\":{\"@id\":\"https:\\\/\\\/www.saopaulo.sp.leg.br\\\/apartes-anteriores\\\/revista-apartes\\\/numero-24-mar-jun2017\\\/no24-palavra-presidente\\\/#primaryimage\"},\"image\":{\"@id\":\"https:\\\/\\\/www.saopaulo.sp.leg.br\\\/apartes-anteriores\\\/revista-apartes\\\/numero-24-mar-jun2017\\\/no24-palavra-presidente\\\/#primaryimage\"},\"thumbnailUrl\":\"http:\\\/\\\/www.saopaulo.sp.leg.br\\\/apartes-anteriores\\\/wp-content\\\/uploads\\\/sites\\\/9\\\/2017\\\/06\\\/revista_apartes_n24_04-150x150.jpg\",\"datePublished\":\"2017-06-28T19:30:27+00:00\",\"dateModified\":\"2017-07-12T19:58:34+00:00\",\"breadcrumb\":{\"@id\":\"https:\\\/\\\/www.saopaulo.sp.leg.br\\\/apartes-anteriores\\\/revista-apartes\\\/numero-24-mar-jun2017\\\/no24-palavra-presidente\\\/#breadcrumb\"},\"inLanguage\":\"pt-BR\",\"potentialAction\":[{\"@type\":\"ReadAction\",\"target\":[\"https:\\\/\\\/www.saopaulo.sp.leg.br\\\/apartes-anteriores\\\/revista-apartes\\\/numero-24-mar-jun2017\\\/no24-palavra-presidente\\\/\"]}]},{\"@type\":\"ImageObject\",\"inLanguage\":\"pt-BR\",\"@id\":\"https:\\\/\\\/www.saopaulo.sp.leg.br\\\/apartes-anteriores\\\/revista-apartes\\\/numero-24-mar-jun2017\\\/no24-palavra-presidente\\\/#primaryimage\",\"url\":\"https:\\\/\\\/www.saopaulo.sp.leg.br\\\/apartes-anteriores\\\/wp-content\\\/uploads\\\/sites\\\/9\\\/2017\\\/06\\\/revista_apartes_n24_04.jpg\",\"contentUrl\":\"https:\\\/\\\/www.saopaulo.sp.leg.br\\\/apartes-anteriores\\\/wp-content\\\/uploads\\\/sites\\\/9\\\/2017\\\/06\\\/revista_apartes_n24_04.jpg\",\"width\":403,\"height\":437,\"caption\":\"Foto: Gute Garbelotto\\\/CMSP\"},{\"@type\":\"BreadcrumbList\",\"@id\":\"https:\\\/\\\/www.saopaulo.sp.leg.br\\\/apartes-anteriores\\\/revista-apartes\\\/numero-24-mar-jun2017\\\/no24-palavra-presidente\\\/#breadcrumb\",\"itemListElement\":[{\"@type\":\"ListItem\",\"position\":1,\"name\":\"Home\",\"item\":\"https:\\\/\\\/www.saopaulo.sp.leg.br\\\/apartes-anteriores\\\/\"},{\"@type\":\"ListItem\",\"position\":2,\"name\":\"Revista Apartes\",\"item\":\"https:\\\/\\\/www.saopaulo.sp.leg.br\\\/apartes-anteriores\\\/\"},{\"@type\":\"ListItem\",\"position\":3,\"name\":\"N\u00famero 24 &#8211; mar-jun\\\/2017\",\"item\":\"https:\\\/\\\/www.saopaulo.sp.leg.br\\\/apartes-anteriores\\\/revista-apartes\\\/numero-24-mar-jun2017\\\/\"},{\"@type\":\"ListItem\",\"position\":4,\"name\":\"N\u00ba24 &#8211; Palavra do Presidente\"}]},{\"@type\":\"WebSite\",\"@id\":\"https:\\\/\\\/www.saopaulo.sp.leg.br\\\/apartes-anteriores\\\/#website\",\"url\":\"https:\\\/\\\/www.saopaulo.sp.leg.br\\\/apartes-anteriores\\\/\",\"name\":\"Revista Apartes (edi\u00e7\u00f5es anteriores)\",\"description\":\"Revista Apartes (edi\u00e7\u00f5es anteriores)\",\"potentialAction\":[{\"@type\":\"SearchAction\",\"target\":{\"@type\":\"EntryPoint\",\"urlTemplate\":\"https:\\\/\\\/www.saopaulo.sp.leg.br\\\/apartes-anteriores\\\/?s={search_term_string}\"},\"query-input\":{\"@type\":\"PropertyValueSpecification\",\"valueRequired\":true,\"valueName\":\"search_term_string\"}}],\"inLanguage\":\"pt-BR\"}]}<\/script>\n<!-- \/ Yoast SEO plugin. -->","yoast_head_json":{"title":"N\u00ba24 - Palavra do Presidente - Revista Apartes (edi\u00e7\u00f5es anteriores)","robots":{"index":"index","follow":"follow","max-snippet":"max-snippet:-1","max-image-preview":"max-image-preview:large","max-video-preview":"max-video-preview:-1"},"canonical":"https:\/\/www.saopaulo.sp.leg.br\/apartes-anteriores\/revista-apartes\/numero-24-mar-jun2017\/no24-palavra-presidente\/","og_locale":"pt_BR","og_type":"article","og_title":"Palavra do Presidente","og_description":"Palavra do Presidente","og_url":"https:\/\/www.saopaulo.sp.leg.br\/apartes-anteriores\/revista-apartes\/numero-24-mar-jun2017\/no24-palavra-presidente\/","og_site_name":"Revista Apartes (edi\u00e7\u00f5es anteriores)","article_publisher":"https:\/\/www.facebook.com\/RevistaApartes\/","article_modified_time":"2017-07-12T19:58:34+00:00","og_image":[{"url":"http:\/\/www.saopaulo.sp.leg.br\/apartes-anteriores\/wp-content\/uploads\/sites\/9\/2017\/06\/revista_apartes_n24_04-150x150.jpg","type":"","width":"","height":""}],"twitter_card":"summary_large_image","twitter_title":"Palavra do Presidente","twitter_description":"Palavra do Presidente","twitter_site":"@revistaapartes","twitter_misc":{"Est. tempo de leitura":"2 minutos"},"schema":{"@context":"https:\/\/schema.org","@graph":[{"@type":"WebPage","@id":"https:\/\/www.saopaulo.sp.leg.br\/apartes-anteriores\/revista-apartes\/numero-24-mar-jun2017\/no24-palavra-presidente\/","url":"https:\/\/www.saopaulo.sp.leg.br\/apartes-anteriores\/revista-apartes\/numero-24-mar-jun2017\/no24-palavra-presidente\/","name":"N\u00ba24 - Palavra do Presidente - Revista Apartes (edi\u00e7\u00f5es anteriores)","isPartOf":{"@id":"https:\/\/www.saopaulo.sp.leg.br\/apartes-anteriores\/#website"},"primaryImageOfPage":{"@id":"https:\/\/www.saopaulo.sp.leg.br\/apartes-anteriores\/revista-apartes\/numero-24-mar-jun2017\/no24-palavra-presidente\/#primaryimage"},"image":{"@id":"https:\/\/www.saopaulo.sp.leg.br\/apartes-anteriores\/revista-apartes\/numero-24-mar-jun2017\/no24-palavra-presidente\/#primaryimage"},"thumbnailUrl":"http:\/\/www.saopaulo.sp.leg.br\/apartes-anteriores\/wp-content\/uploads\/sites\/9\/2017\/06\/revista_apartes_n24_04-150x150.jpg","datePublished":"2017-06-28T19:30:27+00:00","dateModified":"2017-07-12T19:58:34+00:00","breadcrumb":{"@id":"https:\/\/www.saopaulo.sp.leg.br\/apartes-anteriores\/revista-apartes\/numero-24-mar-jun2017\/no24-palavra-presidente\/#breadcrumb"},"inLanguage":"pt-BR","potentialAction":[{"@type":"ReadAction","target":["https:\/\/www.saopaulo.sp.leg.br\/apartes-anteriores\/revista-apartes\/numero-24-mar-jun2017\/no24-palavra-presidente\/"]}]},{"@type":"ImageObject","inLanguage":"pt-BR","@id":"https:\/\/www.saopaulo.sp.leg.br\/apartes-anteriores\/revista-apartes\/numero-24-mar-jun2017\/no24-palavra-presidente\/#primaryimage","url":"https:\/\/www.saopaulo.sp.leg.br\/apartes-anteriores\/wp-content\/uploads\/sites\/9\/2017\/06\/revista_apartes_n24_04.jpg","contentUrl":"https:\/\/www.saopaulo.sp.leg.br\/apartes-anteriores\/wp-content\/uploads\/sites\/9\/2017\/06\/revista_apartes_n24_04.jpg","width":403,"height":437,"caption":"Foto: Gute Garbelotto\/CMSP"},{"@type":"BreadcrumbList","@id":"https:\/\/www.saopaulo.sp.leg.br\/apartes-anteriores\/revista-apartes\/numero-24-mar-jun2017\/no24-palavra-presidente\/#breadcrumb","itemListElement":[{"@type":"ListItem","position":1,"name":"Home","item":"https:\/\/www.saopaulo.sp.leg.br\/apartes-anteriores\/"},{"@type":"ListItem","position":2,"name":"Revista Apartes","item":"https:\/\/www.saopaulo.sp.leg.br\/apartes-anteriores\/"},{"@type":"ListItem","position":3,"name":"N\u00famero 24 &#8211; mar-jun\/2017","item":"https:\/\/www.saopaulo.sp.leg.br\/apartes-anteriores\/revista-apartes\/numero-24-mar-jun2017\/"},{"@type":"ListItem","position":4,"name":"N\u00ba24 &#8211; Palavra do Presidente"}]},{"@type":"WebSite","@id":"https:\/\/www.saopaulo.sp.leg.br\/apartes-anteriores\/#website","url":"https:\/\/www.saopaulo.sp.leg.br\/apartes-anteriores\/","name":"Revista Apartes (edi\u00e7\u00f5es anteriores)","description":"Revista Apartes (edi\u00e7\u00f5es anteriores)","potentialAction":[{"@type":"SearchAction","target":{"@type":"EntryPoint","urlTemplate":"https:\/\/www.saopaulo.sp.leg.br\/apartes-anteriores\/?s={search_term_string}"},"query-input":{"@type":"PropertyValueSpecification","valueRequired":true,"valueName":"search_term_string"}}],"inLanguage":"pt-BR"}]}},"_links":{"self":[{"href":"https:\/\/www.saopaulo.sp.leg.br\/apartes-anteriores\/wp-json\/wp\/v2\/pages\/40083","targetHints":{"allow":["GET"]}}],"collection":[{"href":"https:\/\/www.saopaulo.sp.leg.br\/apartes-anteriores\/wp-json\/wp\/v2\/pages"}],"about":[{"href":"https:\/\/www.saopaulo.sp.leg.br\/apartes-anteriores\/wp-json\/wp\/v2\/types\/page"}],"author":[{"embeddable":true,"href":"https:\/\/www.saopaulo.sp.leg.br\/apartes-anteriores\/wp-json\/wp\/v2\/users\/109"}],"replies":[{"embeddable":true,"href":"https:\/\/www.saopaulo.sp.leg.br\/apartes-anteriores\/wp-json\/wp\/v2\/comments?post=40083"}],"version-history":[{"count":0,"href":"https:\/\/www.saopaulo.sp.leg.br\/apartes-anteriores\/wp-json\/wp\/v2\/pages\/40083\/revisions"}],"up":[{"embeddable":true,"href":"https:\/\/www.saopaulo.sp.leg.br\/apartes-anteriores\/wp-json\/wp\/v2\/pages\/40080"}],"wp:attachment":[{"href":"https:\/\/www.saopaulo.sp.leg.br\/apartes-anteriores\/wp-json\/wp\/v2\/media?parent=40083"}],"curies":[{"name":"wp","href":"https:\/\/api.w.org\/{rel}","templated":true}]}}