{"id":39633,"date":"2017-03-27T17:13:21","date_gmt":"2017-03-27T20:13:21","guid":{"rendered":"http:\/\/www.saopaulo.sp.leg.br\/apartes-anteriores\/?page_id=39633"},"modified":"2017-04-03T15:27:26","modified_gmt":"2017-04-03T18:27:26","slug":"10-pioneiros-da-camara","status":"publish","type":"page","link":"https:\/\/www.saopaulo.sp.leg.br\/apartes-anteriores\/revista-apartes\/numero-23\/10-pioneiros-da-camara\/","title":{"rendered":"N\u00ba23 &#8211; CMSP 360"},"content":{"rendered":"<figure id=\"attachment_39671\" aria-describedby=\"caption-attachment-39671\" style=\"width: 640px\" class=\"wp-caption aligncenter\"><a href=\"http:\/\/www.saopaulo.sp.leg.br\/apartes-anteriores\/wp-content\/uploads\/sites\/9\/2017\/04\/revista_apartes_n23_36a.jpg\"><img loading=\"lazy\" decoding=\"async\" class=\"wp-image-39671 size-large\" src=\"http:\/\/www.saopaulo.sp.leg.br\/apartes-anteriores\/wp-content\/uploads\/sites\/9\/2017\/04\/revista_apartes_n23_36a-1024x674.jpg\" alt=\"\" width=\"640\" height=\"421\" srcset=\"https:\/\/www.saopaulo.sp.leg.br\/apartes-anteriores\/wp-content\/uploads\/sites\/9\/2017\/04\/revista_apartes_n23_36a-1024x674.jpg 1024w, https:\/\/www.saopaulo.sp.leg.br\/apartes-anteriores\/wp-content\/uploads\/sites\/9\/2017\/04\/revista_apartes_n23_36a-300x197.jpg 300w, https:\/\/www.saopaulo.sp.leg.br\/apartes-anteriores\/wp-content\/uploads\/sites\/9\/2017\/04\/revista_apartes_n23_36a-768x506.jpg 768w, https:\/\/www.saopaulo.sp.leg.br\/apartes-anteriores\/wp-content\/uploads\/sites\/9\/2017\/04\/revista_apartes_n23_36a.jpg 1750w\" sizes=\"auto, (max-width: 640px) 100vw, 640px\" \/><\/a><figcaption id=\"caption-attachment-39671\" class=\"wp-caption-text\">Clique na imagem para ampliar | Arte: Erick Paulino<\/figcaption><\/figure>\n","protected":false},"excerpt":{"rendered":"","protected":false},"author":109,"featured_media":0,"parent":39618,"menu_order":9,"comment_status":"closed","ping_status":"closed","template":"","meta":{"footnotes":""},"class_list":["post-39633","page","type-page","status-publish","hentry"],"meta_all":{"_edit_lock":["1491243933:109"],"_edit_last":["109"],"_wp_page_template":["default"],"_yoast_wpseo_opengraph-title":["Revista Apartes - CMSP 360\u00ba"],"_yoast_wpseo_opengraph-description":["Infogr\u00e1fico - 10 pioneiros da CMSP"],"_yoast_wpseo_twitter-title":["Revista Apartes - CMSP 360\u00ba"],"_yoast_wpseo_twitter-description":["Infogr\u00e1fico - 10 pioneiros da CMSP"],"_yoast_wpseo_content_score":["60"],"_cmsp_page_download-files":["a:1:{i:0;a:1:{s:4:\"type\";s:3:\"pdf\";}}"]},"yoast_head":"<!-- This site is optimized with the Yoast SEO plugin v27.4 - https:\/\/yoast.com\/product\/yoast-seo-wordpress\/ -->\n<title>N\u00ba23 - CMSP 360 - Revista Apartes (edi\u00e7\u00f5es anteriores)<\/title>\n<meta name=\"robots\" content=\"index, follow, max-snippet:-1, max-image-preview:large, max-video-preview:-1\" \/>\n<link rel=\"canonical\" href=\"https:\/\/www.saopaulo.sp.leg.br\/apartes-anteriores\/revista-apartes\/numero-23\/10-pioneiros-da-camara\/\" \/>\n<meta property=\"og:locale\" content=\"pt_BR\" \/>\n<meta property=\"og:type\" content=\"article\" \/>\n<meta property=\"og:title\" content=\"Revista Apartes - CMSP 360\u00ba\" \/>\n<meta property=\"og:description\" content=\"Infogr\u00e1fico - 10 pioneiros da CMSP\" \/>\n<meta property=\"og:url\" content=\"https:\/\/www.saopaulo.sp.leg.br\/apartes-anteriores\/revista-apartes\/numero-23\/10-pioneiros-da-camara\/\" \/>\n<meta property=\"og:site_name\" content=\"Revista Apartes (edi\u00e7\u00f5es anteriores)\" \/>\n<meta property=\"article:publisher\" content=\"https:\/\/www.facebook.com\/RevistaApartes\/\" \/>\n<meta property=\"article:modified_time\" content=\"2017-04-03T18:27:26+00:00\" \/>\n<meta property=\"og:image\" content=\"http:\/\/www.saopaulo.sp.leg.br\/apartes-anteriores\/wp-content\/uploads\/sites\/9\/2017\/04\/revista_apartes_n23_36a-1024x674.jpg\" \/>\n<meta name=\"twitter:card\" content=\"summary_large_image\" \/>\n<meta name=\"twitter:title\" content=\"Revista Apartes - CMSP 360\u00ba\" \/>\n<meta name=\"twitter:description\" content=\"Infogr\u00e1fico - 10 pioneiros da CMSP\" \/>\n<meta name=\"twitter:site\" content=\"@revistaapartes\" \/>\n<script type=\"application\/ld+json\" class=\"yoast-schema-graph\">{\"@context\":\"https:\\\/\\\/schema.org\",\"@graph\":[{\"@type\":\"WebPage\",\"@id\":\"https:\\\/\\\/www.saopaulo.sp.leg.br\\\/apartes-anteriores\\\/revista-apartes\\\/numero-23\\\/10-pioneiros-da-camara\\\/\",\"url\":\"https:\\\/\\\/www.saopaulo.sp.leg.br\\\/apartes-anteriores\\\/revista-apartes\\\/numero-23\\\/10-pioneiros-da-camara\\\/\",\"name\":\"N\u00ba23 - CMSP 360 - Revista Apartes (edi\u00e7\u00f5es anteriores)\",\"isPartOf\":{\"@id\":\"https:\\\/\\\/www.saopaulo.sp.leg.br\\\/apartes-anteriores\\\/#website\"},\"primaryImageOfPage\":{\"@id\":\"https:\\\/\\\/www.saopaulo.sp.leg.br\\\/apartes-anteriores\\\/revista-apartes\\\/numero-23\\\/10-pioneiros-da-camara\\\/#primaryimage\"},\"image\":{\"@id\":\"https:\\\/\\\/www.saopaulo.sp.leg.br\\\/apartes-anteriores\\\/revista-apartes\\\/numero-23\\\/10-pioneiros-da-camara\\\/#primaryimage\"},\"thumbnailUrl\":\"http:\\\/\\\/www.saopaulo.sp.leg.br\\\/apartes-anteriores\\\/wp-content\\\/uploads\\\/sites\\\/9\\\/2017\\\/04\\\/revista_apartes_n23_36a-1024x674.jpg\",\"datePublished\":\"2017-03-27T20:13:21+00:00\",\"dateModified\":\"2017-04-03T18:27:26+00:00\",\"breadcrumb\":{\"@id\":\"https:\\\/\\\/www.saopaulo.sp.leg.br\\\/apartes-anteriores\\\/revista-apartes\\\/numero-23\\\/10-pioneiros-da-camara\\\/#breadcrumb\"},\"inLanguage\":\"pt-BR\",\"potentialAction\":[{\"@type\":\"ReadAction\",\"target\":[\"https:\\\/\\\/www.saopaulo.sp.leg.br\\\/apartes-anteriores\\\/revista-apartes\\\/numero-23\\\/10-pioneiros-da-camara\\\/\"]}]},{\"@type\":\"ImageObject\",\"inLanguage\":\"pt-BR\",\"@id\":\"https:\\\/\\\/www.saopaulo.sp.leg.br\\\/apartes-anteriores\\\/revista-apartes\\\/numero-23\\\/10-pioneiros-da-camara\\\/#primaryimage\",\"url\":\"https:\\\/\\\/www.saopaulo.sp.leg.br\\\/apartes-anteriores\\\/wp-content\\\/uploads\\\/sites\\\/9\\\/2017\\\/04\\\/revista_apartes_n23_36a.jpg\",\"contentUrl\":\"https:\\\/\\\/www.saopaulo.sp.leg.br\\\/apartes-anteriores\\\/wp-content\\\/uploads\\\/sites\\\/9\\\/2017\\\/04\\\/revista_apartes_n23_36a.jpg\",\"width\":1750,\"height\":1152},{\"@type\":\"BreadcrumbList\",\"@id\":\"https:\\\/\\\/www.saopaulo.sp.leg.br\\\/apartes-anteriores\\\/revista-apartes\\\/numero-23\\\/10-pioneiros-da-camara\\\/#breadcrumb\",\"itemListElement\":[{\"@type\":\"ListItem\",\"position\":1,\"name\":\"Home\",\"item\":\"https:\\\/\\\/www.saopaulo.sp.leg.br\\\/apartes-anteriores\\\/\"},{\"@type\":\"ListItem\",\"position\":2,\"name\":\"Revista Apartes\",\"item\":\"https:\\\/\\\/www.saopaulo.sp.leg.br\\\/apartes-anteriores\\\/\"},{\"@type\":\"ListItem\",\"position\":3,\"name\":\"N\u00famero 23 &#8211; jan-fev\\\/2017\",\"item\":\"https:\\\/\\\/www.saopaulo.sp.leg.br\\\/apartes-anteriores\\\/revista-apartes\\\/numero-23\\\/\"},{\"@type\":\"ListItem\",\"position\":4,\"name\":\"N\u00ba23 &#8211; CMSP 360\"}]},{\"@type\":\"WebSite\",\"@id\":\"https:\\\/\\\/www.saopaulo.sp.leg.br\\\/apartes-anteriores\\\/#website\",\"url\":\"https:\\\/\\\/www.saopaulo.sp.leg.br\\\/apartes-anteriores\\\/\",\"name\":\"Revista Apartes (edi\u00e7\u00f5es anteriores)\",\"description\":\"Revista Apartes (edi\u00e7\u00f5es anteriores)\",\"potentialAction\":[{\"@type\":\"SearchAction\",\"target\":{\"@type\":\"EntryPoint\",\"urlTemplate\":\"https:\\\/\\\/www.saopaulo.sp.leg.br\\\/apartes-anteriores\\\/?s={search_term_string}\"},\"query-input\":{\"@type\":\"PropertyValueSpecification\",\"valueRequired\":true,\"valueName\":\"search_term_string\"}}],\"inLanguage\":\"pt-BR\"}]}<\/script>\n<!-- \/ Yoast SEO plugin. -->","yoast_head_json":{"title":"N\u00ba23 - CMSP 360 - Revista Apartes (edi\u00e7\u00f5es anteriores)","robots":{"index":"index","follow":"follow","max-snippet":"max-snippet:-1","max-image-preview":"max-image-preview:large","max-video-preview":"max-video-preview:-1"},"canonical":"https:\/\/www.saopaulo.sp.leg.br\/apartes-anteriores\/revista-apartes\/numero-23\/10-pioneiros-da-camara\/","og_locale":"pt_BR","og_type":"article","og_title":"Revista Apartes - CMSP 360\u00ba","og_description":"Infogr\u00e1fico - 10 pioneiros da CMSP","og_url":"https:\/\/www.saopaulo.sp.leg.br\/apartes-anteriores\/revista-apartes\/numero-23\/10-pioneiros-da-camara\/","og_site_name":"Revista Apartes (edi\u00e7\u00f5es anteriores)","article_publisher":"https:\/\/www.facebook.com\/RevistaApartes\/","article_modified_time":"2017-04-03T18:27:26+00:00","og_image":[{"url":"http:\/\/www.saopaulo.sp.leg.br\/apartes-anteriores\/wp-content\/uploads\/sites\/9\/2017\/04\/revista_apartes_n23_36a-1024x674.jpg","type":"","width":"","height":""}],"twitter_card":"summary_large_image","twitter_title":"Revista Apartes - CMSP 360\u00ba","twitter_description":"Infogr\u00e1fico - 10 pioneiros da CMSP","twitter_site":"@revistaapartes","schema":{"@context":"https:\/\/schema.org","@graph":[{"@type":"WebPage","@id":"https:\/\/www.saopaulo.sp.leg.br\/apartes-anteriores\/revista-apartes\/numero-23\/10-pioneiros-da-camara\/","url":"https:\/\/www.saopaulo.sp.leg.br\/apartes-anteriores\/revista-apartes\/numero-23\/10-pioneiros-da-camara\/","name":"N\u00ba23 - CMSP 360 - Revista Apartes (edi\u00e7\u00f5es anteriores)","isPartOf":{"@id":"https:\/\/www.saopaulo.sp.leg.br\/apartes-anteriores\/#website"},"primaryImageOfPage":{"@id":"https:\/\/www.saopaulo.sp.leg.br\/apartes-anteriores\/revista-apartes\/numero-23\/10-pioneiros-da-camara\/#primaryimage"},"image":{"@id":"https:\/\/www.saopaulo.sp.leg.br\/apartes-anteriores\/revista-apartes\/numero-23\/10-pioneiros-da-camara\/#primaryimage"},"thumbnailUrl":"http:\/\/www.saopaulo.sp.leg.br\/apartes-anteriores\/wp-content\/uploads\/sites\/9\/2017\/04\/revista_apartes_n23_36a-1024x674.jpg","datePublished":"2017-03-27T20:13:21+00:00","dateModified":"2017-04-03T18:27:26+00:00","breadcrumb":{"@id":"https:\/\/www.saopaulo.sp.leg.br\/apartes-anteriores\/revista-apartes\/numero-23\/10-pioneiros-da-camara\/#breadcrumb"},"inLanguage":"pt-BR","potentialAction":[{"@type":"ReadAction","target":["https:\/\/www.saopaulo.sp.leg.br\/apartes-anteriores\/revista-apartes\/numero-23\/10-pioneiros-da-camara\/"]}]},{"@type":"ImageObject","inLanguage":"pt-BR","@id":"https:\/\/www.saopaulo.sp.leg.br\/apartes-anteriores\/revista-apartes\/numero-23\/10-pioneiros-da-camara\/#primaryimage","url":"https:\/\/www.saopaulo.sp.leg.br\/apartes-anteriores\/wp-content\/uploads\/sites\/9\/2017\/04\/revista_apartes_n23_36a.jpg","contentUrl":"https:\/\/www.saopaulo.sp.leg.br\/apartes-anteriores\/wp-content\/uploads\/sites\/9\/2017\/04\/revista_apartes_n23_36a.jpg","width":1750,"height":1152},{"@type":"BreadcrumbList","@id":"https:\/\/www.saopaulo.sp.leg.br\/apartes-anteriores\/revista-apartes\/numero-23\/10-pioneiros-da-camara\/#breadcrumb","itemListElement":[{"@type":"ListItem","position":1,"name":"Home","item":"https:\/\/www.saopaulo.sp.leg.br\/apartes-anteriores\/"},{"@type":"ListItem","position":2,"name":"Revista Apartes","item":"https:\/\/www.saopaulo.sp.leg.br\/apartes-anteriores\/"},{"@type":"ListItem","position":3,"name":"N\u00famero 23 &#8211; jan-fev\/2017","item":"https:\/\/www.saopaulo.sp.leg.br\/apartes-anteriores\/revista-apartes\/numero-23\/"},{"@type":"ListItem","position":4,"name":"N\u00ba23 &#8211; CMSP 360"}]},{"@type":"WebSite","@id":"https:\/\/www.saopaulo.sp.leg.br\/apartes-anteriores\/#website","url":"https:\/\/www.saopaulo.sp.leg.br\/apartes-anteriores\/","name":"Revista Apartes (edi\u00e7\u00f5es anteriores)","description":"Revista Apartes (edi\u00e7\u00f5es anteriores)","potentialAction":[{"@type":"SearchAction","target":{"@type":"EntryPoint","urlTemplate":"https:\/\/www.saopaulo.sp.leg.br\/apartes-anteriores\/?s={search_term_string}"},"query-input":{"@type":"PropertyValueSpecification","valueRequired":true,"valueName":"search_term_string"}}],"inLanguage":"pt-BR"}]}},"_links":{"self":[{"href":"https:\/\/www.saopaulo.sp.leg.br\/apartes-anteriores\/wp-json\/wp\/v2\/pages\/39633","targetHints":{"allow":["GET"]}}],"collection":[{"href":"https:\/\/www.saopaulo.sp.leg.br\/apartes-anteriores\/wp-json\/wp\/v2\/pages"}],"about":[{"href":"https:\/\/www.saopaulo.sp.leg.br\/apartes-anteriores\/wp-json\/wp\/v2\/types\/page"}],"author":[{"embeddable":true,"href":"https:\/\/www.saopaulo.sp.leg.br\/apartes-anteriores\/wp-json\/wp\/v2\/users\/109"}],"replies":[{"embeddable":true,"href":"https:\/\/www.saopaulo.sp.leg.br\/apartes-anteriores\/wp-json\/wp\/v2\/comments?post=39633"}],"version-history":[{"count":0,"href":"https:\/\/www.saopaulo.sp.leg.br\/apartes-anteriores\/wp-json\/wp\/v2\/pages\/39633\/revisions"}],"up":[{"embeddable":true,"href":"https:\/\/www.saopaulo.sp.leg.br\/apartes-anteriores\/wp-json\/wp\/v2\/pages\/39618"}],"wp:attachment":[{"href":"https:\/\/www.saopaulo.sp.leg.br\/apartes-anteriores\/wp-json\/wp\/v2\/media?parent=39633"}],"curies":[{"name":"wp","href":"https:\/\/api.w.org\/{rel}","templated":true}]}}