{"id":39599,"date":"2017-03-27T15:43:26","date_gmt":"2017-03-27T18:43:26","guid":{"rendered":"http:\/\/www.saopaulo.sp.leg.br\/apartes-anteriores\/?page_id=39599"},"modified":"2017-03-28T19:29:47","modified_gmt":"2017-03-28T22:29:47","slug":"livros-pra-juventude","status":"publish","type":"page","link":"https:\/\/www.saopaulo.sp.leg.br\/apartes-anteriores\/revista-apartes\/numero-23\/livros-pra-juventude\/","title":{"rendered":"N\u00ba23 \u2013 Desarquivando"},"content":{"rendered":"<h1><span style=\"color: #993300\"><strong>Livros pra juventude<\/strong><\/span><\/h1>\n<h2>Logo que a literatura infantojuvenil brasileira surgiu, CMSP foi procurada por escritores para que obras do g\u00eanero fossem distribu\u00eddas nas escolas<\/h2>\n<p><strong>Rodrigo Garcia<\/strong> | rodrigogarcia@saopaulo.sp.leg.br<\/p>\n<p>&nbsp;<\/p>\n<figure id=\"attachment_39504\" aria-describedby=\"caption-attachment-39504\" style=\"width: 640px\" class=\"wp-caption aligncenter\"><a href=\"http:\/\/www.saopaulo.sp.leg.br\/apartes-anteriores\/wp-content\/uploads\/sites\/9\/2017\/03\/revista_apartes_n23_40.jpg\"><img loading=\"lazy\" decoding=\"async\" class=\"size-large wp-image-39504\" src=\"http:\/\/www.saopaulo.sp.leg.br\/apartes-anteriores\/wp-content\/uploads\/sites\/9\/2017\/03\/revista_apartes_n23_40-1024x832.jpg\" alt=\"\" width=\"640\" height=\"520\" srcset=\"https:\/\/www.saopaulo.sp.leg.br\/apartes-anteriores\/wp-content\/uploads\/sites\/9\/2017\/03\/revista_apartes_n23_40-1024x832.jpg 1024w, https:\/\/www.saopaulo.sp.leg.br\/apartes-anteriores\/wp-content\/uploads\/sites\/9\/2017\/03\/revista_apartes_n23_40-300x244.jpg 300w, https:\/\/www.saopaulo.sp.leg.br\/apartes-anteriores\/wp-content\/uploads\/sites\/9\/2017\/03\/revista_apartes_n23_40-768x624.jpg 768w, https:\/\/www.saopaulo.sp.leg.br\/apartes-anteriores\/wp-content\/uploads\/sites\/9\/2017\/03\/revista_apartes_n23_40.jpg 1100w\" sizes=\"auto, (max-width: 640px) 100vw, 640px\" \/><\/a><figcaption id=\"caption-attachment-39504\" class=\"wp-caption-text\">IN\u00cdCIO &#8211; Capa de um dos primeiros livros infantis brasileiros, oferecido \u00e0 CMSP | Imagem: Reprodu\u00e7\u00e3o<\/figcaption><\/figure>\n<p>&nbsp;<\/p>\n<p>A literatura infantojuvenil brasileira ainda engatinhava nas primeiras d\u00e9cadas do s\u00e9culo 20. Em 1910, o poeta Olavo Bilac e o educador Manoel Bomfim lan\u00e7aram o livro <em>Atrav\u00e9s do Brasil<\/em>, um dos primeiros sucessos do segmento. Dez anos depois, Monteiro Lobato publicou <em>A menina do narizinho arrebitado<\/em>, que passou a ser o primeiro cap\u00edtulo da obra <em>Reina\u00e7\u00f5es de Narizinho<\/em> e se tornou um cl\u00e1ssico. Na \u00e9poca, a C\u00e2mara Municipal de S\u00e3o Paulo (CMSP) foi procurada por autores que escreviam para os jovens e queriam divulgar essas obras.<\/p>\n<p>Em 1\u00ba de dezembro de 1917, o professor, jornalista e poeta Alvaro Maria d\u2019Almada Guerra protocolou um of\u00edcio manuscrito destinado ao ent\u00e3o presidente da CMSP, Raymundo da Silva Duprat (o bar\u00e3o de Duprat), e aos outros vereadores informando que havia publicado <em>Palestras com a mocidade,<\/em> \u201clivro de car\u00e1ter did\u00e1tico e propaganda nacionalista\u201d. O autor solicitava que a C\u00e2mara comprasse mil exemplares para ajudar no pagamento da edi\u00e7\u00e3o e que a obra fosse distribu\u00edda entre alunos e professores de S\u00e3o Paulo. Hoje, esse processo e um exemplar do livro fazem parte do acervo do Arquivo Geral da CMSP. A obra pode ser acessada no <a href=\"https:\/\/goo.gl\/09Qak1\">Portal da CMSP<\/a><em>.<\/em><\/p>\n<p>Aos 49 anos, Alvaro Guerra, nascido em Pira\u00ed (RJ), era um nome conhecido no meio liter\u00e1rio. J\u00e1 havia publicado, por exemplo, <em>No lar<\/em> e <em>P\u00e1ginas crist\u00e3s<\/em>. Em 1909, foi um dos fundadores da Academia Paulista de Letras (APL). <em>Palestras com a mocidade<\/em> \u00e9 um livro de 128 p\u00e1ginas dedicado \u00e0 juventude brasileira. O autor explicou por que resolveu escrev\u00ea-lo citando o pol\u00edtico romano C\u00edcero: \u201cque servi\u00e7o mais relevante podemos prestar \u00e0 Rep\u00fablica do que ensinar e instruir a mocidade?\u201d. Segundo Guerra, \u201cser mo\u00e7o \u00e9 ser forte, nobre, generoso e justo, \u00e9 ter todos os sonhos de justi\u00e7a\u201d.<\/p>\n<table style=\"background-color: #eee !important\">\n<tbody>\n<tr>\n<td width=\"576\"><a href=\"http:\/\/www.saopaulo.sp.leg.br\/apartes-anteriores\/wp-content\/uploads\/sites\/9\/2017\/03\/revista_apartes_n23_35.jpg\"><img loading=\"lazy\" decoding=\"async\" class=\"aligncenter size-large wp-image-39499\" src=\"http:\/\/www.saopaulo.sp.leg.br\/apartes-anteriores\/wp-content\/uploads\/sites\/9\/2017\/03\/revista_apartes_n23_35-778x1024.jpg\" alt=\"\" width=\"640\" height=\"842\" srcset=\"https:\/\/www.saopaulo.sp.leg.br\/apartes-anteriores\/wp-content\/uploads\/sites\/9\/2017\/03\/revista_apartes_n23_35-778x1024.jpg 778w, https:\/\/www.saopaulo.sp.leg.br\/apartes-anteriores\/wp-content\/uploads\/sites\/9\/2017\/03\/revista_apartes_n23_35-228x300.jpg 228w, https:\/\/www.saopaulo.sp.leg.br\/apartes-anteriores\/wp-content\/uploads\/sites\/9\/2017\/03\/revista_apartes_n23_35-768x1011.jpg 768w, https:\/\/www.saopaulo.sp.leg.br\/apartes-anteriores\/wp-content\/uploads\/sites\/9\/2017\/03\/revista_apartes_n23_35.jpg 1138w\" sizes=\"auto, (max-width: 640px) 100vw, 640px\" \/><\/a><\/p>\n<p><figure id=\"attachment_39497\" aria-describedby=\"caption-attachment-39497\" style=\"width: 640px\" class=\"wp-caption aligncenter\"><a href=\"http:\/\/www.saopaulo.sp.leg.br\/apartes-anteriores\/wp-content\/uploads\/sites\/9\/2017\/03\/revista_apartes_n23_33.jpg\"><img loading=\"lazy\" decoding=\"async\" class=\"wp-image-39497 size-large\" src=\"http:\/\/www.saopaulo.sp.leg.br\/apartes-anteriores\/wp-content\/uploads\/sites\/9\/2017\/03\/revista_apartes_n23_33-1024x674.jpg\" alt=\"\" width=\"640\" height=\"421\" srcset=\"https:\/\/www.saopaulo.sp.leg.br\/apartes-anteriores\/wp-content\/uploads\/sites\/9\/2017\/03\/revista_apartes_n23_33-1024x674.jpg 1024w, https:\/\/www.saopaulo.sp.leg.br\/apartes-anteriores\/wp-content\/uploads\/sites\/9\/2017\/03\/revista_apartes_n23_33-300x198.jpg 300w, https:\/\/www.saopaulo.sp.leg.br\/apartes-anteriores\/wp-content\/uploads\/sites\/9\/2017\/03\/revista_apartes_n23_33-768x506.jpg 768w\" sizes=\"auto, (max-width: 640px) 100vw, 640px\" \/><\/a><figcaption id=\"caption-attachment-39497\" class=\"wp-caption-text\">IMORTAL &#8211; Alvaro Guerra foi um dos fundadores da Academia Paulista de Letras. Na p\u00e1gina ao lado, capa do livro que ofereceu \u00e0 CMSP | Imagens: Reprodu\u00e7\u00e3o<\/figcaption><\/figure><\/td>\n<\/tr>\n<\/tbody>\n<\/table>\n<p>&nbsp;<\/p>\n<p>O livro oferecido \u00e0 C\u00e2mara Municipal \u00e9 composto por aulas sobre literatura nacional, geralmente com an\u00e1lises sobre escritores. Guerra conta que Castro Alves, conhecido como o poeta dos escravos por ter defendido a aboli\u00e7\u00e3o da escravatura, tinha \u201ca fronte ampla aureolada por linda cabeleira rom\u00e2ntica\u201d e que a multid\u00e3o que o ouvia admirava tanto a qualidade de seus versos quanto a forma como discursava.<\/p>\n<p>O autor tamb\u00e9m mostra sua satisfa\u00e7\u00e3o ao ver meninos na Pra\u00e7a da Rep\u00fablica, no Centro de S\u00e3o Paulo, que admiravam o busto do escritor \u00c1lvares de Azevedo. \u201cCom prazer verifiquei que aquelas crian\u00e7as j\u00e1 conheciam o nome do poeta, j\u00e1 citavam algumas de suas produ\u00e7\u00f5es\u201d, afirma. Ele encerra o livro com uma declara\u00e7\u00e3o de confian\u00e7a no futuro do Pa\u00eds: \u201camemos o que \u00e9 nosso, s\u00f3 assim daremos a este MUITO NOSSO Brasil o pouco que ainda lhe falta para que ele n\u00e3o mais se figure aos povos civilizados como um pa\u00eds de bugres ou de s\u00edmios\u201d.<\/p>\n<p>O pedido de Guerra seguiu para a Comiss\u00e3o de Finan\u00e7as e foi encaminhado \u00e0 Prefeitura. L\u00e1, o livro chegou \u00e0s m\u00e3os de um funcion\u00e1rio que leu a obra e fez cr\u00edticas positivas, em um despacho manuscrito ao diretor-geral do \u00f3rg\u00e3o: \u201co livro \u00e9, ao mesmo tempo, interessante e \u00fatil, quer como obra did\u00e1tico-liter\u00e1ria, quer como bem orientado meio de propaganda nacionalista\u201d. A conclus\u00e3o do despacho defende a distribui\u00e7\u00e3o dos exemplares, pois \u201cesses mo\u00e7os precisam ler livros assim \u2013 de doutrina s\u00e3, elevada, nobremente patri\u00f3tica\u201d.<\/p>\n<p>Em of\u00edcio de 15 de junho de 1920, destinado \u00e0 Presid\u00eancia da CMSP, o prefeito Firmiano Morais Pinto tamb\u00e9m fez boas cr\u00edticas \u00e0 obra. Mas ressaltou que a disponibiliza\u00e7\u00e3o \u201c\u00e0s escolas, linha de tiro [treinamento militar para jovens, atualmente mais conhecido como Tiro de Guerra] e outras sociedades deve competir mais ao Estado do que \u00e0 Municipalidade\u201d.<\/p>\n<p>A discuss\u00e3o sobre a compra e distribui\u00e7\u00e3o do livro continuou na CMSP. Em 5 de fevereiro de 1921, os vereadores Raymundo da Silva Duprat, que j\u00e1 tinha sido prefeito, e Luciano Gualberto apresentaram uma proposta que autorizava a Prefeitura a adquirir mil exemplares para distribuir entre alunos e professores das escolas instaladas no Munic\u00edpio. Quando a proposta chegou \u00e0s comiss\u00f5es de Justi\u00e7a e de Finan\u00e7as, ficou decidido que a compra dos livros n\u00e3o deveria ser autorizada pelo prefeito, mas sim pelo presidente da CMSP, e a compra foi permitida.<\/p>\n<p>Alvaro Guerra morreu em 1942 e, indiretamente, continua a estimular o h\u00e1bito de leitura entre os jovens, pois desde 1973 \u00e9 nome de uma biblioteca p\u00fablica municipal em Pinheiros, zona oeste de S\u00e3o Paulo.<\/p>\n<h3><strong>Li\u00e7\u00f5es e conselhos<\/strong><\/h3>\n<p>Tamb\u00e9m na d\u00e9cada de 20 do s\u00e9culo passado, outro escritor infantojuvenil, Jos\u00e9 Corr\u00eaa da Silva Junior, procurou os vereadores para oferecer 500 exemplares de seu livro <em>A alegria de ser crian\u00e7a<\/em>, para que fossem comprados pela C\u00e2mara e distribu\u00eddos entre os alunos das escolas subvencionadas pelo Munic\u00edpio.<\/p>\n<p>Em um requerimento manuscrito, datado de 1\u00ba de abril de 1929 e que est\u00e1 no Arquivo Geral da CMSP, Corr\u00eaa Junior cita o \u201calto prop\u00f3sito que preocupa o esp\u00edrito dos atuais legisladores municipais, de pugnar [lutar] em defesa da educa\u00e7\u00e3o intelectual e moral das crian\u00e7as paulistas, dotando-as com elementos necess\u00e1rios \u00e0 consecu\u00e7\u00e3o [conquista] de t\u00e3o nobre fim\u201d. O requerente tamb\u00e9m afirma que livros infantis levam aos menores \u201censinamentos que concorrer\u00e3o para torn\u00e1-los perfeitos como cidad\u00e3os\u201d.<\/p>\n<figure id=\"attachment_39498\" aria-describedby=\"caption-attachment-39498\" style=\"width: 640px\" class=\"wp-caption aligncenter\"><a href=\"http:\/\/www.saopaulo.sp.leg.br\/apartes-anteriores\/wp-content\/uploads\/sites\/9\/2017\/03\/revista_apartes_n23_34.jpg\"><img loading=\"lazy\" decoding=\"async\" class=\"size-large wp-image-39498\" src=\"http:\/\/www.saopaulo.sp.leg.br\/apartes-anteriores\/wp-content\/uploads\/sites\/9\/2017\/03\/revista_apartes_n23_34-1024x719.jpg\" alt=\"\" width=\"640\" height=\"449\" srcset=\"https:\/\/www.saopaulo.sp.leg.br\/apartes-anteriores\/wp-content\/uploads\/sites\/9\/2017\/03\/revista_apartes_n23_34-1024x719.jpg 1024w, https:\/\/www.saopaulo.sp.leg.br\/apartes-anteriores\/wp-content\/uploads\/sites\/9\/2017\/03\/revista_apartes_n23_34-300x211.jpg 300w, https:\/\/www.saopaulo.sp.leg.br\/apartes-anteriores\/wp-content\/uploads\/sites\/9\/2017\/03\/revista_apartes_n23_34-768x539.jpg 768w, https:\/\/www.saopaulo.sp.leg.br\/apartes-anteriores\/wp-content\/uploads\/sites\/9\/2017\/03\/revista_apartes_n23_34.jpg 1845w\" sizes=\"auto, (max-width: 640px) 100vw, 640px\" \/><\/a><figcaption id=\"caption-attachment-39498\" class=\"wp-caption-text\">BRINCADEIRA &#8211; Anedotas do livro A alegria de ser crian\u00e7a | Imagens: Reprodu\u00e7\u00e3o<\/figcaption><\/figure>\n<p>&nbsp;<\/p>\n<p>A <em>alegria de ser crian\u00e7a<\/em>, com 54 p\u00e1ginas e 20 ilustra\u00e7\u00f5es, traz poesias, f\u00e1bulas e cr\u00f4nicas com ensinamentos c\u00edvicos e \u00e9ticos. Alguns dos temas s\u00e3o v\u00e1lidos ainda hoje, como o respeito aos pais, ao meio ambiente e ao local onde se vive. Por exemplo, no cap\u00edtulo <em>S\u00e3o Paulo<\/em>, Corr\u00eaa Junior propaga: \u201cama com orgulho a tua cidade. N\u00e3o s\u00f3 pela grandeza f\u00edsica, pelo seu extraordin\u00e1rio progresso material \u2013 mais ainda e, sobretudo, pela poesia de seu destino\u201d.<\/p>\n<p>H\u00e1, entretanto, algumas li\u00e7\u00f5es antiquadas para os dias atuais. Enquanto muitas obras infantis contempor\u00e2neas defendem a liberdade, a criatividade e ousadia, na f\u00e1bula <em>O len\u00e7o de seda e o len\u00e7o de algod\u00e3o<\/em>, a moral \u00e9 \u201cquem diz o que quer, ouve o que n\u00e3o quer\u201d. J\u00e1 em <em>A pedra que queria imitar a montanha<\/em>, a conclus\u00e3o \u00e9 \u201cn\u00e3o desejes sen\u00e3o o que estiver ao teu alcance\u201d.<\/p>\n<p>O livro traz, tamb\u00e9m, prele\u00e7\u00f5es sobre quest\u00f5es sociais. No poema <em>Conselhos a um estudante pobre<\/em>, Corr\u00eaa Junior afirma que tanto o rico quanto o pobre t\u00eam motivos para se orgulhar, pois se o pobre \u00e9 grande no trabalho, o rico \u00e9 grande pela caridade. E conclui: \u201cse \u00e9s pobre, s\u00ea feliz, bendize o teu destino, s\u00ea risonho!\u201d.<\/p>\n<p>O requerimento de aquisi\u00e7\u00e3o foi encaminhado \u00e0s comiss\u00f5es de Justi\u00e7a e de Finan\u00e7as. Ambas autorizaram o presidente da CMSP, Luiz Antonio Pereira da Fonceca, a realizar a compra, sob a alega\u00e7\u00e3o de que \u201co livro citado tem obtido merecidos elogios tanto da imprensa como de educadores e intelectuais paulistas\u201d.<\/p>\n<p>Em 27 de abril de 1929, Fonceca determinou a compra. Um exemplar do livro foi anexado ao processo e pode ser acessado no <a href=\"https:\/\/goo.gl\/VEUk2o\">Portal da C\u00e2mara<\/a>.<\/p>\n<p>Em 1965, Corr\u00eaa Junior, alagoano de Pilar que morava em S\u00e3o Paulo desde os 18 anos, recebeu o T\u00edtulo de Cidad\u00e3o Paulistano, proposto pelo vereador Pedro Geraldo Costa.<\/p>\n","protected":false},"excerpt":{"rendered":"<p>Livros pra juventude Logo que a literatura infantojuvenil brasileira surgiu, CMSP foi procurada por escritores para que obras do g\u00eanero fossem distribu\u00eddas nas escolas Rodrigo Garcia | rodrigogarcia@saopaulo.sp.leg.br &nbsp; &nbsp; A literatura infantojuvenil brasileira ainda engatinhava nas primeiras d\u00e9cadas do s\u00e9culo 20. Em 1910, o poeta Olavo Bilac e o educador Manoel Bomfim lan\u00e7aram o [&hellip;]<\/p>\n","protected":false},"author":109,"featured_media":0,"parent":39618,"menu_order":8,"comment_status":"closed","ping_status":"closed","template":"","meta":{"footnotes":""},"class_list":["post-39599","page","type-page","status-publish","hentry"],"meta_all":{"_edit_lock":["1490740218:109"],"_edit_last":["109"],"_wp_page_template":["default"],"_yoast_wpseo_content_score":["30"],"_cmsp_page_download-files":["a:1:{i:0;a:1:{s:4:\"type\";s:3:\"pdf\";}}"],"_yoast_wpseo_opengraph-title":["Livros pra juventude"],"_yoast_wpseo_opengraph-description":["Logo que a literatura infantojuvenil brasileira surgiu, CMSP foi procurada por escritores para que obras do g\u00eanero fossem distribu\u00eddas nas escolas"],"_yoast_wpseo_twitter-title":["Livros pra juventude"],"_yoast_wpseo_twitter-description":["Logo que a literatura infantojuvenil brasileira surgiu, CMSP foi procurada por escritores para que obras do g\u00eanero fossem distribu\u00eddas nas escolas"]},"yoast_head":"<!-- This site is optimized with the Yoast SEO plugin v27.4 - https:\/\/yoast.com\/product\/yoast-seo-wordpress\/ -->\n<title>N\u00ba23 \u2013 Desarquivando - Revista Apartes (edi\u00e7\u00f5es anteriores)<\/title>\n<meta name=\"robots\" content=\"index, follow, max-snippet:-1, max-image-preview:large, max-video-preview:-1\" \/>\n<link rel=\"canonical\" href=\"https:\/\/www.saopaulo.sp.leg.br\/apartes-anteriores\/revista-apartes\/numero-23\/livros-pra-juventude\/\" \/>\n<meta property=\"og:locale\" content=\"pt_BR\" \/>\n<meta property=\"og:type\" content=\"article\" \/>\n<meta property=\"og:title\" content=\"Livros pra juventude\" \/>\n<meta property=\"og:description\" content=\"Logo que a literatura infantojuvenil brasileira surgiu, CMSP foi procurada por escritores para que obras do g\u00eanero fossem distribu\u00eddas nas escolas\" \/>\n<meta property=\"og:url\" content=\"https:\/\/www.saopaulo.sp.leg.br\/apartes-anteriores\/revista-apartes\/numero-23\/livros-pra-juventude\/\" \/>\n<meta property=\"og:site_name\" content=\"Revista Apartes (edi\u00e7\u00f5es anteriores)\" \/>\n<meta property=\"article:publisher\" content=\"https:\/\/www.facebook.com\/RevistaApartes\/\" \/>\n<meta property=\"article:modified_time\" content=\"2017-03-28T22:29:47+00:00\" \/>\n<meta property=\"og:image\" content=\"http:\/\/www.saopaulo.sp.leg.br\/apartes-anteriores\/wp-content\/uploads\/sites\/9\/2017\/03\/revista_apartes_n23_40-1024x832.jpg\" \/>\n<meta name=\"twitter:card\" content=\"summary_large_image\" \/>\n<meta name=\"twitter:title\" content=\"Livros pra juventude\" \/>\n<meta name=\"twitter:description\" content=\"Logo que a literatura infantojuvenil brasileira surgiu, CMSP foi procurada por escritores para que obras do g\u00eanero fossem distribu\u00eddas nas escolas\" \/>\n<meta name=\"twitter:site\" content=\"@revistaapartes\" \/>\n<meta name=\"twitter:label1\" content=\"Est. tempo de leitura\" \/>\n\t<meta name=\"twitter:data1\" content=\"7 minutos\" \/>\n<script type=\"application\/ld+json\" class=\"yoast-schema-graph\">{\"@context\":\"https:\\\/\\\/schema.org\",\"@graph\":[{\"@type\":\"WebPage\",\"@id\":\"https:\\\/\\\/www.saopaulo.sp.leg.br\\\/apartes-anteriores\\\/revista-apartes\\\/numero-23\\\/livros-pra-juventude\\\/\",\"url\":\"https:\\\/\\\/www.saopaulo.sp.leg.br\\\/apartes-anteriores\\\/revista-apartes\\\/numero-23\\\/livros-pra-juventude\\\/\",\"name\":\"N\u00ba23 \u2013 Desarquivando - Revista Apartes (edi\u00e7\u00f5es anteriores)\",\"isPartOf\":{\"@id\":\"https:\\\/\\\/www.saopaulo.sp.leg.br\\\/apartes-anteriores\\\/#website\"},\"primaryImageOfPage\":{\"@id\":\"https:\\\/\\\/www.saopaulo.sp.leg.br\\\/apartes-anteriores\\\/revista-apartes\\\/numero-23\\\/livros-pra-juventude\\\/#primaryimage\"},\"image\":{\"@id\":\"https:\\\/\\\/www.saopaulo.sp.leg.br\\\/apartes-anteriores\\\/revista-apartes\\\/numero-23\\\/livros-pra-juventude\\\/#primaryimage\"},\"thumbnailUrl\":\"http:\\\/\\\/www.saopaulo.sp.leg.br\\\/apartes-anteriores\\\/wp-content\\\/uploads\\\/sites\\\/9\\\/2017\\\/03\\\/revista_apartes_n23_40-1024x832.jpg\",\"datePublished\":\"2017-03-27T18:43:26+00:00\",\"dateModified\":\"2017-03-28T22:29:47+00:00\",\"breadcrumb\":{\"@id\":\"https:\\\/\\\/www.saopaulo.sp.leg.br\\\/apartes-anteriores\\\/revista-apartes\\\/numero-23\\\/livros-pra-juventude\\\/#breadcrumb\"},\"inLanguage\":\"pt-BR\",\"potentialAction\":[{\"@type\":\"ReadAction\",\"target\":[\"https:\\\/\\\/www.saopaulo.sp.leg.br\\\/apartes-anteriores\\\/revista-apartes\\\/numero-23\\\/livros-pra-juventude\\\/\"]}]},{\"@type\":\"ImageObject\",\"inLanguage\":\"pt-BR\",\"@id\":\"https:\\\/\\\/www.saopaulo.sp.leg.br\\\/apartes-anteriores\\\/revista-apartes\\\/numero-23\\\/livros-pra-juventude\\\/#primaryimage\",\"url\":\"https:\\\/\\\/www.saopaulo.sp.leg.br\\\/apartes-anteriores\\\/wp-content\\\/uploads\\\/sites\\\/9\\\/2017\\\/03\\\/revista_apartes_n23_40.jpg\",\"contentUrl\":\"https:\\\/\\\/www.saopaulo.sp.leg.br\\\/apartes-anteriores\\\/wp-content\\\/uploads\\\/sites\\\/9\\\/2017\\\/03\\\/revista_apartes_n23_40.jpg\",\"width\":1100,\"height\":894,\"caption\":\"IN\u00cdCIO - Capa de um dos primeiros livros infantis brasileiros, oferecido \u00e0 CMSP | Imagem: Reprodu\u00e7\u00e3o\"},{\"@type\":\"BreadcrumbList\",\"@id\":\"https:\\\/\\\/www.saopaulo.sp.leg.br\\\/apartes-anteriores\\\/revista-apartes\\\/numero-23\\\/livros-pra-juventude\\\/#breadcrumb\",\"itemListElement\":[{\"@type\":\"ListItem\",\"position\":1,\"name\":\"Home\",\"item\":\"https:\\\/\\\/www.saopaulo.sp.leg.br\\\/apartes-anteriores\\\/\"},{\"@type\":\"ListItem\",\"position\":2,\"name\":\"Revista Apartes\",\"item\":\"https:\\\/\\\/www.saopaulo.sp.leg.br\\\/apartes-anteriores\\\/\"},{\"@type\":\"ListItem\",\"position\":3,\"name\":\"N\u00famero 23 &#8211; jan-fev\\\/2017\",\"item\":\"https:\\\/\\\/www.saopaulo.sp.leg.br\\\/apartes-anteriores\\\/revista-apartes\\\/numero-23\\\/\"},{\"@type\":\"ListItem\",\"position\":4,\"name\":\"N\u00ba23 \u2013 Desarquivando\"}]},{\"@type\":\"WebSite\",\"@id\":\"https:\\\/\\\/www.saopaulo.sp.leg.br\\\/apartes-anteriores\\\/#website\",\"url\":\"https:\\\/\\\/www.saopaulo.sp.leg.br\\\/apartes-anteriores\\\/\",\"name\":\"Revista Apartes (edi\u00e7\u00f5es anteriores)\",\"description\":\"Revista Apartes (edi\u00e7\u00f5es anteriores)\",\"potentialAction\":[{\"@type\":\"SearchAction\",\"target\":{\"@type\":\"EntryPoint\",\"urlTemplate\":\"https:\\\/\\\/www.saopaulo.sp.leg.br\\\/apartes-anteriores\\\/?s={search_term_string}\"},\"query-input\":{\"@type\":\"PropertyValueSpecification\",\"valueRequired\":true,\"valueName\":\"search_term_string\"}}],\"inLanguage\":\"pt-BR\"}]}<\/script>\n<!-- \/ Yoast SEO plugin. -->","yoast_head_json":{"title":"N\u00ba23 \u2013 Desarquivando - Revista Apartes (edi\u00e7\u00f5es anteriores)","robots":{"index":"index","follow":"follow","max-snippet":"max-snippet:-1","max-image-preview":"max-image-preview:large","max-video-preview":"max-video-preview:-1"},"canonical":"https:\/\/www.saopaulo.sp.leg.br\/apartes-anteriores\/revista-apartes\/numero-23\/livros-pra-juventude\/","og_locale":"pt_BR","og_type":"article","og_title":"Livros pra juventude","og_description":"Logo que a literatura infantojuvenil brasileira surgiu, CMSP foi procurada por escritores para que obras do g\u00eanero fossem distribu\u00eddas nas escolas","og_url":"https:\/\/www.saopaulo.sp.leg.br\/apartes-anteriores\/revista-apartes\/numero-23\/livros-pra-juventude\/","og_site_name":"Revista Apartes (edi\u00e7\u00f5es anteriores)","article_publisher":"https:\/\/www.facebook.com\/RevistaApartes\/","article_modified_time":"2017-03-28T22:29:47+00:00","og_image":[{"url":"http:\/\/www.saopaulo.sp.leg.br\/apartes-anteriores\/wp-content\/uploads\/sites\/9\/2017\/03\/revista_apartes_n23_40-1024x832.jpg","type":"","width":"","height":""}],"twitter_card":"summary_large_image","twitter_title":"Livros pra juventude","twitter_description":"Logo que a literatura infantojuvenil brasileira surgiu, CMSP foi procurada por escritores para que obras do g\u00eanero fossem distribu\u00eddas nas escolas","twitter_site":"@revistaapartes","twitter_misc":{"Est. tempo de leitura":"7 minutos"},"schema":{"@context":"https:\/\/schema.org","@graph":[{"@type":"WebPage","@id":"https:\/\/www.saopaulo.sp.leg.br\/apartes-anteriores\/revista-apartes\/numero-23\/livros-pra-juventude\/","url":"https:\/\/www.saopaulo.sp.leg.br\/apartes-anteriores\/revista-apartes\/numero-23\/livros-pra-juventude\/","name":"N\u00ba23 \u2013 Desarquivando - Revista Apartes (edi\u00e7\u00f5es anteriores)","isPartOf":{"@id":"https:\/\/www.saopaulo.sp.leg.br\/apartes-anteriores\/#website"},"primaryImageOfPage":{"@id":"https:\/\/www.saopaulo.sp.leg.br\/apartes-anteriores\/revista-apartes\/numero-23\/livros-pra-juventude\/#primaryimage"},"image":{"@id":"https:\/\/www.saopaulo.sp.leg.br\/apartes-anteriores\/revista-apartes\/numero-23\/livros-pra-juventude\/#primaryimage"},"thumbnailUrl":"http:\/\/www.saopaulo.sp.leg.br\/apartes-anteriores\/wp-content\/uploads\/sites\/9\/2017\/03\/revista_apartes_n23_40-1024x832.jpg","datePublished":"2017-03-27T18:43:26+00:00","dateModified":"2017-03-28T22:29:47+00:00","breadcrumb":{"@id":"https:\/\/www.saopaulo.sp.leg.br\/apartes-anteriores\/revista-apartes\/numero-23\/livros-pra-juventude\/#breadcrumb"},"inLanguage":"pt-BR","potentialAction":[{"@type":"ReadAction","target":["https:\/\/www.saopaulo.sp.leg.br\/apartes-anteriores\/revista-apartes\/numero-23\/livros-pra-juventude\/"]}]},{"@type":"ImageObject","inLanguage":"pt-BR","@id":"https:\/\/www.saopaulo.sp.leg.br\/apartes-anteriores\/revista-apartes\/numero-23\/livros-pra-juventude\/#primaryimage","url":"https:\/\/www.saopaulo.sp.leg.br\/apartes-anteriores\/wp-content\/uploads\/sites\/9\/2017\/03\/revista_apartes_n23_40.jpg","contentUrl":"https:\/\/www.saopaulo.sp.leg.br\/apartes-anteriores\/wp-content\/uploads\/sites\/9\/2017\/03\/revista_apartes_n23_40.jpg","width":1100,"height":894,"caption":"IN\u00cdCIO - Capa de um dos primeiros livros infantis brasileiros, oferecido \u00e0 CMSP | Imagem: Reprodu\u00e7\u00e3o"},{"@type":"BreadcrumbList","@id":"https:\/\/www.saopaulo.sp.leg.br\/apartes-anteriores\/revista-apartes\/numero-23\/livros-pra-juventude\/#breadcrumb","itemListElement":[{"@type":"ListItem","position":1,"name":"Home","item":"https:\/\/www.saopaulo.sp.leg.br\/apartes-anteriores\/"},{"@type":"ListItem","position":2,"name":"Revista Apartes","item":"https:\/\/www.saopaulo.sp.leg.br\/apartes-anteriores\/"},{"@type":"ListItem","position":3,"name":"N\u00famero 23 &#8211; jan-fev\/2017","item":"https:\/\/www.saopaulo.sp.leg.br\/apartes-anteriores\/revista-apartes\/numero-23\/"},{"@type":"ListItem","position":4,"name":"N\u00ba23 \u2013 Desarquivando"}]},{"@type":"WebSite","@id":"https:\/\/www.saopaulo.sp.leg.br\/apartes-anteriores\/#website","url":"https:\/\/www.saopaulo.sp.leg.br\/apartes-anteriores\/","name":"Revista Apartes (edi\u00e7\u00f5es anteriores)","description":"Revista Apartes (edi\u00e7\u00f5es anteriores)","potentialAction":[{"@type":"SearchAction","target":{"@type":"EntryPoint","urlTemplate":"https:\/\/www.saopaulo.sp.leg.br\/apartes-anteriores\/?s={search_term_string}"},"query-input":{"@type":"PropertyValueSpecification","valueRequired":true,"valueName":"search_term_string"}}],"inLanguage":"pt-BR"}]}},"_links":{"self":[{"href":"https:\/\/www.saopaulo.sp.leg.br\/apartes-anteriores\/wp-json\/wp\/v2\/pages\/39599","targetHints":{"allow":["GET"]}}],"collection":[{"href":"https:\/\/www.saopaulo.sp.leg.br\/apartes-anteriores\/wp-json\/wp\/v2\/pages"}],"about":[{"href":"https:\/\/www.saopaulo.sp.leg.br\/apartes-anteriores\/wp-json\/wp\/v2\/types\/page"}],"author":[{"embeddable":true,"href":"https:\/\/www.saopaulo.sp.leg.br\/apartes-anteriores\/wp-json\/wp\/v2\/users\/109"}],"replies":[{"embeddable":true,"href":"https:\/\/www.saopaulo.sp.leg.br\/apartes-anteriores\/wp-json\/wp\/v2\/comments?post=39599"}],"version-history":[{"count":0,"href":"https:\/\/www.saopaulo.sp.leg.br\/apartes-anteriores\/wp-json\/wp\/v2\/pages\/39599\/revisions"}],"up":[{"embeddable":true,"href":"https:\/\/www.saopaulo.sp.leg.br\/apartes-anteriores\/wp-json\/wp\/v2\/pages\/39618"}],"wp:attachment":[{"href":"https:\/\/www.saopaulo.sp.leg.br\/apartes-anteriores\/wp-json\/wp\/v2\/media?parent=39599"}],"curies":[{"name":"wp","href":"https:\/\/api.w.org\/{rel}","templated":true}]}}