{"id":39524,"date":"2017-03-23T18:55:57","date_gmt":"2017-03-23T21:55:57","guid":{"rendered":"http:\/\/www.saopaulo.sp.leg.br\/apartes-anteriores\/?page_id=39524"},"modified":"2017-03-28T19:30:09","modified_gmt":"2017-03-28T22:30:09","slug":"no23-recado-da-redacao","status":"publish","type":"page","link":"https:\/\/www.saopaulo.sp.leg.br\/apartes-anteriores\/revista-apartes\/numero-23\/no23-recado-da-redacao\/","title":{"rendered":"N\u00ba23 &#8211; Recado da reda\u00e7\u00e3o"},"content":{"rendered":"<h1><span style=\"color: #993300\"><strong>Recado da reda\u00e7\u00e3o<\/strong><\/span><\/h1>\n<p>Para fazer a reportagem de capa desta edi\u00e7\u00e3o, fomos atr\u00e1s de um tema pouco explorado quando se fala de formas de transporte: mobilidade a p\u00e9. Na <strong>Apartes<\/strong>,\u00a0 j\u00e1 tratamos de locomo\u00e7\u00e3o por transporte p\u00fablico, aplicativos de carona paga, bicicleta e at\u00e9 barco. Mas pela primeira vez exploramos a forma mais primitiva de deslocamento humano.<\/p>\n<p>O jornalista Fausto Salvadori selecionou as leis e projetos da Casa a respeito do tema e conversou com integrantes de organiza\u00e7\u00f5es n\u00e3o-governamentais que nos \u00faltimos anos v\u00eam tentando redescobrir e incentivar o andar a p\u00e9 na capital. O pr\u00f3prio rep\u00f3rter participou de uma experi\u00eancia com um desses grupos e conta o resultado em <em>Sonhando com os p\u00e9s no ch\u00e3o<\/em>.<\/p>\n<p>No perfil, temos a hist\u00f3ria de um homem que sonhou ser piloto da For\u00e7a A\u00e9rea Brasileira, mas seguiu pelo caminho da vida p\u00fablica at\u00e9 chegar a ministro do Superior Tribunal Militar. Na mat\u00e9ria <em>Um juiz bom de mira<\/em>, Flavio Bierrenbach conta sua hist\u00f3ria, que inclui passagem pela C\u00e2mara Municipal de S\u00e3o Paulo.<\/p>\n<p>Outro personagem desta edi\u00e7\u00e3o \u00e9 Guilherme de Almeida, que d\u00e1 nome a um pr\u00eamio institucional da Casa em reconhecimento a personalidades ligadas \u00e0 cultura e cuja primeira edi\u00e7\u00e3o ocorreu no ano passado. Guilherme \u00e9 figura hist\u00f3rica. Artista completo e jornalista, foi integrante da Semana de Arte Moderna de 1922, parceiro de Villa-Lobos, membro das academias Paulista e Brasileira de Letras e comandou a comiss\u00e3o respons\u00e1vel por celebrar o quarto centen\u00e1rio paulistano, em 1954. \u00c9, tamb\u00e9m, coautor do bras\u00e3o da cidade de S\u00e3o Paulo.<\/p>\n<p>Na entrevista, batemos um papo com um artista da atualidade: Rico Dalasam, rapper negro e gay que nos contou como lida com o preconceito desde a inf\u00e2ncia (\u201cestudei num col\u00e9gio particular, onde todos os alunos eram brancos\u201d) e como encontrou no rap um \u201cirm\u00e3o\u201d com quem p\u00f4de dividir suas ang\u00fastias e desabafar: \u201cera, \u00e0s vezes, a \u00fanica pessoa que eu queria ouvir, a \u00fanica pessoa com quem eu queria falar\u201d.<\/p>\n","protected":false},"excerpt":{"rendered":"<p>Recado da reda\u00e7\u00e3o Para fazer a reportagem de capa desta edi\u00e7\u00e3o, fomos atr\u00e1s de um tema pouco explorado quando se fala de formas de transporte: mobilidade a p\u00e9. Na Apartes,\u00a0 j\u00e1 tratamos de locomo\u00e7\u00e3o por transporte p\u00fablico, aplicativos de carona paga, bicicleta e at\u00e9 barco. Mas pela primeira vez exploramos a forma mais primitiva de [&hellip;]<\/p>\n","protected":false},"author":109,"featured_media":0,"parent":39618,"menu_order":2,"comment_status":"closed","ping_status":"closed","template":"","meta":{"footnotes":""},"class_list":["post-39524","page","type-page","status-publish","hentry"],"meta_all":{"_edit_lock":["1502741898:109"],"_edit_last":["109"],"_wp_page_template":["default"],"_yoast_wpseo_content_score":["30"],"_cmsp_page_download-files":["a:1:{i:0;a:1:{s:4:\"type\";s:3:\"pdf\";}}"],"_oembed_9e04de0613fd24180f6756e13306ee13":["{{unknown}}"]},"yoast_head":"<!-- This site is optimized with the Yoast SEO plugin v27.4 - https:\/\/yoast.com\/product\/yoast-seo-wordpress\/ -->\n<title>N\u00ba23 - Recado da reda\u00e7\u00e3o - Revista Apartes (edi\u00e7\u00f5es anteriores)<\/title>\n<meta name=\"robots\" content=\"index, follow, max-snippet:-1, max-image-preview:large, max-video-preview:-1\" \/>\n<link rel=\"canonical\" href=\"https:\/\/www.saopaulo.sp.leg.br\/apartes-anteriores\/revista-apartes\/numero-23\/no23-recado-da-redacao\/\" \/>\n<meta property=\"og:locale\" content=\"pt_BR\" \/>\n<meta property=\"og:type\" content=\"article\" \/>\n<meta property=\"og:title\" content=\"N\u00ba23 - Recado da reda\u00e7\u00e3o - Revista Apartes (edi\u00e7\u00f5es anteriores)\" \/>\n<meta property=\"og:description\" content=\"Recado da reda\u00e7\u00e3o Para fazer a reportagem de capa desta edi\u00e7\u00e3o, fomos atr\u00e1s de um tema pouco explorado quando se fala de formas de transporte: mobilidade a p\u00e9. Na Apartes,\u00a0 j\u00e1 tratamos de locomo\u00e7\u00e3o por transporte p\u00fablico, aplicativos de carona paga, bicicleta e at\u00e9 barco. Mas pela primeira vez exploramos a forma mais primitiva de [&hellip;]\" \/>\n<meta property=\"og:url\" content=\"https:\/\/www.saopaulo.sp.leg.br\/apartes-anteriores\/revista-apartes\/numero-23\/no23-recado-da-redacao\/\" \/>\n<meta property=\"og:site_name\" content=\"Revista Apartes (edi\u00e7\u00f5es anteriores)\" \/>\n<meta property=\"article:publisher\" content=\"https:\/\/www.facebook.com\/RevistaApartes\/\" \/>\n<meta property=\"article:modified_time\" content=\"2017-03-28T22:30:09+00:00\" \/>\n<meta name=\"twitter:card\" content=\"summary_large_image\" \/>\n<meta name=\"twitter:site\" content=\"@revistaapartes\" \/>\n<meta name=\"twitter:label1\" content=\"Est. tempo de leitura\" \/>\n\t<meta name=\"twitter:data1\" content=\"2 minutos\" \/>\n<script type=\"application\/ld+json\" class=\"yoast-schema-graph\">{\"@context\":\"https:\\\/\\\/schema.org\",\"@graph\":[{\"@type\":\"WebPage\",\"@id\":\"https:\\\/\\\/www.saopaulo.sp.leg.br\\\/apartes-anteriores\\\/revista-apartes\\\/numero-23\\\/no23-recado-da-redacao\\\/\",\"url\":\"https:\\\/\\\/www.saopaulo.sp.leg.br\\\/apartes-anteriores\\\/revista-apartes\\\/numero-23\\\/no23-recado-da-redacao\\\/\",\"name\":\"N\u00ba23 - Recado da reda\u00e7\u00e3o - Revista Apartes (edi\u00e7\u00f5es anteriores)\",\"isPartOf\":{\"@id\":\"https:\\\/\\\/www.saopaulo.sp.leg.br\\\/apartes-anteriores\\\/#website\"},\"datePublished\":\"2017-03-23T21:55:57+00:00\",\"dateModified\":\"2017-03-28T22:30:09+00:00\",\"breadcrumb\":{\"@id\":\"https:\\\/\\\/www.saopaulo.sp.leg.br\\\/apartes-anteriores\\\/revista-apartes\\\/numero-23\\\/no23-recado-da-redacao\\\/#breadcrumb\"},\"inLanguage\":\"pt-BR\",\"potentialAction\":[{\"@type\":\"ReadAction\",\"target\":[\"https:\\\/\\\/www.saopaulo.sp.leg.br\\\/apartes-anteriores\\\/revista-apartes\\\/numero-23\\\/no23-recado-da-redacao\\\/\"]}]},{\"@type\":\"BreadcrumbList\",\"@id\":\"https:\\\/\\\/www.saopaulo.sp.leg.br\\\/apartes-anteriores\\\/revista-apartes\\\/numero-23\\\/no23-recado-da-redacao\\\/#breadcrumb\",\"itemListElement\":[{\"@type\":\"ListItem\",\"position\":1,\"name\":\"Home\",\"item\":\"https:\\\/\\\/www.saopaulo.sp.leg.br\\\/apartes-anteriores\\\/\"},{\"@type\":\"ListItem\",\"position\":2,\"name\":\"Revista Apartes\",\"item\":\"https:\\\/\\\/www.saopaulo.sp.leg.br\\\/apartes-anteriores\\\/\"},{\"@type\":\"ListItem\",\"position\":3,\"name\":\"N\u00famero 23 &#8211; jan-fev\\\/2017\",\"item\":\"https:\\\/\\\/www.saopaulo.sp.leg.br\\\/apartes-anteriores\\\/revista-apartes\\\/numero-23\\\/\"},{\"@type\":\"ListItem\",\"position\":4,\"name\":\"N\u00ba23 &#8211; Recado da reda\u00e7\u00e3o\"}]},{\"@type\":\"WebSite\",\"@id\":\"https:\\\/\\\/www.saopaulo.sp.leg.br\\\/apartes-anteriores\\\/#website\",\"url\":\"https:\\\/\\\/www.saopaulo.sp.leg.br\\\/apartes-anteriores\\\/\",\"name\":\"Revista Apartes (edi\u00e7\u00f5es anteriores)\",\"description\":\"Revista Apartes (edi\u00e7\u00f5es anteriores)\",\"potentialAction\":[{\"@type\":\"SearchAction\",\"target\":{\"@type\":\"EntryPoint\",\"urlTemplate\":\"https:\\\/\\\/www.saopaulo.sp.leg.br\\\/apartes-anteriores\\\/?s={search_term_string}\"},\"query-input\":{\"@type\":\"PropertyValueSpecification\",\"valueRequired\":true,\"valueName\":\"search_term_string\"}}],\"inLanguage\":\"pt-BR\"}]}<\/script>\n<!-- \/ Yoast SEO plugin. -->","yoast_head_json":{"title":"N\u00ba23 - Recado da reda\u00e7\u00e3o - Revista Apartes (edi\u00e7\u00f5es anteriores)","robots":{"index":"index","follow":"follow","max-snippet":"max-snippet:-1","max-image-preview":"max-image-preview:large","max-video-preview":"max-video-preview:-1"},"canonical":"https:\/\/www.saopaulo.sp.leg.br\/apartes-anteriores\/revista-apartes\/numero-23\/no23-recado-da-redacao\/","og_locale":"pt_BR","og_type":"article","og_title":"N\u00ba23 - Recado da reda\u00e7\u00e3o - Revista Apartes (edi\u00e7\u00f5es anteriores)","og_description":"Recado da reda\u00e7\u00e3o Para fazer a reportagem de capa desta edi\u00e7\u00e3o, fomos atr\u00e1s de um tema pouco explorado quando se fala de formas de transporte: mobilidade a p\u00e9. Na Apartes,\u00a0 j\u00e1 tratamos de locomo\u00e7\u00e3o por transporte p\u00fablico, aplicativos de carona paga, bicicleta e at\u00e9 barco. Mas pela primeira vez exploramos a forma mais primitiva de [&hellip;]","og_url":"https:\/\/www.saopaulo.sp.leg.br\/apartes-anteriores\/revista-apartes\/numero-23\/no23-recado-da-redacao\/","og_site_name":"Revista Apartes (edi\u00e7\u00f5es anteriores)","article_publisher":"https:\/\/www.facebook.com\/RevistaApartes\/","article_modified_time":"2017-03-28T22:30:09+00:00","twitter_card":"summary_large_image","twitter_site":"@revistaapartes","twitter_misc":{"Est. tempo de leitura":"2 minutos"},"schema":{"@context":"https:\/\/schema.org","@graph":[{"@type":"WebPage","@id":"https:\/\/www.saopaulo.sp.leg.br\/apartes-anteriores\/revista-apartes\/numero-23\/no23-recado-da-redacao\/","url":"https:\/\/www.saopaulo.sp.leg.br\/apartes-anteriores\/revista-apartes\/numero-23\/no23-recado-da-redacao\/","name":"N\u00ba23 - Recado da reda\u00e7\u00e3o - Revista Apartes (edi\u00e7\u00f5es anteriores)","isPartOf":{"@id":"https:\/\/www.saopaulo.sp.leg.br\/apartes-anteriores\/#website"},"datePublished":"2017-03-23T21:55:57+00:00","dateModified":"2017-03-28T22:30:09+00:00","breadcrumb":{"@id":"https:\/\/www.saopaulo.sp.leg.br\/apartes-anteriores\/revista-apartes\/numero-23\/no23-recado-da-redacao\/#breadcrumb"},"inLanguage":"pt-BR","potentialAction":[{"@type":"ReadAction","target":["https:\/\/www.saopaulo.sp.leg.br\/apartes-anteriores\/revista-apartes\/numero-23\/no23-recado-da-redacao\/"]}]},{"@type":"BreadcrumbList","@id":"https:\/\/www.saopaulo.sp.leg.br\/apartes-anteriores\/revista-apartes\/numero-23\/no23-recado-da-redacao\/#breadcrumb","itemListElement":[{"@type":"ListItem","position":1,"name":"Home","item":"https:\/\/www.saopaulo.sp.leg.br\/apartes-anteriores\/"},{"@type":"ListItem","position":2,"name":"Revista Apartes","item":"https:\/\/www.saopaulo.sp.leg.br\/apartes-anteriores\/"},{"@type":"ListItem","position":3,"name":"N\u00famero 23 &#8211; jan-fev\/2017","item":"https:\/\/www.saopaulo.sp.leg.br\/apartes-anteriores\/revista-apartes\/numero-23\/"},{"@type":"ListItem","position":4,"name":"N\u00ba23 &#8211; Recado da reda\u00e7\u00e3o"}]},{"@type":"WebSite","@id":"https:\/\/www.saopaulo.sp.leg.br\/apartes-anteriores\/#website","url":"https:\/\/www.saopaulo.sp.leg.br\/apartes-anteriores\/","name":"Revista Apartes (edi\u00e7\u00f5es anteriores)","description":"Revista Apartes (edi\u00e7\u00f5es anteriores)","potentialAction":[{"@type":"SearchAction","target":{"@type":"EntryPoint","urlTemplate":"https:\/\/www.saopaulo.sp.leg.br\/apartes-anteriores\/?s={search_term_string}"},"query-input":{"@type":"PropertyValueSpecification","valueRequired":true,"valueName":"search_term_string"}}],"inLanguage":"pt-BR"}]}},"_links":{"self":[{"href":"https:\/\/www.saopaulo.sp.leg.br\/apartes-anteriores\/wp-json\/wp\/v2\/pages\/39524","targetHints":{"allow":["GET"]}}],"collection":[{"href":"https:\/\/www.saopaulo.sp.leg.br\/apartes-anteriores\/wp-json\/wp\/v2\/pages"}],"about":[{"href":"https:\/\/www.saopaulo.sp.leg.br\/apartes-anteriores\/wp-json\/wp\/v2\/types\/page"}],"author":[{"embeddable":true,"href":"https:\/\/www.saopaulo.sp.leg.br\/apartes-anteriores\/wp-json\/wp\/v2\/users\/109"}],"replies":[{"embeddable":true,"href":"https:\/\/www.saopaulo.sp.leg.br\/apartes-anteriores\/wp-json\/wp\/v2\/comments?post=39524"}],"version-history":[{"count":0,"href":"https:\/\/www.saopaulo.sp.leg.br\/apartes-anteriores\/wp-json\/wp\/v2\/pages\/39524\/revisions"}],"up":[{"embeddable":true,"href":"https:\/\/www.saopaulo.sp.leg.br\/apartes-anteriores\/wp-json\/wp\/v2\/pages\/39618"}],"wp:attachment":[{"href":"https:\/\/www.saopaulo.sp.leg.br\/apartes-anteriores\/wp-json\/wp\/v2\/media?parent=39524"}],"curies":[{"name":"wp","href":"https:\/\/api.w.org\/{rel}","templated":true}]}}