{"id":39517,"date":"2017-03-23T18:54:53","date_gmt":"2017-03-23T21:54:53","guid":{"rendered":"http:\/\/www.saopaulo.sp.leg.br\/apartes-anteriores\/?page_id=39517"},"modified":"2017-03-28T19:30:11","modified_gmt":"2017-03-28T22:30:11","slug":"no23-notas","status":"publish","type":"page","link":"https:\/\/www.saopaulo.sp.leg.br\/apartes-anteriores\/revista-apartes\/numero-23\/no23-notas\/","title":{"rendered":"N\u00ba23 &#8211; Notas"},"content":{"rendered":"<h1><strong><span style=\"color: #993300\">Notas<\/span><\/strong><\/h1>\n<h2><strong>Brasileiros e alem\u00e3es analisam desafios das cidades<\/strong><\/h2>\n<p>Especialistas e gestores p\u00fablicos se reuniram no 5\u00ba Di\u00e1logo Brasil-Alemanha de Ci\u00eancia, Pesquisa e Inova\u00e7\u00e3o para analisar desafios e oportunidades das cidades do futuro. Em novembro, eles participaram de dois dias de debates sobre temas como planejamento e governan\u00e7a urbana, gest\u00e3o da \u00e1gua e res\u00edduos e efici\u00eancia energ\u00e9tica, clima e ecologia.<\/p>\n<p>O evento, realizado na C\u00e2mara Municipal de S\u00e3o Paulo (CMSP), foi uma parceria da Escola do Parlamento da Casa com o Centro Alem\u00e3o de Ci\u00eancia e Inova\u00e7\u00e3o \u2013 S\u00e3o Paulo, a Funda\u00e7\u00e3o de Amparo \u00e0 Pesquisa do Estado de S\u00e3o Paulo (Fapesp), a FGV Projetos e o Minist\u00e9rio das Rela\u00e7\u00f5es Exteriores da Alemanha.<\/p>\n<p>Os pain\u00e9is do 5\u00ba Di\u00e1logo Brasil-Alemanha est\u00e3o dispon\u00edveis em v\u00eddeos no <a href=\"http:\/\/www.saopaulo.sp.leg.br\/sala-de-imprensa\/multimidia\/galeria-de-videos\">portal da CMSP<\/a>. O Centro Alem\u00e3o de Ci\u00eancia e Inova\u00e7\u00e3o \u2013 S\u00e3o Paulo vai publicar uma revista com reportagens sobre os debates.<\/p>\n<p>&nbsp;<\/p>\n<h2><strong>CPI das Compensa\u00e7\u00f5es Ambientais prop\u00f5e aumento no plantio de \u00e1rvores e mais fiscaliza\u00e7\u00e3o<\/strong><\/h2>\n<p>A Comiss\u00e3o Parlamentar de Inqu\u00e9rito (CPI) dos Termos de Compromisso Ambiental chegou ao fim em 30 de novembro, ap\u00f3s nove meses de investiga\u00e7\u00e3o. Desde mar\u00e7o de 2016, os vereadores apuravam irregularidades no cumprimento dos Termos de Compromisso Ambiental (TCAs), contratos firmados entre o poder p\u00fablico e respons\u00e1veis por empreendimentos que possam causar impacto ao meio ambiente.<\/p>\n<p>O relat\u00f3rio final da CPI sugere a\u00e7\u00f5es que aumentam o plantio de \u00e1rvores, compra de equipamentos e responsabiliza\u00e7\u00e3o das empresas concession\u00e1rias por podas dr\u00e1sticas. A \u00edntegra do texto est\u00e1 no <a href=\"http:\/\/www.saopaulo.sp.leg.br\/atividade-legislativa\/comissoes\">Portal da C\u00e2mara<\/a>.<\/p>\n<p>&nbsp;<\/p>\n<h2><strong>Conhe\u00e7a os novos vereadores e Mesa Diretora<\/strong><\/h2>\n<p>No dia 1\u00ba de janeiro, os 55 vereadores assumiram seus mandatos para a 17\u00aa Legislatura da C\u00e2mara Municipal paulistana. Na ocasi\u00e3o, tamb\u00e9m foram empossados o prefeito Jo\u00e3o Doria (PSDB) e o vice-prefeito Bruno Covas (PSDB).<\/p>\n<p>Depois da cerim\u00f4nia, os vereadores elegeram Milton Leite (Democratas) como presidente da Mesa Diretora. \u201cMinha gest\u00e3o busca o equil\u00edbrio democr\u00e1tico entre as bancadas e o equil\u00edbrio de gest\u00e3o que a sociedade cobra\u201d, declarou Leite, que destacou a import\u00e2ncia do respeito \u00e0s minorias e de uma legisla\u00e7\u00e3o cada vez mais pr\u00f3xima do povo.<\/p>\n<p>Eduardo Tuma (PSDB) foi eleito como primeiro-vice-presidente; Edir Sales (PSD), segunda-vice-presidenta; Arselino Tatto (PT), primeiro-secret\u00e1rio; Celso Jatene (PR), segundo-secret\u00e1rio; Gilberto Nascimento (PSC), primeiro-suplente; e Ota (PSB), segundo suplente. O vereador Souza Santos (PRB) foi escolhido para corregedor-geral.<\/p>\n<p>J\u00e1 que cinco parlamentares se tornaram secret\u00e1rios municipais, seus suplentes assumiram. No lugar de Daniel Annenberg, secret\u00e1rio de Tecnologia, entrou Dalton Silvano (DEM). Caio Miranda Carneiro (PSB) ocupou o lugar de Eliseu Gabriel, secret\u00e1rio de Trabalho e Empreendedorismo. Rodrigo Gomes (PHS) assumiu a cadeira de Soninha Francine, secret\u00e1ria de Assist\u00eancia e Desenvolvimento Social. Abou Anni (PV) ocupou a vaga de Gilberto Natalini, secret\u00e1rio do Verde e Meio Ambiente.<\/p>\n<p>&nbsp;<\/p>\n<h2><strong>CMSP lan\u00e7a livro com obras de arte do Pal\u00e1cio Anchieta<\/strong><\/h2>\n<figure id=\"attachment_39466\" aria-describedby=\"caption-attachment-39466\" style=\"width: 300px\" class=\"wp-caption alignleft\"><a href=\"http:\/\/www.saopaulo.sp.leg.br\/apartes-anteriores\/wp-content\/uploads\/sites\/9\/2017\/03\/revista_apartes_n23_02.jpg\"><img loading=\"lazy\" decoding=\"async\" class=\"size-medium wp-image-39466\" src=\"http:\/\/www.saopaulo.sp.leg.br\/apartes-anteriores\/wp-content\/uploads\/sites\/9\/2017\/03\/revista_apartes_n23_02-300x276.jpg\" alt=\"\" width=\"300\" height=\"276\" srcset=\"https:\/\/www.saopaulo.sp.leg.br\/apartes-anteriores\/wp-content\/uploads\/sites\/9\/2017\/03\/revista_apartes_n23_02-300x276.jpg 300w, https:\/\/www.saopaulo.sp.leg.br\/apartes-anteriores\/wp-content\/uploads\/sites\/9\/2017\/03\/revista_apartes_n23_02-768x706.jpg 768w, https:\/\/www.saopaulo.sp.leg.br\/apartes-anteriores\/wp-content\/uploads\/sites\/9\/2017\/03\/revista_apartes_n23_02.jpg 998w\" sizes=\"auto, (max-width: 300px) 100vw, 300px\" \/><\/a><figcaption id=\"caption-attachment-39466\" class=\"wp-caption-text\">Foto: Reprodu\u00e7\u00e3o<\/figcaption><\/figure>\n<p>A CMSP lan\u00e7ou o livro <em>Acervo Art\u00edstico da C\u00e2mara Municipal de S\u00e3o Paulo<\/em>, com informa\u00e7\u00f5es sobre dezenas de obras de arte, principalmente quadros com cenas hist\u00f3ricas e retratos. A publica\u00e7\u00e3o revela a origem do acervo e o contextualiza na hist\u00f3ria do Legislativo paulistano e da cidade.<\/p>\n<p>Tamb\u00e9m est\u00e1 \u00e0 disposi\u00e7\u00e3o dos leitores a obra <em>C\u00e2mara Municipal de S\u00e3o Paulo: Panorama Hist\u00f3rico<\/em>. Publicada originalmente em 2010, com o t\u00edtulo <em>CMSP: 450 Anos de Hist\u00f3ria<\/em>, com ilustra\u00e7\u00f5es, fotografias e transcri\u00e7\u00f5es de documentos, traz as mudan\u00e7as do Legislativo municipal desde a sua funda\u00e7\u00e3o, em 1560. Os dois livros e outras publica\u00e7\u00f5es podem ser lidos no site do <a href=\"http:\/\/www.saopaulo.sp.leg.br\/memoria\">Centro de Mem\u00f3ria CMSP<\/a>.<\/p>\n<p>&nbsp;<\/p>\n<figure id=\"attachment_39467\" aria-describedby=\"caption-attachment-39467\" style=\"width: 640px\" class=\"wp-caption aligncenter\"><a href=\"http:\/\/www.saopaulo.sp.leg.br\/apartes-anteriores\/wp-content\/uploads\/sites\/9\/2017\/03\/revista_apartes_n23_03.jpg\"><img loading=\"lazy\" decoding=\"async\" class=\"size-large wp-image-39467\" src=\"http:\/\/www.saopaulo.sp.leg.br\/apartes-anteriores\/wp-content\/uploads\/sites\/9\/2017\/03\/revista_apartes_n23_03-683x1024.jpg\" alt=\"\" width=\"640\" height=\"960\" srcset=\"https:\/\/www.saopaulo.sp.leg.br\/apartes-anteriores\/wp-content\/uploads\/sites\/9\/2017\/03\/revista_apartes_n23_03-683x1024.jpg 683w, https:\/\/www.saopaulo.sp.leg.br\/apartes-anteriores\/wp-content\/uploads\/sites\/9\/2017\/03\/revista_apartes_n23_03-200x300.jpg 200w, https:\/\/www.saopaulo.sp.leg.br\/apartes-anteriores\/wp-content\/uploads\/sites\/9\/2017\/03\/revista_apartes_n23_03-768x1152.jpg 768w, https:\/\/www.saopaulo.sp.leg.br\/apartes-anteriores\/wp-content\/uploads\/sites\/9\/2017\/03\/revista_apartes_n23_03.jpg 900w\" sizes=\"auto, (max-width: 640px) 100vw, 640px\" \/><\/a><figcaption id=\"caption-attachment-39467\" class=\"wp-caption-text\">Pa\u00e7oca de carne venceu a categoria fotografia da edi\u00e7\u00e3o 2016 do Trof\u00e9u S\u00e3o Paulo: Capital Mundial da Gastronomia, da CMSP, que premia trabalhos para ressaltar a import\u00e2ncia da cidade como capital gastron\u00f4mica. Foto: Felipe Gabriel<\/figcaption><\/figure>\n","protected":false},"excerpt":{"rendered":"<p>Notas Brasileiros e alem\u00e3es analisam desafios das cidades Especialistas e gestores p\u00fablicos se reuniram no 5\u00ba Di\u00e1logo Brasil-Alemanha de Ci\u00eancia, Pesquisa e Inova\u00e7\u00e3o para analisar desafios e oportunidades das cidades do futuro. Em novembro, eles participaram de dois dias de debates sobre temas como planejamento e governan\u00e7a urbana, gest\u00e3o da \u00e1gua e res\u00edduos e efici\u00eancia [&hellip;]<\/p>\n","protected":false},"author":109,"featured_media":0,"parent":39618,"menu_order":3,"comment_status":"closed","ping_status":"closed","template":"","meta":{"footnotes":""},"class_list":["post-39517","page","type-page","status-publish","hentry"],"meta_all":{"_edit_lock":["1498507947:109"],"_edit_last":["109"],"_wp_page_template":["default"],"_yoast_wpseo_content_score":["90"],"_cmsp_page_download-files":["a:1:{i:0;a:1:{s:4:\"type\";s:3:\"pdf\";}}"],"_yoast_wpseo_opengraph-title":["Notas - Revista Apartes - Edi\u00e7\u00e3o 23"],"_yoast_wpseo_opengraph-description":["Notas - Revista Apartes - Edi\u00e7\u00e3o 23"],"_yoast_wpseo_twitter-title":["Notas - Revista Apartes - Edi\u00e7\u00e3o 23"],"_yoast_wpseo_twitter-description":["Notas - Revista Apartes - Edi\u00e7\u00e3o 23"]},"yoast_head":"<!-- This site is optimized with the Yoast SEO plugin v27.4 - https:\/\/yoast.com\/product\/yoast-seo-wordpress\/ -->\n<title>N\u00ba23 - Notas - Revista Apartes (edi\u00e7\u00f5es anteriores)<\/title>\n<meta name=\"robots\" content=\"index, follow, max-snippet:-1, max-image-preview:large, max-video-preview:-1\" \/>\n<link rel=\"canonical\" href=\"https:\/\/www.saopaulo.sp.leg.br\/apartes-anteriores\/revista-apartes\/numero-23\/no23-notas\/\" \/>\n<meta property=\"og:locale\" content=\"pt_BR\" \/>\n<meta property=\"og:type\" content=\"article\" \/>\n<meta property=\"og:title\" content=\"Notas - Revista Apartes - Edi\u00e7\u00e3o 23\" \/>\n<meta property=\"og:description\" content=\"Notas - Revista Apartes - Edi\u00e7\u00e3o 23\" \/>\n<meta property=\"og:url\" content=\"https:\/\/www.saopaulo.sp.leg.br\/apartes-anteriores\/revista-apartes\/numero-23\/no23-notas\/\" \/>\n<meta property=\"og:site_name\" content=\"Revista Apartes (edi\u00e7\u00f5es anteriores)\" \/>\n<meta property=\"article:publisher\" content=\"https:\/\/www.facebook.com\/RevistaApartes\/\" \/>\n<meta property=\"article:modified_time\" content=\"2017-03-28T22:30:11+00:00\" \/>\n<meta property=\"og:image\" content=\"http:\/\/www.saopaulo.sp.leg.br\/apartes-anteriores\/wp-content\/uploads\/sites\/9\/2017\/03\/revista_apartes_n23_02-300x276.jpg\" \/>\n<meta name=\"twitter:card\" content=\"summary_large_image\" \/>\n<meta name=\"twitter:title\" content=\"Notas - Revista Apartes - Edi\u00e7\u00e3o 23\" \/>\n<meta name=\"twitter:description\" content=\"Notas - Revista Apartes - Edi\u00e7\u00e3o 23\" \/>\n<meta name=\"twitter:site\" content=\"@revistaapartes\" \/>\n<meta name=\"twitter:label1\" content=\"Est. tempo de leitura\" \/>\n\t<meta name=\"twitter:data1\" content=\"4 minutos\" \/>\n<script type=\"application\/ld+json\" class=\"yoast-schema-graph\">{\"@context\":\"https:\\\/\\\/schema.org\",\"@graph\":[{\"@type\":\"WebPage\",\"@id\":\"https:\\\/\\\/www.saopaulo.sp.leg.br\\\/apartes-anteriores\\\/revista-apartes\\\/numero-23\\\/no23-notas\\\/\",\"url\":\"https:\\\/\\\/www.saopaulo.sp.leg.br\\\/apartes-anteriores\\\/revista-apartes\\\/numero-23\\\/no23-notas\\\/\",\"name\":\"N\u00ba23 - Notas - Revista Apartes (edi\u00e7\u00f5es anteriores)\",\"isPartOf\":{\"@id\":\"https:\\\/\\\/www.saopaulo.sp.leg.br\\\/apartes-anteriores\\\/#website\"},\"primaryImageOfPage\":{\"@id\":\"https:\\\/\\\/www.saopaulo.sp.leg.br\\\/apartes-anteriores\\\/revista-apartes\\\/numero-23\\\/no23-notas\\\/#primaryimage\"},\"image\":{\"@id\":\"https:\\\/\\\/www.saopaulo.sp.leg.br\\\/apartes-anteriores\\\/revista-apartes\\\/numero-23\\\/no23-notas\\\/#primaryimage\"},\"thumbnailUrl\":\"http:\\\/\\\/www.saopaulo.sp.leg.br\\\/apartes-anteriores\\\/wp-content\\\/uploads\\\/sites\\\/9\\\/2017\\\/03\\\/revista_apartes_n23_02-300x276.jpg\",\"datePublished\":\"2017-03-23T21:54:53+00:00\",\"dateModified\":\"2017-03-28T22:30:11+00:00\",\"breadcrumb\":{\"@id\":\"https:\\\/\\\/www.saopaulo.sp.leg.br\\\/apartes-anteriores\\\/revista-apartes\\\/numero-23\\\/no23-notas\\\/#breadcrumb\"},\"inLanguage\":\"pt-BR\",\"potentialAction\":[{\"@type\":\"ReadAction\",\"target\":[\"https:\\\/\\\/www.saopaulo.sp.leg.br\\\/apartes-anteriores\\\/revista-apartes\\\/numero-23\\\/no23-notas\\\/\"]}]},{\"@type\":\"ImageObject\",\"inLanguage\":\"pt-BR\",\"@id\":\"https:\\\/\\\/www.saopaulo.sp.leg.br\\\/apartes-anteriores\\\/revista-apartes\\\/numero-23\\\/no23-notas\\\/#primaryimage\",\"url\":\"https:\\\/\\\/www.saopaulo.sp.leg.br\\\/apartes-anteriores\\\/wp-content\\\/uploads\\\/sites\\\/9\\\/2017\\\/03\\\/revista_apartes_n23_02.jpg\",\"contentUrl\":\"https:\\\/\\\/www.saopaulo.sp.leg.br\\\/apartes-anteriores\\\/wp-content\\\/uploads\\\/sites\\\/9\\\/2017\\\/03\\\/revista_apartes_n23_02.jpg\",\"width\":998,\"height\":918,\"caption\":\"Foto: Reprodu\u00e7\u00e3o\"},{\"@type\":\"BreadcrumbList\",\"@id\":\"https:\\\/\\\/www.saopaulo.sp.leg.br\\\/apartes-anteriores\\\/revista-apartes\\\/numero-23\\\/no23-notas\\\/#breadcrumb\",\"itemListElement\":[{\"@type\":\"ListItem\",\"position\":1,\"name\":\"Home\",\"item\":\"https:\\\/\\\/www.saopaulo.sp.leg.br\\\/apartes-anteriores\\\/\"},{\"@type\":\"ListItem\",\"position\":2,\"name\":\"Revista Apartes\",\"item\":\"https:\\\/\\\/www.saopaulo.sp.leg.br\\\/apartes-anteriores\\\/\"},{\"@type\":\"ListItem\",\"position\":3,\"name\":\"N\u00famero 23 &#8211; jan-fev\\\/2017\",\"item\":\"https:\\\/\\\/www.saopaulo.sp.leg.br\\\/apartes-anteriores\\\/revista-apartes\\\/numero-23\\\/\"},{\"@type\":\"ListItem\",\"position\":4,\"name\":\"N\u00ba23 &#8211; Notas\"}]},{\"@type\":\"WebSite\",\"@id\":\"https:\\\/\\\/www.saopaulo.sp.leg.br\\\/apartes-anteriores\\\/#website\",\"url\":\"https:\\\/\\\/www.saopaulo.sp.leg.br\\\/apartes-anteriores\\\/\",\"name\":\"Revista Apartes (edi\u00e7\u00f5es anteriores)\",\"description\":\"Revista Apartes (edi\u00e7\u00f5es anteriores)\",\"potentialAction\":[{\"@type\":\"SearchAction\",\"target\":{\"@type\":\"EntryPoint\",\"urlTemplate\":\"https:\\\/\\\/www.saopaulo.sp.leg.br\\\/apartes-anteriores\\\/?s={search_term_string}\"},\"query-input\":{\"@type\":\"PropertyValueSpecification\",\"valueRequired\":true,\"valueName\":\"search_term_string\"}}],\"inLanguage\":\"pt-BR\"}]}<\/script>\n<!-- \/ Yoast SEO plugin. -->","yoast_head_json":{"title":"N\u00ba23 - Notas - Revista Apartes (edi\u00e7\u00f5es anteriores)","robots":{"index":"index","follow":"follow","max-snippet":"max-snippet:-1","max-image-preview":"max-image-preview:large","max-video-preview":"max-video-preview:-1"},"canonical":"https:\/\/www.saopaulo.sp.leg.br\/apartes-anteriores\/revista-apartes\/numero-23\/no23-notas\/","og_locale":"pt_BR","og_type":"article","og_title":"Notas - Revista Apartes - Edi\u00e7\u00e3o 23","og_description":"Notas - Revista Apartes - Edi\u00e7\u00e3o 23","og_url":"https:\/\/www.saopaulo.sp.leg.br\/apartes-anteriores\/revista-apartes\/numero-23\/no23-notas\/","og_site_name":"Revista Apartes (edi\u00e7\u00f5es anteriores)","article_publisher":"https:\/\/www.facebook.com\/RevistaApartes\/","article_modified_time":"2017-03-28T22:30:11+00:00","og_image":[{"url":"http:\/\/www.saopaulo.sp.leg.br\/apartes-anteriores\/wp-content\/uploads\/sites\/9\/2017\/03\/revista_apartes_n23_02-300x276.jpg","type":"","width":"","height":""}],"twitter_card":"summary_large_image","twitter_title":"Notas - Revista Apartes - Edi\u00e7\u00e3o 23","twitter_description":"Notas - Revista Apartes - Edi\u00e7\u00e3o 23","twitter_site":"@revistaapartes","twitter_misc":{"Est. tempo de leitura":"4 minutos"},"schema":{"@context":"https:\/\/schema.org","@graph":[{"@type":"WebPage","@id":"https:\/\/www.saopaulo.sp.leg.br\/apartes-anteriores\/revista-apartes\/numero-23\/no23-notas\/","url":"https:\/\/www.saopaulo.sp.leg.br\/apartes-anteriores\/revista-apartes\/numero-23\/no23-notas\/","name":"N\u00ba23 - Notas - Revista Apartes (edi\u00e7\u00f5es anteriores)","isPartOf":{"@id":"https:\/\/www.saopaulo.sp.leg.br\/apartes-anteriores\/#website"},"primaryImageOfPage":{"@id":"https:\/\/www.saopaulo.sp.leg.br\/apartes-anteriores\/revista-apartes\/numero-23\/no23-notas\/#primaryimage"},"image":{"@id":"https:\/\/www.saopaulo.sp.leg.br\/apartes-anteriores\/revista-apartes\/numero-23\/no23-notas\/#primaryimage"},"thumbnailUrl":"http:\/\/www.saopaulo.sp.leg.br\/apartes-anteriores\/wp-content\/uploads\/sites\/9\/2017\/03\/revista_apartes_n23_02-300x276.jpg","datePublished":"2017-03-23T21:54:53+00:00","dateModified":"2017-03-28T22:30:11+00:00","breadcrumb":{"@id":"https:\/\/www.saopaulo.sp.leg.br\/apartes-anteriores\/revista-apartes\/numero-23\/no23-notas\/#breadcrumb"},"inLanguage":"pt-BR","potentialAction":[{"@type":"ReadAction","target":["https:\/\/www.saopaulo.sp.leg.br\/apartes-anteriores\/revista-apartes\/numero-23\/no23-notas\/"]}]},{"@type":"ImageObject","inLanguage":"pt-BR","@id":"https:\/\/www.saopaulo.sp.leg.br\/apartes-anteriores\/revista-apartes\/numero-23\/no23-notas\/#primaryimage","url":"https:\/\/www.saopaulo.sp.leg.br\/apartes-anteriores\/wp-content\/uploads\/sites\/9\/2017\/03\/revista_apartes_n23_02.jpg","contentUrl":"https:\/\/www.saopaulo.sp.leg.br\/apartes-anteriores\/wp-content\/uploads\/sites\/9\/2017\/03\/revista_apartes_n23_02.jpg","width":998,"height":918,"caption":"Foto: Reprodu\u00e7\u00e3o"},{"@type":"BreadcrumbList","@id":"https:\/\/www.saopaulo.sp.leg.br\/apartes-anteriores\/revista-apartes\/numero-23\/no23-notas\/#breadcrumb","itemListElement":[{"@type":"ListItem","position":1,"name":"Home","item":"https:\/\/www.saopaulo.sp.leg.br\/apartes-anteriores\/"},{"@type":"ListItem","position":2,"name":"Revista Apartes","item":"https:\/\/www.saopaulo.sp.leg.br\/apartes-anteriores\/"},{"@type":"ListItem","position":3,"name":"N\u00famero 23 &#8211; jan-fev\/2017","item":"https:\/\/www.saopaulo.sp.leg.br\/apartes-anteriores\/revista-apartes\/numero-23\/"},{"@type":"ListItem","position":4,"name":"N\u00ba23 &#8211; Notas"}]},{"@type":"WebSite","@id":"https:\/\/www.saopaulo.sp.leg.br\/apartes-anteriores\/#website","url":"https:\/\/www.saopaulo.sp.leg.br\/apartes-anteriores\/","name":"Revista Apartes (edi\u00e7\u00f5es anteriores)","description":"Revista Apartes (edi\u00e7\u00f5es anteriores)","potentialAction":[{"@type":"SearchAction","target":{"@type":"EntryPoint","urlTemplate":"https:\/\/www.saopaulo.sp.leg.br\/apartes-anteriores\/?s={search_term_string}"},"query-input":{"@type":"PropertyValueSpecification","valueRequired":true,"valueName":"search_term_string"}}],"inLanguage":"pt-BR"}]}},"_links":{"self":[{"href":"https:\/\/www.saopaulo.sp.leg.br\/apartes-anteriores\/wp-json\/wp\/v2\/pages\/39517","targetHints":{"allow":["GET"]}}],"collection":[{"href":"https:\/\/www.saopaulo.sp.leg.br\/apartes-anteriores\/wp-json\/wp\/v2\/pages"}],"about":[{"href":"https:\/\/www.saopaulo.sp.leg.br\/apartes-anteriores\/wp-json\/wp\/v2\/types\/page"}],"author":[{"embeddable":true,"href":"https:\/\/www.saopaulo.sp.leg.br\/apartes-anteriores\/wp-json\/wp\/v2\/users\/109"}],"replies":[{"embeddable":true,"href":"https:\/\/www.saopaulo.sp.leg.br\/apartes-anteriores\/wp-json\/wp\/v2\/comments?post=39517"}],"version-history":[{"count":0,"href":"https:\/\/www.saopaulo.sp.leg.br\/apartes-anteriores\/wp-json\/wp\/v2\/pages\/39517\/revisions"}],"up":[{"embeddable":true,"href":"https:\/\/www.saopaulo.sp.leg.br\/apartes-anteriores\/wp-json\/wp\/v2\/pages\/39618"}],"wp:attachment":[{"href":"https:\/\/www.saopaulo.sp.leg.br\/apartes-anteriores\/wp-json\/wp\/v2\/media?parent=39517"}],"curies":[{"name":"wp","href":"https:\/\/api.w.org\/{rel}","templated":true}]}}