{"id":39464,"date":"2017-03-23T17:31:06","date_gmt":"2017-03-23T20:31:06","guid":{"rendered":"http:\/\/www.saopaulo.sp.leg.br\/apartes-anteriores\/?page_id=39464"},"modified":"2017-03-28T13:45:18","modified_gmt":"2017-03-28T16:45:18","slug":"apartes-23-cliquepaulistano","status":"publish","type":"page","link":"https:\/\/www.saopaulo.sp.leg.br\/apartes-anteriores\/revista-apartes\/numero-23\/apartes-23-cliquepaulistano\/","title":{"rendered":"N\u00ba23 \u2013 Clique paulistano"},"content":{"rendered":"<figure id=\"attachment_39465\" aria-describedby=\"caption-attachment-39465\" style=\"width: 640px\" class=\"wp-caption aligncenter\"><a href=\"http:\/\/www.saopaulo.sp.leg.br\/apartes-anteriores\/wp-content\/uploads\/sites\/9\/2017\/03\/revista_apartes_n23_01.jpg\"><img loading=\"lazy\" decoding=\"async\" class=\"size-large wp-image-39465\" src=\"http:\/\/www.saopaulo.sp.leg.br\/apartes-anteriores\/wp-content\/uploads\/sites\/9\/2017\/03\/revista_apartes_n23_01-1024x662.jpg\" alt=\"\" width=\"640\" height=\"414\" srcset=\"https:\/\/www.saopaulo.sp.leg.br\/apartes-anteriores\/wp-content\/uploads\/sites\/9\/2017\/03\/revista_apartes_n23_01-1024x662.jpg 1024w, https:\/\/www.saopaulo.sp.leg.br\/apartes-anteriores\/wp-content\/uploads\/sites\/9\/2017\/03\/revista_apartes_n23_01-300x194.jpg 300w, https:\/\/www.saopaulo.sp.leg.br\/apartes-anteriores\/wp-content\/uploads\/sites\/9\/2017\/03\/revista_apartes_n23_01-768x497.jpg 768w\" sizes=\"auto, (max-width: 640px) 100vw, 640px\" \/><\/a><figcaption id=\"caption-attachment-39465\" class=\"wp-caption-text\">Foto: Marcelo Ximenez\/CMSP \u00a0| \u00a0Clique na imagem para v\u00ea-la ampliada.<\/figcaption><\/figure>\n<pre>A partir desta edi\u00e7\u00e3o, abrimos espa\u00e7o para uma se\u00e7\u00e3o dedicada ao trabalho da Equipe de Fotografia da C\u00e2mara Municipal de S\u00e3o Paulo (CMSP). Seja por meio de uma foto ou de um ensaio, retrataremos cenas da capital paulista pelo olhar dos profissionais da Casa.\r\nO clique de estreia \u00e9 do fot\u00f3grafo Marcelo Ximenez. Ele captou a beleza e as cores do Vale do Anhangaba\u00fa, na regi\u00e3o central da cidade de S\u00e3o Paulo. A imagem foi feita num final de tarde de fevereiro, a partir do heliponto do Pal\u00e1cio Anchieta, sede da CMSP.<\/pre>\n","protected":false},"excerpt":{"rendered":"<p>A partir desta edi\u00e7\u00e3o, abrimos espa\u00e7o para uma se\u00e7\u00e3o dedicada ao trabalho da Equipe de Fotografia da C\u00e2mara Municipal de S\u00e3o Paulo (CMSP). Seja por meio de uma foto ou de um ensaio, retrataremos cenas da capital paulista pelo olhar dos profissionais da Casa. O clique de estreia \u00e9 do fot\u00f3grafo Marcelo Ximenez. Ele captou [&hellip;]<\/p>\n","protected":false},"author":109,"featured_media":0,"parent":39618,"menu_order":1,"comment_status":"closed","ping_status":"closed","template":"","meta":{"footnotes":""},"class_list":["post-39464","page","type-page","status-publish","hentry"],"meta_all":{"_edit_lock":["1506708598:109"],"_edit_last":["109"],"_wp_page_template":["default"],"_yoast_wpseo_content_score":["60"],"_cmsp_page_download-files":["a:1:{i:0;a:1:{s:4:\"type\";s:3:\"pdf\";}}"],"_yoast_wpseo_focuskw_text_input":["fotografia"],"_yoast_wpseo_focuskw":["fotografia"],"_yoast_wpseo_linkdex":["46"],"_yoast_wpseo_opengraph-title":["Revista Apartes - Clique Paulistano"],"_yoast_wpseo_opengraph-description":["Cenas da capital paulista pelo olhar dos profissionais da C\u00e2mara Municipal de S\u00e3o Paulo. Nesta edi\u00e7\u00e3o, foto de Marcelo Ximenes\/CMSP que captou a beleza e as cores do Vale do Anhangaba\u00fa, na regi\u00e3o central da cidade de S\u00e3o Paulo."],"_yoast_wpseo_twitter-title":["Revista Apartes - Clique Paulistano"],"_yoast_wpseo_twitter-description":["Cenas da capital paulista pelo olhar dos profissionais da C\u00e2mara Municipal de S\u00e3o Paulo."]},"yoast_head":"<!-- This site is optimized with the Yoast SEO plugin v27.4 - https:\/\/yoast.com\/product\/yoast-seo-wordpress\/ -->\n<title>N\u00ba23 \u2013 Clique paulistano - Revista Apartes (edi\u00e7\u00f5es anteriores)<\/title>\n<meta name=\"robots\" content=\"index, follow, max-snippet:-1, max-image-preview:large, max-video-preview:-1\" \/>\n<link rel=\"canonical\" href=\"https:\/\/www.saopaulo.sp.leg.br\/apartes-anteriores\/revista-apartes\/numero-23\/apartes-23-cliquepaulistano\/\" \/>\n<meta property=\"og:locale\" content=\"pt_BR\" \/>\n<meta property=\"og:type\" content=\"article\" \/>\n<meta property=\"og:title\" content=\"Revista Apartes - Clique Paulistano\" \/>\n<meta property=\"og:description\" content=\"Cenas da capital paulista pelo olhar dos profissionais da C\u00e2mara Municipal de S\u00e3o Paulo. Nesta edi\u00e7\u00e3o, foto de Marcelo Ximenes\/CMSP que captou a beleza e as cores do Vale do Anhangaba\u00fa, na regi\u00e3o central da cidade de S\u00e3o Paulo.\" \/>\n<meta property=\"og:url\" content=\"https:\/\/www.saopaulo.sp.leg.br\/apartes-anteriores\/revista-apartes\/numero-23\/apartes-23-cliquepaulistano\/\" \/>\n<meta property=\"og:site_name\" content=\"Revista Apartes (edi\u00e7\u00f5es anteriores)\" \/>\n<meta property=\"article:publisher\" content=\"https:\/\/www.facebook.com\/RevistaApartes\/\" \/>\n<meta property=\"article:modified_time\" content=\"2017-03-28T16:45:18+00:00\" \/>\n<meta property=\"og:image\" content=\"http:\/\/www.saopaulo.sp.leg.br\/apartes-anteriores\/wp-content\/uploads\/sites\/9\/2017\/03\/revista_apartes_n23_01-1024x662.jpg\" \/>\n<meta name=\"twitter:card\" content=\"summary_large_image\" \/>\n<meta name=\"twitter:title\" content=\"Revista Apartes - Clique Paulistano\" \/>\n<meta name=\"twitter:description\" content=\"Cenas da capital paulista pelo olhar dos profissionais da C\u00e2mara Municipal de S\u00e3o Paulo.\" \/>\n<meta name=\"twitter:site\" content=\"@revistaapartes\" \/>\n<meta name=\"twitter:label1\" content=\"Est. tempo de leitura\" \/>\n\t<meta name=\"twitter:data1\" content=\"1 minuto\" \/>\n<script type=\"application\/ld+json\" class=\"yoast-schema-graph\">{\"@context\":\"https:\\\/\\\/schema.org\",\"@graph\":[{\"@type\":\"WebPage\",\"@id\":\"https:\\\/\\\/www.saopaulo.sp.leg.br\\\/apartes-anteriores\\\/revista-apartes\\\/numero-23\\\/apartes-23-cliquepaulistano\\\/\",\"url\":\"https:\\\/\\\/www.saopaulo.sp.leg.br\\\/apartes-anteriores\\\/revista-apartes\\\/numero-23\\\/apartes-23-cliquepaulistano\\\/\",\"name\":\"N\u00ba23 \u2013 Clique paulistano - Revista Apartes (edi\u00e7\u00f5es anteriores)\",\"isPartOf\":{\"@id\":\"https:\\\/\\\/www.saopaulo.sp.leg.br\\\/apartes-anteriores\\\/#website\"},\"primaryImageOfPage\":{\"@id\":\"https:\\\/\\\/www.saopaulo.sp.leg.br\\\/apartes-anteriores\\\/revista-apartes\\\/numero-23\\\/apartes-23-cliquepaulistano\\\/#primaryimage\"},\"image\":{\"@id\":\"https:\\\/\\\/www.saopaulo.sp.leg.br\\\/apartes-anteriores\\\/revista-apartes\\\/numero-23\\\/apartes-23-cliquepaulistano\\\/#primaryimage\"},\"thumbnailUrl\":\"http:\\\/\\\/www.saopaulo.sp.leg.br\\\/apartes-anteriores\\\/wp-content\\\/uploads\\\/sites\\\/9\\\/2017\\\/03\\\/revista_apartes_n23_01-1024x662.jpg\",\"datePublished\":\"2017-03-23T20:31:06+00:00\",\"dateModified\":\"2017-03-28T16:45:18+00:00\",\"breadcrumb\":{\"@id\":\"https:\\\/\\\/www.saopaulo.sp.leg.br\\\/apartes-anteriores\\\/revista-apartes\\\/numero-23\\\/apartes-23-cliquepaulistano\\\/#breadcrumb\"},\"inLanguage\":\"pt-BR\",\"potentialAction\":[{\"@type\":\"ReadAction\",\"target\":[\"https:\\\/\\\/www.saopaulo.sp.leg.br\\\/apartes-anteriores\\\/revista-apartes\\\/numero-23\\\/apartes-23-cliquepaulistano\\\/\"]}]},{\"@type\":\"ImageObject\",\"inLanguage\":\"pt-BR\",\"@id\":\"https:\\\/\\\/www.saopaulo.sp.leg.br\\\/apartes-anteriores\\\/revista-apartes\\\/numero-23\\\/apartes-23-cliquepaulistano\\\/#primaryimage\",\"url\":\"https:\\\/\\\/www.saopaulo.sp.leg.br\\\/apartes-anteriores\\\/wp-content\\\/uploads\\\/sites\\\/9\\\/2017\\\/03\\\/revista_apartes_n23_01.jpg\",\"contentUrl\":\"https:\\\/\\\/www.saopaulo.sp.leg.br\\\/apartes-anteriores\\\/wp-content\\\/uploads\\\/sites\\\/9\\\/2017\\\/03\\\/revista_apartes_n23_01.jpg\",\"width\":2207,\"height\":1427,\"caption\":\"Clique na imagem para v\u00ea-la ampliada.\"},{\"@type\":\"BreadcrumbList\",\"@id\":\"https:\\\/\\\/www.saopaulo.sp.leg.br\\\/apartes-anteriores\\\/revista-apartes\\\/numero-23\\\/apartes-23-cliquepaulistano\\\/#breadcrumb\",\"itemListElement\":[{\"@type\":\"ListItem\",\"position\":1,\"name\":\"Home\",\"item\":\"https:\\\/\\\/www.saopaulo.sp.leg.br\\\/apartes-anteriores\\\/\"},{\"@type\":\"ListItem\",\"position\":2,\"name\":\"Revista Apartes\",\"item\":\"https:\\\/\\\/www.saopaulo.sp.leg.br\\\/apartes-anteriores\\\/\"},{\"@type\":\"ListItem\",\"position\":3,\"name\":\"N\u00famero 23 &#8211; jan-fev\\\/2017\",\"item\":\"https:\\\/\\\/www.saopaulo.sp.leg.br\\\/apartes-anteriores\\\/revista-apartes\\\/numero-23\\\/\"},{\"@type\":\"ListItem\",\"position\":4,\"name\":\"N\u00ba23 \u2013 Clique paulistano\"}]},{\"@type\":\"WebSite\",\"@id\":\"https:\\\/\\\/www.saopaulo.sp.leg.br\\\/apartes-anteriores\\\/#website\",\"url\":\"https:\\\/\\\/www.saopaulo.sp.leg.br\\\/apartes-anteriores\\\/\",\"name\":\"Revista Apartes (edi\u00e7\u00f5es anteriores)\",\"description\":\"Revista Apartes (edi\u00e7\u00f5es anteriores)\",\"potentialAction\":[{\"@type\":\"SearchAction\",\"target\":{\"@type\":\"EntryPoint\",\"urlTemplate\":\"https:\\\/\\\/www.saopaulo.sp.leg.br\\\/apartes-anteriores\\\/?s={search_term_string}\"},\"query-input\":{\"@type\":\"PropertyValueSpecification\",\"valueRequired\":true,\"valueName\":\"search_term_string\"}}],\"inLanguage\":\"pt-BR\"}]}<\/script>\n<!-- \/ Yoast SEO plugin. -->","yoast_head_json":{"title":"N\u00ba23 \u2013 Clique paulistano - Revista Apartes (edi\u00e7\u00f5es anteriores)","robots":{"index":"index","follow":"follow","max-snippet":"max-snippet:-1","max-image-preview":"max-image-preview:large","max-video-preview":"max-video-preview:-1"},"canonical":"https:\/\/www.saopaulo.sp.leg.br\/apartes-anteriores\/revista-apartes\/numero-23\/apartes-23-cliquepaulistano\/","og_locale":"pt_BR","og_type":"article","og_title":"Revista Apartes - Clique Paulistano","og_description":"Cenas da capital paulista pelo olhar dos profissionais da C\u00e2mara Municipal de S\u00e3o Paulo. Nesta edi\u00e7\u00e3o, foto de Marcelo Ximenes\/CMSP que captou a beleza e as cores do Vale do Anhangaba\u00fa, na regi\u00e3o central da cidade de S\u00e3o Paulo.","og_url":"https:\/\/www.saopaulo.sp.leg.br\/apartes-anteriores\/revista-apartes\/numero-23\/apartes-23-cliquepaulistano\/","og_site_name":"Revista Apartes (edi\u00e7\u00f5es anteriores)","article_publisher":"https:\/\/www.facebook.com\/RevistaApartes\/","article_modified_time":"2017-03-28T16:45:18+00:00","og_image":[{"url":"http:\/\/www.saopaulo.sp.leg.br\/apartes-anteriores\/wp-content\/uploads\/sites\/9\/2017\/03\/revista_apartes_n23_01-1024x662.jpg","type":"","width":"","height":""}],"twitter_card":"summary_large_image","twitter_title":"Revista Apartes - Clique Paulistano","twitter_description":"Cenas da capital paulista pelo olhar dos profissionais da C\u00e2mara Municipal de S\u00e3o Paulo.","twitter_site":"@revistaapartes","twitter_misc":{"Est. tempo de leitura":"1 minuto"},"schema":{"@context":"https:\/\/schema.org","@graph":[{"@type":"WebPage","@id":"https:\/\/www.saopaulo.sp.leg.br\/apartes-anteriores\/revista-apartes\/numero-23\/apartes-23-cliquepaulistano\/","url":"https:\/\/www.saopaulo.sp.leg.br\/apartes-anteriores\/revista-apartes\/numero-23\/apartes-23-cliquepaulistano\/","name":"N\u00ba23 \u2013 Clique paulistano - Revista Apartes (edi\u00e7\u00f5es anteriores)","isPartOf":{"@id":"https:\/\/www.saopaulo.sp.leg.br\/apartes-anteriores\/#website"},"primaryImageOfPage":{"@id":"https:\/\/www.saopaulo.sp.leg.br\/apartes-anteriores\/revista-apartes\/numero-23\/apartes-23-cliquepaulistano\/#primaryimage"},"image":{"@id":"https:\/\/www.saopaulo.sp.leg.br\/apartes-anteriores\/revista-apartes\/numero-23\/apartes-23-cliquepaulistano\/#primaryimage"},"thumbnailUrl":"http:\/\/www.saopaulo.sp.leg.br\/apartes-anteriores\/wp-content\/uploads\/sites\/9\/2017\/03\/revista_apartes_n23_01-1024x662.jpg","datePublished":"2017-03-23T20:31:06+00:00","dateModified":"2017-03-28T16:45:18+00:00","breadcrumb":{"@id":"https:\/\/www.saopaulo.sp.leg.br\/apartes-anteriores\/revista-apartes\/numero-23\/apartes-23-cliquepaulistano\/#breadcrumb"},"inLanguage":"pt-BR","potentialAction":[{"@type":"ReadAction","target":["https:\/\/www.saopaulo.sp.leg.br\/apartes-anteriores\/revista-apartes\/numero-23\/apartes-23-cliquepaulistano\/"]}]},{"@type":"ImageObject","inLanguage":"pt-BR","@id":"https:\/\/www.saopaulo.sp.leg.br\/apartes-anteriores\/revista-apartes\/numero-23\/apartes-23-cliquepaulistano\/#primaryimage","url":"https:\/\/www.saopaulo.sp.leg.br\/apartes-anteriores\/wp-content\/uploads\/sites\/9\/2017\/03\/revista_apartes_n23_01.jpg","contentUrl":"https:\/\/www.saopaulo.sp.leg.br\/apartes-anteriores\/wp-content\/uploads\/sites\/9\/2017\/03\/revista_apartes_n23_01.jpg","width":2207,"height":1427,"caption":"Clique na imagem para v\u00ea-la ampliada."},{"@type":"BreadcrumbList","@id":"https:\/\/www.saopaulo.sp.leg.br\/apartes-anteriores\/revista-apartes\/numero-23\/apartes-23-cliquepaulistano\/#breadcrumb","itemListElement":[{"@type":"ListItem","position":1,"name":"Home","item":"https:\/\/www.saopaulo.sp.leg.br\/apartes-anteriores\/"},{"@type":"ListItem","position":2,"name":"Revista Apartes","item":"https:\/\/www.saopaulo.sp.leg.br\/apartes-anteriores\/"},{"@type":"ListItem","position":3,"name":"N\u00famero 23 &#8211; jan-fev\/2017","item":"https:\/\/www.saopaulo.sp.leg.br\/apartes-anteriores\/revista-apartes\/numero-23\/"},{"@type":"ListItem","position":4,"name":"N\u00ba23 \u2013 Clique paulistano"}]},{"@type":"WebSite","@id":"https:\/\/www.saopaulo.sp.leg.br\/apartes-anteriores\/#website","url":"https:\/\/www.saopaulo.sp.leg.br\/apartes-anteriores\/","name":"Revista Apartes (edi\u00e7\u00f5es anteriores)","description":"Revista Apartes (edi\u00e7\u00f5es anteriores)","potentialAction":[{"@type":"SearchAction","target":{"@type":"EntryPoint","urlTemplate":"https:\/\/www.saopaulo.sp.leg.br\/apartes-anteriores\/?s={search_term_string}"},"query-input":{"@type":"PropertyValueSpecification","valueRequired":true,"valueName":"search_term_string"}}],"inLanguage":"pt-BR"}]}},"_links":{"self":[{"href":"https:\/\/www.saopaulo.sp.leg.br\/apartes-anteriores\/wp-json\/wp\/v2\/pages\/39464","targetHints":{"allow":["GET"]}}],"collection":[{"href":"https:\/\/www.saopaulo.sp.leg.br\/apartes-anteriores\/wp-json\/wp\/v2\/pages"}],"about":[{"href":"https:\/\/www.saopaulo.sp.leg.br\/apartes-anteriores\/wp-json\/wp\/v2\/types\/page"}],"author":[{"embeddable":true,"href":"https:\/\/www.saopaulo.sp.leg.br\/apartes-anteriores\/wp-json\/wp\/v2\/users\/109"}],"replies":[{"embeddable":true,"href":"https:\/\/www.saopaulo.sp.leg.br\/apartes-anteriores\/wp-json\/wp\/v2\/comments?post=39464"}],"version-history":[{"count":0,"href":"https:\/\/www.saopaulo.sp.leg.br\/apartes-anteriores\/wp-json\/wp\/v2\/pages\/39464\/revisions"}],"up":[{"embeddable":true,"href":"https:\/\/www.saopaulo.sp.leg.br\/apartes-anteriores\/wp-json\/wp\/v2\/pages\/39618"}],"wp:attachment":[{"href":"https:\/\/www.saopaulo.sp.leg.br\/apartes-anteriores\/wp-json\/wp\/v2\/media?parent=39464"}],"curies":[{"name":"wp","href":"https:\/\/api.w.org\/{rel}","templated":true}]}}