{"id":38250,"date":"2016-11-24T16:44:45","date_gmt":"2016-11-24T18:44:45","guid":{"rendered":"http:\/\/www.saopaulo.sp.leg.br\/apartes-anteriores\/?page_id=38250"},"modified":"2016-12-16T18:53:29","modified_gmt":"2016-12-16T20:53:29","slug":"no05-um-viva-a-democracia","status":"publish","type":"page","link":"https:\/\/www.saopaulo.sp.leg.br\/apartes-anteriores\/revista-apartes\/numero-5-janeiro-fevereiro2014\/no05-um-viva-a-democracia\/","title":{"rendered":"N\u00ba05 &#8211; Repara\u00e7\u00e3o"},"content":{"rendered":"<h1><span style=\"color: #800000\"><strong>Um viva \u00e0 democracia<\/strong><\/span><\/h1>\n<h2>Vereadores cassados por a\u00e7\u00f5es autorit\u00e1rias t\u00eam mandatos restitu\u00eddos em solenidade<\/h2>\n<p><strong>Fausto Salvadori Filho<\/strong> | <a href=\"mailto:fausto@saopaulo.sp.leg.br\">fausto@saopaulo.sp.leg.br<\/a><\/p>\n<p><!-- imagem TOTAL - com legenda - CENTRALIZADA --><\/p>\n<div style=\"width: 100%;margin-right: 1.5em;margin-bottom: 1.5em\">\n<div style=\"padding: 5px;background-color: #eee !important\">\n<p><a href=\"http:\/\/www.saopaulo.sp.leg.br\/apartes-anteriores\/wp-content\/uploads\/sites\/9\/2016\/11\/apartes_n05_41.jpg\"><img loading=\"lazy\" decoding=\"async\" class=\"aligncenter wp-image-38230 size-full\" src=\"http:\/\/www.saopaulo.sp.leg.br\/apartes-anteriores\/wp-content\/uploads\/sites\/9\/2016\/11\/apartes_n05_41.jpg\" width=\"1591\" height=\"959\" srcset=\"https:\/\/www.saopaulo.sp.leg.br\/apartes-anteriores\/wp-content\/uploads\/sites\/9\/2016\/11\/apartes_n05_41.jpg 1591w, https:\/\/www.saopaulo.sp.leg.br\/apartes-anteriores\/wp-content\/uploads\/sites\/9\/2016\/11\/apartes_n05_41-300x181.jpg 300w, https:\/\/www.saopaulo.sp.leg.br\/apartes-anteriores\/wp-content\/uploads\/sites\/9\/2016\/11\/apartes_n05_41-768x463.jpg 768w, https:\/\/www.saopaulo.sp.leg.br\/apartes-anteriores\/wp-content\/uploads\/sites\/9\/2016\/11\/apartes_n05_41-1024x617.jpg 1024w\" sizes=\"auto, (max-width: 1591px) 100vw, 1591px\" \/><\/a><\/p>\n<p style=\"font-size: 0.8em;line-height: 1.1em;text-align: center;margin: -1.5em 0px 7px 0px;color: #333;!important;background-color: transparent !important\" align=\"center\">REGISTRO &#8211; Vereadores descerram placa que homenageia cassados<\/p>\n<\/div>\n<p style=\"font-size: 0.5em;line-height: 1.1em;text-align: right;margin: 4px 0px 7px 0px;background-color: transparent !important\">Mozart Gomes\/CMSP<\/p>\n<\/div>\n<p><!-- imagem TOTAL - com legenda - CENTRALIZADA --><\/p>\n<p>Viva a democracia\u201d, saudou Moacir Longo, 83 anos, encerrando a sess\u00e3o solene de 9 de dezembro, realizada pela C\u00e2mara Municipal de S\u00e3o Paulo (CMSP) para restituir simbolicamente os mandatos de 42 vereadores cassados por a\u00e7\u00f5es autorit\u00e1rias, entre 1937 e 1969.<\/p>\n<p>Nessa noite, Longo atuou como presidente na segunda metade da sess\u00e3o solene. Nem parecia que, 49 anos antes, um dia ap\u00f3s o golpe militar de 31 de mar\u00e7o de 1964, o mesmo Longo, ent\u00e3o vereador, havia sido obrigado a fugir da C\u00e2mara, escondido em um carro, para n\u00e3o ser preso pela pol\u00edcia.<\/p>\n<p>Para o ex-vereador, a democracia que saudou em sua fala \u00e9 uma menina ainda, uma mo\u00e7a mal sa\u00edda dos 25 anos. Ele defende que o regime democr\u00e1tico, com respeito \u00e0 liberdade pol\u00edtica, s\u00f3 come\u00e7ou a ser constru\u00eddo no Pa\u00eds a partir da Constitui\u00e7\u00e3o de 1988. E olhe l\u00e1. \u201cAinda temos que avan\u00e7ar muito na constru\u00e7\u00e3o da democracia, n\u00e3o apenas pol\u00edtica, mas social.\u201d<\/p>\n<p>Para Longo, n\u00e3o houve \u201credemocratiza\u00e7\u00e3o\u201d ap\u00f3s o fim da ditadura, simplesmente porque n\u00e3o existiu regime democr\u00e1tico antes, fosse no per\u00edodo mon\u00e1rquico, na Rep\u00fablica Velha ou mesmo ap\u00f3s o fim do Estado Novo. \u201cTivemos democracia de 1946 a 1964, quando houve todas essas cassa\u00e7\u00f5es denunciadas aqui hoje? N\u00e3o tivemos\u201d, disse. \u201cA noite de hoje \u00e9 importante para as novas gera\u00e7\u00f5es tomarem conhecimento de que no Brasil nunca houve democracia de fato para todos; neste Pa\u00eds sempre reinou a opress\u00e3o a todas as oposi\u00e7\u00f5es\u201d, criticou Longo durante a sess\u00e3o.<\/p>\n<p><!-- imagem GRANDE - com legenda - LADO ESQUERDO --><\/p>\n<div style=\"float: left;width: 310px;margin-right: 1.5em;margin-bottom: 1.5em\">\n<div style=\"float: left;padding: 5px;background-color: #eee !important\">\n<p><a href=\"http:\/\/www.saopaulo.sp.leg.br\/apartes-anteriores\/wp-content\/uploads\/sites\/9\/2016\/11\/apartes_n05_51.jpg\"><img loading=\"lazy\" decoding=\"async\" class=\"aligncenter wp-image-38240 size-medium\" src=\"http:\/\/www.saopaulo.sp.leg.br\/apartes-anteriores\/wp-content\/uploads\/sites\/9\/2016\/11\/apartes_n05_51-300x154.jpg\" width=\"300\" height=\"154\" srcset=\"https:\/\/www.saopaulo.sp.leg.br\/apartes-anteriores\/wp-content\/uploads\/sites\/9\/2016\/11\/apartes_n05_51-300x154.jpg 300w, https:\/\/www.saopaulo.sp.leg.br\/apartes-anteriores\/wp-content\/uploads\/sites\/9\/2016\/11\/apartes_n05_51-768x394.jpg 768w, https:\/\/www.saopaulo.sp.leg.br\/apartes-anteriores\/wp-content\/uploads\/sites\/9\/2016\/11\/apartes_n05_51-1024x525.jpg 1024w, https:\/\/www.saopaulo.sp.leg.br\/apartes-anteriores\/wp-content\/uploads\/sites\/9\/2016\/11\/apartes_n05_51.jpg 1359w\" sizes=\"auto, (max-width: 300px) 100vw, 300px\" \/><\/a><\/p>\n<p style=\"font-size: 0.8em;line-height: 1.1em;text-align: center;margin: -1.5em 0px 7px 0px;color: #333;!important;background-color: transparent !important\" align=\"center\">HOMENAGEM &#8211; Vereadores Jos\u00e9 Am\u00e9rico e Orlando Silva entregam diploma a Armando Pastrelli<\/p>\n<\/div>\n<p style=\"font-size: 0.5em;line-height: 1.1em;text-align: right;margin: 4px 0px 7px 0px;background-color: transparent !important\">Mozart Gomes\/CMSP<\/p>\n<\/div>\n<p><!-- imagem GRANDE - com legenda - LADO ESQUERDO --><\/p>\n<p>Um dos exemplos das imperfei\u00e7\u00f5es do regime democr\u00e1tico brasileiro estava sentado \u00e0 esquerda de Longo: Armando Pastrelli, 95 anos. Eleito vereador em 1947, teve o mandato cassado pelo Tribunal Superior Eleitoral (TSE). Quando tentou entrar na C\u00e2mara para ver a posse dos colegas, em 1\u00ba de janeiro de 1948, foi barrado na porta. Agora, Pastrelli estava de volta \u00e0 Casa, presidindo a primeira metade da sess\u00e3o de restitui\u00e7\u00e3o de mandatos. \u201cEu me sinto muit\u00edssimo honrado em ver que me fizeram justi\u00e7a\u201d, afirmou.<\/p>\n<p>Em sua fala, Pastrelli lembrou que a cassa\u00e7\u00e3o do mandato parlamentar foi apenas uma das v\u00e1rias persegui\u00e7\u00f5es que enfrentou. Por ter sido membro do clandestino Partido Comunista Brasileiro (PCB), passou a ser abordado o tempo todo pela pol\u00edcia e enfrentou dificuldade at\u00e9 para arrumar emprego. Para fugir da persegui\u00e7\u00e3o, resolveu trabalhar no Amap\u00e1. Mesmo l\u00e1, foi alcan\u00e7ado pela chegada de um cart\u00e3o de Natal enviado pelo l\u00edder comunista Lu\u00eds Carlos Prestes, o qual despertou coment\u00e1rios de como Pastrelli seria \u201cperigoso\u201d. Cansado, abriu uma oficina para consertos de m\u00e1quinas gr\u00e1ficas que, ap\u00f3s alguns anos, tornou-se uma ind\u00fastria bem-sucedida, transformando o antigo oper\u00e1rio em patr\u00e3o. \u201cFiquei ligado \u00e0 burguesia, peguei idade e gozei um pouco dos benef\u00edcios que a riqueza traz\u201d, relembrou.<\/p>\n<h3><strong>Lembran\u00e7as de fam\u00edlia<\/strong><\/h3>\n<p>Homenagens como esta permitem \u201creescrever a hist\u00f3ria\u201d, afirmou o vereador Orlando Silva (PCdoB), ao lembrar que a comunista Elisa Kauffmann Abramovich, at\u00e9 ent\u00e3o considerada uma candidata eleita e n\u00e3o empossada, agora passava a ser oficialmente reconhecida pela CMSP como a primeira vereadora em S\u00e3o Paulo. O parlamentar Gilberto Natalini (PV) disse que o evento ajudaria a lembrar a todos da necessidade de rejeitar solu\u00e7\u00f5es autorit\u00e1rias para os problemas da pol\u00edtica. \u201cS\u00f3 o aprofundamento da democracia pode consertar os erros da pr\u00f3pria democracia\u201d, afirmou.<\/p>\n<p><!-- imagem MEDIA - com legenda - LADO DIREITO --><\/p>\n<div style=\"float: right;width: 310px;margin-left: 1.5em;margin-bottom: 1.5em\">\n<div style=\"float: right;padding: 5px;background-color: #eee !important\">\n<p><a href=\"http:\/\/www.saopaulo.sp.leg.br\/apartes-anteriores\/wp-content\/uploads\/sites\/9\/2016\/11\/apartes_n05_50.jpg\"><img loading=\"lazy\" decoding=\"async\" class=\"aligncenter wp-image-38239 size-medium\" src=\"http:\/\/www.saopaulo.sp.leg.br\/apartes-anteriores\/wp-content\/uploads\/sites\/9\/2016\/11\/apartes_n05_50-300x141.jpg\" width=\"300\" height=\"141\" srcset=\"https:\/\/www.saopaulo.sp.leg.br\/apartes-anteriores\/wp-content\/uploads\/sites\/9\/2016\/11\/apartes_n05_50-300x141.jpg 300w, https:\/\/www.saopaulo.sp.leg.br\/apartes-anteriores\/wp-content\/uploads\/sites\/9\/2016\/11\/apartes_n05_50-768x362.jpg 768w, https:\/\/www.saopaulo.sp.leg.br\/apartes-anteriores\/wp-content\/uploads\/sites\/9\/2016\/11\/apartes_n05_50-1024x482.jpg 1024w, https:\/\/www.saopaulo.sp.leg.br\/apartes-anteriores\/wp-content\/uploads\/sites\/9\/2016\/11\/apartes_n05_50.jpg 1206w\" sizes=\"auto, (max-width: 300px) 100vw, 300px\" \/><\/a><\/p>\n<p style=\"font-size: 0.8em;line-height: 1.1em;text-align: center;margin: -1.5em 0px 7px 0px;color: #333;!important;background-color: transparent !important\" align=\"center\">RESTITUI\u00c7\u00c3O &#8211; Com fam\u00edlia e vereadores, Moacir Longo \u00e9 homenageado no plen\u00e1rio<\/p>\n<\/div>\n<p style=\"font-size: 0.5em;line-height: 1.1em;text-align: right;margin: 4px 0px 7px 0px;background-color: transparent !important\">Mozart Gomes\/CMSP<\/p>\n<\/div>\n<p><!-- imagem MEDIA - com legenda - LADO DIREITO --><\/p>\n<p>Al\u00e9m de Longo e Pastrelli, \u00fanicos vivos entre os cassados, a cerim\u00f4nia tamb\u00e9m contou com a participa\u00e7\u00e3o das fam\u00edlias dos antigos vereadores, que receberam diplomas simb\u00f3licos de restitui\u00e7\u00e3o de mandato. \u201cMeu av\u00f4 ficaria feliz ao ver o reconhecimento da C\u00e2mara Municipal de S\u00e3o Paulo, a mais importante do Pa\u00eds, num evento pr\u00f3-democracia como este\u201d, afirmou Luiz Ant\u00f4nio Marrey, procurador de Justi\u00e7a do Minist\u00e9rio P\u00fablico de S\u00e3o Paulo e neto de Jos\u00e9 Adriano Marrey Junior, vereador cassado em 1937, com o fechamento de todas as casas legislativas pelo Estado Novo.<\/p>\n<p>\u201cFoi feita justi\u00e7a\u201d, disse S\u00f4nia Maria Dias Carvalho Sim\u00f5es, vi\u00fava de Benone Sim\u00f5es, comunista cassado em 1947. \u201cMeu marido dizia que havia lutado o bom combate, deixando suor e l\u00e1grimas. Nunca se arrependeu de nada.\u201d<\/p>\n<p>Outro filho de comunista cassado em 1947, Hermes Ubiratan Chade disse que o evento foi uma boa homenagem ao pai, Calil Chade, e \u00e0s lembran\u00e7as que deixou. \u201cO que a vida dele passou para mim \u00e9 que o mais importante \u00e9 a luta pelos nossos sonhos e ideais\u201d, recordou.<\/p>\n","protected":false},"excerpt":{"rendered":"<p>Um viva \u00e0 democracia Vereadores cassados por a\u00e7\u00f5es autorit\u00e1rias t\u00eam mandatos restitu\u00eddos em solenidade Fausto Salvadori Filho | fausto@saopaulo.sp.leg.br REGISTRO &#8211; Vereadores descerram placa que homenageia cassados Mozart Gomes\/CMSP Viva a democracia\u201d, saudou Moacir Longo, 83 anos, encerrando a sess\u00e3o solene de 9 de dezembro, realizada pela C\u00e2mara Municipal de S\u00e3o Paulo (CMSP) para restituir [&hellip;]<\/p>\n","protected":false},"author":109,"featured_media":0,"parent":24330,"menu_order":0,"comment_status":"closed","ping_status":"closed","template":"","meta":{"footnotes":""},"class_list":["post-38250","page","type-page","status-publish","hentry"],"meta_all":{"_edit_lock":["1481921651:109"],"_edit_last":["109"],"_wp_page_template":["default"],"_yoast_wpseo_content_score":["30"],"_cmsp_page_download-files":["a:1:{i:0;a:1:{s:4:\"type\";s:3:\"pdf\";}}"],"_yoast_wpseo_opengraph-title":["Um viva \u00e0 democracia"],"_yoast_wpseo_opengraph-description":["Vereadores cassados por a\u00e7\u00f5es autorit\u00e1rias t\u00eam mandatos restitu\u00eddos em solenidade"],"_yoast_wpseo_twitter-title":["Um viva \u00e0 democracia"],"_yoast_wpseo_twitter-description":["Vereadores cassados por a\u00e7\u00f5es autorit\u00e1rias t\u00eam mandatos restitu\u00eddos em solenidade"]},"yoast_head":"<!-- This site is optimized with the Yoast SEO plugin v27.4 - https:\/\/yoast.com\/product\/yoast-seo-wordpress\/ -->\n<title>N\u00ba05 - Repara\u00e7\u00e3o - Revista Apartes (edi\u00e7\u00f5es anteriores)<\/title>\n<meta name=\"robots\" content=\"index, follow, max-snippet:-1, max-image-preview:large, max-video-preview:-1\" \/>\n<link rel=\"canonical\" href=\"https:\/\/www.saopaulo.sp.leg.br\/apartes-anteriores\/revista-apartes\/numero-5-janeiro-fevereiro2014\/no05-um-viva-a-democracia\/\" \/>\n<meta property=\"og:locale\" content=\"pt_BR\" \/>\n<meta property=\"og:type\" content=\"article\" \/>\n<meta property=\"og:title\" content=\"Um viva \u00e0 democracia\" \/>\n<meta property=\"og:description\" content=\"Vereadores cassados por a\u00e7\u00f5es autorit\u00e1rias t\u00eam mandatos restitu\u00eddos em solenidade\" \/>\n<meta property=\"og:url\" content=\"https:\/\/www.saopaulo.sp.leg.br\/apartes-anteriores\/revista-apartes\/numero-5-janeiro-fevereiro2014\/no05-um-viva-a-democracia\/\" \/>\n<meta property=\"og:site_name\" content=\"Revista Apartes (edi\u00e7\u00f5es anteriores)\" \/>\n<meta property=\"article:publisher\" content=\"https:\/\/www.facebook.com\/RevistaApartes\/\" \/>\n<meta property=\"article:modified_time\" content=\"2016-12-16T20:53:29+00:00\" \/>\n<meta property=\"og:image\" content=\"http:\/\/www.saopaulo.sp.leg.br\/apartes-anteriores\/wp-content\/uploads\/sites\/9\/2016\/11\/apartes_n05_41.jpg\" \/>\n<meta name=\"twitter:card\" content=\"summary_large_image\" \/>\n<meta name=\"twitter:title\" content=\"Um viva \u00e0 democracia\" \/>\n<meta name=\"twitter:description\" content=\"Vereadores cassados por a\u00e7\u00f5es autorit\u00e1rias t\u00eam mandatos restitu\u00eddos em solenidade\" \/>\n<meta name=\"twitter:site\" content=\"@revistaapartes\" \/>\n<meta name=\"twitter:label1\" content=\"Est. tempo de leitura\" \/>\n\t<meta name=\"twitter:data1\" content=\"4 minutos\" \/>\n<script type=\"application\/ld+json\" class=\"yoast-schema-graph\">{\"@context\":\"https:\\\/\\\/schema.org\",\"@graph\":[{\"@type\":\"WebPage\",\"@id\":\"https:\\\/\\\/www.saopaulo.sp.leg.br\\\/apartes-anteriores\\\/revista-apartes\\\/numero-5-janeiro-fevereiro2014\\\/no05-um-viva-a-democracia\\\/\",\"url\":\"https:\\\/\\\/www.saopaulo.sp.leg.br\\\/apartes-anteriores\\\/revista-apartes\\\/numero-5-janeiro-fevereiro2014\\\/no05-um-viva-a-democracia\\\/\",\"name\":\"N\u00ba05 - Repara\u00e7\u00e3o - Revista Apartes (edi\u00e7\u00f5es anteriores)\",\"isPartOf\":{\"@id\":\"https:\\\/\\\/www.saopaulo.sp.leg.br\\\/apartes-anteriores\\\/#website\"},\"primaryImageOfPage\":{\"@id\":\"https:\\\/\\\/www.saopaulo.sp.leg.br\\\/apartes-anteriores\\\/revista-apartes\\\/numero-5-janeiro-fevereiro2014\\\/no05-um-viva-a-democracia\\\/#primaryimage\"},\"image\":{\"@id\":\"https:\\\/\\\/www.saopaulo.sp.leg.br\\\/apartes-anteriores\\\/revista-apartes\\\/numero-5-janeiro-fevereiro2014\\\/no05-um-viva-a-democracia\\\/#primaryimage\"},\"thumbnailUrl\":\"http:\\\/\\\/www.saopaulo.sp.leg.br\\\/apartes-anteriores\\\/wp-content\\\/uploads\\\/sites\\\/9\\\/2016\\\/11\\\/apartes_n05_41.jpg\",\"datePublished\":\"2016-11-24T18:44:45+00:00\",\"dateModified\":\"2016-12-16T20:53:29+00:00\",\"breadcrumb\":{\"@id\":\"https:\\\/\\\/www.saopaulo.sp.leg.br\\\/apartes-anteriores\\\/revista-apartes\\\/numero-5-janeiro-fevereiro2014\\\/no05-um-viva-a-democracia\\\/#breadcrumb\"},\"inLanguage\":\"pt-BR\",\"potentialAction\":[{\"@type\":\"ReadAction\",\"target\":[\"https:\\\/\\\/www.saopaulo.sp.leg.br\\\/apartes-anteriores\\\/revista-apartes\\\/numero-5-janeiro-fevereiro2014\\\/no05-um-viva-a-democracia\\\/\"]}]},{\"@type\":\"ImageObject\",\"inLanguage\":\"pt-BR\",\"@id\":\"https:\\\/\\\/www.saopaulo.sp.leg.br\\\/apartes-anteriores\\\/revista-apartes\\\/numero-5-janeiro-fevereiro2014\\\/no05-um-viva-a-democracia\\\/#primaryimage\",\"url\":\"https:\\\/\\\/www.saopaulo.sp.leg.br\\\/apartes-anteriores\\\/wp-content\\\/uploads\\\/sites\\\/9\\\/2016\\\/11\\\/apartes_n05_41.jpg\",\"contentUrl\":\"https:\\\/\\\/www.saopaulo.sp.leg.br\\\/apartes-anteriores\\\/wp-content\\\/uploads\\\/sites\\\/9\\\/2016\\\/11\\\/apartes_n05_41.jpg\",\"width\":1591,\"height\":959},{\"@type\":\"BreadcrumbList\",\"@id\":\"https:\\\/\\\/www.saopaulo.sp.leg.br\\\/apartes-anteriores\\\/revista-apartes\\\/numero-5-janeiro-fevereiro2014\\\/no05-um-viva-a-democracia\\\/#breadcrumb\",\"itemListElement\":[{\"@type\":\"ListItem\",\"position\":1,\"name\":\"Home\",\"item\":\"https:\\\/\\\/www.saopaulo.sp.leg.br\\\/apartes-anteriores\\\/\"},{\"@type\":\"ListItem\",\"position\":2,\"name\":\"Revista Apartes\",\"item\":\"https:\\\/\\\/www.saopaulo.sp.leg.br\\\/apartes-anteriores\\\/\"},{\"@type\":\"ListItem\",\"position\":3,\"name\":\"N\u00famero 05 &#8211; jan-fev\\\/2014\",\"item\":\"https:\\\/\\\/www.saopaulo.sp.leg.br\\\/apartes-anteriores\\\/revista-apartes\\\/numero-5-janeiro-fevereiro2014\\\/\"},{\"@type\":\"ListItem\",\"position\":4,\"name\":\"N\u00ba05 &#8211; Repara\u00e7\u00e3o\"}]},{\"@type\":\"WebSite\",\"@id\":\"https:\\\/\\\/www.saopaulo.sp.leg.br\\\/apartes-anteriores\\\/#website\",\"url\":\"https:\\\/\\\/www.saopaulo.sp.leg.br\\\/apartes-anteriores\\\/\",\"name\":\"Revista Apartes (edi\u00e7\u00f5es anteriores)\",\"description\":\"Revista Apartes (edi\u00e7\u00f5es anteriores)\",\"potentialAction\":[{\"@type\":\"SearchAction\",\"target\":{\"@type\":\"EntryPoint\",\"urlTemplate\":\"https:\\\/\\\/www.saopaulo.sp.leg.br\\\/apartes-anteriores\\\/?s={search_term_string}\"},\"query-input\":{\"@type\":\"PropertyValueSpecification\",\"valueRequired\":true,\"valueName\":\"search_term_string\"}}],\"inLanguage\":\"pt-BR\"}]}<\/script>\n<!-- \/ Yoast SEO plugin. -->","yoast_head_json":{"title":"N\u00ba05 - Repara\u00e7\u00e3o - Revista Apartes (edi\u00e7\u00f5es anteriores)","robots":{"index":"index","follow":"follow","max-snippet":"max-snippet:-1","max-image-preview":"max-image-preview:large","max-video-preview":"max-video-preview:-1"},"canonical":"https:\/\/www.saopaulo.sp.leg.br\/apartes-anteriores\/revista-apartes\/numero-5-janeiro-fevereiro2014\/no05-um-viva-a-democracia\/","og_locale":"pt_BR","og_type":"article","og_title":"Um viva \u00e0 democracia","og_description":"Vereadores cassados por a\u00e7\u00f5es autorit\u00e1rias t\u00eam mandatos restitu\u00eddos em solenidade","og_url":"https:\/\/www.saopaulo.sp.leg.br\/apartes-anteriores\/revista-apartes\/numero-5-janeiro-fevereiro2014\/no05-um-viva-a-democracia\/","og_site_name":"Revista Apartes (edi\u00e7\u00f5es anteriores)","article_publisher":"https:\/\/www.facebook.com\/RevistaApartes\/","article_modified_time":"2016-12-16T20:53:29+00:00","og_image":[{"url":"http:\/\/www.saopaulo.sp.leg.br\/apartes-anteriores\/wp-content\/uploads\/sites\/9\/2016\/11\/apartes_n05_41.jpg","type":"","width":"","height":""}],"twitter_card":"summary_large_image","twitter_title":"Um viva \u00e0 democracia","twitter_description":"Vereadores cassados por a\u00e7\u00f5es autorit\u00e1rias t\u00eam mandatos restitu\u00eddos em solenidade","twitter_site":"@revistaapartes","twitter_misc":{"Est. tempo de leitura":"4 minutos"},"schema":{"@context":"https:\/\/schema.org","@graph":[{"@type":"WebPage","@id":"https:\/\/www.saopaulo.sp.leg.br\/apartes-anteriores\/revista-apartes\/numero-5-janeiro-fevereiro2014\/no05-um-viva-a-democracia\/","url":"https:\/\/www.saopaulo.sp.leg.br\/apartes-anteriores\/revista-apartes\/numero-5-janeiro-fevereiro2014\/no05-um-viva-a-democracia\/","name":"N\u00ba05 - Repara\u00e7\u00e3o - Revista Apartes (edi\u00e7\u00f5es anteriores)","isPartOf":{"@id":"https:\/\/www.saopaulo.sp.leg.br\/apartes-anteriores\/#website"},"primaryImageOfPage":{"@id":"https:\/\/www.saopaulo.sp.leg.br\/apartes-anteriores\/revista-apartes\/numero-5-janeiro-fevereiro2014\/no05-um-viva-a-democracia\/#primaryimage"},"image":{"@id":"https:\/\/www.saopaulo.sp.leg.br\/apartes-anteriores\/revista-apartes\/numero-5-janeiro-fevereiro2014\/no05-um-viva-a-democracia\/#primaryimage"},"thumbnailUrl":"http:\/\/www.saopaulo.sp.leg.br\/apartes-anteriores\/wp-content\/uploads\/sites\/9\/2016\/11\/apartes_n05_41.jpg","datePublished":"2016-11-24T18:44:45+00:00","dateModified":"2016-12-16T20:53:29+00:00","breadcrumb":{"@id":"https:\/\/www.saopaulo.sp.leg.br\/apartes-anteriores\/revista-apartes\/numero-5-janeiro-fevereiro2014\/no05-um-viva-a-democracia\/#breadcrumb"},"inLanguage":"pt-BR","potentialAction":[{"@type":"ReadAction","target":["https:\/\/www.saopaulo.sp.leg.br\/apartes-anteriores\/revista-apartes\/numero-5-janeiro-fevereiro2014\/no05-um-viva-a-democracia\/"]}]},{"@type":"ImageObject","inLanguage":"pt-BR","@id":"https:\/\/www.saopaulo.sp.leg.br\/apartes-anteriores\/revista-apartes\/numero-5-janeiro-fevereiro2014\/no05-um-viva-a-democracia\/#primaryimage","url":"https:\/\/www.saopaulo.sp.leg.br\/apartes-anteriores\/wp-content\/uploads\/sites\/9\/2016\/11\/apartes_n05_41.jpg","contentUrl":"https:\/\/www.saopaulo.sp.leg.br\/apartes-anteriores\/wp-content\/uploads\/sites\/9\/2016\/11\/apartes_n05_41.jpg","width":1591,"height":959},{"@type":"BreadcrumbList","@id":"https:\/\/www.saopaulo.sp.leg.br\/apartes-anteriores\/revista-apartes\/numero-5-janeiro-fevereiro2014\/no05-um-viva-a-democracia\/#breadcrumb","itemListElement":[{"@type":"ListItem","position":1,"name":"Home","item":"https:\/\/www.saopaulo.sp.leg.br\/apartes-anteriores\/"},{"@type":"ListItem","position":2,"name":"Revista Apartes","item":"https:\/\/www.saopaulo.sp.leg.br\/apartes-anteriores\/"},{"@type":"ListItem","position":3,"name":"N\u00famero 05 &#8211; jan-fev\/2014","item":"https:\/\/www.saopaulo.sp.leg.br\/apartes-anteriores\/revista-apartes\/numero-5-janeiro-fevereiro2014\/"},{"@type":"ListItem","position":4,"name":"N\u00ba05 &#8211; Repara\u00e7\u00e3o"}]},{"@type":"WebSite","@id":"https:\/\/www.saopaulo.sp.leg.br\/apartes-anteriores\/#website","url":"https:\/\/www.saopaulo.sp.leg.br\/apartes-anteriores\/","name":"Revista Apartes (edi\u00e7\u00f5es anteriores)","description":"Revista Apartes (edi\u00e7\u00f5es anteriores)","potentialAction":[{"@type":"SearchAction","target":{"@type":"EntryPoint","urlTemplate":"https:\/\/www.saopaulo.sp.leg.br\/apartes-anteriores\/?s={search_term_string}"},"query-input":{"@type":"PropertyValueSpecification","valueRequired":true,"valueName":"search_term_string"}}],"inLanguage":"pt-BR"}]}},"_links":{"self":[{"href":"https:\/\/www.saopaulo.sp.leg.br\/apartes-anteriores\/wp-json\/wp\/v2\/pages\/38250","targetHints":{"allow":["GET"]}}],"collection":[{"href":"https:\/\/www.saopaulo.sp.leg.br\/apartes-anteriores\/wp-json\/wp\/v2\/pages"}],"about":[{"href":"https:\/\/www.saopaulo.sp.leg.br\/apartes-anteriores\/wp-json\/wp\/v2\/types\/page"}],"author":[{"embeddable":true,"href":"https:\/\/www.saopaulo.sp.leg.br\/apartes-anteriores\/wp-json\/wp\/v2\/users\/109"}],"replies":[{"embeddable":true,"href":"https:\/\/www.saopaulo.sp.leg.br\/apartes-anteriores\/wp-json\/wp\/v2\/comments?post=38250"}],"version-history":[{"count":0,"href":"https:\/\/www.saopaulo.sp.leg.br\/apartes-anteriores\/wp-json\/wp\/v2\/pages\/38250\/revisions"}],"up":[{"embeddable":true,"href":"https:\/\/www.saopaulo.sp.leg.br\/apartes-anteriores\/wp-json\/wp\/v2\/pages\/24330"}],"wp:attachment":[{"href":"https:\/\/www.saopaulo.sp.leg.br\/apartes-anteriores\/wp-json\/wp\/v2\/media?parent=38250"}],"curies":[{"name":"wp","href":"https:\/\/api.w.org\/{rel}","templated":true}]}}