{"id":36418,"date":"2016-10-03T18:30:57","date_gmt":"2016-10-03T21:30:57","guid":{"rendered":"http:\/\/www.saopaulo.sp.leg.br\/apartes-anteriores\/?page_id=36418"},"modified":"2016-12-01T17:02:02","modified_gmt":"2016-12-01T19:02:02","slug":"apartes-21-notas","status":"publish","type":"page","link":"https:\/\/www.saopaulo.sp.leg.br\/apartes-anteriores\/revista-apartes\/numero-21\/apartes-21-notas\/","title":{"rendered":"N\u00ba21 &#8211; Notas"},"content":{"rendered":"<h1><span style=\"color: #800000\"><strong>Notas<\/strong><\/span><\/h1>\n<h2><strong>\u00a0<\/strong><strong>Espa\u00e7o Wi-Fi Livre \u00e9 inaugurado na C\u00e2mara<\/strong><\/h2>\n<figure id=\"attachment_36421\" aria-describedby=\"caption-attachment-36421\" style=\"width: 640px\" class=\"wp-caption aligncenter\"><a href=\"http:\/\/www.saopaulo.sp.leg.br\/apartes-anteriores\/wp-content\/uploads\/sites\/9\/2016\/10\/apartes_n21_03.jpg\"><img loading=\"lazy\" decoding=\"async\" class=\"size-large wp-image-36421\" src=\"http:\/\/www.saopaulo.sp.leg.br\/apartes-anteriores\/wp-content\/uploads\/sites\/9\/2016\/10\/apartes_n21_03-1024x607.jpg\" alt=\"Espa\u00e7o Wi-Fi Livre est\u00e1 \u00e0 disposi\u00e7\u00e3o dos cidad\u00e3os Foto: Andr\u00e9 Bueno\/CMSP\" width=\"640\" height=\"379\" srcset=\"https:\/\/www.saopaulo.sp.leg.br\/apartes-anteriores\/wp-content\/uploads\/sites\/9\/2016\/10\/apartes_n21_03-1024x607.jpg 1024w, https:\/\/www.saopaulo.sp.leg.br\/apartes-anteriores\/wp-content\/uploads\/sites\/9\/2016\/10\/apartes_n21_03-300x178.jpg 300w, https:\/\/www.saopaulo.sp.leg.br\/apartes-anteriores\/wp-content\/uploads\/sites\/9\/2016\/10\/apartes_n21_03-768x455.jpg 768w, https:\/\/www.saopaulo.sp.leg.br\/apartes-anteriores\/wp-content\/uploads\/sites\/9\/2016\/10\/apartes_n21_03.jpg 1037w\" sizes=\"auto, (max-width: 640px) 100vw, 640px\" \/><\/a><figcaption id=\"caption-attachment-36421\" class=\"wp-caption-text\">Espa\u00e7o Wi-Fi Livre est\u00e1 \u00e0 disposi\u00e7\u00e3o dos cidad\u00e3os<br \/> Foto: Andr\u00e9 Bueno\/CMSP<\/figcaption><\/figure>\n<p>&nbsp;<\/p>\n<p>A C\u00e2mara Municipal de S\u00e3o Paulo (CMSP) inaugurou, em 2 de agosto, um novo espa\u00e7o para o p\u00fablico que passar pela Casa. Localizado no t\u00e9rreo do Pal\u00e1cio Anchieta, sede da C\u00e2mara, o Espa\u00e7o Wi-Fi livre conta com bancos, pufes, mesas, tomadas para recarregar aparelhos eletr\u00f4nicos e zona de wi-fi livre. A \u00e1rea fica aberta de segunda a sexta-feira, das 9h \u00e0s 21h.<\/p>\n<h2><strong>Deputados italianos visitam o Pal\u00e1cio Anchieta<\/strong><\/h2>\n<p>Representantes do Poder Legislativo da It\u00e1lia estiveram na C\u00e2mara Municipal em 4 de julho e se encontraram com vereadores. Os parlamentares trataram de diversas quest\u00f5es, entre elas o financiamento p\u00fablico de campanhas em ambos os pa\u00edses, a situa\u00e7\u00e3o da Uni\u00e3o Europeia (bloco de pa\u00edses do qual a It\u00e1lia faz parte) e trocaram experi\u00eancias parlamentares.<\/p>\n<p>\u201c\u00c9 importante conhecer todos os desafios da municipalidade quanto aos problemas da desigualdade social, que \u00e9 um desafio das grandes cidades no mundo\u201d, declarou a vice-presidenta da C\u00e2mara dos Deputados da It\u00e1lia, Marina Sereni. Segundo ela, a cidade de S\u00e3o Paulo \u00e9 considerada \u201ca mais italiana\u201d fora da It\u00e1lia.<\/p>\n<h2><strong>Projetos sociais ganham o Pr\u00eamio Betinho de Cidadania<\/strong><\/h2>\n<figure id=\"attachment_36419\" aria-describedby=\"caption-attachment-36419\" style=\"width: 640px\" class=\"wp-caption aligncenter\"><a href=\"http:\/\/www.saopaulo.sp.leg.br\/apartes-anteriores\/wp-content\/uploads\/sites\/9\/2016\/10\/apartes_n21_01.jpg\"><img loading=\"lazy\" decoding=\"async\" class=\"wp-image-36419 size-large\" src=\"http:\/\/www.saopaulo.sp.leg.br\/apartes-anteriores\/wp-content\/uploads\/sites\/9\/2016\/10\/apartes_n21_01-1024x680.jpg\" width=\"640\" height=\"425\" srcset=\"https:\/\/www.saopaulo.sp.leg.br\/apartes-anteriores\/wp-content\/uploads\/sites\/9\/2016\/10\/apartes_n21_01-1024x680.jpg 1024w, https:\/\/www.saopaulo.sp.leg.br\/apartes-anteriores\/wp-content\/uploads\/sites\/9\/2016\/10\/apartes_n21_01-300x199.jpg 300w, https:\/\/www.saopaulo.sp.leg.br\/apartes-anteriores\/wp-content\/uploads\/sites\/9\/2016\/10\/apartes_n21_01-768x510.jpg 768w, https:\/\/www.saopaulo.sp.leg.br\/apartes-anteriores\/wp-content\/uploads\/sites\/9\/2016\/10\/apartes_n21_01.jpg 1033w\" sizes=\"auto, (max-width: 640px) 100vw, 640px\" \/><\/a><figcaption id=\"caption-attachment-36419\" class=\"wp-caption-text\">Apresenta\u00e7\u00e3o do projeto Samba para Todos, na entrega do Pr\u00eamio Betinho <br \/> Foto: Gute Garbelotto\/CMSP<\/figcaption><\/figure>\n<p>&nbsp;<\/p>\n<p>O projeto Sefras Defesa e Justi\u00e7a Penal, da Associa\u00e7\u00e3o Franciscana da Solidariedade, e o Viol\u00eancia aqui n\u00e3o entra n\u00e3o!, da Uni\u00e3o de N\u00facleos, Associa\u00e7\u00f5es dos Moradores de Heli\u00f3polis e Regi\u00e3o (Unas), ganharam o Pr\u00eamio Betinho 2016. A Salva de Prata foi entregue em sess\u00e3o solene, em 8 de agosto, na C\u00e2mara Municipal de S\u00e3o Paulo. A edi\u00e7\u00e3o contou com 31 inscritos.<\/p>\n<p>Men\u00e7\u00f5es honrosas tamb\u00e9m foram entregues ao projeto Servi\u00e7o especializado de abordagem social \u00e0s pessoas em situa\u00e7\u00e3o de rua, do Instituto Social Santa L\u00facia, e ao Gera\u00e7\u00e3o 2016, do Instituto Crian\u00e7a Cidad\u00e3.<\/p>\n<p>O pr\u00eamio, criado em 1997, reconhece projetos que lutam contra a fome, a mis\u00e9ria e a exclus\u00e3o social, assim como fazia o soci\u00f3logo Herbert de Souza, Betinho.<\/p>\n<h2><strong>Parlamentares da China conhecem a CMSP<\/strong><\/h2>\n<figure id=\"attachment_36420\" aria-describedby=\"caption-attachment-36420\" style=\"width: 640px\" class=\"wp-caption aligncenter\"><a href=\"http:\/\/www.saopaulo.sp.leg.br\/apartes-anteriores\/wp-content\/uploads\/sites\/9\/2016\/10\/apartes_n21_02.jpg\"><img loading=\"lazy\" decoding=\"async\" class=\"size-large wp-image-36420\" src=\"http:\/\/www.saopaulo.sp.leg.br\/apartes-anteriores\/wp-content\/uploads\/sites\/9\/2016\/10\/apartes_n21_02-1024x811.jpg\" alt=\"O parlamentar Tong entrega obra de arte a Maria Aparecida Perez Foto: Luiz Fran\u00e7a\/CMSP\" width=\"640\" height=\"507\" srcset=\"https:\/\/www.saopaulo.sp.leg.br\/apartes-anteriores\/wp-content\/uploads\/sites\/9\/2016\/10\/apartes_n21_02-1024x811.jpg 1024w, https:\/\/www.saopaulo.sp.leg.br\/apartes-anteriores\/wp-content\/uploads\/sites\/9\/2016\/10\/apartes_n21_02-300x238.jpg 300w, https:\/\/www.saopaulo.sp.leg.br\/apartes-anteriores\/wp-content\/uploads\/sites\/9\/2016\/10\/apartes_n21_02-768x608.jpg 768w, https:\/\/www.saopaulo.sp.leg.br\/apartes-anteriores\/wp-content\/uploads\/sites\/9\/2016\/10\/apartes_n21_02.jpg 1037w\" sizes=\"auto, (max-width: 640px) 100vw, 640px\" \/><\/a><figcaption id=\"caption-attachment-36420\" class=\"wp-caption-text\">O parlamentar Tong entrega obra de arte a Maria Aparecida Perez<br \/> Foto: Luiz Fran\u00e7a\/CMSP<\/figcaption><\/figure>\n<p>&nbsp;<\/p>\n<p>Representantes do Congresso do Povo (Parlamento) de Wenzhou, cidade da Prov\u00edncia de Zhejiang, na China, visitaram a C\u00e2mara Municipal em 13 de julho para conhecer os trabalhos da Casa e estreitar as rela\u00e7\u00f5es com o Brasil. \u201cO n\u00famero de habitantes de Wenzhou \u00e9 de 9 milh\u00f5es e a capital paulista tem um pouco mais, o que permite que as a\u00e7\u00f5es que deram certo em um ou outro munic\u00edpio possam ser copiadas para permitir melhores condi\u00e7\u00f5es \u00e0s popula\u00e7\u00f5es\u201d, disse Wang Xiao Tong, vice-presidente do Congresso do Povo.<\/p>\n<p>A delega\u00e7\u00e3o foi recebida por Maria Aparecida Perez, representante da Presid\u00eancia da Casa. \u201cEssa intera\u00e7\u00e3o \u00e9 importante para fortalecer as rela\u00e7\u00f5es diplom\u00e1ticas e conhecer o funcionamento de outros sistemas\u201d, afirmou Perez.<\/p>\n<h2><strong>Bombeiros s\u00e3o homenageados com Salva de Prata<\/strong><\/h2>\n<p>A C\u00e2mara Municipal de S\u00e3o Paulo entregou o Pr\u00eamio Coronel H\u00e9lio Barbosa Caldas a cinco bombeiros que se destacaram na cidade. A sess\u00e3o solene foi realizada em 29 de agosto, no Sal\u00e3o Nobre do Pal\u00e1cio Anchieta.<\/p>\n<p>Os escolhidos pelo Comando Geral da Pol\u00edcia Militar para receber a homenagem, em sua s\u00e9tima edi\u00e7\u00e3o, foram o segundo-tenente da reserva Gerk Sullivam Luiz de Carvalho Silva, o capit\u00e3o Robson Dias Pereira, a primeiro-tenente Daniela Santos Oliveira, a cabo Ilma de Lima Francisco e o cabo Paulo Roberto de Abreu.<\/p>\n<p>O pr\u00eamio lembra o coronel H\u00e9lio Barbosa Caldas, que combateu o inc\u00eandio do Edif\u00edcio Andraus, em 1972, e o do Joelma, em 1974.<\/p>\n<h2><strong>Escola do Parlamento lan\u00e7a Cadernos de jornalismo<\/strong><\/h2>\n<p>A Escola do Parlamento da C\u00e2mara Municipal de S\u00e3o Paulo, em parceria com a Obor\u00e9 Projetos Especiais em Comunica\u00e7\u00f5es e Artes, lan\u00e7ou em 30 de junho o livro <em>Cadernos de jornalismo<\/em>. A obra \u00e9 fruto dos trabalhos realizados pelos alunos das quatro \u00faltimas edi\u00e7\u00f5es do projeto Rep\u00f3rter do Futuro.<\/p>\n<p>O diretor da Obor\u00e9 e coordenador do projeto, S\u00e9rgio Gomes, afirmou que \u201cessa \u00e9 uma experi\u00eancia muito bem sucedida, que atravessou tr\u00eas legislaturas, mostrando que n\u00e3o \u00e9 uma coisa ligeira, vinculada a essa ou aquela corrente pol\u00edtica, mas que se trata realmente de uma iniciativa que veio pra ficar\u201d.<\/p>\n<p>Segundo o diretor-presidente da Escola do Parlamento, Christy Ganzert Pato, \u201co caderno \u00e9 a consolida\u00e7\u00e3o de um trabalho bacana que vem sendo realizado\u201d.<\/p>\n<p>A obra pode ser lida no link <a href=\"http:\/\/www.saopaulo.sp.leg.br\/escoladoparlamento\/publicacoes\/livros\"><em>www.saopaulo.sp.leg.br\/escoladoparlamento\/publicacoes\/livros<\/em><\/a>.<\/p>\n<p><strong>\u00a0<\/strong><\/p>\n<h1><span style=\"color: #800000\"><strong>Errata<\/strong><\/span><\/h1>\n<p>Na reportagem <em>O \u2018b\u00e1rbaro\u2019 que salvou S\u00e3o Paulo<\/em>, publicada na edi\u00e7\u00e3o 20, a legenda correta da p\u00e1gina 15 \u00e9 \u201cQuadro de Ant\u00f4nio Parreiras mostra Jo\u00e3o Ramalho e uma de suas filhas (\u00e0 esquerda) na instala\u00e7\u00e3o da CMSP\u201d. A obra n\u00e3o retrata Bartira, esposa de Ramalho.<\/p>\n","protected":false},"excerpt":{"rendered":"<p>Notas \u00a0Espa\u00e7o Wi-Fi Livre \u00e9 inaugurado na C\u00e2mara &nbsp; A C\u00e2mara Municipal de S\u00e3o Paulo (CMSP) inaugurou, em 2 de agosto, um novo espa\u00e7o para o p\u00fablico que passar pela Casa. Localizado no t\u00e9rreo do Pal\u00e1cio Anchieta, sede da C\u00e2mara, o Espa\u00e7o Wi-Fi livre conta com bancos, pufes, mesas, tomadas para recarregar aparelhos eletr\u00f4nicos e [&hellip;]<\/p>\n","protected":false},"author":109,"featured_media":0,"parent":36410,"menu_order":2,"comment_status":"closed","ping_status":"closed","template":"","meta":{"footnotes":""},"class_list":["post-36418","page","type-page","status-publish","hentry"],"meta_all":{"_edit_lock":["1482262018:109"],"_edit_last":["109"],"_wp_page_template":["default"],"_yoast_wpseo_opengraph-title":["Notas - Revista Apartes - Edi\u00e7\u00e3o 21"],"_yoast_wpseo_twitter-title":["Notas - Revista Apartes - Edi\u00e7\u00e3o 21"],"_yoast_wpseo_content_score":["90"],"_cmsp_page_download-files":["a:1:{i:0;a:1:{s:4:\"type\";s:3:\"pdf\";}}"]},"yoast_head":"<!-- This site is optimized with the Yoast SEO plugin v27.3 - https:\/\/yoast.com\/product\/yoast-seo-wordpress\/ -->\n<title>N\u00ba21 - Notas - Revista Apartes (edi\u00e7\u00f5es anteriores)<\/title>\n<meta name=\"robots\" content=\"index, follow, max-snippet:-1, max-image-preview:large, max-video-preview:-1\" \/>\n<link rel=\"canonical\" href=\"https:\/\/www.saopaulo.sp.leg.br\/apartes-anteriores\/revista-apartes\/numero-21\/apartes-21-notas\/\" \/>\n<meta property=\"og:locale\" content=\"pt_BR\" \/>\n<meta property=\"og:type\" content=\"article\" \/>\n<meta property=\"og:title\" content=\"Notas - Revista Apartes - Edi\u00e7\u00e3o 21\" \/>\n<meta property=\"og:description\" content=\"Notas \u00a0Espa\u00e7o Wi-Fi Livre \u00e9 inaugurado na C\u00e2mara &nbsp; A C\u00e2mara Municipal de S\u00e3o Paulo (CMSP) inaugurou, em 2 de agosto, um novo espa\u00e7o para o p\u00fablico que passar pela Casa. Localizado no t\u00e9rreo do Pal\u00e1cio Anchieta, sede da C\u00e2mara, o Espa\u00e7o Wi-Fi livre conta com bancos, pufes, mesas, tomadas para recarregar aparelhos eletr\u00f4nicos e [&hellip;]\" \/>\n<meta property=\"og:url\" content=\"https:\/\/www.saopaulo.sp.leg.br\/apartes-anteriores\/revista-apartes\/numero-21\/apartes-21-notas\/\" \/>\n<meta property=\"og:site_name\" content=\"Revista Apartes (edi\u00e7\u00f5es anteriores)\" \/>\n<meta property=\"article:publisher\" content=\"https:\/\/www.facebook.com\/RevistaApartes\/\" \/>\n<meta property=\"article:modified_time\" content=\"2016-12-01T19:02:02+00:00\" \/>\n<meta property=\"og:image\" content=\"http:\/\/www.saopaulo.sp.leg.br\/apartes-anteriores\/wp-content\/uploads\/sites\/9\/2016\/10\/apartes_n21_03-1024x607.jpg\" \/>\n<meta name=\"twitter:card\" content=\"summary_large_image\" \/>\n<meta name=\"twitter:title\" content=\"Notas - Revista Apartes - Edi\u00e7\u00e3o 21\" \/>\n<meta name=\"twitter:site\" content=\"@revistaapartes\" \/>\n<meta name=\"twitter:label1\" content=\"Est. tempo de leitura\" \/>\n\t<meta name=\"twitter:data1\" content=\"4 minutos\" \/>\n<script type=\"application\/ld+json\" class=\"yoast-schema-graph\">{\"@context\":\"https:\\\/\\\/schema.org\",\"@graph\":[{\"@type\":\"WebPage\",\"@id\":\"https:\\\/\\\/www.saopaulo.sp.leg.br\\\/apartes-anteriores\\\/revista-apartes\\\/numero-21\\\/apartes-21-notas\\\/\",\"url\":\"https:\\\/\\\/www.saopaulo.sp.leg.br\\\/apartes-anteriores\\\/revista-apartes\\\/numero-21\\\/apartes-21-notas\\\/\",\"name\":\"N\u00ba21 - Notas - Revista Apartes (edi\u00e7\u00f5es anteriores)\",\"isPartOf\":{\"@id\":\"https:\\\/\\\/www.saopaulo.sp.leg.br\\\/apartes-anteriores\\\/#website\"},\"primaryImageOfPage\":{\"@id\":\"https:\\\/\\\/www.saopaulo.sp.leg.br\\\/apartes-anteriores\\\/revista-apartes\\\/numero-21\\\/apartes-21-notas\\\/#primaryimage\"},\"image\":{\"@id\":\"https:\\\/\\\/www.saopaulo.sp.leg.br\\\/apartes-anteriores\\\/revista-apartes\\\/numero-21\\\/apartes-21-notas\\\/#primaryimage\"},\"thumbnailUrl\":\"http:\\\/\\\/www.saopaulo.sp.leg.br\\\/apartes-anteriores\\\/wp-content\\\/uploads\\\/sites\\\/9\\\/2016\\\/10\\\/apartes_n21_03-1024x607.jpg\",\"datePublished\":\"2016-10-03T21:30:57+00:00\",\"dateModified\":\"2016-12-01T19:02:02+00:00\",\"breadcrumb\":{\"@id\":\"https:\\\/\\\/www.saopaulo.sp.leg.br\\\/apartes-anteriores\\\/revista-apartes\\\/numero-21\\\/apartes-21-notas\\\/#breadcrumb\"},\"inLanguage\":\"pt-BR\",\"potentialAction\":[{\"@type\":\"ReadAction\",\"target\":[\"https:\\\/\\\/www.saopaulo.sp.leg.br\\\/apartes-anteriores\\\/revista-apartes\\\/numero-21\\\/apartes-21-notas\\\/\"]}]},{\"@type\":\"ImageObject\",\"inLanguage\":\"pt-BR\",\"@id\":\"https:\\\/\\\/www.saopaulo.sp.leg.br\\\/apartes-anteriores\\\/revista-apartes\\\/numero-21\\\/apartes-21-notas\\\/#primaryimage\",\"url\":\"https:\\\/\\\/www.saopaulo.sp.leg.br\\\/apartes-anteriores\\\/wp-content\\\/uploads\\\/sites\\\/9\\\/2016\\\/10\\\/apartes_n21_03.jpg\",\"contentUrl\":\"https:\\\/\\\/www.saopaulo.sp.leg.br\\\/apartes-anteriores\\\/wp-content\\\/uploads\\\/sites\\\/9\\\/2016\\\/10\\\/apartes_n21_03.jpg\",\"width\":1037,\"height\":615,\"caption\":\"Espa\u00e7o Wi-Fi Livre est\u00e1 \u00e0 disposi\u00e7\u00e3o dos cidad\u00e3os Foto: Andr\u00e9 Bueno\\\/CMSP\"},{\"@type\":\"BreadcrumbList\",\"@id\":\"https:\\\/\\\/www.saopaulo.sp.leg.br\\\/apartes-anteriores\\\/revista-apartes\\\/numero-21\\\/apartes-21-notas\\\/#breadcrumb\",\"itemListElement\":[{\"@type\":\"ListItem\",\"position\":1,\"name\":\"Home\",\"item\":\"https:\\\/\\\/www.saopaulo.sp.leg.br\\\/apartes-anteriores\\\/\"},{\"@type\":\"ListItem\",\"position\":2,\"name\":\"Revista Apartes\",\"item\":\"https:\\\/\\\/www.saopaulo.sp.leg.br\\\/apartes-anteriores\\\/\"},{\"@type\":\"ListItem\",\"position\":3,\"name\":\"N\u00famero 21 &#8211; jul-ago\\\/2016\",\"item\":\"https:\\\/\\\/www.saopaulo.sp.leg.br\\\/apartes-anteriores\\\/revista-apartes\\\/numero-21\\\/\"},{\"@type\":\"ListItem\",\"position\":4,\"name\":\"N\u00ba21 &#8211; Notas\"}]},{\"@type\":\"WebSite\",\"@id\":\"https:\\\/\\\/www.saopaulo.sp.leg.br\\\/apartes-anteriores\\\/#website\",\"url\":\"https:\\\/\\\/www.saopaulo.sp.leg.br\\\/apartes-anteriores\\\/\",\"name\":\"Revista Apartes (edi\u00e7\u00f5es anteriores)\",\"description\":\"Revista Apartes (edi\u00e7\u00f5es anteriores)\",\"potentialAction\":[{\"@type\":\"SearchAction\",\"target\":{\"@type\":\"EntryPoint\",\"urlTemplate\":\"https:\\\/\\\/www.saopaulo.sp.leg.br\\\/apartes-anteriores\\\/?s={search_term_string}\"},\"query-input\":{\"@type\":\"PropertyValueSpecification\",\"valueRequired\":true,\"valueName\":\"search_term_string\"}}],\"inLanguage\":\"pt-BR\"}]}<\/script>\n<!-- \/ Yoast SEO plugin. -->","yoast_head_json":{"title":"N\u00ba21 - Notas - Revista Apartes (edi\u00e7\u00f5es anteriores)","robots":{"index":"index","follow":"follow","max-snippet":"max-snippet:-1","max-image-preview":"max-image-preview:large","max-video-preview":"max-video-preview:-1"},"canonical":"https:\/\/www.saopaulo.sp.leg.br\/apartes-anteriores\/revista-apartes\/numero-21\/apartes-21-notas\/","og_locale":"pt_BR","og_type":"article","og_title":"Notas - Revista Apartes - Edi\u00e7\u00e3o 21","og_description":"Notas \u00a0Espa\u00e7o Wi-Fi Livre \u00e9 inaugurado na C\u00e2mara &nbsp; A C\u00e2mara Municipal de S\u00e3o Paulo (CMSP) inaugurou, em 2 de agosto, um novo espa\u00e7o para o p\u00fablico que passar pela Casa. Localizado no t\u00e9rreo do Pal\u00e1cio Anchieta, sede da C\u00e2mara, o Espa\u00e7o Wi-Fi livre conta com bancos, pufes, mesas, tomadas para recarregar aparelhos eletr\u00f4nicos e [&hellip;]","og_url":"https:\/\/www.saopaulo.sp.leg.br\/apartes-anteriores\/revista-apartes\/numero-21\/apartes-21-notas\/","og_site_name":"Revista Apartes (edi\u00e7\u00f5es anteriores)","article_publisher":"https:\/\/www.facebook.com\/RevistaApartes\/","article_modified_time":"2016-12-01T19:02:02+00:00","og_image":[{"url":"http:\/\/www.saopaulo.sp.leg.br\/apartes-anteriores\/wp-content\/uploads\/sites\/9\/2016\/10\/apartes_n21_03-1024x607.jpg","type":"","width":"","height":""}],"twitter_card":"summary_large_image","twitter_title":"Notas - Revista Apartes - Edi\u00e7\u00e3o 21","twitter_site":"@revistaapartes","twitter_misc":{"Est. tempo de leitura":"4 minutos"},"schema":{"@context":"https:\/\/schema.org","@graph":[{"@type":"WebPage","@id":"https:\/\/www.saopaulo.sp.leg.br\/apartes-anteriores\/revista-apartes\/numero-21\/apartes-21-notas\/","url":"https:\/\/www.saopaulo.sp.leg.br\/apartes-anteriores\/revista-apartes\/numero-21\/apartes-21-notas\/","name":"N\u00ba21 - Notas - Revista Apartes (edi\u00e7\u00f5es anteriores)","isPartOf":{"@id":"https:\/\/www.saopaulo.sp.leg.br\/apartes-anteriores\/#website"},"primaryImageOfPage":{"@id":"https:\/\/www.saopaulo.sp.leg.br\/apartes-anteriores\/revista-apartes\/numero-21\/apartes-21-notas\/#primaryimage"},"image":{"@id":"https:\/\/www.saopaulo.sp.leg.br\/apartes-anteriores\/revista-apartes\/numero-21\/apartes-21-notas\/#primaryimage"},"thumbnailUrl":"http:\/\/www.saopaulo.sp.leg.br\/apartes-anteriores\/wp-content\/uploads\/sites\/9\/2016\/10\/apartes_n21_03-1024x607.jpg","datePublished":"2016-10-03T21:30:57+00:00","dateModified":"2016-12-01T19:02:02+00:00","breadcrumb":{"@id":"https:\/\/www.saopaulo.sp.leg.br\/apartes-anteriores\/revista-apartes\/numero-21\/apartes-21-notas\/#breadcrumb"},"inLanguage":"pt-BR","potentialAction":[{"@type":"ReadAction","target":["https:\/\/www.saopaulo.sp.leg.br\/apartes-anteriores\/revista-apartes\/numero-21\/apartes-21-notas\/"]}]},{"@type":"ImageObject","inLanguage":"pt-BR","@id":"https:\/\/www.saopaulo.sp.leg.br\/apartes-anteriores\/revista-apartes\/numero-21\/apartes-21-notas\/#primaryimage","url":"https:\/\/www.saopaulo.sp.leg.br\/apartes-anteriores\/wp-content\/uploads\/sites\/9\/2016\/10\/apartes_n21_03.jpg","contentUrl":"https:\/\/www.saopaulo.sp.leg.br\/apartes-anteriores\/wp-content\/uploads\/sites\/9\/2016\/10\/apartes_n21_03.jpg","width":1037,"height":615,"caption":"Espa\u00e7o Wi-Fi Livre est\u00e1 \u00e0 disposi\u00e7\u00e3o dos cidad\u00e3os Foto: Andr\u00e9 Bueno\/CMSP"},{"@type":"BreadcrumbList","@id":"https:\/\/www.saopaulo.sp.leg.br\/apartes-anteriores\/revista-apartes\/numero-21\/apartes-21-notas\/#breadcrumb","itemListElement":[{"@type":"ListItem","position":1,"name":"Home","item":"https:\/\/www.saopaulo.sp.leg.br\/apartes-anteriores\/"},{"@type":"ListItem","position":2,"name":"Revista Apartes","item":"https:\/\/www.saopaulo.sp.leg.br\/apartes-anteriores\/"},{"@type":"ListItem","position":3,"name":"N\u00famero 21 &#8211; jul-ago\/2016","item":"https:\/\/www.saopaulo.sp.leg.br\/apartes-anteriores\/revista-apartes\/numero-21\/"},{"@type":"ListItem","position":4,"name":"N\u00ba21 &#8211; Notas"}]},{"@type":"WebSite","@id":"https:\/\/www.saopaulo.sp.leg.br\/apartes-anteriores\/#website","url":"https:\/\/www.saopaulo.sp.leg.br\/apartes-anteriores\/","name":"Revista Apartes (edi\u00e7\u00f5es anteriores)","description":"Revista Apartes (edi\u00e7\u00f5es anteriores)","potentialAction":[{"@type":"SearchAction","target":{"@type":"EntryPoint","urlTemplate":"https:\/\/www.saopaulo.sp.leg.br\/apartes-anteriores\/?s={search_term_string}"},"query-input":{"@type":"PropertyValueSpecification","valueRequired":true,"valueName":"search_term_string"}}],"inLanguage":"pt-BR"}]}},"_links":{"self":[{"href":"https:\/\/www.saopaulo.sp.leg.br\/apartes-anteriores\/wp-json\/wp\/v2\/pages\/36418","targetHints":{"allow":["GET"]}}],"collection":[{"href":"https:\/\/www.saopaulo.sp.leg.br\/apartes-anteriores\/wp-json\/wp\/v2\/pages"}],"about":[{"href":"https:\/\/www.saopaulo.sp.leg.br\/apartes-anteriores\/wp-json\/wp\/v2\/types\/page"}],"author":[{"embeddable":true,"href":"https:\/\/www.saopaulo.sp.leg.br\/apartes-anteriores\/wp-json\/wp\/v2\/users\/109"}],"replies":[{"embeddable":true,"href":"https:\/\/www.saopaulo.sp.leg.br\/apartes-anteriores\/wp-json\/wp\/v2\/comments?post=36418"}],"version-history":[{"count":0,"href":"https:\/\/www.saopaulo.sp.leg.br\/apartes-anteriores\/wp-json\/wp\/v2\/pages\/36418\/revisions"}],"up":[{"embeddable":true,"href":"https:\/\/www.saopaulo.sp.leg.br\/apartes-anteriores\/wp-json\/wp\/v2\/pages\/36410"}],"wp:attachment":[{"href":"https:\/\/www.saopaulo.sp.leg.br\/apartes-anteriores\/wp-json\/wp\/v2\/media?parent=36418"}],"curies":[{"name":"wp","href":"https:\/\/api.w.org\/{rel}","templated":true}]}}