{"id":35261,"date":"2015-12-03T17:41:52","date_gmt":"2015-12-03T17:41:52","guid":{"rendered":"http:\/\/www.saopaulo.sp.leg.br\/apartes-anteriores\/?page_id=35261"},"modified":"2017-03-14T18:40:37","modified_gmt":"2017-03-14T21:40:37","slug":"numero-17","status":"publish","type":"page","link":"https:\/\/www.saopaulo.sp.leg.br\/apartes-anteriores\/revista-apartes\/numero-17\/","title":{"rendered":"N\u00famero 17 &#8211; out-dez\/2015"},"content":{"rendered":"<div class=\"revista-apartes-display\">\n\t\t<div class=\"apartes-header\">\n\t\t\t<img decoding=\"async\" class=\"cover\" src=\"http:\/\/www.saopaulo.sp.leg.br\/apartes-anteriores\/wp-content\/uploads\/sites\/9\/2017\/03\/revista_apartes_n17.jpg\" alt=\"Capa da Revista Apartes\" \/>\n\t\t\t<a class=\"issuu-link\" href=\"http:\/\/issuu.com\/cmsp-cci\/docs\/_revista_apartes_n17_outdez15_issuu\" target=\"_blank\">Vers\u00e3o integral naveg\u00e1vel<\/a><br>\n\t\t\t<a class=\"pdf-link\" href=\"http:\/\/www.saopaulo.sp.leg.br\/apartes-anteriores\/wp-content\/uploads\/sites\/9\/2017\/03\/revista_APARTES_N17_OUTDEZ15.pdf\" target=\"_blank\">Vers\u00e3o integral para download<\/a><br><br>\n\t\t\tFale conosco:<br>\n\t\t\t<a class=\"mail-link\" href=\"mailto:apartes@saopaulo.sp.leg.br\">apartes@saopaulo.sp.leg.br<\/a><br>\n\t\t\t<!--<a class=\"subscribe-link\" href=\"\/apartes\/?p=15\">Receba a revista em casa.<\/a>-->\n\t\t<\/div>\n\t\t<div class=\"apartes-content\">\n\t\t\t<img decoding=\"async\" class=\"logo\" src=\"http:\/\/www.saopaulo.sp.leg.br\/apartes\/wp-content\/uploads\/sites\/9\/2017\/06\/apartes_logo.jpg\" alt=\"logotipo_revista_apartes\" \/>\n\t\t\t<h3 class=\"edition\">outubro a dezembro\/2015<\/h3><\/p>\n<ul>\n<li><a href=\"http:\/\/www.saopaulo.sp.leg.br\/apartes-anteriores\/wp-content\/uploads\/sites\/9\/2017\/03\/revista_APARTES_N17_OUTDEZ15_capa.pdf\" target=\"_blank\">Capa<\/a><\/li>\n<li><a href=\"http:\/\/www.saopaulo.sp.leg.br\/apartes-anteriores\/wp-content\/uploads\/sites\/9\/2017\/03\/revista_APARTES_N17_OUTDEZ15_expediente.pdf\" target=\"_blank\">Expediente<\/a><\/li>\n<li><a href=\"http:\/\/www.saopaulo.sp.leg.br\/apartes-anteriores\/revista-apartes\/numero-17\/apartes-17-palavra-do-presidente\/\">Palavra do Presidente<\/a>\u00a0(<a title=\"Apartes - n\u00famero 13 - Palavra do Presidente\" href=\"http:\/\/www.saopaulo.sp.leg.br\/apartes-anteriores\/wp-content\/uploads\/sites\/9\/2017\/03\/revista_APARTES_N17_OUTDEZ15_3.pdf\" target=\"_blank\">vers\u00e3o PDF<\/a>)<\/li>\n<li><a href=\"http:\/\/www.saopaulo.sp.leg.br\/apartes-anteriores\/wp-content\/uploads\/sites\/9\/2017\/03\/revista_APARTES_N17_OUTDEZ15_4a5.pdf\" target=\"_blank\">Sum\u00e1rio<\/a><\/li>\n<li><a href=\"http:\/\/www.saopaulo.sp.leg.br\/apartes-anteriores\/revista-apartes\/numero-17\/apartes-17-notas\/\">Notas<\/a>\u00a0(<a href=\"http:\/\/www.saopaulo.sp.leg.br\/apartes-anteriores\/wp-content\/uploads\/sites\/9\/2017\/03\/revista_APARTES_N17_OUTDEZ15_6a7.pdf\" target=\"_blank\">vers\u00e3o PDF<\/a>)<\/li>\n<\/ul>\n<ul>\n<li><strong>Com a palavra<\/strong><br \/>\n<a href=\"http:\/\/www.saopaulo.sp.leg.br\/apartes-anteriores\/revista-apartes\/numero-17\/com-a-palavra-christian-dunker\/\">Christian Dunker<\/a>\u00a0(<a href=\"http:\/\/www.saopaulo.sp.leg.br\/apartes-anteriores\/wp-content\/uploads\/sites\/9\/2017\/03\/revista_APARTES_N17_OUTDEZ15_8a10.pdf\" target=\"_blank\">vers\u00e3o PDF<\/a>)<\/li>\n<li><strong>Urbanismo<\/strong><br \/>\n<a href=\"http:\/\/www.saopaulo.sp.leg.br\/apartes-anteriores\/revista-apartes\/numero-17\/por-dentro-das-edificacoes\/\">Por dentro das edifica\u00e7\u00f5es<\/a>\u00a0(<a href=\"http:\/\/www.saopaulo.sp.leg.br\/apartes-anteriores\/wp-content\/uploads\/sites\/9\/2017\/03\/revista_APARTES_N17_OUTDEZ15_11a13.pdf\" target=\"_blank\">vers\u00e3o PDF<\/a>)<\/li>\n<li><strong>Inclus\u00e3o social<\/strong><br \/>\n<a href=\"http:\/\/www.saopaulo.sp.leg.br\/apartes-anteriores\/revista-apartes\/numero-17\/caminhos-livres\/\">Caminhos livres<\/a>\u00a0(<a href=\"http:\/\/www.saopaulo.sp.leg.br\/apartes-anteriores\/wp-content\/uploads\/sites\/9\/2017\/03\/revista_APARTES_N17_OUTDEZ15_14a19.pdf\" target=\"_blank\">vers\u00e3o PDF<\/a>)<\/li>\n<li><strong>Meio ambiente<\/strong><br \/>\n<a href=\"http:\/\/www.saopaulo.sp.leg.br\/apartes-anteriores\/revista-apartes\/numero-17\/a-toda-carga\/\">A toda carga<\/a>\u00a0(<a href=\"http:\/\/www.saopaulo.sp.leg.br\/apartes-anteriores\/wp-content\/uploads\/sites\/9\/2017\/03\/revista_APARTES_N17_OUTDEZ15_20a23.pdf\" target=\"_blank\">vers\u00e3o PDF<\/a>)<\/li>\n<li><b>Educa\u00e7\u00e3o<\/b><br \/>\n<a href=\"http:\/\/www.saopaulo.sp.leg.br\/apartes-anteriores\/revista-apartes\/numero-17\/o-primeiro-plano\/\">O primeiro plano<\/a>\u00a0(<a href=\"http:\/\/www.saopaulo.sp.leg.br\/apartes-anteriores\/wp-content\/uploads\/sites\/9\/2017\/03\/revista_APARTES_N17_OUTDEZ15_24a27.pdf\" target=\"_blank\">vers\u00e3o PDF<\/a>)<\/li>\n<li><strong>Perfil &gt; David Lerer<\/strong><br \/>\n<a href=\"http:\/\/www.saopaulo.sp.leg.br\/apartes-anteriores\/revista-apartes\/numero-17\/perfil-david-lerer\/\">O revolucion\u00e1rio cordial<\/a>\u00a0(<a href=\"http:\/\/www.saopaulo.sp.leg.br\/apartes-anteriores\/wp-content\/uploads\/sites\/9\/2017\/03\/revista_APARTES_N17_OUTDEZ15_28a37.pdf\" target=\"_blank\">vers\u00e3o PDF<\/a>)<\/li>\n<li><strong>Economia<\/strong><br \/>\n<a href=\"http:\/\/www.saopaulo.sp.leg.br\/apartes-anteriores\/revista-apartes\/numero-17\/divisao-que-multiplica\/\">Divis\u00e3o que multiplica<\/a>\u00a0(<a href=\"http:\/\/www.saopaulo.sp.leg.br\/apartes-anteriores\/wp-content\/uploads\/sites\/9\/2017\/03\/revista_APARTES_N17_OUTDEZ15_38a43.pdf\" target=\"_blank\">vers\u00e3o PDF<\/a>)<\/li>\n<\/ul>\n<ul>\n<li><a href=\"http:\/\/www.saopaulo.sp.leg.br\/apartes-anteriores\/wp-content\/uploads\/sites\/9\/2017\/03\/revista_APARTES_N17_OUTDEZ15_contracapa.pdf\" target=\"_blank\">Contracapa<\/a><\/li>\n<\/ul>\n<p>\n\t\t<\/div><\/div>\n","protected":false},"excerpt":{"rendered":"","protected":false},"author":109,"featured_media":0,"parent":106,"menu_order":-17,"comment_status":"closed","ping_status":"closed","template":"","meta":{"footnotes":""},"class_list":["post-35261","page","type-page","status-publish","hentry"],"meta_all":{"_edit_lock":["1489528228:109"],"_edit_last":["109"],"_wp_page_template":["default"],"_cmsp_page_download-files":["a:1:{i:0;a:1:{s:4:\"type\";s:3:\"pdf\";}}"],"_yoast_wpseo_content_score":["60"]},"yoast_head":"<!-- This site is optimized with the Yoast SEO plugin v27.4 - https:\/\/yoast.com\/product\/yoast-seo-wordpress\/ -->\n<title>N\u00famero 17 - out-dez\/2015 - Revista Apartes (edi\u00e7\u00f5es anteriores)<\/title>\n<meta name=\"robots\" content=\"index, follow, max-snippet:-1, max-image-preview:large, max-video-preview:-1\" \/>\n<link rel=\"canonical\" href=\"https:\/\/www.saopaulo.sp.leg.br\/apartes-anteriores\/revista-apartes\/numero-17\/\" \/>\n<meta property=\"og:locale\" content=\"pt_BR\" \/>\n<meta property=\"og:type\" content=\"article\" \/>\n<meta property=\"og:title\" content=\"N\u00famero 17 - out-dez\/2015 - Revista Apartes (edi\u00e7\u00f5es anteriores)\" \/>\n<meta property=\"og:url\" content=\"https:\/\/www.saopaulo.sp.leg.br\/apartes-anteriores\/revista-apartes\/numero-17\/\" \/>\n<meta property=\"og:site_name\" content=\"Revista Apartes (edi\u00e7\u00f5es anteriores)\" \/>\n<meta property=\"article:publisher\" content=\"https:\/\/www.facebook.com\/RevistaApartes\/\" \/>\n<meta property=\"article:modified_time\" content=\"2017-03-14T21:40:37+00:00\" \/>\n<meta name=\"twitter:card\" content=\"summary_large_image\" \/>\n<meta name=\"twitter:site\" content=\"@revistaapartes\" \/>\n<meta name=\"twitter:label1\" content=\"Est. tempo de leitura\" \/>\n\t<meta name=\"twitter:data1\" content=\"1 minuto\" \/>\n<script type=\"application\/ld+json\" class=\"yoast-schema-graph\">{\"@context\":\"https:\\\/\\\/schema.org\",\"@graph\":[{\"@type\":\"WebPage\",\"@id\":\"https:\\\/\\\/www.saopaulo.sp.leg.br\\\/apartes-anteriores\\\/revista-apartes\\\/numero-17\\\/\",\"url\":\"https:\\\/\\\/www.saopaulo.sp.leg.br\\\/apartes-anteriores\\\/revista-apartes\\\/numero-17\\\/\",\"name\":\"N\u00famero 17 - out-dez\\\/2015 - Revista Apartes (edi\u00e7\u00f5es anteriores)\",\"isPartOf\":{\"@id\":\"https:\\\/\\\/www.saopaulo.sp.leg.br\\\/apartes-anteriores\\\/#website\"},\"datePublished\":\"2015-12-03T17:41:52+00:00\",\"dateModified\":\"2017-03-14T21:40:37+00:00\",\"breadcrumb\":{\"@id\":\"https:\\\/\\\/www.saopaulo.sp.leg.br\\\/apartes-anteriores\\\/revista-apartes\\\/numero-17\\\/#breadcrumb\"},\"inLanguage\":\"pt-BR\",\"potentialAction\":[{\"@type\":\"ReadAction\",\"target\":[\"https:\\\/\\\/www.saopaulo.sp.leg.br\\\/apartes-anteriores\\\/revista-apartes\\\/numero-17\\\/\"]}]},{\"@type\":\"BreadcrumbList\",\"@id\":\"https:\\\/\\\/www.saopaulo.sp.leg.br\\\/apartes-anteriores\\\/revista-apartes\\\/numero-17\\\/#breadcrumb\",\"itemListElement\":[{\"@type\":\"ListItem\",\"position\":1,\"name\":\"Home\",\"item\":\"https:\\\/\\\/www.saopaulo.sp.leg.br\\\/apartes-anteriores\\\/\"},{\"@type\":\"ListItem\",\"position\":2,\"name\":\"Revista Apartes\",\"item\":\"https:\\\/\\\/www.saopaulo.sp.leg.br\\\/apartes-anteriores\\\/\"},{\"@type\":\"ListItem\",\"position\":3,\"name\":\"N\u00famero 17 &#8211; out-dez\\\/2015\"}]},{\"@type\":\"WebSite\",\"@id\":\"https:\\\/\\\/www.saopaulo.sp.leg.br\\\/apartes-anteriores\\\/#website\",\"url\":\"https:\\\/\\\/www.saopaulo.sp.leg.br\\\/apartes-anteriores\\\/\",\"name\":\"Revista Apartes (edi\u00e7\u00f5es anteriores)\",\"description\":\"Revista Apartes (edi\u00e7\u00f5es anteriores)\",\"potentialAction\":[{\"@type\":\"SearchAction\",\"target\":{\"@type\":\"EntryPoint\",\"urlTemplate\":\"https:\\\/\\\/www.saopaulo.sp.leg.br\\\/apartes-anteriores\\\/?s={search_term_string}\"},\"query-input\":{\"@type\":\"PropertyValueSpecification\",\"valueRequired\":true,\"valueName\":\"search_term_string\"}}],\"inLanguage\":\"pt-BR\"}]}<\/script>\n<!-- \/ Yoast SEO plugin. -->","yoast_head_json":{"title":"N\u00famero 17 - out-dez\/2015 - Revista Apartes (edi\u00e7\u00f5es anteriores)","robots":{"index":"index","follow":"follow","max-snippet":"max-snippet:-1","max-image-preview":"max-image-preview:large","max-video-preview":"max-video-preview:-1"},"canonical":"https:\/\/www.saopaulo.sp.leg.br\/apartes-anteriores\/revista-apartes\/numero-17\/","og_locale":"pt_BR","og_type":"article","og_title":"N\u00famero 17 - out-dez\/2015 - Revista Apartes (edi\u00e7\u00f5es anteriores)","og_url":"https:\/\/www.saopaulo.sp.leg.br\/apartes-anteriores\/revista-apartes\/numero-17\/","og_site_name":"Revista Apartes (edi\u00e7\u00f5es anteriores)","article_publisher":"https:\/\/www.facebook.com\/RevistaApartes\/","article_modified_time":"2017-03-14T21:40:37+00:00","twitter_card":"summary_large_image","twitter_site":"@revistaapartes","twitter_misc":{"Est. tempo de leitura":"1 minuto"},"schema":{"@context":"https:\/\/schema.org","@graph":[{"@type":"WebPage","@id":"https:\/\/www.saopaulo.sp.leg.br\/apartes-anteriores\/revista-apartes\/numero-17\/","url":"https:\/\/www.saopaulo.sp.leg.br\/apartes-anteriores\/revista-apartes\/numero-17\/","name":"N\u00famero 17 - out-dez\/2015 - Revista Apartes (edi\u00e7\u00f5es anteriores)","isPartOf":{"@id":"https:\/\/www.saopaulo.sp.leg.br\/apartes-anteriores\/#website"},"datePublished":"2015-12-03T17:41:52+00:00","dateModified":"2017-03-14T21:40:37+00:00","breadcrumb":{"@id":"https:\/\/www.saopaulo.sp.leg.br\/apartes-anteriores\/revista-apartes\/numero-17\/#breadcrumb"},"inLanguage":"pt-BR","potentialAction":[{"@type":"ReadAction","target":["https:\/\/www.saopaulo.sp.leg.br\/apartes-anteriores\/revista-apartes\/numero-17\/"]}]},{"@type":"BreadcrumbList","@id":"https:\/\/www.saopaulo.sp.leg.br\/apartes-anteriores\/revista-apartes\/numero-17\/#breadcrumb","itemListElement":[{"@type":"ListItem","position":1,"name":"Home","item":"https:\/\/www.saopaulo.sp.leg.br\/apartes-anteriores\/"},{"@type":"ListItem","position":2,"name":"Revista Apartes","item":"https:\/\/www.saopaulo.sp.leg.br\/apartes-anteriores\/"},{"@type":"ListItem","position":3,"name":"N\u00famero 17 &#8211; out-dez\/2015"}]},{"@type":"WebSite","@id":"https:\/\/www.saopaulo.sp.leg.br\/apartes-anteriores\/#website","url":"https:\/\/www.saopaulo.sp.leg.br\/apartes-anteriores\/","name":"Revista Apartes (edi\u00e7\u00f5es anteriores)","description":"Revista Apartes (edi\u00e7\u00f5es anteriores)","potentialAction":[{"@type":"SearchAction","target":{"@type":"EntryPoint","urlTemplate":"https:\/\/www.saopaulo.sp.leg.br\/apartes-anteriores\/?s={search_term_string}"},"query-input":{"@type":"PropertyValueSpecification","valueRequired":true,"valueName":"search_term_string"}}],"inLanguage":"pt-BR"}]}},"_links":{"self":[{"href":"https:\/\/www.saopaulo.sp.leg.br\/apartes-anteriores\/wp-json\/wp\/v2\/pages\/35261","targetHints":{"allow":["GET"]}}],"collection":[{"href":"https:\/\/www.saopaulo.sp.leg.br\/apartes-anteriores\/wp-json\/wp\/v2\/pages"}],"about":[{"href":"https:\/\/www.saopaulo.sp.leg.br\/apartes-anteriores\/wp-json\/wp\/v2\/types\/page"}],"author":[{"embeddable":true,"href":"https:\/\/www.saopaulo.sp.leg.br\/apartes-anteriores\/wp-json\/wp\/v2\/users\/109"}],"replies":[{"embeddable":true,"href":"https:\/\/www.saopaulo.sp.leg.br\/apartes-anteriores\/wp-json\/wp\/v2\/comments?post=35261"}],"version-history":[{"count":0,"href":"https:\/\/www.saopaulo.sp.leg.br\/apartes-anteriores\/wp-json\/wp\/v2\/pages\/35261\/revisions"}],"up":[{"embeddable":true,"href":"https:\/\/www.saopaulo.sp.leg.br\/apartes-anteriores\/wp-json\/wp\/v2\/pages\/106"}],"wp:attachment":[{"href":"https:\/\/www.saopaulo.sp.leg.br\/apartes-anteriores\/wp-json\/wp\/v2\/media?parent=35261"}],"curies":[{"name":"wp","href":"https:\/\/api.w.org\/{rel}","templated":true}]}}