{"id":35183,"date":"2015-11-30T19:25:40","date_gmt":"2015-11-30T19:25:40","guid":{"rendered":"http:\/\/www.saopaulo.sp.leg.br\/apartes-anteriores\/?page_id=35183"},"modified":"2016-12-01T15:58:15","modified_gmt":"2016-12-01T17:58:15","slug":"por-dentro-das-edificacoes","status":"publish","type":"page","link":"https:\/\/www.saopaulo.sp.leg.br\/apartes-anteriores\/revista-apartes\/numero-17\/por-dentro-das-edificacoes\/","title":{"rendered":"N\u00ba17 \u2013 Urbanismo"},"content":{"rendered":"<h1 class=\"p1\"><span class=\"s2\" style=\"color: #800000\"><b>Por dentro das edifica\u00e7\u00f5es<\/b><\/span><\/h1>\n<h2 class=\"p1\">C\u00e2mara e paulistanos atuar\u00e3o em conjunto para aprovar um C\u00f3digo de Obras com regras mais simples<\/h2>\n<p class=\"p1\"><b>Gisele Machado<\/b> | gisele@saopaulo.sp.leg.br<br \/>\nColaborou <b>Karine Seimoha<\/b>, aluna do curso Rep\u00f3rter do Futuro<\/p>\n<figure id=\"attachment_35114\" aria-describedby=\"caption-attachment-35114\" style=\"width: 640px\" class=\"wp-caption aligncenter\"><a href=\"http:\/\/www.saopaulo.sp.leg.br\/apartes-anteriores\/wp-content\/uploads\/sites\/9\/2015\/11\/apartes_N17_09.jpg\"><img loading=\"lazy\" decoding=\"async\" class=\"wp-image-35114 size-large\" src=\"http:\/\/www.saopaulo.sp.leg.br\/apartes-anteriores\/wp-content\/uploads\/sites\/9\/2015\/11\/apartes_N17_09-1024x710.jpg\" alt=\"SIMPLIFICA\u00c7\u00c3O - Nova lei sobre edifica\u00e7\u00f5es deve descomplicar as constru\u00e7\u00f5es e reformas. Foto: Equipe de Eventos\/CMSP\" width=\"640\" height=\"444\" srcset=\"https:\/\/www.saopaulo.sp.leg.br\/apartes-anteriores\/wp-content\/uploads\/sites\/9\/2015\/11\/apartes_N17_09-1024x710.jpg 1024w, https:\/\/www.saopaulo.sp.leg.br\/apartes-anteriores\/wp-content\/uploads\/sites\/9\/2015\/11\/apartes_N17_09-300x208.jpg 300w, https:\/\/www.saopaulo.sp.leg.br\/apartes-anteriores\/wp-content\/uploads\/sites\/9\/2015\/11\/apartes_N17_09.jpg 1196w\" sizes=\"auto, (max-width: 640px) 100vw, 640px\" \/><\/a><figcaption id=\"caption-attachment-35114\" class=\"wp-caption-text\">SIMPLIFICA\u00c7\u00c3O &#8211; Nova lei sobre edifica\u00e7\u00f5es deve descomplicar as constru\u00e7\u00f5es e reformas. <br \/> Foto: Equipe de Eventos\/CMSP<\/figcaption><\/figure>\n<p>&nbsp;<\/p>\n<p class=\"p1\"><span class=\"s3\">A <\/span><span class=\"s4\">proposta de um novo C\u00f3digo de Obras e Edifica\u00e7\u00f5es (COE), complemento da Lei de Zoneamento e uma das principais leis urban\u00edsticas da cidade, foi enviada pela Prefeitura \u00e0 C\u00e2mara Municipal de S\u00e3o Paulo (CMSP) e ser\u00e1 debatida pelos paulistanos.<\/span><\/p>\n<p class=\"p1\">Enquanto a Lei de Zoneamento prev\u00ea regras como o porte m\u00e1ximo das constru\u00e7\u00f5es, o COE vale para os espa\u00e7os internos de lotes e constru\u00e7\u00f5es. Determina, por exemplo, quantos banheiros deve ter uma casa de shows ou uma escola, e quais s\u00e3o as condi\u00e7\u00f5es de seguran\u00e7a e acessibilidade adequadas a cada unidade.<\/p>\n<p class=\"p1\"><span class=\"s5\">O novo C\u00f3digo de Obras est\u00e1 delineado no Projeto de Lei (PL) 466\/2015, entregue aos vereadores no dia 3 de setembro. As diretrizes se aplicam a reformas e a novas edifica\u00e7\u00f5es.<\/span><\/p>\n<p class=\"p1\"><span class=\"s5\">Na avalia\u00e7\u00e3o dos consultores t\u00e9cnicos em arquitetura da CMSP Carlos Morinaga e Pedro Campones, a principal inten\u00e7\u00e3o do PL 466 \u00e9 simplificar e agilizar o licenciamento e a fiscaliza\u00e7\u00e3o das obras. \u201cA lei em vigor (11.228\/1992) tem um anexo enorme, com aspectos t\u00e9cnicos sobre procedimentos de licenciamento e documenta\u00e7\u00e3o necess\u00e1ria, que j\u00e1 est\u00e3o embutidos no corpo deste projeto, bem mais enxuto\u201d, explica Morinaga.<\/span><\/p>\n<figure id=\"attachment_35115\" aria-describedby=\"caption-attachment-35115\" style=\"width: 640px\" class=\"wp-caption alignright\"><a href=\"http:\/\/www.saopaulo.sp.leg.br\/apartes-anteriores\/wp-content\/uploads\/sites\/9\/2015\/11\/apartes_N17_10.jpg\"><img loading=\"lazy\" decoding=\"async\" class=\"wp-image-35115 size-large\" src=\"http:\/\/www.saopaulo.sp.leg.br\/apartes-anteriores\/wp-content\/uploads\/sites\/9\/2015\/11\/apartes_N17_10-1024x640.jpg\" alt=\"IN\u00cdCIO - Primeira audi\u00eancia p\u00fablica sobre o C\u00f3digo de Obras ocorreu em 15 de outubro. Foto: F\u00e1bio Lazzari\/CMSP\" width=\"640\" height=\"400\" srcset=\"https:\/\/www.saopaulo.sp.leg.br\/apartes-anteriores\/wp-content\/uploads\/sites\/9\/2015\/11\/apartes_N17_10-1024x640.jpg 1024w, https:\/\/www.saopaulo.sp.leg.br\/apartes-anteriores\/wp-content\/uploads\/sites\/9\/2015\/11\/apartes_N17_10-300x187.jpg 300w, https:\/\/www.saopaulo.sp.leg.br\/apartes-anteriores\/wp-content\/uploads\/sites\/9\/2015\/11\/apartes_N17_10.jpg 1196w\" sizes=\"auto, (max-width: 640px) 100vw, 640px\" \/><\/a><figcaption id=\"caption-attachment-35115\" class=\"wp-caption-text\">IN\u00cdCIO &#8211; Primeira audi\u00eancia p\u00fablica sobre o C\u00f3digo de Obras ocorreu em 15 de outubro. <br \/> Foto: F\u00e1bio Lazzari\/CMSP<\/figcaption><\/figure>\n<p>&nbsp;<\/p>\n<p class=\"p1\"><span class=\"s6\">Uma das modifica\u00e7\u00f5es do texto enviado pelo Executivo refere-se \u00e0 dispensa de licen\u00e7a da Prefeitura para interven\u00e7\u00f5es de baixo impacto urban\u00edstico, como constru\u00e7\u00f5es de muro de divisa e obras complementares com at\u00e9 30 m\u00b2. Outra inova\u00e7\u00e3o \u00e9 a possibilidade de pedir o licenciamento por meio de um projeto simplificado, assinado por engenheiro ou arquiteto \u2013 o que torna desnecess\u00e1rio o detalhamento de divis\u00f5es internas dos ambientes. A adequa\u00e7\u00e3o do espa\u00e7o interno \u00e0s normas e leis passa a ser de responsabilidade exclusiva do t\u00e9cnico que assina o projeto, sem depender dos profissionais da Prefeitura.<\/span><\/p>\n<p class=\"p1\">\u00a0<a href=\"http:\/\/www.saopaulo.sp.leg.br\/apartes-anteriores\/wp-content\/uploads\/sites\/9\/2015\/11\/apartes_N17_49.jpg\"><img loading=\"lazy\" decoding=\"async\" class=\"alignnone size-large wp-image-35154\" src=\"http:\/\/www.saopaulo.sp.leg.br\/apartes-anteriores\/wp-content\/uploads\/sites\/9\/2015\/11\/apartes_N17_49-1024x685.jpg\" alt=\"apartes_N17_49\" width=\"640\" height=\"428\" srcset=\"https:\/\/www.saopaulo.sp.leg.br\/apartes-anteriores\/wp-content\/uploads\/sites\/9\/2015\/11\/apartes_N17_49-1024x685.jpg 1024w, https:\/\/www.saopaulo.sp.leg.br\/apartes-anteriores\/wp-content\/uploads\/sites\/9\/2015\/11\/apartes_N17_49-300x201.jpg 300w, https:\/\/www.saopaulo.sp.leg.br\/apartes-anteriores\/wp-content\/uploads\/sites\/9\/2015\/11\/apartes_N17_49.jpg 1503w\" sizes=\"auto, (max-width: 640px) 100vw, 640px\" \/><\/a><\/p>\n<p class=\"p1\">O PL do novo C\u00f3digo de Obras passar\u00e1 por um processo de consulta popular, em audi\u00eancias p\u00fablicas, e pode sofrer altera\u00e7\u00f5es durante a tramita\u00e7\u00e3o pela C\u00e2mara. O documento foi submetido \u00e0 an\u00e1lise da Comiss\u00e3o de Constitui\u00e7\u00e3o e Justi\u00e7a (CCJ), para verifica\u00e7\u00e3o de legalidade, e depois seguiu para a Comiss\u00e3o de Pol\u00edtica Urbana, que coordenar\u00e1 as audi\u00eancias p\u00fablicas. Ap\u00f3s receber as sugest\u00f5es e passar pelas demais comiss\u00f5es pertinentes, o projeto ser\u00e1 votado duas vezes na CMSP e seguir\u00e1 para san\u00e7\u00e3o do prefeito Fernando Haddad (PT).<\/p>\n<p>&nbsp;<\/p>\n<table>\n<tbody>\n<tr>\n<td>\n<figure id=\"attachment_35116\" aria-describedby=\"caption-attachment-35116\" style=\"width: 260px\" class=\"wp-caption alignright\"><a href=\"http:\/\/www.saopaulo.sp.leg.br\/apartes-anteriores\/wp-content\/uploads\/sites\/9\/2015\/11\/apartes_N17_11.jpg\"><img loading=\"lazy\" decoding=\"async\" class=\"wp-image-35116\" src=\"http:\/\/www.saopaulo.sp.leg.br\/apartes-anteriores\/wp-content\/uploads\/sites\/9\/2015\/11\/apartes_N17_11-762x1024.jpg\" alt=\"\u201cPara mudar a cidade, temos que fazer valer a legisla\u00e7\u00e3o\u201d. Foto: Bel Correa\/Escola do Parlamento\" width=\"260\" height=\"349\" srcset=\"https:\/\/www.saopaulo.sp.leg.br\/apartes-anteriores\/wp-content\/uploads\/sites\/9\/2015\/11\/apartes_N17_11-762x1024.jpg 762w, https:\/\/www.saopaulo.sp.leg.br\/apartes-anteriores\/wp-content\/uploads\/sites\/9\/2015\/11\/apartes_N17_11-223x300.jpg 223w, https:\/\/www.saopaulo.sp.leg.br\/apartes-anteriores\/wp-content\/uploads\/sites\/9\/2015\/11\/apartes_N17_11.jpg 890w\" sizes=\"auto, (max-width: 260px) 100vw, 260px\" \/><\/a><figcaption id=\"caption-attachment-35116\" class=\"wp-caption-text\">\u201cPara mudar a cidade, temos que fazer valer a legisla\u00e7\u00e3o\u201d. <br \/> Foto: Bel Correa\/Escola do Parlamento<\/figcaption><\/figure>\n<h3 class=\"p1\"><span class=\"s1\" style=\"color: #800000\"><b>ENTREVISTA:\u00a0Erm\u00ednia Maricato<\/b><\/span><\/h3>\n<p class=\"p1\"><span class=\"s6\"><b>Erm\u00ednia Maricato<\/b> \u00e9 professora da Faculdade de Arquitetura e Urbanismo da Universidade de S\u00e3o Paulo (USP), foi secret\u00e1ria executiva do Minist\u00e9rio das Cidades entre 2003 e 2005 e secret\u00e1ria municipal de Habita\u00e7\u00e3o e Desenvolvimento Urbano, entre 1989 e 1992. Ela falou \u00e0 <b>Apartes<\/b> sobre o que espera do novo C\u00f3digo de Obras paulistano:<\/span><\/p>\n<h4 class=\"p1\"><span class=\"s4\"><b>Como a senhora avalia a revis\u00e3o dos instrumentos de planejamento urbano, feita pela C\u00e2mara e pela Prefeitura, com grande participa\u00e7\u00e3o popular?<\/b><\/span><\/h4>\n<p class=\"p1\" style=\"padding-left: 30px\"><span class=\"s6\"><b>Maricato:<\/b> O trabalho foi bem feito, valeu a pena abrir \u00e0 participa\u00e7\u00e3o. O que fica agora \u00e9 uma expectativa quanto \u00e0 aplica\u00e7\u00e3o desses instrumentos. Porque n\u00f3s temos tradi\u00e7\u00e3o de fazer bons planos diretores, de fazer legisla\u00e7\u00f5es boas, interessantes, e n\u00e3o aplicar. Uma parte da sociedade vive fora da lei por n\u00e3o ter nem condi\u00e7\u00e3o de entrar no mercado imobili\u00e1rio, que \u00e9 altamente especulativo. Por isso, o mais importante para mudar a vida da cidade \u00e9 essa legisla\u00e7\u00e3o ser apropriada pela popula\u00e7\u00e3o, para que fiscalize sua aplica\u00e7\u00e3o e a fa\u00e7a valer.<\/span><\/p>\n<h4 class=\"p1\"><b>Quais os principais ganhos com o PDE e em que pontos espera que a cidade evolua depois de aprovados a Lei de Zoneamento e o C\u00f3digo de Obras?<\/b><\/h4>\n<p class=\"p1\" style=\"padding-left: 30px\"><span class=\"s6\">Acho que \u00e9 um bom Plano Diretor. Seus principais avan\u00e7os s\u00e3o os corredores verticais com prioridade para moradias que t\u00eam pouca garagem, al\u00e9m de outro ponto, que realmente me falou ao cora\u00e7\u00e3o: a demarca\u00e7\u00e3o da \u00e1rea rural no sul do Munic\u00edpio, com a ideia de adequar o turismo local. E estava fazendo muita falta um C\u00f3digo de Obras que deixasse de lado o que n\u00e3o \u00e9 priorit\u00e1rio e n\u00e3o cabe ao poder p\u00fablico regular, por exemplo o interior de um edif\u00edcio. S\u00e3o \u00f3timas leis.<\/span><\/p>\n<\/td>\n<\/tr>\n<\/tbody>\n<\/table>\n<p><!-- COMENTE SOBRE ESSA MATERIA --><\/p>\n<table border=\"0\" cellspacing=\"0\" cellpadding=\"0\">\n<tbody>\n<tr>\n<td align=\"center\" width=\"50%\">\n<h5>Comente sobre essa mat\u00e9ria:<\/h5>\n<p><a style=\"color: #fff;font-size: 12px;text-decoration: none;font-weight: bold;text-align: center;background-color: #3b5998 !important;margin: 0 0 10px;padding: 3px 7px\" title=\"Facebook da revista Apartes\" href=\"https:\/\/www.facebook.com\/RevistaApartes\" target=\"_blank\">Facebook<\/a> <a style=\"color: #fff;font-size: 12px;text-decoration: none;font-weight: bold;text-align: center;background-color: #1daced !important;margin: 0 0 10px;padding: 3px 7px\" title=\"Twitter da revista Apartes\" href=\"https:\/\/twitter.com\/RevistaApartes\" target=\"_blank\">Twitter<\/a><\/td>\n<td align=\"center\" width=\"50%\">\n<h5>Envie cr\u00edticas ou sugest\u00f5es:<\/h5>\n<p>Email: <strong><a href=\"mailto:apartes@saopaulo.sp.leg.br\">apartes@saopaulo.sp.leg.br<\/a><\/strong><\/td>\n<\/tr>\n<\/tbody>\n<\/table>\n<p><!-- COMENTE SOBRE ESSA MATERIA --><\/p>\n","protected":false},"excerpt":{"rendered":"<p>Por dentro das edifica\u00e7\u00f5es C\u00e2mara e paulistanos atuar\u00e3o em conjunto para aprovar um C\u00f3digo de Obras com regras mais simples Gisele Machado | gisele@saopaulo.sp.leg.br Colaborou Karine Seimoha, aluna do curso Rep\u00f3rter do Futuro &nbsp; A proposta de um novo C\u00f3digo de Obras e Edifica\u00e7\u00f5es (COE), complemento da Lei de Zoneamento e uma das principais leis [&hellip;]<\/p>\n","protected":false},"author":109,"featured_media":0,"parent":35261,"menu_order":4,"comment_status":"closed","ping_status":"closed","template":"","meta":{"footnotes":""},"class_list":["post-35183","page","type-page","status-publish","hentry"],"meta_all":{"_edit_lock":["1480616251:109"],"_edit_last":["109"],"_wp_page_template":["default"],"_yoast_wpseo_title":["Por dentro das edifica\u00e7\u00f5es - Revista Apartes - Edi\u00e7\u00e3o 17"],"_yoast_wpseo_metadesc":["Por dentro das edifica\u00e7\u00f5es - Revista Apartes - Edi\u00e7\u00e3o 17 - C\u00e2mara Municipal de S\u00e3o Paulo"],"_yoast_wpseo_bctitle":["Por dentro das edifica\u00e7\u00f5es"],"_cmsp_page_download-files":["a:1:{i:0;a:1:{s:4:\"type\";s:3:\"pdf\";}}"],"_yoast_wpseo_opengraph-title":["Por dentro das edifica\u00e7\u00f5es"],"_yoast_wpseo_opengraph-description":["C\u00e2mara e paulistanos atuar\u00e3o em conjunto para aprovar um C\u00f3digo de Obras com regras mais simples"],"_yoast_wpseo_twitter-title":["Por dentro das edifica\u00e7\u00f5es"],"_yoast_wpseo_twitter-description":["C\u00e2mara e paulistanos atuar\u00e3o em conjunto para aprovar um C\u00f3digo de Obras com regras mais simples"],"_yoast_wpseo_content_score":["30"]},"yoast_head":"<!-- This site is optimized with the Yoast SEO plugin v27.4 - https:\/\/yoast.com\/product\/yoast-seo-wordpress\/ -->\n<title>Por dentro das edifica\u00e7\u00f5es - Revista Apartes - Edi\u00e7\u00e3o 17<\/title>\n<meta name=\"description\" content=\"Por dentro das edifica\u00e7\u00f5es - Revista Apartes - Edi\u00e7\u00e3o 17 - C\u00e2mara Municipal de S\u00e3o Paulo\" \/>\n<meta name=\"robots\" content=\"index, follow, max-snippet:-1, max-image-preview:large, max-video-preview:-1\" \/>\n<link rel=\"canonical\" href=\"https:\/\/www.saopaulo.sp.leg.br\/apartes-anteriores\/revista-apartes\/numero-17\/por-dentro-das-edificacoes\/\" \/>\n<meta property=\"og:locale\" content=\"pt_BR\" \/>\n<meta property=\"og:type\" content=\"article\" \/>\n<meta property=\"og:title\" content=\"Por dentro das edifica\u00e7\u00f5es\" \/>\n<meta property=\"og:description\" content=\"C\u00e2mara e paulistanos atuar\u00e3o em conjunto para aprovar um C\u00f3digo de Obras com regras mais simples\" \/>\n<meta property=\"og:url\" content=\"https:\/\/www.saopaulo.sp.leg.br\/apartes-anteriores\/revista-apartes\/numero-17\/por-dentro-das-edificacoes\/\" \/>\n<meta property=\"og:site_name\" content=\"Revista Apartes (edi\u00e7\u00f5es anteriores)\" \/>\n<meta property=\"article:publisher\" content=\"https:\/\/www.facebook.com\/RevistaApartes\/\" \/>\n<meta property=\"article:modified_time\" content=\"2016-12-01T17:58:15+00:00\" \/>\n<meta property=\"og:image\" content=\"http:\/\/www.saopaulo.sp.leg.br\/apartes-anteriores\/wp-content\/uploads\/sites\/9\/2015\/11\/apartes_N17_09-1024x710.jpg\" \/>\n<meta name=\"twitter:card\" content=\"summary_large_image\" \/>\n<meta name=\"twitter:title\" content=\"Por dentro das edifica\u00e7\u00f5es\" \/>\n<meta name=\"twitter:description\" content=\"C\u00e2mara e paulistanos atuar\u00e3o em conjunto para aprovar um C\u00f3digo de Obras com regras mais simples\" \/>\n<meta name=\"twitter:site\" content=\"@revistaapartes\" \/>\n<meta name=\"twitter:label1\" content=\"Est. tempo de leitura\" \/>\n\t<meta name=\"twitter:data1\" content=\"4 minutos\" \/>\n<script type=\"application\/ld+json\" class=\"yoast-schema-graph\">{\"@context\":\"https:\\\/\\\/schema.org\",\"@graph\":[{\"@type\":\"WebPage\",\"@id\":\"https:\\\/\\\/www.saopaulo.sp.leg.br\\\/apartes-anteriores\\\/revista-apartes\\\/numero-17\\\/por-dentro-das-edificacoes\\\/\",\"url\":\"https:\\\/\\\/www.saopaulo.sp.leg.br\\\/apartes-anteriores\\\/revista-apartes\\\/numero-17\\\/por-dentro-das-edificacoes\\\/\",\"name\":\"Por dentro das edifica\u00e7\u00f5es - Revista Apartes - Edi\u00e7\u00e3o 17\",\"isPartOf\":{\"@id\":\"https:\\\/\\\/www.saopaulo.sp.leg.br\\\/apartes-anteriores\\\/#website\"},\"primaryImageOfPage\":{\"@id\":\"https:\\\/\\\/www.saopaulo.sp.leg.br\\\/apartes-anteriores\\\/revista-apartes\\\/numero-17\\\/por-dentro-das-edificacoes\\\/#primaryimage\"},\"image\":{\"@id\":\"https:\\\/\\\/www.saopaulo.sp.leg.br\\\/apartes-anteriores\\\/revista-apartes\\\/numero-17\\\/por-dentro-das-edificacoes\\\/#primaryimage\"},\"thumbnailUrl\":\"http:\\\/\\\/www.saopaulo.sp.leg.br\\\/apartes-anteriores\\\/wp-content\\\/uploads\\\/sites\\\/9\\\/2015\\\/11\\\/apartes_N17_09-1024x710.jpg\",\"datePublished\":\"2015-11-30T19:25:40+00:00\",\"dateModified\":\"2016-12-01T17:58:15+00:00\",\"description\":\"Por dentro das edifica\u00e7\u00f5es - Revista Apartes - Edi\u00e7\u00e3o 17 - C\u00e2mara Municipal de S\u00e3o Paulo\",\"breadcrumb\":{\"@id\":\"https:\\\/\\\/www.saopaulo.sp.leg.br\\\/apartes-anteriores\\\/revista-apartes\\\/numero-17\\\/por-dentro-das-edificacoes\\\/#breadcrumb\"},\"inLanguage\":\"pt-BR\",\"potentialAction\":[{\"@type\":\"ReadAction\",\"target\":[\"https:\\\/\\\/www.saopaulo.sp.leg.br\\\/apartes-anteriores\\\/revista-apartes\\\/numero-17\\\/por-dentro-das-edificacoes\\\/\"]}]},{\"@type\":\"ImageObject\",\"inLanguage\":\"pt-BR\",\"@id\":\"https:\\\/\\\/www.saopaulo.sp.leg.br\\\/apartes-anteriores\\\/revista-apartes\\\/numero-17\\\/por-dentro-das-edificacoes\\\/#primaryimage\",\"url\":\"https:\\\/\\\/www.saopaulo.sp.leg.br\\\/apartes-anteriores\\\/wp-content\\\/uploads\\\/sites\\\/9\\\/2015\\\/11\\\/apartes_N17_09.jpg\",\"contentUrl\":\"https:\\\/\\\/www.saopaulo.sp.leg.br\\\/apartes-anteriores\\\/wp-content\\\/uploads\\\/sites\\\/9\\\/2015\\\/11\\\/apartes_N17_09.jpg\",\"width\":1196,\"height\":829,\"caption\":\"SIMPLIFICA\u00c7\u00c3O - Nova lei sobre edifica\u00e7\u00f5es deve descomplicar as constru\u00e7\u00f5es e reformas. Foto: Equipe de Eventos\\\/CMSP\"},{\"@type\":\"BreadcrumbList\",\"@id\":\"https:\\\/\\\/www.saopaulo.sp.leg.br\\\/apartes-anteriores\\\/revista-apartes\\\/numero-17\\\/por-dentro-das-edificacoes\\\/#breadcrumb\",\"itemListElement\":[{\"@type\":\"ListItem\",\"position\":1,\"name\":\"Home\",\"item\":\"https:\\\/\\\/www.saopaulo.sp.leg.br\\\/apartes-anteriores\\\/\"},{\"@type\":\"ListItem\",\"position\":2,\"name\":\"Revista Apartes\",\"item\":\"https:\\\/\\\/www.saopaulo.sp.leg.br\\\/apartes-anteriores\\\/\"},{\"@type\":\"ListItem\",\"position\":3,\"name\":\"N\u00famero 17 &#8211; out-dez\\\/2015\",\"item\":\"https:\\\/\\\/www.saopaulo.sp.leg.br\\\/apartes-anteriores\\\/revista-apartes\\\/numero-17\\\/\"},{\"@type\":\"ListItem\",\"position\":4,\"name\":\"Por dentro das edifica\u00e7\u00f5es\"}]},{\"@type\":\"WebSite\",\"@id\":\"https:\\\/\\\/www.saopaulo.sp.leg.br\\\/apartes-anteriores\\\/#website\",\"url\":\"https:\\\/\\\/www.saopaulo.sp.leg.br\\\/apartes-anteriores\\\/\",\"name\":\"Revista Apartes (edi\u00e7\u00f5es anteriores)\",\"description\":\"Revista Apartes (edi\u00e7\u00f5es anteriores)\",\"potentialAction\":[{\"@type\":\"SearchAction\",\"target\":{\"@type\":\"EntryPoint\",\"urlTemplate\":\"https:\\\/\\\/www.saopaulo.sp.leg.br\\\/apartes-anteriores\\\/?s={search_term_string}\"},\"query-input\":{\"@type\":\"PropertyValueSpecification\",\"valueRequired\":true,\"valueName\":\"search_term_string\"}}],\"inLanguage\":\"pt-BR\"}]}<\/script>\n<!-- \/ Yoast SEO plugin. -->","yoast_head_json":{"title":"Por dentro das edifica\u00e7\u00f5es - Revista Apartes - Edi\u00e7\u00e3o 17","description":"Por dentro das edifica\u00e7\u00f5es - Revista Apartes - Edi\u00e7\u00e3o 17 - C\u00e2mara Municipal de S\u00e3o Paulo","robots":{"index":"index","follow":"follow","max-snippet":"max-snippet:-1","max-image-preview":"max-image-preview:large","max-video-preview":"max-video-preview:-1"},"canonical":"https:\/\/www.saopaulo.sp.leg.br\/apartes-anteriores\/revista-apartes\/numero-17\/por-dentro-das-edificacoes\/","og_locale":"pt_BR","og_type":"article","og_title":"Por dentro das edifica\u00e7\u00f5es","og_description":"C\u00e2mara e paulistanos atuar\u00e3o em conjunto para aprovar um C\u00f3digo de Obras com regras mais simples","og_url":"https:\/\/www.saopaulo.sp.leg.br\/apartes-anteriores\/revista-apartes\/numero-17\/por-dentro-das-edificacoes\/","og_site_name":"Revista Apartes (edi\u00e7\u00f5es anteriores)","article_publisher":"https:\/\/www.facebook.com\/RevistaApartes\/","article_modified_time":"2016-12-01T17:58:15+00:00","og_image":[{"url":"http:\/\/www.saopaulo.sp.leg.br\/apartes-anteriores\/wp-content\/uploads\/sites\/9\/2015\/11\/apartes_N17_09-1024x710.jpg","type":"","width":"","height":""}],"twitter_card":"summary_large_image","twitter_title":"Por dentro das edifica\u00e7\u00f5es","twitter_description":"C\u00e2mara e paulistanos atuar\u00e3o em conjunto para aprovar um C\u00f3digo de Obras com regras mais simples","twitter_site":"@revistaapartes","twitter_misc":{"Est. tempo de leitura":"4 minutos"},"schema":{"@context":"https:\/\/schema.org","@graph":[{"@type":"WebPage","@id":"https:\/\/www.saopaulo.sp.leg.br\/apartes-anteriores\/revista-apartes\/numero-17\/por-dentro-das-edificacoes\/","url":"https:\/\/www.saopaulo.sp.leg.br\/apartes-anteriores\/revista-apartes\/numero-17\/por-dentro-das-edificacoes\/","name":"Por dentro das edifica\u00e7\u00f5es - Revista Apartes - Edi\u00e7\u00e3o 17","isPartOf":{"@id":"https:\/\/www.saopaulo.sp.leg.br\/apartes-anteriores\/#website"},"primaryImageOfPage":{"@id":"https:\/\/www.saopaulo.sp.leg.br\/apartes-anteriores\/revista-apartes\/numero-17\/por-dentro-das-edificacoes\/#primaryimage"},"image":{"@id":"https:\/\/www.saopaulo.sp.leg.br\/apartes-anteriores\/revista-apartes\/numero-17\/por-dentro-das-edificacoes\/#primaryimage"},"thumbnailUrl":"http:\/\/www.saopaulo.sp.leg.br\/apartes-anteriores\/wp-content\/uploads\/sites\/9\/2015\/11\/apartes_N17_09-1024x710.jpg","datePublished":"2015-11-30T19:25:40+00:00","dateModified":"2016-12-01T17:58:15+00:00","description":"Por dentro das edifica\u00e7\u00f5es - Revista Apartes - Edi\u00e7\u00e3o 17 - C\u00e2mara Municipal de S\u00e3o Paulo","breadcrumb":{"@id":"https:\/\/www.saopaulo.sp.leg.br\/apartes-anteriores\/revista-apartes\/numero-17\/por-dentro-das-edificacoes\/#breadcrumb"},"inLanguage":"pt-BR","potentialAction":[{"@type":"ReadAction","target":["https:\/\/www.saopaulo.sp.leg.br\/apartes-anteriores\/revista-apartes\/numero-17\/por-dentro-das-edificacoes\/"]}]},{"@type":"ImageObject","inLanguage":"pt-BR","@id":"https:\/\/www.saopaulo.sp.leg.br\/apartes-anteriores\/revista-apartes\/numero-17\/por-dentro-das-edificacoes\/#primaryimage","url":"https:\/\/www.saopaulo.sp.leg.br\/apartes-anteriores\/wp-content\/uploads\/sites\/9\/2015\/11\/apartes_N17_09.jpg","contentUrl":"https:\/\/www.saopaulo.sp.leg.br\/apartes-anteriores\/wp-content\/uploads\/sites\/9\/2015\/11\/apartes_N17_09.jpg","width":1196,"height":829,"caption":"SIMPLIFICA\u00c7\u00c3O - Nova lei sobre edifica\u00e7\u00f5es deve descomplicar as constru\u00e7\u00f5es e reformas. Foto: Equipe de Eventos\/CMSP"},{"@type":"BreadcrumbList","@id":"https:\/\/www.saopaulo.sp.leg.br\/apartes-anteriores\/revista-apartes\/numero-17\/por-dentro-das-edificacoes\/#breadcrumb","itemListElement":[{"@type":"ListItem","position":1,"name":"Home","item":"https:\/\/www.saopaulo.sp.leg.br\/apartes-anteriores\/"},{"@type":"ListItem","position":2,"name":"Revista Apartes","item":"https:\/\/www.saopaulo.sp.leg.br\/apartes-anteriores\/"},{"@type":"ListItem","position":3,"name":"N\u00famero 17 &#8211; out-dez\/2015","item":"https:\/\/www.saopaulo.sp.leg.br\/apartes-anteriores\/revista-apartes\/numero-17\/"},{"@type":"ListItem","position":4,"name":"Por dentro das edifica\u00e7\u00f5es"}]},{"@type":"WebSite","@id":"https:\/\/www.saopaulo.sp.leg.br\/apartes-anteriores\/#website","url":"https:\/\/www.saopaulo.sp.leg.br\/apartes-anteriores\/","name":"Revista Apartes (edi\u00e7\u00f5es anteriores)","description":"Revista Apartes (edi\u00e7\u00f5es anteriores)","potentialAction":[{"@type":"SearchAction","target":{"@type":"EntryPoint","urlTemplate":"https:\/\/www.saopaulo.sp.leg.br\/apartes-anteriores\/?s={search_term_string}"},"query-input":{"@type":"PropertyValueSpecification","valueRequired":true,"valueName":"search_term_string"}}],"inLanguage":"pt-BR"}]}},"_links":{"self":[{"href":"https:\/\/www.saopaulo.sp.leg.br\/apartes-anteriores\/wp-json\/wp\/v2\/pages\/35183","targetHints":{"allow":["GET"]}}],"collection":[{"href":"https:\/\/www.saopaulo.sp.leg.br\/apartes-anteriores\/wp-json\/wp\/v2\/pages"}],"about":[{"href":"https:\/\/www.saopaulo.sp.leg.br\/apartes-anteriores\/wp-json\/wp\/v2\/types\/page"}],"author":[{"embeddable":true,"href":"https:\/\/www.saopaulo.sp.leg.br\/apartes-anteriores\/wp-json\/wp\/v2\/users\/109"}],"replies":[{"embeddable":true,"href":"https:\/\/www.saopaulo.sp.leg.br\/apartes-anteriores\/wp-json\/wp\/v2\/comments?post=35183"}],"version-history":[{"count":0,"href":"https:\/\/www.saopaulo.sp.leg.br\/apartes-anteriores\/wp-json\/wp\/v2\/pages\/35183\/revisions"}],"up":[{"embeddable":true,"href":"https:\/\/www.saopaulo.sp.leg.br\/apartes-anteriores\/wp-json\/wp\/v2\/pages\/35261"}],"wp:attachment":[{"href":"https:\/\/www.saopaulo.sp.leg.br\/apartes-anteriores\/wp-json\/wp\/v2\/media?parent=35183"}],"curies":[{"name":"wp","href":"https:\/\/api.w.org\/{rel}","templated":true}]}}