{"id":34952,"date":"2015-10-09T17:37:26","date_gmt":"2015-10-09T17:37:26","guid":{"rendered":"http:\/\/www.saopaulo.sp.leg.br\/apartes-anteriores\/?page_id=34952"},"modified":"2016-12-01T15:25:51","modified_gmt":"2016-12-01T17:25:51","slug":"apartes-na-televisao","status":"publish","type":"page","link":"https:\/\/www.saopaulo.sp.leg.br\/apartes-anteriores\/revista-apartes\/numero-16\/apartes-na-televisao\/","title":{"rendered":"N\u00ba16 &#8211; Comunica\u00e7\u00e3o"},"content":{"rendered":"<h1 class=\"p1\"><span style=\"color: #800000\"><span class=\"s2\"><b>Apa<\/b><\/span><span class=\"s3\"><b>r<\/b><\/span><span class=\"s2\"><b>tes na televis\u00e3o<\/b><\/span><\/span><\/h1>\n<h2 class=\"p1\">TV C\u00e2mara estreia atra\u00e7\u00e3o sobre bastidores das reportagens da revista e programa comandado por Paulo Markun<\/h2>\n<p class=\"p1\"><b>Gisele Machado<\/b> | gisele@saopaulo.sp.leg.br<\/p>\n<p><!-- imagem TOTAL - com legenda - CENTRALIZADA --><\/p>\n<div style=\"width: 100%;margin-right: 1.5em;margin-bottom: 1.5em\">\n<div style=\"padding: 5px;background-color: #eee !important\">\n<p><a href=\"http:\/\/www.saopaulo.sp.leg.br\/apartes-anteriores\/wp-content\/uploads\/sites\/9\/2015\/10\/apartes_N16_09.jpg\"><img loading=\"lazy\" decoding=\"async\" class=\"alignnone wp-image-34852 size-full\" src=\"http:\/\/www.saopaulo.sp.leg.br\/apartes-anteriores\/wp-content\/uploads\/sites\/9\/2015\/10\/apartes_N16_09.jpg\" alt=\"\" width=\"1020\" height=\"636\" srcset=\"https:\/\/www.saopaulo.sp.leg.br\/apartes-anteriores\/wp-content\/uploads\/sites\/9\/2015\/10\/apartes_N16_09.jpg 1020w, https:\/\/www.saopaulo.sp.leg.br\/apartes-anteriores\/wp-content\/uploads\/sites\/9\/2015\/10\/apartes_N16_09-300x187.jpg 300w\" sizes=\"auto, (max-width: 1020px) 100vw, 1020px\" \/><\/a><\/p>\n<p style=\"font-size: 0.8em;line-height: 1.1em;text-align: center;margin: -1.5em 0px 7px 0px;color: #333;!important;background-color: transparent !important\" align=\"center\">A\u00c7\u00c3O &#8211; Equipes da revista e da TV durante apura\u00e7\u00e3o de reportagem<\/p>\n<\/div>\n<p style=\"font-size: 0.5em;line-height: 1.1em;text-align: right;margin: 4px 0px 7px 0px;background-color: transparent !important\">Marcelo Ximenez\/CMSP<\/p>\n<\/div>\n<p><!-- imagem TOTAL - com legenda - CENTRALIZADA --><\/p>\n<p class=\"p1\"><span class=\"s4\"><a href=\"http:\/\/www.saopaulo.sp.leg.br\/apartes-anteriores\/wp-content\/uploads\/sites\/9\/2015\/10\/apartes_N16_47.jpg\"><img loading=\"lazy\" decoding=\"async\" class=\"alignright wp-image-34891\" src=\"http:\/\/www.saopaulo.sp.leg.br\/apartes-anteriores\/wp-content\/uploads\/sites\/9\/2015\/10\/apartes_N16_47.jpg\" alt=\"apartes_N16_47\" width=\"350\" height=\"311\" srcset=\"https:\/\/www.saopaulo.sp.leg.br\/apartes-anteriores\/wp-content\/uploads\/sites\/9\/2015\/10\/apartes_N16_47.jpg 1000w, https:\/\/www.saopaulo.sp.leg.br\/apartes-anteriores\/wp-content\/uploads\/sites\/9\/2015\/10\/apartes_N16_47-300x266.jpg 300w\" sizes=\"auto, (max-width: 350px) 100vw, 350px\" \/><\/a>Estreou no dia 17 de agosto a nova grade de programa\u00e7\u00e3o da <i>TV C\u00e2mara SP<\/i>, da C\u00e2mara Municipal de S\u00e3o Paulo (CMSP), com um programa inteiramente dedicado \u00e0 <b>Apartes<\/b>. O <i>Apartes grandes reportagens<\/i> explora os bastidores das apura\u00e7\u00f5es da revista, al\u00e9m de mostrar v\u00eddeos complementares. No est\u00fadio, a apresentadora Carol C\u00e2mara recebe os rep\u00f3rteres da <b>Apartes<\/b> para contarem sobre suas impress\u00f5es.<\/span><\/p>\n<p class=\"p1\"><span class=\"s4\">A dire\u00e7\u00e3o do programa \u00e9 de Daniel Caniato e a produ\u00e7\u00e3o \u00e9 de Analida Hern\u00e1ndez. Tamb\u00e9m faz parte do projeto a equipe do portal da C\u00e2mara, fortalecendo a pol\u00edtica de integra\u00e7\u00e3o da comunica\u00e7\u00e3o da Casa.<\/span><\/p>\n<p class=\"p1\"><span class=\"s4\">O diretor de Comunica\u00e7\u00e3o Externa da CMSP, Antonio Assiz, explica que a parceria da Apartes com a TV foi solicitada pelo presidente da institui\u00e7\u00e3o, Antonio Donato (PT), \u201cpara dar mais visibilidade a um trabalho jornal\u00edstico de alta relev\u00e2ncia feito na Casa\u201d. Segundo Assiz, \u201cn\u00e3o se trata de a televis\u00e3o fazer a mesma mat\u00e9ria da revista, mas de gravar como um observador a apura\u00e7\u00e3o espont\u00e2nea para o ve\u00edculo impresso\u201d. O diretor completa que o <i>Apartes grandes reportagens<\/i> traz um respiro \u00e0 grade, por ter uma estrutura narrativa diferente das demais atra\u00e7\u00f5es.<\/span><\/p>\n<p class=\"p1\"><span class=\"s5\">Na opini\u00e3o do diretor da TV C\u00e2mara, Wagner Belmonte, a integra\u00e7\u00e3o dos formatos impresso e televisivo \u00e9 fundamental para \u201campliar a produ\u00e7\u00e3o noticiosa e mostrar como ela se estabelece\u201d. Belmonte considera que esse tipo de alian\u00e7a s\u00f3 foi poss\u00edvel a partir de um \u201cplanejamento raro na m\u00eddia impressa, por contemplar a l\u00f3gica do acompanhamento\u201d pela equipe de televis\u00e3o. O <i>Apartes grandes reportagens<\/i>, assim como o restante da programa\u00e7\u00e3o, pode ser visto n\u00e3o apenas pela televis\u00e3o, como tamb\u00e9m pelo novo site da emissora (veja quadro acima), que tem formato amig\u00e1vel a computadores pessoais, tablets, smartphones e outros dispositivos, nas plataformas Android e iOS.<\/span><\/p>\n<p class=\"p1\"><span class=\"s5\">A nova programa\u00e7\u00e3o conta, ainda, com o <i>SP, Brasil<\/i>, no qual o experiente jornalista Paulo\u00a0Markun entrevista personalidades importantes do cen\u00e1rio pol\u00edtico e econ\u00f4mico nacional. Markun comandou o programa <i>Roda Viva<\/i>, da <i>TV Cultura<\/i>, por mais de dez anos e foi presidente da Funda\u00e7\u00e3o Padre Anchieta. \u201cO <i>SP, Brasil<\/i> refor\u00e7a a import\u00e2ncia que a casa legislativa da maior cidade do Pa\u00eds tem na amplia\u00e7\u00e3o do debate de quest\u00f5es nacionais\u201d, avalia o jornalista.<\/span><\/p>\n<p class=\"p1\"><span class=\"s5\">A terceira inova\u00e7\u00e3o da TV \u00e9 o <i>Pol\u00edtica na sala<\/i>, videoaula com dura\u00e7\u00e3o m\u00e9dia de 15 minutos sobre reforma pol\u00edtica. O material \u00e9 baseado em palestras organizadas pela Escola do Parlamento da CMSP no primeiro semestre, bastante elogiadas por acad\u00eamicos e alunos. A parceria com a Escola ainda deu origem ao quadro <i>Por dentro da pol\u00edtica<\/i>, com dura\u00e7\u00e3o de tr\u00eas minutos, em que os professores das videoaulas abordam alguns conceitos extra\u00eddos dos debates da Casa.<\/span><\/p>\n<p class=\"p1\"><span class=\"s6\">Outras novidades, implementadas em mar\u00e7o pela TV para ampliar a participa\u00e7\u00e3o do cidad\u00e3o, ser\u00e3o mantidas na nova grade. Uma delas \u00e9 o <i>Espa\u00e7o cidad\u00e3o<\/i>, quadro que explora a hist\u00f3ria de participantes do C\u00e2mara no Seu Bairro (sess\u00f5es p\u00fablicas oficiais da CMSP nas regi\u00f5es das Subprefeituras). \u201cTeremos outros programas que seguir\u00e3o essa orienta\u00e7\u00e3o geral, de dar mais protagonismo ao cidad\u00e3o\u201d, promete Antonio Assiz.<\/span><\/p>\n<p><!-- COMENTE SOBRE ESSA MATERIA --><\/p>\n<table border=\"0\" cellspacing=\"0\" cellpadding=\"0\">\n<tbody>\n<tr>\n<td align=\"center\" width=\"50%\">\n<h5>Comente sobre essa mat\u00e9ria:<\/h5>\n<p><a style=\"color: #fff;font-size: 12px;text-decoration: none;font-weight: bold;text-align: center;background-color: #3b5998 !important;margin: 0 0 10px;padding: 3px 7px\" title=\"Facebook da revista Apartes\" href=\"https:\/\/www.facebook.com\/RevistaApartes\" target=\"_blank\">Facebook<\/a> <a style=\"color: #fff;font-size: 12px;text-decoration: none;font-weight: bold;text-align: center;background-color: #1daced !important;margin: 0 0 10px;padding: 3px 7px\" title=\"Twitter da revista Apartes\" href=\"https:\/\/twitter.com\/RevistaApartes\" target=\"_blank\">Twitter<\/a><\/td>\n<td align=\"center\" width=\"50%\">\n<h5>Envie cr\u00edticas ou sugest\u00f5es:<\/h5>\n<p>Email: <strong><a href=\"mailto:apartes@saopaulo.sp.leg.br\">apartes@saopaulo.sp.leg.br<\/a><\/strong><\/td>\n<\/tr>\n<\/tbody>\n<\/table>\n<p><!-- COMENTE SOBRE ESSA MATERIA --><\/p>\n","protected":false},"excerpt":{"rendered":"<p>Apartes na televis\u00e3o TV C\u00e2mara estreia atra\u00e7\u00e3o sobre bastidores das reportagens da revista e programa comandado por Paulo Markun Gisele Machado | gisele@saopaulo.sp.leg.br A\u00c7\u00c3O &#8211; Equipes da revista e da TV durante apura\u00e7\u00e3o de reportagem Marcelo Ximenez\/CMSP Estreou no dia 17 de agosto a nova grade de programa\u00e7\u00e3o da TV C\u00e2mara SP, da C\u00e2mara Municipal [&hellip;]<\/p>\n","protected":false},"author":109,"featured_media":0,"parent":34835,"menu_order":4,"comment_status":"closed","ping_status":"closed","template":"","meta":{"footnotes":""},"class_list":["post-34952","page","type-page","status-publish","hentry"],"meta_all":{"_edit_lock":["1480613366:109"],"_edit_last":["109"],"_wp_page_template":["default"],"_yoast_wpseo_title":["Apartes na televis\u00e3o - Revista Apartes"],"_yoast_wpseo_bctitle":["Apartes na televis\u00e3o"],"_cmsp_page_download-files":["a:1:{i:0;a:1:{s:4:\"type\";s:3:\"pdf\";}}"],"_yoast_wpseo_opengraph-title":["Apartes na televis\u00e3o"],"_yoast_wpseo_opengraph-description":["TV C\u00e2mara estreia atra\u00e7\u00e3o sobre bastidores das reportagens da revista e programa comandado por Paulo Markun"],"_yoast_wpseo_twitter-title":["Apartes na televis\u00e3o"],"_yoast_wpseo_twitter-description":["TV C\u00e2mara estreia atra\u00e7\u00e3o sobre bastidores das reportagens da revista e programa comandado por Paulo Markun"],"_yoast_wpseo_content_score":["30"]},"yoast_head":"<!-- This site is optimized with the Yoast SEO plugin v27.4 - https:\/\/yoast.com\/product\/yoast-seo-wordpress\/ -->\n<title>Apartes na televis\u00e3o - Revista Apartes<\/title>\n<meta name=\"robots\" content=\"index, follow, max-snippet:-1, max-image-preview:large, max-video-preview:-1\" \/>\n<link rel=\"canonical\" href=\"https:\/\/www.saopaulo.sp.leg.br\/apartes-anteriores\/revista-apartes\/numero-16\/apartes-na-televisao\/\" \/>\n<meta property=\"og:locale\" content=\"pt_BR\" \/>\n<meta property=\"og:type\" content=\"article\" \/>\n<meta property=\"og:title\" content=\"Apartes na televis\u00e3o\" \/>\n<meta property=\"og:description\" content=\"TV C\u00e2mara estreia atra\u00e7\u00e3o sobre bastidores das reportagens da revista e programa comandado por Paulo Markun\" \/>\n<meta property=\"og:url\" content=\"https:\/\/www.saopaulo.sp.leg.br\/apartes-anteriores\/revista-apartes\/numero-16\/apartes-na-televisao\/\" \/>\n<meta property=\"og:site_name\" content=\"Revista Apartes (edi\u00e7\u00f5es anteriores)\" \/>\n<meta property=\"article:publisher\" content=\"https:\/\/www.facebook.com\/RevistaApartes\/\" \/>\n<meta property=\"article:modified_time\" content=\"2016-12-01T17:25:51+00:00\" \/>\n<meta property=\"og:image\" content=\"http:\/\/www.saopaulo.sp.leg.br\/apartes-anteriores\/wp-content\/uploads\/sites\/9\/2015\/10\/apartes_N16_09.jpg\" \/>\n<meta name=\"twitter:card\" content=\"summary_large_image\" \/>\n<meta name=\"twitter:title\" content=\"Apartes na televis\u00e3o\" \/>\n<meta name=\"twitter:description\" content=\"TV C\u00e2mara estreia atra\u00e7\u00e3o sobre bastidores das reportagens da revista e programa comandado por Paulo Markun\" \/>\n<meta name=\"twitter:site\" content=\"@revistaapartes\" \/>\n<meta name=\"twitter:label1\" content=\"Est. tempo de leitura\" \/>\n\t<meta name=\"twitter:data1\" content=\"3 minutos\" \/>\n<script type=\"application\/ld+json\" class=\"yoast-schema-graph\">{\"@context\":\"https:\\\/\\\/schema.org\",\"@graph\":[{\"@type\":\"WebPage\",\"@id\":\"https:\\\/\\\/www.saopaulo.sp.leg.br\\\/apartes-anteriores\\\/revista-apartes\\\/numero-16\\\/apartes-na-televisao\\\/\",\"url\":\"https:\\\/\\\/www.saopaulo.sp.leg.br\\\/apartes-anteriores\\\/revista-apartes\\\/numero-16\\\/apartes-na-televisao\\\/\",\"name\":\"Apartes na televis\u00e3o - Revista Apartes\",\"isPartOf\":{\"@id\":\"https:\\\/\\\/www.saopaulo.sp.leg.br\\\/apartes-anteriores\\\/#website\"},\"primaryImageOfPage\":{\"@id\":\"https:\\\/\\\/www.saopaulo.sp.leg.br\\\/apartes-anteriores\\\/revista-apartes\\\/numero-16\\\/apartes-na-televisao\\\/#primaryimage\"},\"image\":{\"@id\":\"https:\\\/\\\/www.saopaulo.sp.leg.br\\\/apartes-anteriores\\\/revista-apartes\\\/numero-16\\\/apartes-na-televisao\\\/#primaryimage\"},\"thumbnailUrl\":\"http:\\\/\\\/www.saopaulo.sp.leg.br\\\/apartes-anteriores\\\/wp-content\\\/uploads\\\/sites\\\/9\\\/2015\\\/10\\\/apartes_N16_09.jpg\",\"datePublished\":\"2015-10-09T17:37:26+00:00\",\"dateModified\":\"2016-12-01T17:25:51+00:00\",\"breadcrumb\":{\"@id\":\"https:\\\/\\\/www.saopaulo.sp.leg.br\\\/apartes-anteriores\\\/revista-apartes\\\/numero-16\\\/apartes-na-televisao\\\/#breadcrumb\"},\"inLanguage\":\"pt-BR\",\"potentialAction\":[{\"@type\":\"ReadAction\",\"target\":[\"https:\\\/\\\/www.saopaulo.sp.leg.br\\\/apartes-anteriores\\\/revista-apartes\\\/numero-16\\\/apartes-na-televisao\\\/\"]}]},{\"@type\":\"ImageObject\",\"inLanguage\":\"pt-BR\",\"@id\":\"https:\\\/\\\/www.saopaulo.sp.leg.br\\\/apartes-anteriores\\\/revista-apartes\\\/numero-16\\\/apartes-na-televisao\\\/#primaryimage\",\"url\":\"https:\\\/\\\/www.saopaulo.sp.leg.br\\\/apartes-anteriores\\\/wp-content\\\/uploads\\\/sites\\\/9\\\/2015\\\/10\\\/apartes_N16_09.jpg\",\"contentUrl\":\"https:\\\/\\\/www.saopaulo.sp.leg.br\\\/apartes-anteriores\\\/wp-content\\\/uploads\\\/sites\\\/9\\\/2015\\\/10\\\/apartes_N16_09.jpg\",\"width\":1020,\"height\":636},{\"@type\":\"BreadcrumbList\",\"@id\":\"https:\\\/\\\/www.saopaulo.sp.leg.br\\\/apartes-anteriores\\\/revista-apartes\\\/numero-16\\\/apartes-na-televisao\\\/#breadcrumb\",\"itemListElement\":[{\"@type\":\"ListItem\",\"position\":1,\"name\":\"Home\",\"item\":\"https:\\\/\\\/www.saopaulo.sp.leg.br\\\/apartes-anteriores\\\/\"},{\"@type\":\"ListItem\",\"position\":2,\"name\":\"Revista Apartes\",\"item\":\"https:\\\/\\\/www.saopaulo.sp.leg.br\\\/apartes-anteriores\\\/\"},{\"@type\":\"ListItem\",\"position\":3,\"name\":\"N\u00famero 16 &#8211; ago-set\\\/2015\",\"item\":\"https:\\\/\\\/www.saopaulo.sp.leg.br\\\/apartes-anteriores\\\/revista-apartes\\\/numero-16\\\/\"},{\"@type\":\"ListItem\",\"position\":4,\"name\":\"Apartes na televis\u00e3o\"}]},{\"@type\":\"WebSite\",\"@id\":\"https:\\\/\\\/www.saopaulo.sp.leg.br\\\/apartes-anteriores\\\/#website\",\"url\":\"https:\\\/\\\/www.saopaulo.sp.leg.br\\\/apartes-anteriores\\\/\",\"name\":\"Revista Apartes (edi\u00e7\u00f5es anteriores)\",\"description\":\"Revista Apartes (edi\u00e7\u00f5es anteriores)\",\"potentialAction\":[{\"@type\":\"SearchAction\",\"target\":{\"@type\":\"EntryPoint\",\"urlTemplate\":\"https:\\\/\\\/www.saopaulo.sp.leg.br\\\/apartes-anteriores\\\/?s={search_term_string}\"},\"query-input\":{\"@type\":\"PropertyValueSpecification\",\"valueRequired\":true,\"valueName\":\"search_term_string\"}}],\"inLanguage\":\"pt-BR\"}]}<\/script>\n<!-- \/ Yoast SEO plugin. -->","yoast_head_json":{"title":"Apartes na televis\u00e3o - Revista Apartes","robots":{"index":"index","follow":"follow","max-snippet":"max-snippet:-1","max-image-preview":"max-image-preview:large","max-video-preview":"max-video-preview:-1"},"canonical":"https:\/\/www.saopaulo.sp.leg.br\/apartes-anteriores\/revista-apartes\/numero-16\/apartes-na-televisao\/","og_locale":"pt_BR","og_type":"article","og_title":"Apartes na televis\u00e3o","og_description":"TV C\u00e2mara estreia atra\u00e7\u00e3o sobre bastidores das reportagens da revista e programa comandado por Paulo Markun","og_url":"https:\/\/www.saopaulo.sp.leg.br\/apartes-anteriores\/revista-apartes\/numero-16\/apartes-na-televisao\/","og_site_name":"Revista Apartes (edi\u00e7\u00f5es anteriores)","article_publisher":"https:\/\/www.facebook.com\/RevistaApartes\/","article_modified_time":"2016-12-01T17:25:51+00:00","og_image":[{"url":"http:\/\/www.saopaulo.sp.leg.br\/apartes-anteriores\/wp-content\/uploads\/sites\/9\/2015\/10\/apartes_N16_09.jpg","type":"","width":"","height":""}],"twitter_card":"summary_large_image","twitter_title":"Apartes na televis\u00e3o","twitter_description":"TV C\u00e2mara estreia atra\u00e7\u00e3o sobre bastidores das reportagens da revista e programa comandado por Paulo Markun","twitter_site":"@revistaapartes","twitter_misc":{"Est. tempo de leitura":"3 minutos"},"schema":{"@context":"https:\/\/schema.org","@graph":[{"@type":"WebPage","@id":"https:\/\/www.saopaulo.sp.leg.br\/apartes-anteriores\/revista-apartes\/numero-16\/apartes-na-televisao\/","url":"https:\/\/www.saopaulo.sp.leg.br\/apartes-anteriores\/revista-apartes\/numero-16\/apartes-na-televisao\/","name":"Apartes na televis\u00e3o - Revista Apartes","isPartOf":{"@id":"https:\/\/www.saopaulo.sp.leg.br\/apartes-anteriores\/#website"},"primaryImageOfPage":{"@id":"https:\/\/www.saopaulo.sp.leg.br\/apartes-anteriores\/revista-apartes\/numero-16\/apartes-na-televisao\/#primaryimage"},"image":{"@id":"https:\/\/www.saopaulo.sp.leg.br\/apartes-anteriores\/revista-apartes\/numero-16\/apartes-na-televisao\/#primaryimage"},"thumbnailUrl":"http:\/\/www.saopaulo.sp.leg.br\/apartes-anteriores\/wp-content\/uploads\/sites\/9\/2015\/10\/apartes_N16_09.jpg","datePublished":"2015-10-09T17:37:26+00:00","dateModified":"2016-12-01T17:25:51+00:00","breadcrumb":{"@id":"https:\/\/www.saopaulo.sp.leg.br\/apartes-anteriores\/revista-apartes\/numero-16\/apartes-na-televisao\/#breadcrumb"},"inLanguage":"pt-BR","potentialAction":[{"@type":"ReadAction","target":["https:\/\/www.saopaulo.sp.leg.br\/apartes-anteriores\/revista-apartes\/numero-16\/apartes-na-televisao\/"]}]},{"@type":"ImageObject","inLanguage":"pt-BR","@id":"https:\/\/www.saopaulo.sp.leg.br\/apartes-anteriores\/revista-apartes\/numero-16\/apartes-na-televisao\/#primaryimage","url":"https:\/\/www.saopaulo.sp.leg.br\/apartes-anteriores\/wp-content\/uploads\/sites\/9\/2015\/10\/apartes_N16_09.jpg","contentUrl":"https:\/\/www.saopaulo.sp.leg.br\/apartes-anteriores\/wp-content\/uploads\/sites\/9\/2015\/10\/apartes_N16_09.jpg","width":1020,"height":636},{"@type":"BreadcrumbList","@id":"https:\/\/www.saopaulo.sp.leg.br\/apartes-anteriores\/revista-apartes\/numero-16\/apartes-na-televisao\/#breadcrumb","itemListElement":[{"@type":"ListItem","position":1,"name":"Home","item":"https:\/\/www.saopaulo.sp.leg.br\/apartes-anteriores\/"},{"@type":"ListItem","position":2,"name":"Revista Apartes","item":"https:\/\/www.saopaulo.sp.leg.br\/apartes-anteriores\/"},{"@type":"ListItem","position":3,"name":"N\u00famero 16 &#8211; ago-set\/2015","item":"https:\/\/www.saopaulo.sp.leg.br\/apartes-anteriores\/revista-apartes\/numero-16\/"},{"@type":"ListItem","position":4,"name":"Apartes na televis\u00e3o"}]},{"@type":"WebSite","@id":"https:\/\/www.saopaulo.sp.leg.br\/apartes-anteriores\/#website","url":"https:\/\/www.saopaulo.sp.leg.br\/apartes-anteriores\/","name":"Revista Apartes (edi\u00e7\u00f5es anteriores)","description":"Revista Apartes (edi\u00e7\u00f5es anteriores)","potentialAction":[{"@type":"SearchAction","target":{"@type":"EntryPoint","urlTemplate":"https:\/\/www.saopaulo.sp.leg.br\/apartes-anteriores\/?s={search_term_string}"},"query-input":{"@type":"PropertyValueSpecification","valueRequired":true,"valueName":"search_term_string"}}],"inLanguage":"pt-BR"}]}},"_links":{"self":[{"href":"https:\/\/www.saopaulo.sp.leg.br\/apartes-anteriores\/wp-json\/wp\/v2\/pages\/34952","targetHints":{"allow":["GET"]}}],"collection":[{"href":"https:\/\/www.saopaulo.sp.leg.br\/apartes-anteriores\/wp-json\/wp\/v2\/pages"}],"about":[{"href":"https:\/\/www.saopaulo.sp.leg.br\/apartes-anteriores\/wp-json\/wp\/v2\/types\/page"}],"author":[{"embeddable":true,"href":"https:\/\/www.saopaulo.sp.leg.br\/apartes-anteriores\/wp-json\/wp\/v2\/users\/109"}],"replies":[{"embeddable":true,"href":"https:\/\/www.saopaulo.sp.leg.br\/apartes-anteriores\/wp-json\/wp\/v2\/comments?post=34952"}],"version-history":[{"count":0,"href":"https:\/\/www.saopaulo.sp.leg.br\/apartes-anteriores\/wp-json\/wp\/v2\/pages\/34952\/revisions"}],"up":[{"embeddable":true,"href":"https:\/\/www.saopaulo.sp.leg.br\/apartes-anteriores\/wp-json\/wp\/v2\/pages\/34835"}],"wp:attachment":[{"href":"https:\/\/www.saopaulo.sp.leg.br\/apartes-anteriores\/wp-json\/wp\/v2\/media?parent=34952"}],"curies":[{"name":"wp","href":"https:\/\/api.w.org\/{rel}","templated":true}]}}