{"id":34434,"date":"2015-09-15T16:37:02","date_gmt":"2015-09-15T16:37:02","guid":{"rendered":"http:\/\/www.saopaulo.sp.leg.br\/apartes-anteriores\/?page_id=34434"},"modified":"2015-09-15T16:47:58","modified_gmt":"2015-09-15T16:47:58","slug":"no07-palavra-do-presidente","status":"publish","type":"page","link":"https:\/\/www.saopaulo.sp.leg.br\/apartes-anteriores\/revista-apartes\/numero-7-maio2014\/no07-palavra-do-presidente\/","title":{"rendered":"N\u00ba07 \u2013 Palavra do Presidente"},"content":{"rendered":"<div style=\"float: right;margin-left: 1.5em\">\n<div style=\"float: right;padding: 5px;background-color: #eee !important\">\n<p><a href=\"http:\/\/www.saopaulo.sp.leg.br\/wp-content\/uploads\/2015\/07\/apartes_N11_1.jpg\"><img loading=\"lazy\" decoding=\"async\" class=\"alignnone wp-image-32649\" src=\"http:\/\/www.saopaulo.sp.leg.br\/wp-content\/uploads\/2015\/07\/apartes_N11_1.jpg\" alt=\"apartes_N11_1\" width=\"150\" height=\"185\" \/><\/a><\/p>\n<p style=\"font-size: 0.8em;line-height: 1.1em;text-align: center;margin: -1.5em 0px 7px 0px;color: #333;!important;background-color: transparent !important\" align=\"center\">Vereador Jos\u00e9 Am\u00e9rico<br \/>\nPresidente da CMSP<\/p>\n<\/div>\n<p style=\"font-size: 0.5em;line-height: 1.1em;text-align: right;margin: 4px 0px 7px;color: #333;!important;background-color: transparent !important\" align=\"center\">Equipe de Eventos\/CMSP<\/p>\n<\/div>\n<h1 class=\"p1\"><span style=\"color: #800000\"><strong>Palavra do Presidente<\/strong><\/span><\/h1>\n<p>Em 1984, o povo brasileiro saiu \u00e0s ruas para exigir a volta de um direito que nunca poderia nos ter sido tirado: a democracia. O movimento, que ficou conhecido como Diretas J\u00e1, reivindicava que os cidad\u00e3os tivessem a possibilidade de escolher, por meio do voto direto, os governantes dos munic\u00edpios, dos Estados e da na\u00e7\u00e3o. Embora n\u00e3o tenham reconquistado de imediato esse preceito b\u00e1sico de um pa\u00eds livre, aquela movimenta\u00e7\u00e3o foi a semente para que alcan\u00e7\u00e1ssemos o Estado democr\u00e1tico atual, em que os representantes do povo s\u00e3o escolhidos pelo voto popular direto.<\/p>\n<p>Em 2014, as Diretas J\u00e1 completam 30 anos. A C\u00e2mara Municipal de S\u00e3o Paulo (CMSP) participou ativamente do processo, abrindo as portas do Pal\u00e1cio Anchieta, sua sede, para que os populares pudessem se manifestar livremente. Daqui sa\u00edram vereadores, funcion\u00e1rios e cidad\u00e3os, com faixas em punho, para se juntar \u00e0 multid\u00e3o que se encontrava no Vale do Anhangaba\u00fa para protestar. Aqui foi realizado o \u201cvel\u00f3rio\u201d simb\u00f3lico de deputados federais que n\u00e3o tiveram a coragem de votar a favor das elei\u00e7\u00f5es diretas. Mesmo os que preferiram se omitir, abstendo-se ou faltando \u00e0 vota\u00e7\u00e3o, foram lembrados na cerim\u00f4nia que ocorreu onde hoje \u00e9 o Audit\u00f3rio Freitas Nobre, no t\u00e9rreo da sede do Parlamento municipal.<\/p>\n<p>A reportagem O Come\u00e7o do Fim destaca o papel da C\u00e2mara nesse importante epis\u00f3dio da hist\u00f3ria do Brasil, narrando de forma detalhada os epis\u00f3dios mencionados acima.<\/p>\n<p>Em clima de Copa do Mundo, outra reportagem desta edi\u00e7\u00e3o conta a hist\u00f3ria de tr\u00eas jogadores profissionais de futebol que, contando com o apoio popular e o voto direto, elegeram-se vereadores desta Casa. Z\u00e9 Maria, o pioneiro de chuteiras no Parlamento municipal, Biro-Biro e Ademir da Guia deixaram os gramados e arriscaram-se na pol\u00edtica. O resultado dessa troca de campo est\u00e1 contado em Pol\u00edticos de Chuteiras.<\/p>\n<p>Nesta edi\u00e7\u00e3o, tamb\u00e9m s\u00e3o destacados tr\u00eas assuntos que v\u00eam sendo discutidos intensamente pelos vereadores paulistanos. Gra\u00e7as a leis e projetos de iniciativa dos membros desta Casa, um dos grandes problemas relacionados \u00e0 educa\u00e7\u00e3o de crian\u00e7as e jovens vem sendo combatido: o bullying.<\/p>\n<p>Em outra mat\u00e9ria, aborda-se as pol\u00edticas e a\u00e7\u00f5es municipais voltadas aos moradores em situa\u00e7\u00e3o de rua no Munic\u00edpio. Por fim, uma reportagem sobre telhados e fachadas verdes, principalmente em edif\u00edcios. Essa tend\u00eancia mundial vem se mostrando grande aliada no combate a problemas importantes de grandes metr\u00f3poles como S\u00e3o Paulo, como m\u00e1 qualidade do ar, aquecimento, enchentes e polui\u00e7\u00e3o visual e ac\u00fastica.<\/p>\n<p>Uma \u00f3tima leitura a todos!<\/p>\n<p><!-- COMENTE SOBRE ESSA MATERIA --><\/p>\n<table border=\"0\" cellspacing=\"0\" cellpadding=\"0\">\n<tbody>\n<tr>\n<td align=\"center\" width=\"50%\">\n<h5>Comente sobre essa mat\u00e9ria:<\/h5>\n<p><a style=\"font-family: 'Helvetica Neue', 'Helvetica', Helvetica, Arial, sans-serif;color: #fff;font-size: 12px;text-decoration: none;font-weight: bold;text-align: center;background-color: #3b5998 !important;margin: 0 0 10px;padding: 3px 7px\" title=\"Facebook da revista Apartes\" href=\"https:\/\/www.facebook.com\/RevistaApartes\" target=\"_blank\">Facebook<\/a> <a style=\"font-family: 'Helvetica Neue', 'Helvetica', Helvetica, Arial, sans-serif;color: #fff;font-size: 12px;text-decoration: none;font-weight: bold;text-align: center;background-color: #1daced !important;margin: 0 0 10px;padding: 3px 7px\" title=\"Twitter da revista Apartes\" href=\"https:\/\/twitter.com\/RevistaApartes\" target=\"_blank\">Twitter<\/a><\/td>\n<td align=\"center\" width=\"50%\">\n<h5>Envie cr\u00edticas ou sugest\u00f5es:<\/h5>\n<p>Email: <strong><a href=\"mailto:apartes@saopaulo.sp.leg.br\">apartes@saopaulo.sp.leg.br<\/a><\/strong><\/td>\n<\/tr>\n<\/tbody>\n<\/table>\n<p><!-- COMENTE SOBRE ESSA MATERIA --><\/p>\n","protected":false},"excerpt":{"rendered":"<p>Vereador Jos\u00e9 Am\u00e9rico Presidente da CMSP Equipe de Eventos\/CMSP Palavra do Presidente Em 1984, o povo brasileiro saiu \u00e0s ruas para exigir a volta de um direito que nunca poderia nos ter sido tirado: a democracia. O movimento, que ficou conhecido como Diretas J\u00e1, reivindicava que os cidad\u00e3os tivessem a possibilidade de escolher, por meio [&hellip;]<\/p>\n","protected":false},"author":109,"featured_media":0,"parent":24324,"menu_order":0,"comment_status":"closed","ping_status":"closed","template":"","meta":{"footnotes":""},"class_list":["post-34434","page","type-page","status-publish","hentry"],"meta_all":{"_edit_lock":["1443041073:109"],"_edit_last":["109"],"_wp_page_template":["default"],"_cmsp_page_download-files":["a:1:{i:0;a:1:{s:4:\"type\";s:3:\"pdf\";}}"],"_cmsp_feature-page_title":["N\u00ba07 \u2013 Palavra do Presidente"],"_yoast_wpseo_title":["N\u00ba07 \u2013 Palavra do Presidente"],"_yoast_wpseo_bctitle":["N\u00ba07 \u2013 Palavra do Presidente"]},"yoast_head":"<!-- This site is optimized with the Yoast SEO plugin v27.4 - https:\/\/yoast.com\/product\/yoast-seo-wordpress\/ -->\n<title>N\u00ba07 \u2013 Palavra do Presidente<\/title>\n<meta name=\"robots\" content=\"index, follow, max-snippet:-1, max-image-preview:large, max-video-preview:-1\" \/>\n<link rel=\"canonical\" href=\"https:\/\/www.saopaulo.sp.leg.br\/apartes-anteriores\/revista-apartes\/numero-7-maio2014\/no07-palavra-do-presidente\/\" \/>\n<meta property=\"og:locale\" content=\"pt_BR\" \/>\n<meta property=\"og:type\" content=\"article\" \/>\n<meta property=\"og:title\" content=\"N\u00ba07 \u2013 Palavra do Presidente\" \/>\n<meta property=\"og:description\" content=\"Vereador Jos\u00e9 Am\u00e9rico Presidente da CMSP Equipe de Eventos\/CMSP Palavra do Presidente Em 1984, o povo brasileiro saiu \u00e0s ruas para exigir a volta de um direito que nunca poderia nos ter sido tirado: a democracia. O movimento, que ficou conhecido como Diretas J\u00e1, reivindicava que os cidad\u00e3os tivessem a possibilidade de escolher, por meio [&hellip;]\" \/>\n<meta property=\"og:url\" content=\"https:\/\/www.saopaulo.sp.leg.br\/apartes-anteriores\/revista-apartes\/numero-7-maio2014\/no07-palavra-do-presidente\/\" \/>\n<meta property=\"og:site_name\" content=\"Revista Apartes (edi\u00e7\u00f5es anteriores)\" \/>\n<meta property=\"article:publisher\" content=\"https:\/\/www.facebook.com\/RevistaApartes\/\" \/>\n<meta property=\"article:modified_time\" content=\"2015-09-15T16:47:58+00:00\" \/>\n<meta property=\"og:image\" content=\"http:\/\/www.saopaulo.sp.leg.br\/wp-content\/uploads\/2015\/07\/apartes_N11_1.jpg\" \/>\n<meta name=\"twitter:card\" content=\"summary_large_image\" \/>\n<meta name=\"twitter:site\" content=\"@revistaapartes\" \/>\n<meta name=\"twitter:label1\" content=\"Est. tempo de leitura\" \/>\n\t<meta name=\"twitter:data1\" content=\"2 minutos\" \/>\n<script type=\"application\/ld+json\" class=\"yoast-schema-graph\">{\"@context\":\"https:\\\/\\\/schema.org\",\"@graph\":[{\"@type\":\"WebPage\",\"@id\":\"https:\\\/\\\/www.saopaulo.sp.leg.br\\\/apartes-anteriores\\\/revista-apartes\\\/numero-7-maio2014\\\/no07-palavra-do-presidente\\\/\",\"url\":\"https:\\\/\\\/www.saopaulo.sp.leg.br\\\/apartes-anteriores\\\/revista-apartes\\\/numero-7-maio2014\\\/no07-palavra-do-presidente\\\/\",\"name\":\"N\u00ba07 \u2013 Palavra do Presidente\",\"isPartOf\":{\"@id\":\"https:\\\/\\\/www.saopaulo.sp.leg.br\\\/apartes-anteriores\\\/#website\"},\"primaryImageOfPage\":{\"@id\":\"https:\\\/\\\/www.saopaulo.sp.leg.br\\\/apartes-anteriores\\\/revista-apartes\\\/numero-7-maio2014\\\/no07-palavra-do-presidente\\\/#primaryimage\"},\"image\":{\"@id\":\"https:\\\/\\\/www.saopaulo.sp.leg.br\\\/apartes-anteriores\\\/revista-apartes\\\/numero-7-maio2014\\\/no07-palavra-do-presidente\\\/#primaryimage\"},\"thumbnailUrl\":\"http:\\\/\\\/www.saopaulo.sp.leg.br\\\/wp-content\\\/uploads\\\/2015\\\/07\\\/apartes_N11_1.jpg\",\"datePublished\":\"2015-09-15T16:37:02+00:00\",\"dateModified\":\"2015-09-15T16:47:58+00:00\",\"breadcrumb\":{\"@id\":\"https:\\\/\\\/www.saopaulo.sp.leg.br\\\/apartes-anteriores\\\/revista-apartes\\\/numero-7-maio2014\\\/no07-palavra-do-presidente\\\/#breadcrumb\"},\"inLanguage\":\"pt-BR\",\"potentialAction\":[{\"@type\":\"ReadAction\",\"target\":[\"https:\\\/\\\/www.saopaulo.sp.leg.br\\\/apartes-anteriores\\\/revista-apartes\\\/numero-7-maio2014\\\/no07-palavra-do-presidente\\\/\"]}]},{\"@type\":\"ImageObject\",\"inLanguage\":\"pt-BR\",\"@id\":\"https:\\\/\\\/www.saopaulo.sp.leg.br\\\/apartes-anteriores\\\/revista-apartes\\\/numero-7-maio2014\\\/no07-palavra-do-presidente\\\/#primaryimage\",\"url\":\"http:\\\/\\\/www.saopaulo.sp.leg.br\\\/wp-content\\\/uploads\\\/2015\\\/07\\\/apartes_N11_1.jpg\",\"contentUrl\":\"http:\\\/\\\/www.saopaulo.sp.leg.br\\\/wp-content\\\/uploads\\\/2015\\\/07\\\/apartes_N11_1.jpg\"},{\"@type\":\"BreadcrumbList\",\"@id\":\"https:\\\/\\\/www.saopaulo.sp.leg.br\\\/apartes-anteriores\\\/revista-apartes\\\/numero-7-maio2014\\\/no07-palavra-do-presidente\\\/#breadcrumb\",\"itemListElement\":[{\"@type\":\"ListItem\",\"position\":1,\"name\":\"Home\",\"item\":\"https:\\\/\\\/www.saopaulo.sp.leg.br\\\/apartes-anteriores\\\/\"},{\"@type\":\"ListItem\",\"position\":2,\"name\":\"Revista Apartes\",\"item\":\"https:\\\/\\\/www.saopaulo.sp.leg.br\\\/apartes-anteriores\\\/\"},{\"@type\":\"ListItem\",\"position\":3,\"name\":\"N\u00famero 07 &#8211; mai\\\/2014\",\"item\":\"https:\\\/\\\/www.saopaulo.sp.leg.br\\\/apartes-anteriores\\\/revista-apartes\\\/numero-7-maio2014\\\/\"},{\"@type\":\"ListItem\",\"position\":4,\"name\":\"N\u00ba07 \u2013 Palavra do Presidente\"}]},{\"@type\":\"WebSite\",\"@id\":\"https:\\\/\\\/www.saopaulo.sp.leg.br\\\/apartes-anteriores\\\/#website\",\"url\":\"https:\\\/\\\/www.saopaulo.sp.leg.br\\\/apartes-anteriores\\\/\",\"name\":\"Revista Apartes (edi\u00e7\u00f5es anteriores)\",\"description\":\"Revista Apartes (edi\u00e7\u00f5es anteriores)\",\"potentialAction\":[{\"@type\":\"SearchAction\",\"target\":{\"@type\":\"EntryPoint\",\"urlTemplate\":\"https:\\\/\\\/www.saopaulo.sp.leg.br\\\/apartes-anteriores\\\/?s={search_term_string}\"},\"query-input\":{\"@type\":\"PropertyValueSpecification\",\"valueRequired\":true,\"valueName\":\"search_term_string\"}}],\"inLanguage\":\"pt-BR\"}]}<\/script>\n<!-- \/ Yoast SEO plugin. -->","yoast_head_json":{"title":"N\u00ba07 \u2013 Palavra do Presidente","robots":{"index":"index","follow":"follow","max-snippet":"max-snippet:-1","max-image-preview":"max-image-preview:large","max-video-preview":"max-video-preview:-1"},"canonical":"https:\/\/www.saopaulo.sp.leg.br\/apartes-anteriores\/revista-apartes\/numero-7-maio2014\/no07-palavra-do-presidente\/","og_locale":"pt_BR","og_type":"article","og_title":"N\u00ba07 \u2013 Palavra do Presidente","og_description":"Vereador Jos\u00e9 Am\u00e9rico Presidente da CMSP Equipe de Eventos\/CMSP Palavra do Presidente Em 1984, o povo brasileiro saiu \u00e0s ruas para exigir a volta de um direito que nunca poderia nos ter sido tirado: a democracia. O movimento, que ficou conhecido como Diretas J\u00e1, reivindicava que os cidad\u00e3os tivessem a possibilidade de escolher, por meio [&hellip;]","og_url":"https:\/\/www.saopaulo.sp.leg.br\/apartes-anteriores\/revista-apartes\/numero-7-maio2014\/no07-palavra-do-presidente\/","og_site_name":"Revista Apartes (edi\u00e7\u00f5es anteriores)","article_publisher":"https:\/\/www.facebook.com\/RevistaApartes\/","article_modified_time":"2015-09-15T16:47:58+00:00","og_image":[{"url":"http:\/\/www.saopaulo.sp.leg.br\/wp-content\/uploads\/2015\/07\/apartes_N11_1.jpg","type":"","width":"","height":""}],"twitter_card":"summary_large_image","twitter_site":"@revistaapartes","twitter_misc":{"Est. tempo de leitura":"2 minutos"},"schema":{"@context":"https:\/\/schema.org","@graph":[{"@type":"WebPage","@id":"https:\/\/www.saopaulo.sp.leg.br\/apartes-anteriores\/revista-apartes\/numero-7-maio2014\/no07-palavra-do-presidente\/","url":"https:\/\/www.saopaulo.sp.leg.br\/apartes-anteriores\/revista-apartes\/numero-7-maio2014\/no07-palavra-do-presidente\/","name":"N\u00ba07 \u2013 Palavra do Presidente","isPartOf":{"@id":"https:\/\/www.saopaulo.sp.leg.br\/apartes-anteriores\/#website"},"primaryImageOfPage":{"@id":"https:\/\/www.saopaulo.sp.leg.br\/apartes-anteriores\/revista-apartes\/numero-7-maio2014\/no07-palavra-do-presidente\/#primaryimage"},"image":{"@id":"https:\/\/www.saopaulo.sp.leg.br\/apartes-anteriores\/revista-apartes\/numero-7-maio2014\/no07-palavra-do-presidente\/#primaryimage"},"thumbnailUrl":"http:\/\/www.saopaulo.sp.leg.br\/wp-content\/uploads\/2015\/07\/apartes_N11_1.jpg","datePublished":"2015-09-15T16:37:02+00:00","dateModified":"2015-09-15T16:47:58+00:00","breadcrumb":{"@id":"https:\/\/www.saopaulo.sp.leg.br\/apartes-anteriores\/revista-apartes\/numero-7-maio2014\/no07-palavra-do-presidente\/#breadcrumb"},"inLanguage":"pt-BR","potentialAction":[{"@type":"ReadAction","target":["https:\/\/www.saopaulo.sp.leg.br\/apartes-anteriores\/revista-apartes\/numero-7-maio2014\/no07-palavra-do-presidente\/"]}]},{"@type":"ImageObject","inLanguage":"pt-BR","@id":"https:\/\/www.saopaulo.sp.leg.br\/apartes-anteriores\/revista-apartes\/numero-7-maio2014\/no07-palavra-do-presidente\/#primaryimage","url":"http:\/\/www.saopaulo.sp.leg.br\/wp-content\/uploads\/2015\/07\/apartes_N11_1.jpg","contentUrl":"http:\/\/www.saopaulo.sp.leg.br\/wp-content\/uploads\/2015\/07\/apartes_N11_1.jpg"},{"@type":"BreadcrumbList","@id":"https:\/\/www.saopaulo.sp.leg.br\/apartes-anteriores\/revista-apartes\/numero-7-maio2014\/no07-palavra-do-presidente\/#breadcrumb","itemListElement":[{"@type":"ListItem","position":1,"name":"Home","item":"https:\/\/www.saopaulo.sp.leg.br\/apartes-anteriores\/"},{"@type":"ListItem","position":2,"name":"Revista Apartes","item":"https:\/\/www.saopaulo.sp.leg.br\/apartes-anteriores\/"},{"@type":"ListItem","position":3,"name":"N\u00famero 07 &#8211; mai\/2014","item":"https:\/\/www.saopaulo.sp.leg.br\/apartes-anteriores\/revista-apartes\/numero-7-maio2014\/"},{"@type":"ListItem","position":4,"name":"N\u00ba07 \u2013 Palavra do Presidente"}]},{"@type":"WebSite","@id":"https:\/\/www.saopaulo.sp.leg.br\/apartes-anteriores\/#website","url":"https:\/\/www.saopaulo.sp.leg.br\/apartes-anteriores\/","name":"Revista Apartes (edi\u00e7\u00f5es anteriores)","description":"Revista Apartes (edi\u00e7\u00f5es anteriores)","potentialAction":[{"@type":"SearchAction","target":{"@type":"EntryPoint","urlTemplate":"https:\/\/www.saopaulo.sp.leg.br\/apartes-anteriores\/?s={search_term_string}"},"query-input":{"@type":"PropertyValueSpecification","valueRequired":true,"valueName":"search_term_string"}}],"inLanguage":"pt-BR"}]}},"_links":{"self":[{"href":"https:\/\/www.saopaulo.sp.leg.br\/apartes-anteriores\/wp-json\/wp\/v2\/pages\/34434","targetHints":{"allow":["GET"]}}],"collection":[{"href":"https:\/\/www.saopaulo.sp.leg.br\/apartes-anteriores\/wp-json\/wp\/v2\/pages"}],"about":[{"href":"https:\/\/www.saopaulo.sp.leg.br\/apartes-anteriores\/wp-json\/wp\/v2\/types\/page"}],"author":[{"embeddable":true,"href":"https:\/\/www.saopaulo.sp.leg.br\/apartes-anteriores\/wp-json\/wp\/v2\/users\/109"}],"replies":[{"embeddable":true,"href":"https:\/\/www.saopaulo.sp.leg.br\/apartes-anteriores\/wp-json\/wp\/v2\/comments?post=34434"}],"version-history":[{"count":0,"href":"https:\/\/www.saopaulo.sp.leg.br\/apartes-anteriores\/wp-json\/wp\/v2\/pages\/34434\/revisions"}],"up":[{"embeddable":true,"href":"https:\/\/www.saopaulo.sp.leg.br\/apartes-anteriores\/wp-json\/wp\/v2\/pages\/24324"}],"wp:attachment":[{"href":"https:\/\/www.saopaulo.sp.leg.br\/apartes-anteriores\/wp-json\/wp\/v2\/media?parent=34434"}],"curies":[{"name":"wp","href":"https:\/\/api.w.org\/{rel}","templated":true}]}}