{"id":33261,"date":"2015-08-04T14:13:15","date_gmt":"2015-08-04T17:13:15","guid":{"rendered":"http:\/\/www.saopaulo.sp.leg.br\/?page_id=33261"},"modified":"2016-11-30T19:28:59","modified_gmt":"2016-11-30T21:28:59","slug":"inspiracao-para-o-bem","status":"publish","type":"page","link":"https:\/\/www.saopaulo.sp.leg.br\/apartes-anteriores\/revista-apartes\/numero-10-setembrooutubro-2014\/inspiracao-para-o-bem\/","title":{"rendered":"N\u00ba10 \u2013 Premia\u00e7\u00e3o"},"content":{"rendered":"<h1><strong><span style=\"color: #800000\">Inspira\u00e7\u00e3o para o bem<\/span><\/strong><\/h1>\n<h2>Pr\u00eamio Betinho homenageia entidades que promovem cidadania e solidariedade<\/h2>\n<p><strong>Rodrigo Garcia<\/strong> | <a href=\"mailto:rodrigogarcia@saopaulo.sp.leg.br\">rodrigogarcia@saopaulo.sp.leg.br<\/a><\/p>\n<p><!-- imagem TOTAL - com legenda - CENTRALIZADA --><\/p>\n<div style=\"width: 100%;margin-right: 1.5em;margin-bottom: 1.5em\">\n<div style=\"padding: 5px;background-color: #eee !important\">\n<p><a href=\"http:\/\/www.saopaulo.sp.leg.br\/wp-content\/uploads\/2015\/08\/08.jpg\"><img loading=\"lazy\" decoding=\"async\" class=\"alignnone size-full wp-image-33264\" src=\"http:\/\/www.saopaulo.sp.leg.br\/wp-content\/uploads\/2015\/08\/08.jpg\" alt=\"08\" width=\"1114\" height=\"694\" \/><\/a><\/p>\n<p style=\"font-size: 0.8em;line-height: 1.1em;text-align: center;margin: -1.5em 0px 7px 0px;color: #333;!important;background-color: transparent !important\" align=\"center\">CAPACITA\u00c7\u00c3O &#8211; Projeto do Cempre transforma catadores em recicladores<\/p>\n<\/div>\n<p style=\"font-size: 0.5em;line-height: 1.1em;text-align: right;margin: 4px 0px 7px 0px;background-color: transparent !important\">Cempre<\/p>\n<\/div>\n<p><!-- imagem TOTAL - com legenda - CENTRALIZADA --><\/p>\n<p><!-- imagem GRANDE - com legenda - LADO DIREITO --><\/p>\n<div style=\"float: right;width: 389px;margin-left: 1.5em;margin-bottom: 1.5em\">\n<div style=\"float: right;padding: 5px;background-color: #eee !important\">\n<p><a href=\"http:\/\/www.saopaulo.sp.leg.br\/wp-content\/uploads\/2015\/08\/09.jpg\"><img loading=\"lazy\" decoding=\"async\" class=\"alignnone wp-image-33266\" src=\"http:\/\/www.saopaulo.sp.leg.br\/wp-content\/uploads\/2015\/08\/09.jpg\" alt=\"09\" width=\"379\" height=\"235\" \/><\/a><\/p>\n<p style=\"font-size: 0.8em;line-height: 1.1em;text-align: center;margin: -1.5em 0px 7px 0px;color: #333;!important;background-color: transparent !important\" align=\"center\">RECONHECIMENTO &#8211; Vereador Rubens Calvo (de cal\u00e7a branca) entrega Salva de Prata \u00e0 equipe do Cempre<\/p>\n<\/div>\n<p style=\"font-size: 0.5em;line-height: 1.1em;text-align: right;margin: 4px 0px 7px 0px;background-color: transparent !important\">Marcelo Ximenez\/CMSP<\/p>\n<\/div>\n<p><!-- imagem GRANDE - com legenda - LADO DIREITO --><\/p>\n<p>H\u00e1 22 anos, a associa\u00e7\u00e3o sem fins lucrativos Compromisso Empresarial para a Reciclagem (Cempre) vem ajudando a transformar catadores em profissionais da reciclagem de res\u00edduos s\u00f3lidos. Em agosto, esse esfor\u00e7o foi reconhecido pela cidade de S\u00e3o Paulo, pois seu projeto Cooperar Reciclando-Reciclar Cooperando ganhou a Salva de Prata do Pr\u00eamio Betinho de Democracia e Cidadania, entregue em sess\u00e3o solene pela C\u00e2mara Municipal de S\u00e3o Paulo (CMSP).<\/p>\n<p>Analista de projetos do Cempre, Aline Paschoalino explica que o Cooperar Reciclando-Reciclar Cooperando fornece equipamentos, capacita\u00e7\u00e3o e palestras sobre sa\u00fade e seguran\u00e7a para grupos de catadores. \u201cApoiamos mais de 140 cooperativas em todo o Brasil, somando um total de mais de 4 mil trabalhadores\u201d, conta.<\/p>\n<p>No evento, tamb\u00e9m foram entregues duas men\u00e7\u00f5es\u00a0honrosas. Uma para a Funda\u00e7\u00e3o Ita\u00fa Social pelo Programa Jovens Urbanos, que procura ajudar quem est\u00e1 entrando no mercado de trabalho. A outra foi para a Escola de Governo de S\u00e3o Paulo \u2013 Associa\u00e7\u00e3o Instituto de Pol\u00edtica e Forma\u00e7\u00e3o Cidad\u00e3 (IPFC) pelo projeto Escola de Governo: Compromisso Hist\u00f3rico com a Constru\u00e7\u00e3o da Cidadania Ativa. Para Maur\u00edcio Xixo Piragino, diretor da Escola de Governo, o reconhecimento por parte da CMSP \u00e9 muito importante, pois mostra que os vereadores est\u00e3o preocupados com a educa\u00e7\u00e3o. \u201cA democracia brasileira avan\u00e7a quando as c\u00e2maras municipais ficam melhores,\u201d opina.<\/p>\n<table border=\"0\" width=\"100%\" cellspacing=\"0\" cellpadding=\"0\">\n<tbody>\n<tr>\n<td valign=\"middle\"><!-- imagem GRANDE - com legenda - LADO ESQUERDO --><\/p>\n<div style=\"float: left;width: 310px;margin-right: 0px;margin-bottom: 0px\">\n<div style=\"float: left;padding: 1px;background-color: transparent !important\"><a href=\"http:\/\/www.saopaulo.sp.leg.br\/wp-content\/uploads\/2015\/08\/12.jpg\"><img loading=\"lazy\" decoding=\"async\" class=\"alignnone wp-image-33267\" src=\"http:\/\/www.saopaulo.sp.leg.br\/wp-content\/uploads\/2015\/08\/12.jpg\" alt=\"12\" width=\"300\" height=\"229\" \/><\/a><\/div>\n<\/div>\n<p><!-- imagem GRANDE - com legenda - LADO ESQUERDO --><\/td>\n<td valign=\"middle\"><!-- imagem GRANDE - com legenda - LADO DIREITO --><\/p>\n<div style=\"float: right;width: 310px;margin-left: 0px;margin-bottom: 0px\">\n<div style=\"float: right;padding: 1px;background-color: transparent !important\"><a href=\"http:\/\/www.saopaulo.sp.leg.br\/wp-content\/uploads\/2015\/08\/13.jpg\"><img loading=\"lazy\" decoding=\"async\" class=\"alignnone wp-image-33268\" src=\"http:\/\/www.saopaulo.sp.leg.br\/wp-content\/uploads\/2015\/08\/13.jpg\" alt=\"13\" width=\"300\" height=\"230\" \/><\/a><\/div>\n<\/div>\n<p><!-- imagem GRANDE - com legenda - LADO DIREITO --><\/td>\n<\/tr>\n<tr>\n<td colspan=\"2\">HOMENAGEM &#8211; Representantes da Escola de Governo de S\u00e3o Paulo (esquerda) e da Funda\u00e7\u00e3o Ita\u00fa Social receberam men\u00e7\u00e3o honrosa pelos projetos<\/p>\n<p style=\"font-size: 0.5em;line-height: 1.1em;text-align: right;margin: 4px 0px 7px 0px;background-color: transparent !important\">Fotos: Marcelo Ximenez\/CMSP<\/p>\n<\/td>\n<\/tr>\n<\/tbody>\n<\/table>\n<p><!-- imagem MEDIA - com legenda - LADO ESQUERDO --><\/p>\n<div style=\"float: left;width: 281px;margin-right: 1.5em;margin-bottom: 1.5em\">\n<div style=\"float: left;padding: 5px;background-color: transparent !important\"><a href=\"http:\/\/www.saopaulo.sp.leg.br\/wp-content\/uploads\/2015\/08\/003.jpg\"><img loading=\"lazy\" decoding=\"async\" class=\"alignnone wp-image-33272\" src=\"http:\/\/www.saopaulo.sp.leg.br\/wp-content\/uploads\/2015\/08\/003.jpg\" alt=\"003\" width=\"271\" height=\"394\" \/><\/a><\/div>\n<\/div>\n<p><!-- imagem MEDIA - com legenda - LADO ESQUERDO --><\/p>\n<p>Na edi\u00e7\u00e3o deste ano do Pr\u00eamio Betinho concorreram 18 projetos, analisados por uma comiss\u00e3o julgadora formada por representantes da Associa\u00e7\u00e3o Brasileira das Organiza\u00e7\u00f5es N\u00e3o Governamentais (Abong), da Comiss\u00e3o de Direitos Humanos da Ordem dos Advogados do Brasil, da Associa\u00e7\u00e3o Ju\u00edzes para a Democracia, da A\u00e7\u00e3o da Cidadania Contra a Mis\u00e9ria e pela Vida e do Teatro Popular Uni\u00e3o e Olho Vivo, organiza\u00e7\u00e3o vencedora no ano passado. Um dos julgadores, Gilson Mendes, da ONG Cidadania Contra a Mis\u00e9ria e pela Vida, explica que um dos principais crit\u00e9rios \u00e9 a abrang\u00eancia da iniciativa, mas tamb\u00e9m s\u00e3o analisados o est\u00edmulo \u00e0 participa\u00e7\u00e3o da comunidade e as solu\u00e7\u00f5es inovadoras da proposta.<\/p>\n<p><strong>CONTINUIDADE DO TRABALHO<\/strong><\/p>\n<p>O nome do pr\u00eamio \u00e9 uma homenagem ao soci\u00f3logo Herbert de Souza, Betinho, um dos principais militantes contra a mis\u00e9ria no Pa\u00eds. A premia\u00e7\u00e3o foi criada por meio do Projeto de Resolu\u00e7\u00e3o (PR) 36\/1997, para homenagear as organiza\u00e7\u00f5es que se destacaram na execu\u00e7\u00e3o de projetos relacionados \u00e0 luta pela cidadania e o combate \u00e0 mis\u00e9ria na cidade de S\u00e3o Paulo. De acordo com a justificativa apresentada pelo ex-vereador Jos\u00e9 Eduardo Cardozo, autor da proposta, a iniciativa, al\u00e9m de homenagear Betinho, \u201c\u00e9 um instrumento de continuidade ao trabalho por ele desenvolvido para estimular a mobiliza\u00e7\u00e3o do povo brasileiro pelo fim da mis\u00e9ria\u201d.<\/p>\n<p>Segundo o vereador Calvo (PMDB), que presidiu a sess\u00e3o solene de entrega, essa premia\u00e7\u00e3o \u00e9 fundamental para n\u00e3o se esquecer da import\u00e2ncia da solidariedade. \u201cEstou aqui para absorver um pouco dessa energia positiva das pessoas que se preocupam com o pr\u00f3ximo\u201d, declarou o parlamentar.<\/p>\n<table border=\"0\" width=\"100%\" cellspacing=\"0\" cellpadding=\"0\" bgcolor=\"#ecf8ff\">\n<tbody>\n<tr>\n<td valign=\"middle\"><!-- imagem MEDIA - com legenda - LADO DIREITO --><\/p>\n<div style=\"float: right;width: 260px;margin-left: 1.5em;margin-bottom: 1.5em\">\n<div style=\"float: right;padding: 5px;background-color: #eee !important\">\n<p><a href=\"http:\/\/www.saopaulo.sp.leg.br\/wp-content\/uploads\/2015\/08\/11.jpg\"><img loading=\"lazy\" decoding=\"async\" class=\"alignnone wp-image-33277\" src=\"http:\/\/www.saopaulo.sp.leg.br\/wp-content\/uploads\/2015\/08\/11.jpg\" alt=\"11\" width=\"250\" height=\"214\" \/><\/a><\/p>\n<p style=\"font-size: 0.8em;line-height: 1.1em;text-align: center;margin: -1.5em 0px 7px 0px;color: #333;!important;background-color: transparent !important\" align=\"center\">Betinho \u00e9 inspira\u00e7\u00e3o para muitos projetos de solidariedade<\/p>\n<\/div>\n<p style=\"font-size: 0.5em;line-height: 1.1em;text-align: right;margin: 4px 0px 7px 0px;background-color: transparent !important\">www.3irmaosdesangue.com.br<\/p>\n<\/div>\n<p><!-- imagem MEDIA - com legenda - LADO DIREITO --><\/p>\n<h2><span style=\"color: #800000\"><strong>Sin\u00f4nimo de solidariedade<\/strong><\/span><\/h2>\n<p>O soci\u00f3logo Herbert de Souza, Betinho, j\u00e1 foi mais conhecido como \u201co irm\u00e3o do cartunista Henfil\u201d. Contudo, depois de voltar do ex\u00edlio e liderar uma campanha contra a fome no Pa\u00eds, ficou conhecido internacionalmente e se tornou sin\u00f4nimo de solidariedade.<\/p>\n<p>Militante de esquerda, ele se exilou em 1971 e viveu no Canad\u00e1 e no M\u00e9xico. Com a anistia, voltou ao Brasil em 1979 e, depois de dois anos, fundou o Instituto Brasileiro de An\u00e1lises Sociais e Econ\u00f4micas (Ibase), dedicado \u00e0 democratiza\u00e7\u00e3o da informa\u00e7\u00e3o.<\/p>\n<p>A luta contra as injusti\u00e7as sociais se intensificou em 1993, quando Betinho lan\u00e7ou a campanha A\u00e7\u00e3o da Cidadania contra a Fome, a Mis\u00e9ria e pela Vida, com o lema \u201cCada um pode fazer alguma coisa pelo outro\u201d e a proposta de arrecadar alimentos para fam\u00edlias carentes.<\/p>\n<p>Betinho defendia a cria\u00e7\u00e3o de pequenos grupos para planejar e executar a\u00e7\u00f5es solid\u00e1rias, desde distribuir sopa nas ruas at\u00e9 organizar hortas comunit\u00e1rias. A Campanha da Fome chegou a mobilizar cerca de 3 milh\u00f5es de volunt\u00e1rios, arrecadando e distribuindo toneladas de alimentos para fam\u00edlias carentes de todo o Brasil.<\/p>\n<p>O soci\u00f3logo costumava dizer que \u201cacabar com a fome n\u00e3o \u00e9 s\u00f3 dar comida, e acabar com a mis\u00e9ria n\u00e3o \u00e9 s\u00f3 gerar emprego, mas reconstruir radicalmente toda a sociedade\u201d. Por sua luta, Betinho foi indicado ao Pr\u00eamio Nobel da Paz em 1994, mas n\u00e3o ganhou.<\/p>\n<p>Ele era hemof\u00edlico e contraiu o v\u00edrus HIV, causador da aids, em uma transfus\u00e3o de sangue. Em 1986, ajudou a fundar a Associa\u00e7\u00e3o Brasileira Interdisciplinar de Aids (Abia). Morreu em consequ\u00eancia da doen\u00e7a em 9 de agosto de 1997, aos 62 anos. Hoje \u00e9 inspira\u00e7\u00e3o para muitos projetos de solidariedade.<\/td>\n<\/tr>\n<\/tbody>\n<\/table>\n<p><!-- COMENTE SOBRE ESSA MATERIA --><\/p>\n<table border=\"0\" cellspacing=\"0\" cellpadding=\"0\">\n<tbody>\n<tr>\n<td align=\"center\" width=\"50%\">\n<h5>Comente sobre essa mat\u00e9ria:<\/h5>\n<p><a style=\"font-family: 'Helvetica Neue', 'Helvetica', Helvetica, Arial, sans-serif;color: #fff;font-size: 12px;text-decoration: none;font-weight: bold;text-align: center;background-color: #3b5998 !important;margin: 0 0 10px;padding: 3px 7px\" title=\"Facebook da revista Apartes\" href=\"https:\/\/www.facebook.com\/RevistaApartes\" target=\"_blank\">Facebook<\/a> <a style=\"font-family: 'Helvetica Neue', 'Helvetica', Helvetica, Arial, sans-serif;color: #fff;font-size: 12px;text-decoration: none;font-weight: bold;text-align: center;background-color: #1daced !important;margin: 0 0 10px;padding: 3px 7px\" title=\"Twitter da revista Apartes\" href=\"https:\/\/twitter.com\/RevistaApartes\" target=\"_blank\">Twitter<\/a><\/td>\n<td align=\"center\" width=\"50%\">\n<h5>Envie cr\u00edticas ou sugest\u00f5es:<\/h5>\n<p>Email: <strong><a href=\"mailto:apartes@saopaulo.sp.leg.br\">apartes@saopaulo.sp.leg.br<\/a><\/strong><\/td>\n<\/tr>\n<\/tbody>\n<\/table>\n<p><!-- COMENTE SOBRE ESSA MATERIA --><\/p>\n","protected":false},"excerpt":{"rendered":"<p>Inspira\u00e7\u00e3o para o bem Pr\u00eamio Betinho homenageia entidades que promovem cidadania e solidariedade Rodrigo Garcia | rodrigogarcia@saopaulo.sp.leg.br CAPACITA\u00c7\u00c3O &#8211; Projeto do Cempre transforma catadores em recicladores Cempre RECONHECIMENTO &#8211; Vereador Rubens Calvo (de cal\u00e7a branca) entrega Salva de Prata \u00e0 equipe do Cempre Marcelo Ximenez\/CMSP H\u00e1 22 anos, a associa\u00e7\u00e3o sem fins lucrativos Compromisso Empresarial [&hellip;]<\/p>\n","protected":false},"author":109,"featured_media":0,"parent":24640,"menu_order":6,"comment_status":"open","ping_status":"open","template":"","meta":{"footnotes":""},"class_list":["post-33261","page","type-page","status-publish","hentry"],"meta_all":{"_wp_page_template":["default"],"_cmsp_page_download-files":["a:1:{i:0;a:1:{s:4:\"type\";s:3:\"pdf\";}}"],"_yoast_wpseo_title":["Inspira\u00e7\u00e3o para o bem"],"_yoast_wpseo_bctitle":["Inspira\u00e7\u00e3o para o bem"],"_cmsp_feature-page_title":["Inspira\u00e7\u00e3o para o bem"],"_edit_last":["109"],"_edit_lock":["1480541202:109"],"_yoast_wpseo_opengraph-title":["Inspira\u00e7\u00e3o para o bem"],"_yoast_wpseo_opengraph-description":["Pr\u00eamio Betinho homenageia entidades que promovem cidadania e solidariedade"],"_yoast_wpseo_twitter-title":["Inspira\u00e7\u00e3o para o bem"],"_yoast_wpseo_twitter-description":["Pr\u00eamio Betinho homenageia entidades que promovem cidadania e solidariedade"],"_yoast_wpseo_content_score":["30"]},"yoast_head":"<!-- This site is optimized with the Yoast SEO plugin v27.4 - https:\/\/yoast.com\/product\/yoast-seo-wordpress\/ -->\n<title>Inspira\u00e7\u00e3o para o bem<\/title>\n<meta name=\"robots\" content=\"index, follow, max-snippet:-1, max-image-preview:large, max-video-preview:-1\" \/>\n<link rel=\"canonical\" href=\"https:\/\/www.saopaulo.sp.leg.br\/apartes-anteriores\/revista-apartes\/numero-10-setembrooutubro-2014\/inspiracao-para-o-bem\/\" \/>\n<meta property=\"og:locale\" content=\"pt_BR\" \/>\n<meta property=\"og:type\" content=\"article\" \/>\n<meta property=\"og:title\" content=\"Inspira\u00e7\u00e3o para o bem\" \/>\n<meta property=\"og:description\" content=\"Pr\u00eamio Betinho homenageia entidades que promovem cidadania e solidariedade\" \/>\n<meta property=\"og:url\" content=\"https:\/\/www.saopaulo.sp.leg.br\/apartes-anteriores\/revista-apartes\/numero-10-setembrooutubro-2014\/inspiracao-para-o-bem\/\" \/>\n<meta property=\"og:site_name\" content=\"Revista Apartes (edi\u00e7\u00f5es anteriores)\" \/>\n<meta property=\"article:publisher\" content=\"https:\/\/www.facebook.com\/RevistaApartes\/\" \/>\n<meta property=\"article:modified_time\" content=\"2016-11-30T21:28:59+00:00\" \/>\n<meta property=\"og:image\" content=\"http:\/\/www.saopaulo.sp.leg.br\/wp-content\/uploads\/2015\/08\/08.jpg\" \/>\n<meta name=\"twitter:card\" content=\"summary_large_image\" \/>\n<meta name=\"twitter:title\" content=\"Inspira\u00e7\u00e3o para o bem\" \/>\n<meta name=\"twitter:description\" content=\"Pr\u00eamio Betinho homenageia entidades que promovem cidadania e solidariedade\" \/>\n<meta name=\"twitter:site\" content=\"@revistaapartes\" \/>\n<meta name=\"twitter:label1\" content=\"Est. tempo de leitura\" \/>\n\t<meta name=\"twitter:data1\" content=\"5 minutos\" \/>\n<script type=\"application\/ld+json\" class=\"yoast-schema-graph\">{\"@context\":\"https:\\\/\\\/schema.org\",\"@graph\":[{\"@type\":\"WebPage\",\"@id\":\"https:\\\/\\\/www.saopaulo.sp.leg.br\\\/apartes-anteriores\\\/revista-apartes\\\/numero-10-setembrooutubro-2014\\\/inspiracao-para-o-bem\\\/\",\"url\":\"https:\\\/\\\/www.saopaulo.sp.leg.br\\\/apartes-anteriores\\\/revista-apartes\\\/numero-10-setembrooutubro-2014\\\/inspiracao-para-o-bem\\\/\",\"name\":\"Inspira\u00e7\u00e3o para o bem\",\"isPartOf\":{\"@id\":\"https:\\\/\\\/www.saopaulo.sp.leg.br\\\/apartes-anteriores\\\/#website\"},\"primaryImageOfPage\":{\"@id\":\"https:\\\/\\\/www.saopaulo.sp.leg.br\\\/apartes-anteriores\\\/revista-apartes\\\/numero-10-setembrooutubro-2014\\\/inspiracao-para-o-bem\\\/#primaryimage\"},\"image\":{\"@id\":\"https:\\\/\\\/www.saopaulo.sp.leg.br\\\/apartes-anteriores\\\/revista-apartes\\\/numero-10-setembrooutubro-2014\\\/inspiracao-para-o-bem\\\/#primaryimage\"},\"thumbnailUrl\":\"http:\\\/\\\/www.saopaulo.sp.leg.br\\\/wp-content\\\/uploads\\\/2015\\\/08\\\/08.jpg\",\"datePublished\":\"2015-08-04T17:13:15+00:00\",\"dateModified\":\"2016-11-30T21:28:59+00:00\",\"breadcrumb\":{\"@id\":\"https:\\\/\\\/www.saopaulo.sp.leg.br\\\/apartes-anteriores\\\/revista-apartes\\\/numero-10-setembrooutubro-2014\\\/inspiracao-para-o-bem\\\/#breadcrumb\"},\"inLanguage\":\"pt-BR\",\"potentialAction\":[{\"@type\":\"ReadAction\",\"target\":[\"https:\\\/\\\/www.saopaulo.sp.leg.br\\\/apartes-anteriores\\\/revista-apartes\\\/numero-10-setembrooutubro-2014\\\/inspiracao-para-o-bem\\\/\"]}]},{\"@type\":\"ImageObject\",\"inLanguage\":\"pt-BR\",\"@id\":\"https:\\\/\\\/www.saopaulo.sp.leg.br\\\/apartes-anteriores\\\/revista-apartes\\\/numero-10-setembrooutubro-2014\\\/inspiracao-para-o-bem\\\/#primaryimage\",\"url\":\"http:\\\/\\\/www.saopaulo.sp.leg.br\\\/wp-content\\\/uploads\\\/2015\\\/08\\\/08.jpg\",\"contentUrl\":\"http:\\\/\\\/www.saopaulo.sp.leg.br\\\/wp-content\\\/uploads\\\/2015\\\/08\\\/08.jpg\"},{\"@type\":\"BreadcrumbList\",\"@id\":\"https:\\\/\\\/www.saopaulo.sp.leg.br\\\/apartes-anteriores\\\/revista-apartes\\\/numero-10-setembrooutubro-2014\\\/inspiracao-para-o-bem\\\/#breadcrumb\",\"itemListElement\":[{\"@type\":\"ListItem\",\"position\":1,\"name\":\"Home\",\"item\":\"https:\\\/\\\/www.saopaulo.sp.leg.br\\\/apartes-anteriores\\\/\"},{\"@type\":\"ListItem\",\"position\":2,\"name\":\"Revista Apartes\",\"item\":\"https:\\\/\\\/www.saopaulo.sp.leg.br\\\/apartes-anteriores\\\/\"},{\"@type\":\"ListItem\",\"position\":3,\"name\":\"N\u00famero 10 &#8211; set-out\\\/2014\",\"item\":\"https:\\\/\\\/www.saopaulo.sp.leg.br\\\/apartes-anteriores\\\/revista-apartes\\\/numero-10-setembrooutubro-2014\\\/\"},{\"@type\":\"ListItem\",\"position\":4,\"name\":\"Inspira\u00e7\u00e3o para o bem\"}]},{\"@type\":\"WebSite\",\"@id\":\"https:\\\/\\\/www.saopaulo.sp.leg.br\\\/apartes-anteriores\\\/#website\",\"url\":\"https:\\\/\\\/www.saopaulo.sp.leg.br\\\/apartes-anteriores\\\/\",\"name\":\"Revista Apartes (edi\u00e7\u00f5es anteriores)\",\"description\":\"Revista Apartes (edi\u00e7\u00f5es anteriores)\",\"potentialAction\":[{\"@type\":\"SearchAction\",\"target\":{\"@type\":\"EntryPoint\",\"urlTemplate\":\"https:\\\/\\\/www.saopaulo.sp.leg.br\\\/apartes-anteriores\\\/?s={search_term_string}\"},\"query-input\":{\"@type\":\"PropertyValueSpecification\",\"valueRequired\":true,\"valueName\":\"search_term_string\"}}],\"inLanguage\":\"pt-BR\"}]}<\/script>\n<!-- \/ Yoast SEO plugin. -->","yoast_head_json":{"title":"Inspira\u00e7\u00e3o para o bem","robots":{"index":"index","follow":"follow","max-snippet":"max-snippet:-1","max-image-preview":"max-image-preview:large","max-video-preview":"max-video-preview:-1"},"canonical":"https:\/\/www.saopaulo.sp.leg.br\/apartes-anteriores\/revista-apartes\/numero-10-setembrooutubro-2014\/inspiracao-para-o-bem\/","og_locale":"pt_BR","og_type":"article","og_title":"Inspira\u00e7\u00e3o para o bem","og_description":"Pr\u00eamio Betinho homenageia entidades que promovem cidadania e solidariedade","og_url":"https:\/\/www.saopaulo.sp.leg.br\/apartes-anteriores\/revista-apartes\/numero-10-setembrooutubro-2014\/inspiracao-para-o-bem\/","og_site_name":"Revista Apartes (edi\u00e7\u00f5es anteriores)","article_publisher":"https:\/\/www.facebook.com\/RevistaApartes\/","article_modified_time":"2016-11-30T21:28:59+00:00","og_image":[{"url":"http:\/\/www.saopaulo.sp.leg.br\/wp-content\/uploads\/2015\/08\/08.jpg","type":"","width":"","height":""}],"twitter_card":"summary_large_image","twitter_title":"Inspira\u00e7\u00e3o para o bem","twitter_description":"Pr\u00eamio Betinho homenageia entidades que promovem cidadania e solidariedade","twitter_site":"@revistaapartes","twitter_misc":{"Est. tempo de leitura":"5 minutos"},"schema":{"@context":"https:\/\/schema.org","@graph":[{"@type":"WebPage","@id":"https:\/\/www.saopaulo.sp.leg.br\/apartes-anteriores\/revista-apartes\/numero-10-setembrooutubro-2014\/inspiracao-para-o-bem\/","url":"https:\/\/www.saopaulo.sp.leg.br\/apartes-anteriores\/revista-apartes\/numero-10-setembrooutubro-2014\/inspiracao-para-o-bem\/","name":"Inspira\u00e7\u00e3o para o bem","isPartOf":{"@id":"https:\/\/www.saopaulo.sp.leg.br\/apartes-anteriores\/#website"},"primaryImageOfPage":{"@id":"https:\/\/www.saopaulo.sp.leg.br\/apartes-anteriores\/revista-apartes\/numero-10-setembrooutubro-2014\/inspiracao-para-o-bem\/#primaryimage"},"image":{"@id":"https:\/\/www.saopaulo.sp.leg.br\/apartes-anteriores\/revista-apartes\/numero-10-setembrooutubro-2014\/inspiracao-para-o-bem\/#primaryimage"},"thumbnailUrl":"http:\/\/www.saopaulo.sp.leg.br\/wp-content\/uploads\/2015\/08\/08.jpg","datePublished":"2015-08-04T17:13:15+00:00","dateModified":"2016-11-30T21:28:59+00:00","breadcrumb":{"@id":"https:\/\/www.saopaulo.sp.leg.br\/apartes-anteriores\/revista-apartes\/numero-10-setembrooutubro-2014\/inspiracao-para-o-bem\/#breadcrumb"},"inLanguage":"pt-BR","potentialAction":[{"@type":"ReadAction","target":["https:\/\/www.saopaulo.sp.leg.br\/apartes-anteriores\/revista-apartes\/numero-10-setembrooutubro-2014\/inspiracao-para-o-bem\/"]}]},{"@type":"ImageObject","inLanguage":"pt-BR","@id":"https:\/\/www.saopaulo.sp.leg.br\/apartes-anteriores\/revista-apartes\/numero-10-setembrooutubro-2014\/inspiracao-para-o-bem\/#primaryimage","url":"http:\/\/www.saopaulo.sp.leg.br\/wp-content\/uploads\/2015\/08\/08.jpg","contentUrl":"http:\/\/www.saopaulo.sp.leg.br\/wp-content\/uploads\/2015\/08\/08.jpg"},{"@type":"BreadcrumbList","@id":"https:\/\/www.saopaulo.sp.leg.br\/apartes-anteriores\/revista-apartes\/numero-10-setembrooutubro-2014\/inspiracao-para-o-bem\/#breadcrumb","itemListElement":[{"@type":"ListItem","position":1,"name":"Home","item":"https:\/\/www.saopaulo.sp.leg.br\/apartes-anteriores\/"},{"@type":"ListItem","position":2,"name":"Revista Apartes","item":"https:\/\/www.saopaulo.sp.leg.br\/apartes-anteriores\/"},{"@type":"ListItem","position":3,"name":"N\u00famero 10 &#8211; set-out\/2014","item":"https:\/\/www.saopaulo.sp.leg.br\/apartes-anteriores\/revista-apartes\/numero-10-setembrooutubro-2014\/"},{"@type":"ListItem","position":4,"name":"Inspira\u00e7\u00e3o para o bem"}]},{"@type":"WebSite","@id":"https:\/\/www.saopaulo.sp.leg.br\/apartes-anteriores\/#website","url":"https:\/\/www.saopaulo.sp.leg.br\/apartes-anteriores\/","name":"Revista Apartes (edi\u00e7\u00f5es anteriores)","description":"Revista Apartes (edi\u00e7\u00f5es anteriores)","potentialAction":[{"@type":"SearchAction","target":{"@type":"EntryPoint","urlTemplate":"https:\/\/www.saopaulo.sp.leg.br\/apartes-anteriores\/?s={search_term_string}"},"query-input":{"@type":"PropertyValueSpecification","valueRequired":true,"valueName":"search_term_string"}}],"inLanguage":"pt-BR"}]}},"_links":{"self":[{"href":"https:\/\/www.saopaulo.sp.leg.br\/apartes-anteriores\/wp-json\/wp\/v2\/pages\/33261","targetHints":{"allow":["GET"]}}],"collection":[{"href":"https:\/\/www.saopaulo.sp.leg.br\/apartes-anteriores\/wp-json\/wp\/v2\/pages"}],"about":[{"href":"https:\/\/www.saopaulo.sp.leg.br\/apartes-anteriores\/wp-json\/wp\/v2\/types\/page"}],"author":[{"embeddable":true,"href":"https:\/\/www.saopaulo.sp.leg.br\/apartes-anteriores\/wp-json\/wp\/v2\/users\/109"}],"replies":[{"embeddable":true,"href":"https:\/\/www.saopaulo.sp.leg.br\/apartes-anteriores\/wp-json\/wp\/v2\/comments?post=33261"}],"version-history":[{"count":0,"href":"https:\/\/www.saopaulo.sp.leg.br\/apartes-anteriores\/wp-json\/wp\/v2\/pages\/33261\/revisions"}],"up":[{"embeddable":true,"href":"https:\/\/www.saopaulo.sp.leg.br\/apartes-anteriores\/wp-json\/wp\/v2\/pages\/24640"}],"wp:attachment":[{"href":"https:\/\/www.saopaulo.sp.leg.br\/apartes-anteriores\/wp-json\/wp\/v2\/media?parent=33261"}],"curies":[{"name":"wp","href":"https:\/\/api.w.org\/{rel}","templated":true}]}}