{"id":33183,"date":"2015-07-31T14:51:31","date_gmt":"2015-07-31T17:51:31","guid":{"rendered":"http:\/\/www.saopaulo.sp.leg.br\/?page_id=33183"},"modified":"2015-08-19T21:19:17","modified_gmt":"2015-08-19T21:19:17","slug":"no10-notas","status":"publish","type":"page","link":"https:\/\/www.saopaulo.sp.leg.br\/apartes-anteriores\/revista-apartes\/numero-10-setembrooutubro-2014\/no10-notas\/","title":{"rendered":"N\u00ba10 \u2013 Notas"},"content":{"rendered":"<h1><strong><span style=\"color: #800000\">Notas<\/span><\/strong><\/h1>\n<h2><strong>Piscinas s\u00f3 com salva-vidas<\/strong><\/h2>\n<p><!-- imagem TOTAL - com legenda - CENTRALIZADA --><\/p>\n<div style=\"width: 100%;margin-right: 1.5em;margin-bottom: 1.5em\">\n<div style=\"padding: 5px;background-color: #eee !important\">\n<p><a href=\"http:\/\/www.saopaulo.sp.leg.br\/wp-content\/uploads\/2015\/07\/02.jpg\"><img loading=\"lazy\" decoding=\"async\" class=\"alignnone size-full wp-image-33186\" src=\"http:\/\/www.saopaulo.sp.leg.br\/wp-content\/uploads\/2015\/07\/02.jpg\" alt=\"02\" width=\"1195\" height=\"611\" \/><\/a><\/p>\n<p style=\"font-size: 0.8em;line-height: 1.1em;text-align: center;margin: -1.5em 0px 7px 0px;color: #333;!important;background-color: transparent !important\" align=\"center\">Piscina de centro esportivo da Universidade de S\u00e3o Paulo (USP)<\/p>\n<\/div>\n<p style=\"font-size: 0.5em;line-height: 1.1em;text-align: right;margin: 4px 0px 7px 0px;background-color: transparent !important\">Marcos Santos\/Ag\u00eancia USP<\/p>\n<\/div>\n<p><!-- imagem TOTAL - com legenda - CENTRALIZADA --><\/p>\n<div><\/div>\n<p>Segundo o Corpo de Bombeiros, 89% dos afogamentos de crian\u00e7as em piscina ocorrem por falta de supervis\u00e3o. Por isso, a Lei 16.059\/2014, proposta pela vereadora Sandra Tadeu (DEM) e promulgada em agosto, determina a presen\u00e7a de um profissional de salvamento habilitado nas piscinas de creches, escolas e outras unidades educacionais, desportivas e de lazer p\u00fablicas e privadas na cidade de S\u00e3o Paulo.<\/p>\n<p>De acordo com a nova legisla\u00e7\u00e3o, o estabelecimento que descumprir a lei ficar\u00e1 suspenso por 30 dias. Se a irregularidade persistir, o alvar\u00e1 de funcionamento ser\u00e1 cassado. De acordo com pesquisa da Sociedade Brasileira de Salvamento Aqu\u00e1tico (Sobrasa), o afogamento \u00e9 a segunda maior causa de morte de crian\u00e7as no Brasil.<\/p>\n<p>Para diminuir esse risco, os bombeiros recomendam vedar a piscina com uma capa ap\u00f3s o uso, isolar o local com grades de pelo menos 1,5 metro, n\u00e3o deixar brinquedos nas proximidades, desligar o filtro quando algu\u00e9m estiver na \u00e1gua e usar coletes presos ao corpo das crian\u00e7as, em vez de boias ou flutuadores.<\/p>\n<h2><strong>Reconhecimento aos ma\u00e7ons<\/strong><\/h2>\n<p>Filosofia, educa\u00e7\u00e3o, ci\u00eancia e filantropia s\u00e3o os principais pilares da Ma\u00e7onaria, que atua, entre outras causas, no combate aos privil\u00e9gios. Para reconhecer as a\u00e7\u00f5es dos ma\u00e7ons em prol dos paulistanos, a C\u00e2mara Municipal de S\u00e3o Paulo (CMSP) instituiu a Medalha Jos\u00e9 Bonif\u00e1cio e Diploma de Reconhecimento. Neste ano, a premia\u00e7\u00e3o foi realizada em 5 de setembro.<\/p>\n<p>\u201cPor menor que seja a unidade ma\u00e7\u00f4nica, certamente ela presta um grande servi\u00e7o \u00e0 comunidade que representa\u201d, disse na cerim\u00f4nia o vereador Goulart (PSD), proponente da honraria ao lado do ex-vereador William Woo. Nesta edi\u00e7\u00e3o, os homenageados foram Andr\u00e9 Luiz de Moraes Rizzo, Antonio Pio Neto, David Arthur Whittemore, Jorge Ceravolo Junior, Jos\u00e9 Luiz Socorro, Laerte Alves da Silva, Luiz Zuffo, Paulo Barcellos Gatti e Paulo Rangel do Nascimento. As indica\u00e7\u00f5es foram feitas pelas institui\u00e7\u00f5es Grande Oriente de S\u00e3o Paulo, Grande Oriente Paulista e Grande Loja Ma\u00e7\u00f4nica do Estado de S\u00e3o Paulo.<\/p>\n<p>O nome da honraria homenageia o patriarca da Independ\u00eancia brasileira, Jos\u00e9 Bonif\u00e1cio de Andrada e Silva, primeiro gr\u00e3o-mestre (mais alto representante) da institui\u00e7\u00e3o Grande Oriente do Brasil.<\/p>\n<h2><strong>CMSP lan\u00e7a aplicativo do PDE<\/strong><\/h2>\n<p>A C\u00e2mara lan\u00e7ou, em 25 de setembro, o aplicativo Plano Diretor na M\u00e3o, com informa\u00e7\u00f5es sobre o novo Plano Diretor Estrat\u00e9gico de S\u00e3o Paulo. O app \u00e9 gratuito e est\u00e1 dispon\u00edvel para iOS e Android.<\/p>\n<h2><strong>Delegados aposentados s\u00e3o homenageados<\/strong><\/h2>\n<p>A C\u00e2mara Municipal de S\u00e3o Paulo (CMSP) homenageou, por relevantes servi\u00e7os prestados, 25 delegados de pol\u00edcia civil aposentados. A cerim\u00f4nia ocorreu no dia 18 de agosto. \u201cPrecisamos fazer o que podemos para fortalecer a ideia de uma pol\u00edcia republicana, independente, de Estado\u201d, disse na cerim\u00f4nia o presidente da CMSP, Jos\u00e9 Am\u00e9rico (PT), que elogiou a compet\u00eancia da Pol\u00edcia Civil do Estado, apesar de dificuldades como a quest\u00e3o salarial.<\/p>\n<p>Os profissionais foram indicados pela CMSP, em parceria com a Associa\u00e7\u00e3o dos Delegados de Pol\u00edcia do Estado e a Delegacia Geral de Pol\u00edcia. A homenagem foi estabelecida pela Resolu\u00e7\u00e3o 2\/2005, proposta pelo vereador Celso Jatene (PTB), que atualmente est\u00e1 licenciado para exercer o cargo de secret\u00e1rio municipal de Esportes e tamb\u00e9m \u00e9 delegado de pol\u00edcia. O mesmo documento criou o Dia do Reconhecimento aos Delegados de Pol\u00edcia Civil Aposentados.<\/p>\n<h2><strong>Osmar Santos \u00e9 o destaque no Dia do R\u00e1dio<\/strong><\/h2>\n<p>A CMSP celebrou o Dia do R\u00e1dio (25 de setembro) com homenagem ao comentarista esportivo e narrador Osmar Santos. Criador de bord\u00f5es como \u201cripa na chulipa\u201d e locutor das Diretas J\u00e1, ele recebeu um trof\u00e9u e participou de um programa ao vivo na Web R\u00e1dio C\u00e2mara.<\/p>\n<p>Ou\u00e7a a homenagem a Osmar Santos <a href=\"http:\/\/www.saopaulo.sp.leg.br\/index.php?option=com_content&amp;view=article&amp;id=19703:ouca-a-homenagem-da-web-radio-a-osmar-santos&amp;catid=159:especiais&amp;Itemid=65\" target=\"_blank\">aqui<\/a>.<\/p>\n<p><!-- imagem TOTAL - com legenda - CENTRALIZADA --><\/p>\n<div style=\"width: 100%;margin-right: 1.5em;margin-bottom: 1.5em\">\n<div style=\"padding: 5px;background-color: #eee !important\">\n<p><a href=\"http:\/\/www.saopaulo.sp.leg.br\/wp-content\/uploads\/2015\/07\/03.jpg\"><img loading=\"lazy\" decoding=\"async\" class=\"alignnone size-full wp-image-33187\" src=\"http:\/\/www.saopaulo.sp.leg.br\/wp-content\/uploads\/2015\/07\/03.jpg\" alt=\"03\" width=\"1196\" height=\"611\" \/><\/a><\/p>\n<p style=\"font-size: 0.8em;line-height: 1.1em;text-align: center;margin: -1.5em 0px 7px 0px;color: #333;!important;background-color: transparent !important\" align=\"center\">Presidente Jos\u00e9 Am\u00e9rico entrega trof\u00e9u a Osmar Santos<\/p>\n<\/div>\n<p style=\"font-size: 0.5em;line-height: 1.1em;text-align: right;margin: 4px 0px 7px 0px;background-color: transparent !important\">Mozart Gomes\/CMSP<\/p>\n<\/div>\n<p><!-- imagem TOTAL - com legenda - CENTRALIZADA --><\/p>\n<h2><strong>GCM recebe Medalha J\u00e2nio Quadros<\/strong><\/h2>\n<p>Neste ano, a CMSP criou a Medalha e Diploma J\u00e2nio Quadros, em reconhecimento \u00e0 atua\u00e7\u00e3o da Guarda Civil Metropolitana (GCM) em prol da popula\u00e7\u00e3o paulistana. A cerim\u00f4nia de entrega, ocorrida no dia 15 de setembro, homenageou 70 guardas civis, al\u00e9m de 20 personalidades com atua\u00e7\u00e3o em benef\u00edcio da comunidade, ap\u00f3s terem seus nomes indicados pelo comandante-geral da GCM.<\/p>\n<p>Proposta pelos vereadores Coronel Telhada (PSDB) e Jos\u00e9 Am\u00e9rico (PT), presidente da CMSP, a honraria foi criada pela Resolu\u00e7\u00e3o 2\/2014. O nome do pr\u00eamio \u00e9 uma refer\u00eancia ao ex-prefeito de S\u00e3o Paulo, que promulgou a Lei 10.115\/1986, que criou a GCM.<\/p>\n<p><!-- imagem TOTAL - com legenda - CENTRALIZADA --><\/p>\n<div style=\"width: 100%;margin-right: 1.5em;margin-bottom: 1.5em\">\n<div style=\"padding: 5px;background-color: #eee !important\"><a href=\"http:\/\/www.saopaulo.sp.leg.br\/wp-content\/uploads\/2015\/07\/04.jpg\"><img loading=\"lazy\" decoding=\"async\" class=\"alignnone size-full wp-image-33189\" src=\"http:\/\/www.saopaulo.sp.leg.br\/wp-content\/uploads\/2015\/07\/04.jpg\" alt=\"04\" width=\"1196\" height=\"644\" \/><\/a><\/p>\n<p style=\"font-size: 0.8em;line-height: 1.1em;text-align: center;margin: -1.5em 0px 7px 0px;color: #333;!important;background-color: transparent !important\" align=\"center\">Premiados da Guarda Civil Metropolitana e da sociedade<\/p>\n<\/div>\n<p style=\"font-size: 0.5em;line-height: 1.1em;text-align: right;margin: 4px 0px 7px 0px;background-color: transparent !important\">Mozart Gomes\/CMSP<\/p>\n<\/div>\n<p><!-- imagem TOTAL - com legenda - CENTRALIZADA --><\/p>\n<p><!-- COMENTE SOBRE ESSA MATERIA --><\/p>\n<table border=\"0\" cellspacing=\"0\" cellpadding=\"0\">\n<tbody>\n<tr>\n<td align=\"center\" width=\"50%\">\n<h5>Comente sobre essa mat\u00e9ria:<\/h5>\n<p><a style=\"font-family: 'Helvetica Neue', 'Helvetica', Helvetica, Arial, sans-serif;color: #fff;font-size: 12px;text-decoration: none;font-weight: bold;text-align: center;background-color: #3b5998 !important;margin: 0 0 10px;padding: 3px 7px\" title=\"Facebook da revista Apartes\" href=\"https:\/\/www.facebook.com\/RevistaApartes\" target=\"_blank\">Facebook<\/a> <a style=\"font-family: 'Helvetica Neue', 'Helvetica', Helvetica, Arial, sans-serif;color: #fff;font-size: 12px;text-decoration: none;font-weight: bold;text-align: center;background-color: #1daced !important;margin: 0 0 10px;padding: 3px 7px\" title=\"Twitter da revista Apartes\" href=\"https:\/\/twitter.com\/RevistaApartes\" target=\"_blank\">Twitter<\/a><\/td>\n<td align=\"center\" width=\"50%\">\n<h5>Envie cr\u00edticas ou sugest\u00f5es:<\/h5>\n<p>Email: <strong><a href=\"mailto:apartes@saopaulo.sp.leg.br\">apartes@saopaulo.sp.leg.br<\/a><\/strong><\/td>\n<\/tr>\n<\/tbody>\n<\/table>\n<p><!-- COMENTE SOBRE ESSA MATERIA --><\/p>\n","protected":false},"excerpt":{"rendered":"<p>Notas Piscinas s\u00f3 com salva-vidas Piscina de centro esportivo da Universidade de S\u00e3o Paulo (USP) Marcos Santos\/Ag\u00eancia USP Segundo o Corpo de Bombeiros, 89% dos afogamentos de crian\u00e7as em piscina ocorrem por falta de supervis\u00e3o. Por isso, a Lei 16.059\/2014, proposta pela vereadora Sandra Tadeu (DEM) e promulgada em agosto, determina a presen\u00e7a de um [&hellip;]<\/p>\n","protected":false},"author":109,"featured_media":0,"parent":24640,"menu_order":1,"comment_status":"open","ping_status":"open","template":"","meta":{"footnotes":""},"class_list":["post-33183","page","type-page","status-publish","hentry"],"meta_all":{"_wp_page_template":["default"],"_cmsp_page_download-files":["a:1:{i:0;a:1:{s:4:\"type\";s:3:\"pdf\";}}"],"_yoast_wpseo_title":["N\u00ba10 \u2013 Notas"],"_yoast_wpseo_bctitle":["N\u00ba10 \u2013 Notas"],"_cmsp_feature-page_title":["N\u00ba10 \u2013 Notas"],"_edit_last":["109"],"_edit_lock":["1440019020:109"]},"yoast_head":"<!-- This site is optimized with the Yoast SEO plugin v27.4 - https:\/\/yoast.com\/product\/yoast-seo-wordpress\/ -->\n<title>N\u00ba10 \u2013 Notas<\/title>\n<meta name=\"robots\" content=\"index, follow, max-snippet:-1, max-image-preview:large, max-video-preview:-1\" \/>\n<link rel=\"canonical\" href=\"https:\/\/www.saopaulo.sp.leg.br\/apartes-anteriores\/revista-apartes\/numero-10-setembrooutubro-2014\/no10-notas\/\" \/>\n<meta property=\"og:locale\" content=\"pt_BR\" \/>\n<meta property=\"og:type\" content=\"article\" \/>\n<meta property=\"og:title\" content=\"N\u00ba10 \u2013 Notas\" \/>\n<meta property=\"og:description\" content=\"Notas Piscinas s\u00f3 com salva-vidas Piscina de centro esportivo da Universidade de S\u00e3o Paulo (USP) Marcos Santos\/Ag\u00eancia USP Segundo o Corpo de Bombeiros, 89% dos afogamentos de crian\u00e7as em piscina ocorrem por falta de supervis\u00e3o. Por isso, a Lei 16.059\/2014, proposta pela vereadora Sandra Tadeu (DEM) e promulgada em agosto, determina a presen\u00e7a de um [&hellip;]\" \/>\n<meta property=\"og:url\" content=\"https:\/\/www.saopaulo.sp.leg.br\/apartes-anteriores\/revista-apartes\/numero-10-setembrooutubro-2014\/no10-notas\/\" \/>\n<meta property=\"og:site_name\" content=\"Revista Apartes (edi\u00e7\u00f5es anteriores)\" \/>\n<meta property=\"article:publisher\" content=\"https:\/\/www.facebook.com\/RevistaApartes\/\" \/>\n<meta property=\"article:modified_time\" content=\"2015-08-19T21:19:17+00:00\" \/>\n<meta property=\"og:image\" content=\"http:\/\/www.saopaulo.sp.leg.br\/wp-content\/uploads\/2015\/07\/02.jpg\" \/>\n<meta name=\"twitter:card\" content=\"summary_large_image\" \/>\n<meta name=\"twitter:site\" content=\"@revistaapartes\" \/>\n<meta name=\"twitter:label1\" content=\"Est. tempo de leitura\" \/>\n\t<meta name=\"twitter:data1\" content=\"4 minutos\" \/>\n<script type=\"application\/ld+json\" class=\"yoast-schema-graph\">{\"@context\":\"https:\\\/\\\/schema.org\",\"@graph\":[{\"@type\":\"WebPage\",\"@id\":\"https:\\\/\\\/www.saopaulo.sp.leg.br\\\/apartes-anteriores\\\/revista-apartes\\\/numero-10-setembrooutubro-2014\\\/no10-notas\\\/\",\"url\":\"https:\\\/\\\/www.saopaulo.sp.leg.br\\\/apartes-anteriores\\\/revista-apartes\\\/numero-10-setembrooutubro-2014\\\/no10-notas\\\/\",\"name\":\"N\u00ba10 \u2013 Notas\",\"isPartOf\":{\"@id\":\"https:\\\/\\\/www.saopaulo.sp.leg.br\\\/apartes-anteriores\\\/#website\"},\"primaryImageOfPage\":{\"@id\":\"https:\\\/\\\/www.saopaulo.sp.leg.br\\\/apartes-anteriores\\\/revista-apartes\\\/numero-10-setembrooutubro-2014\\\/no10-notas\\\/#primaryimage\"},\"image\":{\"@id\":\"https:\\\/\\\/www.saopaulo.sp.leg.br\\\/apartes-anteriores\\\/revista-apartes\\\/numero-10-setembrooutubro-2014\\\/no10-notas\\\/#primaryimage\"},\"thumbnailUrl\":\"http:\\\/\\\/www.saopaulo.sp.leg.br\\\/wp-content\\\/uploads\\\/2015\\\/07\\\/02.jpg\",\"datePublished\":\"2015-07-31T17:51:31+00:00\",\"dateModified\":\"2015-08-19T21:19:17+00:00\",\"breadcrumb\":{\"@id\":\"https:\\\/\\\/www.saopaulo.sp.leg.br\\\/apartes-anteriores\\\/revista-apartes\\\/numero-10-setembrooutubro-2014\\\/no10-notas\\\/#breadcrumb\"},\"inLanguage\":\"pt-BR\",\"potentialAction\":[{\"@type\":\"ReadAction\",\"target\":[\"https:\\\/\\\/www.saopaulo.sp.leg.br\\\/apartes-anteriores\\\/revista-apartes\\\/numero-10-setembrooutubro-2014\\\/no10-notas\\\/\"]}]},{\"@type\":\"ImageObject\",\"inLanguage\":\"pt-BR\",\"@id\":\"https:\\\/\\\/www.saopaulo.sp.leg.br\\\/apartes-anteriores\\\/revista-apartes\\\/numero-10-setembrooutubro-2014\\\/no10-notas\\\/#primaryimage\",\"url\":\"http:\\\/\\\/www.saopaulo.sp.leg.br\\\/wp-content\\\/uploads\\\/2015\\\/07\\\/02.jpg\",\"contentUrl\":\"http:\\\/\\\/www.saopaulo.sp.leg.br\\\/wp-content\\\/uploads\\\/2015\\\/07\\\/02.jpg\"},{\"@type\":\"BreadcrumbList\",\"@id\":\"https:\\\/\\\/www.saopaulo.sp.leg.br\\\/apartes-anteriores\\\/revista-apartes\\\/numero-10-setembrooutubro-2014\\\/no10-notas\\\/#breadcrumb\",\"itemListElement\":[{\"@type\":\"ListItem\",\"position\":1,\"name\":\"Home\",\"item\":\"https:\\\/\\\/www.saopaulo.sp.leg.br\\\/apartes-anteriores\\\/\"},{\"@type\":\"ListItem\",\"position\":2,\"name\":\"Revista Apartes\",\"item\":\"https:\\\/\\\/www.saopaulo.sp.leg.br\\\/apartes-anteriores\\\/\"},{\"@type\":\"ListItem\",\"position\":3,\"name\":\"N\u00famero 10 &#8211; set-out\\\/2014\",\"item\":\"https:\\\/\\\/www.saopaulo.sp.leg.br\\\/apartes-anteriores\\\/revista-apartes\\\/numero-10-setembrooutubro-2014\\\/\"},{\"@type\":\"ListItem\",\"position\":4,\"name\":\"N\u00ba10 \u2013 Notas\"}]},{\"@type\":\"WebSite\",\"@id\":\"https:\\\/\\\/www.saopaulo.sp.leg.br\\\/apartes-anteriores\\\/#website\",\"url\":\"https:\\\/\\\/www.saopaulo.sp.leg.br\\\/apartes-anteriores\\\/\",\"name\":\"Revista Apartes (edi\u00e7\u00f5es anteriores)\",\"description\":\"Revista Apartes (edi\u00e7\u00f5es anteriores)\",\"potentialAction\":[{\"@type\":\"SearchAction\",\"target\":{\"@type\":\"EntryPoint\",\"urlTemplate\":\"https:\\\/\\\/www.saopaulo.sp.leg.br\\\/apartes-anteriores\\\/?s={search_term_string}\"},\"query-input\":{\"@type\":\"PropertyValueSpecification\",\"valueRequired\":true,\"valueName\":\"search_term_string\"}}],\"inLanguage\":\"pt-BR\"}]}<\/script>\n<!-- \/ Yoast SEO plugin. -->","yoast_head_json":{"title":"N\u00ba10 \u2013 Notas","robots":{"index":"index","follow":"follow","max-snippet":"max-snippet:-1","max-image-preview":"max-image-preview:large","max-video-preview":"max-video-preview:-1"},"canonical":"https:\/\/www.saopaulo.sp.leg.br\/apartes-anteriores\/revista-apartes\/numero-10-setembrooutubro-2014\/no10-notas\/","og_locale":"pt_BR","og_type":"article","og_title":"N\u00ba10 \u2013 Notas","og_description":"Notas Piscinas s\u00f3 com salva-vidas Piscina de centro esportivo da Universidade de S\u00e3o Paulo (USP) Marcos Santos\/Ag\u00eancia USP Segundo o Corpo de Bombeiros, 89% dos afogamentos de crian\u00e7as em piscina ocorrem por falta de supervis\u00e3o. Por isso, a Lei 16.059\/2014, proposta pela vereadora Sandra Tadeu (DEM) e promulgada em agosto, determina a presen\u00e7a de um [&hellip;]","og_url":"https:\/\/www.saopaulo.sp.leg.br\/apartes-anteriores\/revista-apartes\/numero-10-setembrooutubro-2014\/no10-notas\/","og_site_name":"Revista Apartes (edi\u00e7\u00f5es anteriores)","article_publisher":"https:\/\/www.facebook.com\/RevistaApartes\/","article_modified_time":"2015-08-19T21:19:17+00:00","og_image":[{"url":"http:\/\/www.saopaulo.sp.leg.br\/wp-content\/uploads\/2015\/07\/02.jpg","type":"","width":"","height":""}],"twitter_card":"summary_large_image","twitter_site":"@revistaapartes","twitter_misc":{"Est. tempo de leitura":"4 minutos"},"schema":{"@context":"https:\/\/schema.org","@graph":[{"@type":"WebPage","@id":"https:\/\/www.saopaulo.sp.leg.br\/apartes-anteriores\/revista-apartes\/numero-10-setembrooutubro-2014\/no10-notas\/","url":"https:\/\/www.saopaulo.sp.leg.br\/apartes-anteriores\/revista-apartes\/numero-10-setembrooutubro-2014\/no10-notas\/","name":"N\u00ba10 \u2013 Notas","isPartOf":{"@id":"https:\/\/www.saopaulo.sp.leg.br\/apartes-anteriores\/#website"},"primaryImageOfPage":{"@id":"https:\/\/www.saopaulo.sp.leg.br\/apartes-anteriores\/revista-apartes\/numero-10-setembrooutubro-2014\/no10-notas\/#primaryimage"},"image":{"@id":"https:\/\/www.saopaulo.sp.leg.br\/apartes-anteriores\/revista-apartes\/numero-10-setembrooutubro-2014\/no10-notas\/#primaryimage"},"thumbnailUrl":"http:\/\/www.saopaulo.sp.leg.br\/wp-content\/uploads\/2015\/07\/02.jpg","datePublished":"2015-07-31T17:51:31+00:00","dateModified":"2015-08-19T21:19:17+00:00","breadcrumb":{"@id":"https:\/\/www.saopaulo.sp.leg.br\/apartes-anteriores\/revista-apartes\/numero-10-setembrooutubro-2014\/no10-notas\/#breadcrumb"},"inLanguage":"pt-BR","potentialAction":[{"@type":"ReadAction","target":["https:\/\/www.saopaulo.sp.leg.br\/apartes-anteriores\/revista-apartes\/numero-10-setembrooutubro-2014\/no10-notas\/"]}]},{"@type":"ImageObject","inLanguage":"pt-BR","@id":"https:\/\/www.saopaulo.sp.leg.br\/apartes-anteriores\/revista-apartes\/numero-10-setembrooutubro-2014\/no10-notas\/#primaryimage","url":"http:\/\/www.saopaulo.sp.leg.br\/wp-content\/uploads\/2015\/07\/02.jpg","contentUrl":"http:\/\/www.saopaulo.sp.leg.br\/wp-content\/uploads\/2015\/07\/02.jpg"},{"@type":"BreadcrumbList","@id":"https:\/\/www.saopaulo.sp.leg.br\/apartes-anteriores\/revista-apartes\/numero-10-setembrooutubro-2014\/no10-notas\/#breadcrumb","itemListElement":[{"@type":"ListItem","position":1,"name":"Home","item":"https:\/\/www.saopaulo.sp.leg.br\/apartes-anteriores\/"},{"@type":"ListItem","position":2,"name":"Revista Apartes","item":"https:\/\/www.saopaulo.sp.leg.br\/apartes-anteriores\/"},{"@type":"ListItem","position":3,"name":"N\u00famero 10 &#8211; set-out\/2014","item":"https:\/\/www.saopaulo.sp.leg.br\/apartes-anteriores\/revista-apartes\/numero-10-setembrooutubro-2014\/"},{"@type":"ListItem","position":4,"name":"N\u00ba10 \u2013 Notas"}]},{"@type":"WebSite","@id":"https:\/\/www.saopaulo.sp.leg.br\/apartes-anteriores\/#website","url":"https:\/\/www.saopaulo.sp.leg.br\/apartes-anteriores\/","name":"Revista Apartes (edi\u00e7\u00f5es anteriores)","description":"Revista Apartes (edi\u00e7\u00f5es anteriores)","potentialAction":[{"@type":"SearchAction","target":{"@type":"EntryPoint","urlTemplate":"https:\/\/www.saopaulo.sp.leg.br\/apartes-anteriores\/?s={search_term_string}"},"query-input":{"@type":"PropertyValueSpecification","valueRequired":true,"valueName":"search_term_string"}}],"inLanguage":"pt-BR"}]}},"_links":{"self":[{"href":"https:\/\/www.saopaulo.sp.leg.br\/apartes-anteriores\/wp-json\/wp\/v2\/pages\/33183","targetHints":{"allow":["GET"]}}],"collection":[{"href":"https:\/\/www.saopaulo.sp.leg.br\/apartes-anteriores\/wp-json\/wp\/v2\/pages"}],"about":[{"href":"https:\/\/www.saopaulo.sp.leg.br\/apartes-anteriores\/wp-json\/wp\/v2\/types\/page"}],"author":[{"embeddable":true,"href":"https:\/\/www.saopaulo.sp.leg.br\/apartes-anteriores\/wp-json\/wp\/v2\/users\/109"}],"replies":[{"embeddable":true,"href":"https:\/\/www.saopaulo.sp.leg.br\/apartes-anteriores\/wp-json\/wp\/v2\/comments?post=33183"}],"version-history":[{"count":0,"href":"https:\/\/www.saopaulo.sp.leg.br\/apartes-anteriores\/wp-json\/wp\/v2\/pages\/33183\/revisions"}],"up":[{"embeddable":true,"href":"https:\/\/www.saopaulo.sp.leg.br\/apartes-anteriores\/wp-json\/wp\/v2\/pages\/24640"}],"wp:attachment":[{"href":"https:\/\/www.saopaulo.sp.leg.br\/apartes-anteriores\/wp-json\/wp\/v2\/media?parent=33183"}],"curies":[{"name":"wp","href":"https:\/\/api.w.org\/{rel}","templated":true}]}}