{"id":24341,"date":"2014-12-12T17:08:20","date_gmt":"2014-12-12T19:08:20","guid":{"rendered":"http:\/\/www.saopaulo.sp.leg.br\/?page_id=24341"},"modified":"2021-10-06T13:54:45","modified_gmt":"2021-10-06T16:54:45","slug":"numero-2-outubro2013","status":"publish","type":"page","link":"https:\/\/www.saopaulo.sp.leg.br\/apartes-anteriores\/revista-apartes\/numero-2-outubro2013\/","title":{"rendered":"N\u00famero 02 &#8211; out\/2013"},"content":{"rendered":"<div class=\"revista-apartes-display\">\n\t\t<div class=\"apartes-header\">\n\t\t\t<img decoding=\"async\" class=\"cover\" src=\"http:\/\/www.saopaulo.sp.leg.br\/apartes\/02\/revista_apartes_n2.jpg\" alt=\"Capa da Revista Apartes\" \/>\n\t\t\t<a class=\"issuu-link\" href=\"http:\/\/issuu.com\/cmsp-cci\/docs\/revista_apartes_outubro\" target=\"_blank\">Vers\u00e3o integral naveg\u00e1vel<\/a><br>\n\t\t\t<a class=\"pdf-link\" href=\"http:\/\/www.saopaulo.sp.leg.br\/apartes\/02\/revista_apartes_outubro13_completa.pdf\" target=\"_blank\">Vers\u00e3o integral para download<\/a><br><br>\n\t\t\tFale conosco:<br>\n\t\t\t<a class=\"mail-link\" href=\"mailto:apartes@saopaulo.sp.leg.br\">apartes@saopaulo.sp.leg.br<\/a><br>\n\t\t\t<!--<a class=\"subscribe-link\" href=\"\/apartes\/?p=15\">Receba a revista em casa.<\/a>-->\n\t\t<\/div>\n\t\t<div class=\"apartes-content\">\n\t\t\t<img decoding=\"async\" class=\"logo\" src=\"http:\/\/www.saopaulo.sp.leg.br\/apartes\/wp-content\/uploads\/sites\/9\/2017\/06\/apartes_logo.jpg\" alt=\"logotipo_revista_apartes\" \/>\n\t\t\t<h3 class=\"edition\">outubro\/2013<\/h3><\/p>\n<ul>\n<li><a href=\"http:\/\/www.saopaulo.sp.leg.br\/apartes-anteriores\/wp-content\/uploads\/sites\/9\/2017\/03\/revista_apartes_outubro13_1_capa.pdf\" target=\"_blank\" rel=\"noopener\">Capa<\/a><\/li>\n<li><a href=\"http:\/\/www.saopaulo.sp.leg.br\/apartes-anteriores\/wp-content\/uploads\/sites\/9\/2017\/03\/revista_apartes_outubro13_2_expediente.pdf\" target=\"_blank\" rel=\"noopener\">Expediente<\/a><\/li>\n<li><a href=\"http:\/\/www.saopaulo.sp.leg.br\/apartes-anteriores\/revista-apartes\/numero-2-outubro2013\/no01-palavra-do-presidente\">Palavra do Presidente<\/a> (<a title=\"Apartes - n\u00famero 02 - Palavra do Presidente\" href=\"http:\/\/www.saopaulo.sp.leg.br\/apartes-anteriores\/wp-content\/uploads\/sites\/9\/2017\/03\/revista_apartes_outubro13_3.pdf\" target=\"_blank\" rel=\"noopener\">vers\u00e3o PDF<\/a>)<\/li>\n<li><a href=\"http:\/\/www.saopaulo.sp.leg.br\/apartes-anteriores\/revista-apartes\/numero-2-outubro2013\/no02-notas\">Notas<\/a> (<a title=\"Apartes - n\u00famero 02 - Notas\" href=\"\/wp-content\/uploads\/sites\/9\/2017\/03\/revista_apartes_outubro13_6a7.pdf\" target=\"_blank\" rel=\"noopener\">vers\u00e3o PDF<\/a>)<\/li>\n<\/ul>\n<ul>\n<li><strong>Honrarias<\/strong><br \/>\n<a href=\"http:\/\/www.saopaulo.sp.leg.br\/apartes-anteriores\/revista-apartes\/numero-2-outubro2013\/no02-rota-e-homenageada\">Rota \u00e9 homenageada<\/a> (<a title=\"Apartes - n\u00famero 02 - Rota \u00e9 homenageada\" href=\"http:\/\/www.saopaulo.sp.leg.br\/apartes-anteriores\/wp-content\/uploads\/sites\/9\/2017\/03\/revista_apartes_outubro13_8a12.pdf\" target=\"_blank\" rel=\"noopener\">vers\u00e3o PDF<\/a>)<\/li>\n<li><strong>Propostas<\/strong><br \/>\n<a href=\"http:\/\/www.saopaulo.sp.leg.br\/apartes-anteriores\/revista-apartes\/numero-2-outubro2013\/no02-condicoes-dignas-aos-animais\">Condi\u00e7\u00f5es dignas aos animais<\/a> (<a title=\"Apartes - n\u00famero 02 - Condi\u00e7\u00f5es dignas aos animais\" href=\"http:\/\/www.saopaulo.sp.leg.br\/apartes-anteriores\/wp-content\/uploads\/sites\/9\/2017\/03\/revista_apartes_outubro13_13a15.pdf\" target=\"_blank\" rel=\"noopener\">vers\u00e3o PDF<\/a>)<\/li>\n<li><strong>Transporte coletivo<\/strong><br \/>\n<a href=\"http:\/\/www.saopaulo.sp.leg.br\/apartes-anteriores\/revista-apartes\/numero-2-outubro2013\/n02-a-tarifa-ideal\">A tarifa ideal<\/a> (<a title=\"Apartes - n\u00famero 02 - A tarifa ideal\" href=\"http:\/\/www.saopaulo.sp.leg.br\/apartes-anteriores\/wp-content\/uploads\/sites\/9\/2017\/03\/revista_apartes_outubro13_16a23.pdf\" target=\"_blank\" rel=\"noopener\">vers\u00e3o PDF<\/a>)<\/li>\n<li><strong>Cidade<\/strong><br \/>\n<a href=\"http:\/\/www.saopaulo.sp.leg.br\/apartes-anteriores\/revista-apartes\/numero-2-outubro2013\/no02-um-novo-plano-para-sao-paulo\">Um novo Plano para S\u00e3o Paulo<\/a> (<a title=\"Apartes - n\u00famero 02 - Um novo Plano para S\u00e3o Paulo\" href=\"http:\/\/www.saopaulo.sp.leg.br\/apartes-anteriores\/wp-content\/uploads\/sites\/9\/2017\/03\/revista_apartes_outubro13_24a26.pdf\" target=\"_blank\" rel=\"noopener\">vers\u00e3o PDF<\/a>)<\/li>\n<li><strong>Urbanismo<\/strong><br \/>\n<a href=\"http:\/\/www.saopaulo.sp.leg.br\/apartes-anteriores\/revista-apartes\/numero-2-outubro2013\/no02-mudancas-na-agua-branca\">Mudan\u00e7as na \u00c1gua Branca<\/a> (<a title=\"Apartes - n\u00famero 02 - Mudan\u00e7as na \u00c1gua Branca\" href=\"http:\/\/www.saopaulo.sp.leg.br\/apartes-anteriores\/wp-content\/uploads\/sites\/9\/2017\/03\/revista_apartes_outubro13_27a30.pdf\" target=\"_blank\" rel=\"noopener\">vers\u00e3o PDF<\/a>)<\/li>\n<li><strong>Comunica\u00e7\u00e3o<\/strong><br \/>\n<a href=\"http:\/\/www.saopaulo.sp.leg.br\/apartes-anteriores\/revista-apartes\/numero-2-outubro2013\/no02-web-radio-camara-estreia-grade-ao-vivo\">Web R\u00e1dio C\u00e2mara estreia grade ao vivo<\/a> (<a title=\"Apartes - n\u00famero 02 - Web R\u00e1dio C\u00e2mara estreia grade ao vivo\" href=\"http:\/\/www.saopaulo.sp.leg.br\/apartes-anteriores\/wp-content\/uploads\/sites\/9\/2017\/03\/revista_apartes_outubro13_31.pdf\" target=\"_blank\" rel=\"noopener\">vers\u00e3o PDF<\/a>)<\/li>\n<li><strong>Perfil &gt; Agenor Monaco<\/strong><br \/>\n<a href=\"http:\/\/www.saopaulo.sp.leg.br\/apartes-anteriores\/revista-apartes\/numero-2-outubro2013\/no02-memorias-da-arena\">Mem\u00f3rias da arena<\/a> (<a title=\"Apartes - n\u00famero 02 - Mem\u00f3rias da arena\" href=\"http:\/\/www.saopaulo.sp.leg.br\/apartes-anteriores\/wp-content\/uploads\/sites\/9\/2017\/03\/revista_apartes_outubro13_32a38.pdf\" target=\"_blank\" rel=\"noopener\">vers\u00e3o PDF<\/a>)<\/li>\n<li><strong>Educa\u00e7\u00e3o<\/strong><br \/>\n<a href=\"http:\/\/www.saopaulo.sp.leg.br\/apartes-anteriores\/revista-apartes\/numero-2-outubro2013\/no02-premio-paulo-freire-valoriza-e-emociona-educadores\">Pr\u00eamio Paulo Freire valoriza e emociona educadores<\/a> (<a title=\"Apartes - n\u00famero 02 - Pr\u00eamio Paulo Freire valoriza e emociona educadores\" href=\"http:\/\/www.saopaulo.sp.leg.br\/apartes-anteriores\/wp-content\/uploads\/sites\/9\/2017\/03\/revista_apartes_outubro13_39a40.pdf\" target=\"_blank\" rel=\"noopener\">vers\u00e3o PDF<\/a>)<\/li>\n<li><strong>Evento<\/strong><br \/>\n<a href=\"http:\/\/www.saopaulo.sp.leg.br\/apartes-anteriores\/revista-apartes\/numero-2-outubro2013\/n02-profissionais-discutem-rumos-da-comunicacao\">Profissionais discutem rumos da comunica\u00e7\u00e3o<\/a> (<a title=\"Apartes - n\u00famero 02 - Profissionais discutem rumos da comunica\u00e7\u00e3o\" href=\"http:\/\/www.saopaulo.sp.leg.br\/apartes-anteriores\/wp-content\/uploads\/sites\/9\/2017\/03\/revista_apartes_outubro13_41a42.pdf\" target=\"_blank\" rel=\"noopener\">vers\u00e3o PDF<\/a>)<\/li>\n<\/ul>\n<p>\n\t\t<\/div><\/div>\n","protected":false},"excerpt":{"rendered":"","protected":false},"author":109,"featured_media":0,"parent":106,"menu_order":-2,"comment_status":"open","ping_status":"open","template":"","meta":{"footnotes":""},"class_list":["post-24341","page","type-page","status-publish","hentry"],"meta_all":{"_wp_page_template":["default"],"_cmsp_page_download-files":["a:1:{i:0;a:1:{s:4:\"type\";s:3:\"pdf\";}}"],"_edit_last":["109"],"_edit_lock":["1489523358:109"],"_yoast_wpseo_content_score":["90"]},"yoast_head":"<!-- This site is optimized with the Yoast SEO plugin v27.3 - https:\/\/yoast.com\/product\/yoast-seo-wordpress\/ -->\n<title>N\u00famero 02 - out\/2013 - Revista Apartes (edi\u00e7\u00f5es anteriores)<\/title>\n<meta name=\"robots\" content=\"index, follow, max-snippet:-1, max-image-preview:large, max-video-preview:-1\" \/>\n<link rel=\"canonical\" href=\"https:\/\/www.saopaulo.sp.leg.br\/apartes-anteriores\/revista-apartes\/numero-2-outubro2013\/\" \/>\n<meta property=\"og:locale\" content=\"pt_BR\" \/>\n<meta property=\"og:type\" content=\"article\" \/>\n<meta property=\"og:title\" content=\"N\u00famero 02 - out\/2013 - Revista Apartes (edi\u00e7\u00f5es anteriores)\" \/>\n<meta property=\"og:url\" content=\"https:\/\/www.saopaulo.sp.leg.br\/apartes-anteriores\/revista-apartes\/numero-2-outubro2013\/\" \/>\n<meta property=\"og:site_name\" content=\"Revista Apartes (edi\u00e7\u00f5es anteriores)\" \/>\n<meta property=\"article:publisher\" content=\"https:\/\/www.facebook.com\/RevistaApartes\/\" \/>\n<meta property=\"article:modified_time\" content=\"2021-10-06T16:54:45+00:00\" \/>\n<meta name=\"twitter:card\" content=\"summary_large_image\" \/>\n<meta name=\"twitter:site\" content=\"@revistaapartes\" \/>\n<meta name=\"twitter:label1\" content=\"Est. tempo de leitura\" \/>\n\t<meta name=\"twitter:data1\" content=\"1 minuto\" \/>\n<script type=\"application\/ld+json\" class=\"yoast-schema-graph\">{\"@context\":\"https:\\\/\\\/schema.org\",\"@graph\":[{\"@type\":\"WebPage\",\"@id\":\"https:\\\/\\\/www.saopaulo.sp.leg.br\\\/apartes-anteriores\\\/revista-apartes\\\/numero-2-outubro2013\\\/\",\"url\":\"https:\\\/\\\/www.saopaulo.sp.leg.br\\\/apartes-anteriores\\\/revista-apartes\\\/numero-2-outubro2013\\\/\",\"name\":\"N\u00famero 02 - out\\\/2013 - Revista Apartes (edi\u00e7\u00f5es anteriores)\",\"isPartOf\":{\"@id\":\"https:\\\/\\\/www.saopaulo.sp.leg.br\\\/apartes-anteriores\\\/#website\"},\"datePublished\":\"2014-12-12T19:08:20+00:00\",\"dateModified\":\"2021-10-06T16:54:45+00:00\",\"breadcrumb\":{\"@id\":\"https:\\\/\\\/www.saopaulo.sp.leg.br\\\/apartes-anteriores\\\/revista-apartes\\\/numero-2-outubro2013\\\/#breadcrumb\"},\"inLanguage\":\"pt-BR\",\"potentialAction\":[{\"@type\":\"ReadAction\",\"target\":[\"https:\\\/\\\/www.saopaulo.sp.leg.br\\\/apartes-anteriores\\\/revista-apartes\\\/numero-2-outubro2013\\\/\"]}]},{\"@type\":\"BreadcrumbList\",\"@id\":\"https:\\\/\\\/www.saopaulo.sp.leg.br\\\/apartes-anteriores\\\/revista-apartes\\\/numero-2-outubro2013\\\/#breadcrumb\",\"itemListElement\":[{\"@type\":\"ListItem\",\"position\":1,\"name\":\"Home\",\"item\":\"https:\\\/\\\/www.saopaulo.sp.leg.br\\\/apartes-anteriores\\\/\"},{\"@type\":\"ListItem\",\"position\":2,\"name\":\"Revista Apartes\",\"item\":\"https:\\\/\\\/www.saopaulo.sp.leg.br\\\/apartes-anteriores\\\/\"},{\"@type\":\"ListItem\",\"position\":3,\"name\":\"N\u00famero 02 &#8211; out\\\/2013\"}]},{\"@type\":\"WebSite\",\"@id\":\"https:\\\/\\\/www.saopaulo.sp.leg.br\\\/apartes-anteriores\\\/#website\",\"url\":\"https:\\\/\\\/www.saopaulo.sp.leg.br\\\/apartes-anteriores\\\/\",\"name\":\"Revista Apartes (edi\u00e7\u00f5es anteriores)\",\"description\":\"Revista Apartes (edi\u00e7\u00f5es anteriores)\",\"potentialAction\":[{\"@type\":\"SearchAction\",\"target\":{\"@type\":\"EntryPoint\",\"urlTemplate\":\"https:\\\/\\\/www.saopaulo.sp.leg.br\\\/apartes-anteriores\\\/?s={search_term_string}\"},\"query-input\":{\"@type\":\"PropertyValueSpecification\",\"valueRequired\":true,\"valueName\":\"search_term_string\"}}],\"inLanguage\":\"pt-BR\"}]}<\/script>\n<!-- \/ Yoast SEO plugin. -->","yoast_head_json":{"title":"N\u00famero 02 - out\/2013 - Revista Apartes (edi\u00e7\u00f5es anteriores)","robots":{"index":"index","follow":"follow","max-snippet":"max-snippet:-1","max-image-preview":"max-image-preview:large","max-video-preview":"max-video-preview:-1"},"canonical":"https:\/\/www.saopaulo.sp.leg.br\/apartes-anteriores\/revista-apartes\/numero-2-outubro2013\/","og_locale":"pt_BR","og_type":"article","og_title":"N\u00famero 02 - out\/2013 - Revista Apartes (edi\u00e7\u00f5es anteriores)","og_url":"https:\/\/www.saopaulo.sp.leg.br\/apartes-anteriores\/revista-apartes\/numero-2-outubro2013\/","og_site_name":"Revista Apartes (edi\u00e7\u00f5es anteriores)","article_publisher":"https:\/\/www.facebook.com\/RevistaApartes\/","article_modified_time":"2021-10-06T16:54:45+00:00","twitter_card":"summary_large_image","twitter_site":"@revistaapartes","twitter_misc":{"Est. tempo de leitura":"1 minuto"},"schema":{"@context":"https:\/\/schema.org","@graph":[{"@type":"WebPage","@id":"https:\/\/www.saopaulo.sp.leg.br\/apartes-anteriores\/revista-apartes\/numero-2-outubro2013\/","url":"https:\/\/www.saopaulo.sp.leg.br\/apartes-anteriores\/revista-apartes\/numero-2-outubro2013\/","name":"N\u00famero 02 - out\/2013 - Revista Apartes (edi\u00e7\u00f5es anteriores)","isPartOf":{"@id":"https:\/\/www.saopaulo.sp.leg.br\/apartes-anteriores\/#website"},"datePublished":"2014-12-12T19:08:20+00:00","dateModified":"2021-10-06T16:54:45+00:00","breadcrumb":{"@id":"https:\/\/www.saopaulo.sp.leg.br\/apartes-anteriores\/revista-apartes\/numero-2-outubro2013\/#breadcrumb"},"inLanguage":"pt-BR","potentialAction":[{"@type":"ReadAction","target":["https:\/\/www.saopaulo.sp.leg.br\/apartes-anteriores\/revista-apartes\/numero-2-outubro2013\/"]}]},{"@type":"BreadcrumbList","@id":"https:\/\/www.saopaulo.sp.leg.br\/apartes-anteriores\/revista-apartes\/numero-2-outubro2013\/#breadcrumb","itemListElement":[{"@type":"ListItem","position":1,"name":"Home","item":"https:\/\/www.saopaulo.sp.leg.br\/apartes-anteriores\/"},{"@type":"ListItem","position":2,"name":"Revista Apartes","item":"https:\/\/www.saopaulo.sp.leg.br\/apartes-anteriores\/"},{"@type":"ListItem","position":3,"name":"N\u00famero 02 &#8211; out\/2013"}]},{"@type":"WebSite","@id":"https:\/\/www.saopaulo.sp.leg.br\/apartes-anteriores\/#website","url":"https:\/\/www.saopaulo.sp.leg.br\/apartes-anteriores\/","name":"Revista Apartes (edi\u00e7\u00f5es anteriores)","description":"Revista Apartes (edi\u00e7\u00f5es anteriores)","potentialAction":[{"@type":"SearchAction","target":{"@type":"EntryPoint","urlTemplate":"https:\/\/www.saopaulo.sp.leg.br\/apartes-anteriores\/?s={search_term_string}"},"query-input":{"@type":"PropertyValueSpecification","valueRequired":true,"valueName":"search_term_string"}}],"inLanguage":"pt-BR"}]}},"_links":{"self":[{"href":"https:\/\/www.saopaulo.sp.leg.br\/apartes-anteriores\/wp-json\/wp\/v2\/pages\/24341","targetHints":{"allow":["GET"]}}],"collection":[{"href":"https:\/\/www.saopaulo.sp.leg.br\/apartes-anteriores\/wp-json\/wp\/v2\/pages"}],"about":[{"href":"https:\/\/www.saopaulo.sp.leg.br\/apartes-anteriores\/wp-json\/wp\/v2\/types\/page"}],"author":[{"embeddable":true,"href":"https:\/\/www.saopaulo.sp.leg.br\/apartes-anteriores\/wp-json\/wp\/v2\/users\/109"}],"replies":[{"embeddable":true,"href":"https:\/\/www.saopaulo.sp.leg.br\/apartes-anteriores\/wp-json\/wp\/v2\/comments?post=24341"}],"version-history":[{"count":0,"href":"https:\/\/www.saopaulo.sp.leg.br\/apartes-anteriores\/wp-json\/wp\/v2\/pages\/24341\/revisions"}],"up":[{"embeddable":true,"href":"https:\/\/www.saopaulo.sp.leg.br\/apartes-anteriores\/wp-json\/wp\/v2\/pages\/106"}],"wp:attachment":[{"href":"https:\/\/www.saopaulo.sp.leg.br\/apartes-anteriores\/wp-json\/wp\/v2\/media?parent=24341"}],"curies":[{"name":"wp","href":"https:\/\/api.w.org\/{rel}","templated":true}]}}