{"id":24314,"date":"2014-08-01T14:13:56","date_gmt":"2014-08-01T14:13:56","guid":{"rendered":"http:\/\/www.saopaulo.sp.leg.br\/?page_id=24314"},"modified":"2019-06-26T17:09:45","modified_gmt":"2019-06-26T20:09:45","slug":"numero-9-agosto2014","status":"publish","type":"page","link":"https:\/\/www.saopaulo.sp.leg.br\/apartes-anteriores\/revista-apartes\/numero-9-agosto2014\/","title":{"rendered":"N\u00famero 09 &#8211; ago\/2014"},"content":{"rendered":"<div class=\"revista-apartes-display\">\n\t\t<div class=\"apartes-header\">\n\t\t\t<img decoding=\"async\" class=\"cover\" src=\"http:\/\/www.saopaulo.sp.leg.br\/apartes-anteriores\/wp-content\/uploads\/sites\/9\/2017\/03\/revista_apartes_n9.jpg\" alt=\"Capa da Revista Apartes\" \/>\n\t\t\t<a class=\"issuu-link\" href=\"http:\/\/issuu.com\/cmsp-cci\/docs\/revista_apartes_n9_ago14\" target=\"_blank\">Vers\u00e3o integral naveg\u00e1vel<\/a><br>\n\t\t\t<a class=\"pdf-link\" href=\"http:\/\/www.saopaulo.sp.leg.br\/apartes-anteriores\/wp-content\/uploads\/sites\/9\/2017\/03\/revista_APARTES_N9_AGO14_pagdupla.pdf\" target=\"_blank\">Vers\u00e3o integral para download<\/a><br><br>\n\t\t\tFale conosco:<br>\n\t\t\t<a class=\"mail-link\" href=\"mailto:apartes@saopaulo.sp.leg.br\">apartes@saopaulo.sp.leg.br<\/a><br>\n\t\t\t<!--<a class=\"subscribe-link\" href=\"\/apartes\/?p=15\">Receba a revista em casa.<\/a>-->\n\t\t<\/div>\n\t\t<div class=\"apartes-content\">\n\t\t\t<img decoding=\"async\" class=\"logo\" src=\"http:\/\/www.saopaulo.sp.leg.br\/apartes\/wp-content\/uploads\/sites\/9\/2017\/06\/apartes_logo.jpg\" alt=\"logotipo_revista_apartes\" \/>\n\t\t\t<h3 class=\"edition\">Agosto\/2014<\/h3><\/p>\n<ul>\n<li><a href=\"http:\/\/www.saopaulo.sp.leg.br\/apartes-anteriores\/wp-content\/uploads\/sites\/9\/2017\/03\/revista_APARTES_AGO14_1_capa.pdf\" target=\"_blank\" rel=\"noopener noreferrer\">Capa<\/a><\/li>\n<li><a href=\"http:\/\/www.saopaulo.sp.leg.br\/apartes-anteriores\/wp-content\/uploads\/sites\/9\/2017\/03\/revista_APARTES_AGO14_2_expediente.pdf\" target=\"_blank\" rel=\"noopener noreferrer\">Expediente<\/a><\/li>\n<li><a href=\"\/apartes-anteriores\/revista-apartes\/numero-9-agosto2014\/no09-palavra-do-presidente\/\">Palavra do Presidente<\/a> (<a href=\"http:\/\/www.saopaulo.sp.leg.br\/apartes-anteriores\/wp-content\/uploads\/sites\/9\/2017\/03\/revista_APARTES_AGO14_3.pdf\" target=\"_blank\" rel=\"noopener noreferrer\">vers\u00e3o PDF<\/a>)<\/li>\n<li><a href=\"http:\/\/www.saopaulo.sp.leg.br\/apartes-anteriores\/wp-content\/uploads\/sites\/9\/2017\/03\/revista_APARTES_AGO14_4a5.pdf\" target=\"_blank\" rel=\"noopener noreferrer\">Sum\u00e1rio<\/a><\/li>\n<li><a href=\"\/apartes-anteriores\/revista-apartes\/numero-9-agosto2014\/no09-notas\/\">Notas<\/a> (<a href=\"http:\/\/www.saopaulo.sp.leg.br\/apartes-anteriores\/wp-content\/uploads\/sites\/9\/2017\/03\/revista_APARTES_AGO14_6a7.pdf\" target=\"_blank\" rel=\"noopener noreferrer\">vers\u00e3o PDF<\/a>)<\/li>\n<\/ul>\n<ul>\n<li><strong>Cidadania<\/strong><br \/>\n<a href=\"http:\/\/www.saopaulo.sp.leg.br\/apartes-anteriores\/revista-apartes\/numero-9-agosto2014\/projetos-que-mudam-vidas\/\">Projetos que mudam vidas<\/a> (<a href=\"http:\/\/www.saopaulo.sp.leg.br\/apartes-anteriores\/wp-content\/uploads\/sites\/9\/2017\/03\/revista_APARTES_AGO14_8a11.pdf\" target=\"_blank\" rel=\"noopener noreferrer\">vers\u00e3o PDF<\/a>)<\/li>\n<li><strong>PDE<\/strong><br \/>\n<a href=\"http:\/\/www.saopaulo.sp.leg.br\/apartes-anteriores\/revista-apartes\/numero-9-agosto2014\/uma-nova-direcao-para-sao-paulo\/\">Uma nova dire\u00e7\u00e3o para S\u00e3o Paulo<\/a> (<a href=\"http:\/\/www.saopaulo.sp.leg.br\/apartes-anteriores\/wp-content\/uploads\/sites\/9\/2017\/03\/revista_APARTES_AGO14_12a25.pdf\" target=\"_blank\" rel=\"noopener noreferrer\">vers\u00e3o PDF<\/a>)<\/li>\n<li><strong>Hist\u00f3ria<\/strong><br \/>\n<a href=\"http:\/\/www.saopaulo.sp.leg.br\/apartes-anteriores\/revista-apartes\/numero-9-agosto2014\/eles-desbravavam-o-sertao-e-faziam-leis\/\">Eles desbravavam o sert\u00e3o e faziam leis<\/a> (<a href=\"http:\/\/www.saopaulo.sp.leg.br\/apartes-anteriores\/wp-content\/uploads\/sites\/9\/2017\/03\/revista_APARTES_AGO14_26a33.pdf\" target=\"_blank\" rel=\"noopener noreferrer\">vers\u00e3o PDF<\/a>)<br \/>\n<span style=\"color: #0000ff\"><a style=\"color: #0000ff\" href=\"http:\/\/www.saopaulo.sp.leg.br\/apartes\/bandeirantes-eles-desbravavam-o-sertao-e-faziam-leis\/\" target=\"_blank\" rel=\"noopener noreferrer\">Leia a nova vers\u00e3o<\/a><\/span><\/li>\n<li><strong>Perfil &gt; Donoso Vidal<\/strong><br \/>\n<a href=\"http:\/\/www.saopaulo.sp.leg.br\/apartes-anteriores\/revista-apartes\/numero-9-agosto2014\/luta-de-foice-martelo-e-palavras\/\">Luta de foice, martelo e palavras<\/a> (<a href=\"http:\/\/www.saopaulo.sp.leg.br\/apartes-anteriores\/wp-content\/uploads\/sites\/9\/2017\/03\/revista_APARTES_AGO14_34a43.pdf\" target=\"_blank\" rel=\"noopener noreferrer\">vers\u00e3o PDF<\/a>)<\/li>\n<\/ul>\n<ul>\n<li><a href=\"http:\/\/www.saopaulo.sp.leg.br\/apartes-anteriores\/wp-content\/uploads\/sites\/9\/2017\/03\/revista_APARTES_AGO14_contracapa.pdf\" target=\"_blank\" rel=\"noopener noreferrer\">Contracapa<\/a><\/li>\n<\/ul>\n<p>\n\t\t<\/div><\/div>\n","protected":false},"excerpt":{"rendered":"","protected":false},"author":109,"featured_media":0,"parent":106,"menu_order":-9,"comment_status":"open","ping_status":"open","template":"","meta":{"footnotes":""},"class_list":["post-24314","page","type-page","status-publish","hentry"],"meta_all":{"_wp_page_template":["default"],"_cmsp_page_download-files":["a:1:{i:0;a:1:{s:4:\"type\";s:3:\"pdf\";}}"],"_edit_last":["109"],"_edit_lock":["1561579647:109"],"_yoast_wpseo_content_score":["60"]},"yoast_head":"<!-- This site is optimized with the Yoast SEO plugin v27.4 - https:\/\/yoast.com\/product\/yoast-seo-wordpress\/ -->\n<title>N\u00famero 09 - ago\/2014 - Revista Apartes (edi\u00e7\u00f5es anteriores)<\/title>\n<meta name=\"robots\" content=\"index, follow, max-snippet:-1, max-image-preview:large, max-video-preview:-1\" \/>\n<link rel=\"canonical\" href=\"https:\/\/www.saopaulo.sp.leg.br\/apartes-anteriores\/revista-apartes\/numero-9-agosto2014\/\" \/>\n<meta property=\"og:locale\" content=\"pt_BR\" \/>\n<meta property=\"og:type\" content=\"article\" \/>\n<meta property=\"og:title\" content=\"N\u00famero 09 - ago\/2014 - Revista Apartes (edi\u00e7\u00f5es anteriores)\" \/>\n<meta property=\"og:url\" content=\"https:\/\/www.saopaulo.sp.leg.br\/apartes-anteriores\/revista-apartes\/numero-9-agosto2014\/\" \/>\n<meta property=\"og:site_name\" content=\"Revista Apartes (edi\u00e7\u00f5es anteriores)\" \/>\n<meta property=\"article:publisher\" content=\"https:\/\/www.facebook.com\/RevistaApartes\/\" \/>\n<meta property=\"article:modified_time\" content=\"2019-06-26T20:09:45+00:00\" \/>\n<meta name=\"twitter:card\" content=\"summary_large_image\" \/>\n<meta name=\"twitter:site\" content=\"@revistaapartes\" \/>\n<meta name=\"twitter:label1\" content=\"Est. tempo de leitura\" \/>\n\t<meta name=\"twitter:data1\" content=\"1 minuto\" \/>\n<script type=\"application\/ld+json\" class=\"yoast-schema-graph\">{\"@context\":\"https:\\\/\\\/schema.org\",\"@graph\":[{\"@type\":\"WebPage\",\"@id\":\"https:\\\/\\\/www.saopaulo.sp.leg.br\\\/apartes-anteriores\\\/revista-apartes\\\/numero-9-agosto2014\\\/\",\"url\":\"https:\\\/\\\/www.saopaulo.sp.leg.br\\\/apartes-anteriores\\\/revista-apartes\\\/numero-9-agosto2014\\\/\",\"name\":\"N\u00famero 09 - ago\\\/2014 - Revista Apartes (edi\u00e7\u00f5es anteriores)\",\"isPartOf\":{\"@id\":\"https:\\\/\\\/www.saopaulo.sp.leg.br\\\/apartes-anteriores\\\/#website\"},\"datePublished\":\"2014-08-01T14:13:56+00:00\",\"dateModified\":\"2019-06-26T20:09:45+00:00\",\"breadcrumb\":{\"@id\":\"https:\\\/\\\/www.saopaulo.sp.leg.br\\\/apartes-anteriores\\\/revista-apartes\\\/numero-9-agosto2014\\\/#breadcrumb\"},\"inLanguage\":\"pt-BR\",\"potentialAction\":[{\"@type\":\"ReadAction\",\"target\":[\"https:\\\/\\\/www.saopaulo.sp.leg.br\\\/apartes-anteriores\\\/revista-apartes\\\/numero-9-agosto2014\\\/\"]}]},{\"@type\":\"BreadcrumbList\",\"@id\":\"https:\\\/\\\/www.saopaulo.sp.leg.br\\\/apartes-anteriores\\\/revista-apartes\\\/numero-9-agosto2014\\\/#breadcrumb\",\"itemListElement\":[{\"@type\":\"ListItem\",\"position\":1,\"name\":\"Home\",\"item\":\"https:\\\/\\\/www.saopaulo.sp.leg.br\\\/apartes-anteriores\\\/\"},{\"@type\":\"ListItem\",\"position\":2,\"name\":\"Revista Apartes\",\"item\":\"https:\\\/\\\/www.saopaulo.sp.leg.br\\\/apartes-anteriores\\\/\"},{\"@type\":\"ListItem\",\"position\":3,\"name\":\"N\u00famero 09 &#8211; ago\\\/2014\"}]},{\"@type\":\"WebSite\",\"@id\":\"https:\\\/\\\/www.saopaulo.sp.leg.br\\\/apartes-anteriores\\\/#website\",\"url\":\"https:\\\/\\\/www.saopaulo.sp.leg.br\\\/apartes-anteriores\\\/\",\"name\":\"Revista Apartes (edi\u00e7\u00f5es anteriores)\",\"description\":\"Revista Apartes (edi\u00e7\u00f5es anteriores)\",\"potentialAction\":[{\"@type\":\"SearchAction\",\"target\":{\"@type\":\"EntryPoint\",\"urlTemplate\":\"https:\\\/\\\/www.saopaulo.sp.leg.br\\\/apartes-anteriores\\\/?s={search_term_string}\"},\"query-input\":{\"@type\":\"PropertyValueSpecification\",\"valueRequired\":true,\"valueName\":\"search_term_string\"}}],\"inLanguage\":\"pt-BR\"}]}<\/script>\n<!-- \/ Yoast SEO plugin. -->","yoast_head_json":{"title":"N\u00famero 09 - ago\/2014 - Revista Apartes (edi\u00e7\u00f5es anteriores)","robots":{"index":"index","follow":"follow","max-snippet":"max-snippet:-1","max-image-preview":"max-image-preview:large","max-video-preview":"max-video-preview:-1"},"canonical":"https:\/\/www.saopaulo.sp.leg.br\/apartes-anteriores\/revista-apartes\/numero-9-agosto2014\/","og_locale":"pt_BR","og_type":"article","og_title":"N\u00famero 09 - ago\/2014 - Revista Apartes (edi\u00e7\u00f5es anteriores)","og_url":"https:\/\/www.saopaulo.sp.leg.br\/apartes-anteriores\/revista-apartes\/numero-9-agosto2014\/","og_site_name":"Revista Apartes (edi\u00e7\u00f5es anteriores)","article_publisher":"https:\/\/www.facebook.com\/RevistaApartes\/","article_modified_time":"2019-06-26T20:09:45+00:00","twitter_card":"summary_large_image","twitter_site":"@revistaapartes","twitter_misc":{"Est. tempo de leitura":"1 minuto"},"schema":{"@context":"https:\/\/schema.org","@graph":[{"@type":"WebPage","@id":"https:\/\/www.saopaulo.sp.leg.br\/apartes-anteriores\/revista-apartes\/numero-9-agosto2014\/","url":"https:\/\/www.saopaulo.sp.leg.br\/apartes-anteriores\/revista-apartes\/numero-9-agosto2014\/","name":"N\u00famero 09 - ago\/2014 - Revista Apartes (edi\u00e7\u00f5es anteriores)","isPartOf":{"@id":"https:\/\/www.saopaulo.sp.leg.br\/apartes-anteriores\/#website"},"datePublished":"2014-08-01T14:13:56+00:00","dateModified":"2019-06-26T20:09:45+00:00","breadcrumb":{"@id":"https:\/\/www.saopaulo.sp.leg.br\/apartes-anteriores\/revista-apartes\/numero-9-agosto2014\/#breadcrumb"},"inLanguage":"pt-BR","potentialAction":[{"@type":"ReadAction","target":["https:\/\/www.saopaulo.sp.leg.br\/apartes-anteriores\/revista-apartes\/numero-9-agosto2014\/"]}]},{"@type":"BreadcrumbList","@id":"https:\/\/www.saopaulo.sp.leg.br\/apartes-anteriores\/revista-apartes\/numero-9-agosto2014\/#breadcrumb","itemListElement":[{"@type":"ListItem","position":1,"name":"Home","item":"https:\/\/www.saopaulo.sp.leg.br\/apartes-anteriores\/"},{"@type":"ListItem","position":2,"name":"Revista Apartes","item":"https:\/\/www.saopaulo.sp.leg.br\/apartes-anteriores\/"},{"@type":"ListItem","position":3,"name":"N\u00famero 09 &#8211; ago\/2014"}]},{"@type":"WebSite","@id":"https:\/\/www.saopaulo.sp.leg.br\/apartes-anteriores\/#website","url":"https:\/\/www.saopaulo.sp.leg.br\/apartes-anteriores\/","name":"Revista Apartes (edi\u00e7\u00f5es anteriores)","description":"Revista Apartes (edi\u00e7\u00f5es anteriores)","potentialAction":[{"@type":"SearchAction","target":{"@type":"EntryPoint","urlTemplate":"https:\/\/www.saopaulo.sp.leg.br\/apartes-anteriores\/?s={search_term_string}"},"query-input":{"@type":"PropertyValueSpecification","valueRequired":true,"valueName":"search_term_string"}}],"inLanguage":"pt-BR"}]}},"_links":{"self":[{"href":"https:\/\/www.saopaulo.sp.leg.br\/apartes-anteriores\/wp-json\/wp\/v2\/pages\/24314","targetHints":{"allow":["GET"]}}],"collection":[{"href":"https:\/\/www.saopaulo.sp.leg.br\/apartes-anteriores\/wp-json\/wp\/v2\/pages"}],"about":[{"href":"https:\/\/www.saopaulo.sp.leg.br\/apartes-anteriores\/wp-json\/wp\/v2\/types\/page"}],"author":[{"embeddable":true,"href":"https:\/\/www.saopaulo.sp.leg.br\/apartes-anteriores\/wp-json\/wp\/v2\/users\/109"}],"replies":[{"embeddable":true,"href":"https:\/\/www.saopaulo.sp.leg.br\/apartes-anteriores\/wp-json\/wp\/v2\/comments?post=24314"}],"version-history":[{"count":0,"href":"https:\/\/www.saopaulo.sp.leg.br\/apartes-anteriores\/wp-json\/wp\/v2\/pages\/24314\/revisions"}],"up":[{"embeddable":true,"href":"https:\/\/www.saopaulo.sp.leg.br\/apartes-anteriores\/wp-json\/wp\/v2\/pages\/106"}],"wp:attachment":[{"href":"https:\/\/www.saopaulo.sp.leg.br\/apartes-anteriores\/wp-json\/wp\/v2\/media?parent=24314"}],"curies":[{"name":"wp","href":"https:\/\/api.w.org\/{rel}","templated":true}]}}