{"id":106,"date":"2015-08-12T20:28:08","date_gmt":"2015-08-12T20:28:08","guid":{"rendered":"http:\/\/hcr0313.prodam\/apartes\/?page_id=106"},"modified":"2017-10-09T17:10:27","modified_gmt":"2017-10-09T20:10:27","slug":"revista-apartes","status":"publish","type":"page","link":"https:\/\/www.saopaulo.sp.leg.br\/apartes-anteriores\/","title":{"rendered":"Revista Apartes"},"content":{"rendered":"<div class=\"revista-apartes-display\">\n\t\t<div class=\"apartes-header\">\n\t\t\t<img decoding=\"async\" class=\"cover\" src=\"http:\/\/www.saopaulo.sp.leg.br\/apartes-anteriores\/wp-content\/uploads\/sites\/9\/2017\/10\/revista_apartes_n25.png\" alt=\"Capa da Revista Apartes\" \/>\n\t\t\t<a class=\"issuu-link\" href=\"http:\/\/issuu.com\/cmsp-cci\/docs\/revista_apartes_n25_juldez17\" target=\"_blank\">Vers\u00e3o integral naveg\u00e1vel<\/a><br>\n\t\t\t<a class=\"pdf-link\" href=\"http:\/\/www.saopaulo.sp.leg.br\/apartes-anteriores\/wp-content\/uploads\/sites\/9\/2017\/10\/revista_APARTES_N25_JULDEZ17.pdf\" target=\"_blank\">Vers\u00e3o integral para download<\/a><br><br>\n\t\t\tFale conosco:<br>\n\t\t\t<a class=\"mail-link\" href=\"mailto:apartes@saopaulo.sp.leg.br\">apartes@saopaulo.sp.leg.br<\/a><br>\n\t\t\t<!--<a class=\"subscribe-link\" href=\"\/apartes\/?p=15\">Receba a revista em casa.<\/a>-->\n\t\t<\/div>\n\t\t<div class=\"apartes-content\">\n\t\t\t<img decoding=\"async\" class=\"logo\" src=\"http:\/\/www.saopaulo.sp.leg.br\/apartes\/wp-content\/uploads\/sites\/9\/2017\/06\/apartes_logo.jpg\" alt=\"logotipo_revista_apartes\" \/>\n\t\t\t<h3 class=\"edition\">julho-dezembro\/2017<\/h3><\/p>\n<ul>\n<li><a href=\"http:\/\/www.saopaulo.sp.leg.br\/apartes-anteriores\/wp-content\/uploads\/sites\/9\/2017\/10\/revista_APARTES_N25_JULDEZ17_capa.pdf\" target=\"_blank\" rel=\"noopener noreferrer\">Capa<\/a><\/li>\n<li><a href=\"http:\/\/www.saopaulo.sp.leg.br\/apartes-anteriores\/wp-content\/uploads\/sites\/9\/2017\/10\/revista_APARTES_N25_JULDEZ17_expediente.pdf\" target=\"_blank\" rel=\"noopener noreferrer\">Expediente<\/a><\/li>\n<li><a href=\"http:\/\/www.saopaulo.sp.leg.br\/apartes-anteriores\/wp-content\/uploads\/sites\/9\/2017\/10\/revista_APARTES_N25_JULDEZ17_sumario.pdf\" target=\"_blank\" rel=\"noopener noreferrer\">Sum\u00e1rio<\/a><\/li>\n<li><a href=\"http:\/\/www.saopaulo.sp.leg.br\/apartes-anteriores\/no25-clique-paulistano\">Clique paulistano<\/a> (<a title=\"Apartes - n\u00famero 22 - Palavra do Presidente\" href=\"http:\/\/www.saopaulo.sp.leg.br\/apartes-anteriores\/wp-content\/uploads\/sites\/9\/2017\/10\/revista_APARTES_N25_JULDEZ17_4a5.pdf\" target=\"_blank\" rel=\"noopener noreferrer\">vers\u00e3o PDF<\/a>)<\/li>\n<li><a href=\"http:\/\/www.saopaulo.sp.leg.br\/apartes-anteriores\/numero-25-jul-dez2017\/no25-palavra-do-presidente\">Palavra do presidente<\/a> (<a title=\"Apartes - n\u00famero 22 - Palavra do Presidente\" href=\"http:\/\/www.saopaulo.sp.leg.br\/apartes-anteriores\/wp-content\/uploads\/sites\/9\/2017\/10\/revista_APARTES_N25_JULDEZ17_6a7.pdf\" target=\"_blank\" rel=\"noopener noreferrer\">vers\u00e3o PDF<\/a>)<\/li>\n<li><a href=\"http:\/\/www.saopaulo.sp.leg.br\/apartes-anteriores\/no25-notas\">Notas<\/a> (<a href=\"http:\/\/www.saopaulo.sp.leg.br\/apartes-anteriores\/wp-content\/uploads\/sites\/9\/2017\/10\/revista_APARTES_N25_JULDEZ17_6a7.pdf\" target=\"_blank\" rel=\"noopener noreferrer\">vers\u00e3o PDF<\/a>)<\/li>\n<\/ul>\n<ul>\n<li><strong>Com a palavra<\/strong><br \/>\n<a href=\"http:\/\/www.saopaulo.sp.leg.br\/apartes-anteriores\/revista-apartes\/numero-25-jul-dez2017\/com-a-palavra-evangelina-vormittag\/\">Evangelina Vormittag<\/a>\u00a0(<a href=\"http:\/\/www.saopaulo.sp.leg.br\/apartes-anteriores\/wp-content\/uploads\/sites\/9\/2017\/10\/revista_APARTES_N25_JULDEZ17_8a11.pdf\" target=\"_blank\" rel=\"noopener noreferrer\">vers\u00e3o PDF<\/a>)<\/li>\n<li><b>Perfil &gt; Tereza Lajolo<\/b><br \/>\n<a href=\"http:\/\/www.saopaulo.sp.leg.br\/apartes-anteriores\/revista-apartes\/numero-25-jul-dez2017\/pimentinha-da-brasilandia\/\">Pimentinha da Brasil\u00e2ndia<\/a>\u00a0(<a href=\"http:\/\/www.saopaulo.sp.leg.br\/apartes-anteriores\/wp-content\/uploads\/sites\/9\/2017\/10\/revista_APARTES_N25_JULDEZ17_12a19.pdf\" target=\"_blank\" rel=\"noopener noreferrer\">vers\u00e3o PDF<\/a>)<\/li>\n<li><b>CMSP 360\u00ba<\/b><br \/>\n<a href=\"http:\/\/www.saopaulo.sp.leg.br\/apartes-anteriores\/revista-apartes\/numero-25-jul-dez2017\/como-nasce-uma-lei\/\">Como nasce uma lei<\/a>\u00a0(<a href=\"http:\/\/www.saopaulo.sp.leg.br\/apartes-anteriores\/wp-content\/uploads\/sites\/9\/2017\/10\/revista_APARTES_N25_JULDEZ17_20a21.pdf\" target=\"_blank\" rel=\"noopener noreferrer\">vers\u00e3o PDF<\/a>)<\/li>\n<li><strong>Transpar\u00eancia<\/strong><br \/>\n<a href=\"http:\/\/www.saopaulo.sp.leg.br\/apartes-anteriores\/politica-dois-ponto-zero\/\">Pol\u00edtica 2.0<\/a>\u00a0(<a href=\"http:\/\/www.saopaulo.sp.leg.br\/apartes-anteriores\/wp-content\/uploads\/sites\/9\/2017\/10\/revista_APARTES_N25_JULDEZ17_22a31.pdf\" target=\"_blank\" rel=\"noopener noreferrer\">vers\u00e3o PDF<\/a>)<\/li>\n<li><strong>CPI<\/strong><br \/>\n<a href=\"http:\/\/www.saopaulo.sp.leg.br\/apartes-anteriores\/revista-apartes\/numero-25-jul-dez2017\/ponto-de-recomeco\/\">Ponto de recome\u00e7o<\/a>\u00a0(<a href=\"http:\/\/www.saopaulo.sp.leg.br\/apartes-anteriores\/wp-content\/uploads\/sites\/9\/2017\/10\/revista_APARTES_N25_JULDEZ17_32a37.pdf\" target=\"_blank\" rel=\"noopener noreferrer\">vers\u00e3o PDF<\/a>)<\/li>\n<li><b>Desarquivando<\/b><br \/>\n<a href=\"http:\/\/www.saopaulo.sp.leg.br\/apartes-anteriores\/revista-apartes\/numero-25-jul-dez2017\/o-restinho-de-mata-da-avenida\/\">O restinho de mata da Avenida<\/a>\u00a0(<a href=\"http:\/\/www.saopaulo.sp.leg.br\/apartes-anteriores\/wp-content\/uploads\/sites\/9\/2017\/10\/revista_APARTES_N25_JULDEZ17_38a43.pdf\" target=\"_blank\" rel=\"noopener noreferrer\">vers\u00e3o PDF<\/a>)<\/li>\n<\/ul>\n<ul>\n<li><a href=\"http:\/\/www.saopaulo.sp.leg.br\/apartes-anteriores\/wp-content\/uploads\/sites\/9\/2017\/10\/revista_APARTES_N25_JULDEZ17_contracapa.pdf\" target=\"_blank\" rel=\"noopener noreferrer\">Contracapa<\/a><\/li>\n<\/ul>\n<p>\n\t\t<\/div><\/div>\n","protected":false},"excerpt":{"rendered":"","protected":false},"author":169,"featured_media":0,"parent":0,"menu_order":0,"comment_status":"open","ping_status":"closed","template":"","meta":{"footnotes":""},"class_list":["post-106","page","type-page","status-publish","hentry"],"meta_all":{"_edit_last":["109"],"_wp_page_template":["default"],"_cmsp_page_download-files":["a:1:{i:0;a:1:{s:4:\"type\";s:3:\"pdf\";}}"],"_edit_lock":["1567167483:109"],"_yoast_wpseo_title":["Revista Apartes - C\u00e2mara Municipal de S\u00e3o Paulo"],"_yoast_wpseo_metadesc":["Publica\u00e7\u00e3o jornal\u00edstica da C\u00e2mara Municipal de S\u00e3o Paulo"],"_yoast_wpseo_content_score":["90"]},"yoast_head":"<!-- This site is optimized with the Yoast SEO plugin v27.3 - https:\/\/yoast.com\/product\/yoast-seo-wordpress\/ -->\n<title>Revista Apartes - C\u00e2mara Municipal de S\u00e3o Paulo<\/title>\n<meta name=\"description\" content=\"Publica\u00e7\u00e3o jornal\u00edstica da C\u00e2mara Municipal de S\u00e3o Paulo\" \/>\n<meta name=\"robots\" content=\"index, follow, max-snippet:-1, max-image-preview:large, max-video-preview:-1\" \/>\n<link rel=\"canonical\" href=\"https:\/\/www.saopaulo.sp.leg.br\/apartes-anteriores\/\" \/>\n<meta property=\"og:locale\" content=\"pt_BR\" \/>\n<meta property=\"og:type\" content=\"article\" \/>\n<meta property=\"og:title\" content=\"Revista Apartes - C\u00e2mara Municipal de S\u00e3o Paulo\" \/>\n<meta property=\"og:description\" content=\"Publica\u00e7\u00e3o jornal\u00edstica da C\u00e2mara Municipal de S\u00e3o Paulo\" \/>\n<meta property=\"og:url\" content=\"https:\/\/www.saopaulo.sp.leg.br\/apartes-anteriores\/\" \/>\n<meta property=\"og:site_name\" content=\"Revista Apartes (edi\u00e7\u00f5es anteriores)\" \/>\n<meta property=\"article:publisher\" content=\"https:\/\/www.facebook.com\/RevistaApartes\/\" \/>\n<meta property=\"article:modified_time\" content=\"2017-10-09T20:10:27+00:00\" \/>\n<meta name=\"twitter:card\" content=\"summary_large_image\" \/>\n<meta name=\"twitter:site\" content=\"@revistaapartes\" \/>\n<meta name=\"twitter:label1\" content=\"Est. tempo de leitura\" \/>\n\t<meta name=\"twitter:data1\" content=\"1 minuto\" \/>\n<script type=\"application\/ld+json\" class=\"yoast-schema-graph\">{\"@context\":\"https:\\\/\\\/schema.org\",\"@graph\":[{\"@type\":\"WebPage\",\"@id\":\"https:\\\/\\\/www.saopaulo.sp.leg.br\\\/apartes-anteriores\\\/\",\"url\":\"https:\\\/\\\/www.saopaulo.sp.leg.br\\\/apartes-anteriores\\\/\",\"name\":\"Revista Apartes - C\u00e2mara Municipal de S\u00e3o Paulo\",\"isPartOf\":{\"@id\":\"https:\\\/\\\/www.saopaulo.sp.leg.br\\\/apartes-anteriores\\\/#website\"},\"datePublished\":\"2015-08-12T20:28:08+00:00\",\"dateModified\":\"2017-10-09T20:10:27+00:00\",\"description\":\"Publica\u00e7\u00e3o jornal\u00edstica da C\u00e2mara Municipal de S\u00e3o Paulo\",\"breadcrumb\":{\"@id\":\"https:\\\/\\\/www.saopaulo.sp.leg.br\\\/apartes-anteriores\\\/#breadcrumb\"},\"inLanguage\":\"pt-BR\",\"potentialAction\":[{\"@type\":\"ReadAction\",\"target\":[\"https:\\\/\\\/www.saopaulo.sp.leg.br\\\/apartes-anteriores\\\/\"]}]},{\"@type\":\"BreadcrumbList\",\"@id\":\"https:\\\/\\\/www.saopaulo.sp.leg.br\\\/apartes-anteriores\\\/#breadcrumb\",\"itemListElement\":[{\"@type\":\"ListItem\",\"position\":1,\"name\":\"Home\",\"item\":\"https:\\\/\\\/www.saopaulo.sp.leg.br\\\/apartes-anteriores\\\/\"},{\"@type\":\"ListItem\",\"position\":2,\"name\":\"Revista Apartes\"}]},{\"@type\":\"WebSite\",\"@id\":\"https:\\\/\\\/www.saopaulo.sp.leg.br\\\/apartes-anteriores\\\/#website\",\"url\":\"https:\\\/\\\/www.saopaulo.sp.leg.br\\\/apartes-anteriores\\\/\",\"name\":\"Revista Apartes (edi\u00e7\u00f5es anteriores)\",\"description\":\"Revista Apartes (edi\u00e7\u00f5es anteriores)\",\"potentialAction\":[{\"@type\":\"SearchAction\",\"target\":{\"@type\":\"EntryPoint\",\"urlTemplate\":\"https:\\\/\\\/www.saopaulo.sp.leg.br\\\/apartes-anteriores\\\/?s={search_term_string}\"},\"query-input\":{\"@type\":\"PropertyValueSpecification\",\"valueRequired\":true,\"valueName\":\"search_term_string\"}}],\"inLanguage\":\"pt-BR\"}]}<\/script>\n<!-- \/ Yoast SEO plugin. -->","yoast_head_json":{"title":"Revista Apartes - C\u00e2mara Municipal de S\u00e3o Paulo","description":"Publica\u00e7\u00e3o jornal\u00edstica da C\u00e2mara Municipal de S\u00e3o Paulo","robots":{"index":"index","follow":"follow","max-snippet":"max-snippet:-1","max-image-preview":"max-image-preview:large","max-video-preview":"max-video-preview:-1"},"canonical":"https:\/\/www.saopaulo.sp.leg.br\/apartes-anteriores\/","og_locale":"pt_BR","og_type":"article","og_title":"Revista Apartes - C\u00e2mara Municipal de S\u00e3o Paulo","og_description":"Publica\u00e7\u00e3o jornal\u00edstica da C\u00e2mara Municipal de S\u00e3o Paulo","og_url":"https:\/\/www.saopaulo.sp.leg.br\/apartes-anteriores\/","og_site_name":"Revista Apartes (edi\u00e7\u00f5es anteriores)","article_publisher":"https:\/\/www.facebook.com\/RevistaApartes\/","article_modified_time":"2017-10-09T20:10:27+00:00","twitter_card":"summary_large_image","twitter_site":"@revistaapartes","twitter_misc":{"Est. tempo de leitura":"1 minuto"},"schema":{"@context":"https:\/\/schema.org","@graph":[{"@type":"WebPage","@id":"https:\/\/www.saopaulo.sp.leg.br\/apartes-anteriores\/","url":"https:\/\/www.saopaulo.sp.leg.br\/apartes-anteriores\/","name":"Revista Apartes - C\u00e2mara Municipal de S\u00e3o Paulo","isPartOf":{"@id":"https:\/\/www.saopaulo.sp.leg.br\/apartes-anteriores\/#website"},"datePublished":"2015-08-12T20:28:08+00:00","dateModified":"2017-10-09T20:10:27+00:00","description":"Publica\u00e7\u00e3o jornal\u00edstica da C\u00e2mara Municipal de S\u00e3o Paulo","breadcrumb":{"@id":"https:\/\/www.saopaulo.sp.leg.br\/apartes-anteriores\/#breadcrumb"},"inLanguage":"pt-BR","potentialAction":[{"@type":"ReadAction","target":["https:\/\/www.saopaulo.sp.leg.br\/apartes-anteriores\/"]}]},{"@type":"BreadcrumbList","@id":"https:\/\/www.saopaulo.sp.leg.br\/apartes-anteriores\/#breadcrumb","itemListElement":[{"@type":"ListItem","position":1,"name":"Home","item":"https:\/\/www.saopaulo.sp.leg.br\/apartes-anteriores\/"},{"@type":"ListItem","position":2,"name":"Revista Apartes"}]},{"@type":"WebSite","@id":"https:\/\/www.saopaulo.sp.leg.br\/apartes-anteriores\/#website","url":"https:\/\/www.saopaulo.sp.leg.br\/apartes-anteriores\/","name":"Revista Apartes (edi\u00e7\u00f5es anteriores)","description":"Revista Apartes (edi\u00e7\u00f5es anteriores)","potentialAction":[{"@type":"SearchAction","target":{"@type":"EntryPoint","urlTemplate":"https:\/\/www.saopaulo.sp.leg.br\/apartes-anteriores\/?s={search_term_string}"},"query-input":{"@type":"PropertyValueSpecification","valueRequired":true,"valueName":"search_term_string"}}],"inLanguage":"pt-BR"}]}},"_links":{"self":[{"href":"https:\/\/www.saopaulo.sp.leg.br\/apartes-anteriores\/wp-json\/wp\/v2\/pages\/106","targetHints":{"allow":["GET"]}}],"collection":[{"href":"https:\/\/www.saopaulo.sp.leg.br\/apartes-anteriores\/wp-json\/wp\/v2\/pages"}],"about":[{"href":"https:\/\/www.saopaulo.sp.leg.br\/apartes-anteriores\/wp-json\/wp\/v2\/types\/page"}],"author":[{"embeddable":true,"href":"https:\/\/www.saopaulo.sp.leg.br\/apartes-anteriores\/wp-json\/wp\/v2\/users\/169"}],"replies":[{"embeddable":true,"href":"https:\/\/www.saopaulo.sp.leg.br\/apartes-anteriores\/wp-json\/wp\/v2\/comments?post=106"}],"version-history":[{"count":0,"href":"https:\/\/www.saopaulo.sp.leg.br\/apartes-anteriores\/wp-json\/wp\/v2\/pages\/106\/revisions"}],"wp:attachment":[{"href":"https:\/\/www.saopaulo.sp.leg.br\/apartes-anteriores\/wp-json\/wp\/v2\/media?parent=106"}],"curies":[{"name":"wp","href":"https:\/\/api.w.org\/{rel}","templated":true}]}}